{"id":4483,"date":"2023-05-02T11:03:43","date_gmt":"2023-05-02T11:03:43","guid":{"rendered":"https:\/\/mefp.grupopiquer.com\/inscripciones\/producto\/comm060po-gestion-del-marketing-y-comunidades-virtuales-45-horas\/"},"modified":"2023-05-15T11:27:31","modified_gmt":"2023-05-15T11:27:31","slug":"comm060po-gestion-del-marketing-y-comunidades-virtuales-45-horas","status":"publish","type":"product","link":"https:\/\/mefp.grupopiquer.com\/inscripciones\/producto\/comm060po-gestion-del-marketing-y-comunidades-virtuales-45-horas\/","title":{"rendered":"COMM060PO &#8211; Gesti\u00f3n del Marketing y Comunidades Virtuales (45 horas)"},"content":{"rendered":"<div id=\"accordion\">\n<h3>OBJETIVOS<\/h3>\n<div>Ser capaz de gestionar la imagen de la empresa en Internet y las redes sociales (elaboraci\u00f3n y ejecuci\u00f3n de un plan de reputaci\u00f3n online) y dominar las t\u00e9cnicas del marketing online aplicadas a la gesti\u00f3n<\/div>\n<h3>CONTENIDOS<\/h3>\n<div>\n<p>1. PROSPECCI\u00d3N.<br \/>\nEvaluaci\u00f3n tendencias, coolhunting y shopping.<\/p>\n<p>2. HERRAMIENTAS Y ESTRATEGIAS DE DESARROLLO DE COLECCI\u00d3N.<br \/>\nDefinici\u00f3n de estructura y lanzamiento de Colecciones de Temporada, Colecciones Crucero, Reprise y Pronto Moda.<\/p>\n<p>3. DESARROLLO PRODUCTO.<br \/>\nIdeas, Fichas, Prototipos, Muestras y Producci\u00f3n.Gesti\u00f3n de la Calidad.<\/p>\n<p>4. MARKETING APLICADO A PRODUCTO.<br \/>\nDefinici\u00f3n de precios, branding, imagen, canal y p\u00fablico objetivo. etc. C\u00f3mo realizar reuniones efectivas y mejorar la comunicaci\u00f3n con tu equipo.<\/p>\n<p>5. GESTI\u00d3N PROVEEDORES.<br \/>\nMateriales, proveedores, muestras, tradings y ferias.<\/p>\n<p>6. COMUNICACI\u00d3N INTERNA.<br \/>\nPresentaci\u00f3n a fuerza de ventas. La empresa y marca como cliente interno.<\/p>\n<p>7. LAS REDES SOCIALES.<br \/>\n7.1. Definici\u00f3n de entorno 2.0, como las Redes Sociales lo han cambiado todo.<br \/>\n7.2. C\u00f3mo Desarrollar e Implementar una Estrategia Social Media de una forma coherente, simple y diferente.<br \/>\n7.3. Uso Correcto de Facebook como herramienta clave de una correcta estrategia Social Media.<br \/>\n7.4. C\u00f3mo 140 caracteres son capaces de crear oportunidad. Relevancia. Customer Care. RRPP e informaci\u00f3n pura y directa de nuestros clientes y competencia. Twitter, 200 millones y creciendo.<br \/>\n7.5. Integraci\u00f3n del blog como herramienta de Comunicaci\u00f3n y Marketing de la Marca. Creaci\u00f3n. Organizaci\u00f3n, de Qu\u00e9 hablar, Cu\u00e1ndo y C\u00f3mo.<br \/>\n7.6. LinkedIn la red de contactos profesionales que multiplica las oportunidades de usuarios y empresas. Configuraci\u00f3n de un perfil eficiente que ofrezca oportunidades de negocio.<br \/>\n7.7. Buscando mayor efectividad, mejor expresi\u00f3n, m\u00e1s atenci\u00f3n y viralidad. El video y Youtube los mejores aliados del Presente y mucho m\u00e1s del futuro.<br \/>\n7.8. Organizaci\u00f3n del d\u00eda a d\u00eda de un Community Manager, ser eficaz siempre y en todo lugar.<br \/>\n7.9. Medici\u00f3n, Retorno de Inversi\u00f3n, Eficacia de campa\u00f1as. No hay una regla de oro, solo la medici\u00f3n descubrir\u00e1 que funciona mejor para la comunidad de la Marca.<\/p>\n<\/div>\n<\/div>\n","protected":false},"excerpt":{"rendered":"<p>Ser capaz de gestionar la imagen de la empresa en Internet y las redes sociales (elaboraci\u00f3n y ejecuci\u00f3n de un plan de reputaci\u00f3n online) y dominar las t\u00e9cnicas del marketing online aplicadas a la gesti\u00f3n<\/p>\n","protected":false},"featured_media":5116,"comment_status":"closed","ping_status":"closed","template":"","meta":[],"product_cat":[119],"product_tag":[],"class_list":{"0":"post-4483","1":"product","2":"type-product","3":"status-publish","4":"has-post-thumbnail","6":"product_cat-marketing-y-relaciones-publicas","8":"first","9":"instock","10":"taxable","11":"shipping-taxable","12":"purchasable","13":"product-type-simple"},"yoast_head":"<!-- This site is optimized with the Yoast SEO plugin v23.5 - https:\/\/yoast.com\/wordpress\/plugins\/seo\/ -->\n<title>COMM060PO - Gesti\u00f3n del Marketing y Comunidades Virtuales (45 horas) - Contenidos Online<\/title>\n<meta name=\"robots\" content=\"index, follow, max-snippet:-1, max-image-preview:large, max-video-preview:-1\" \/>\n<link rel=\"canonical\" href=\"https:\/\/mefp.grupopiquer.com\/inscripciones\/producto\/comm060po-gestion-del-marketing-y-comunidades-virtuales-45-horas\/\" \/>\n<meta property=\"og:locale\" content=\"es_ES\" \/>\n<meta property=\"og:type\" content=\"article\" \/>\n<meta property=\"og:title\" content=\"COMM060PO - Gesti\u00f3n del Marketing y Comunidades Virtuales (45 horas) - Contenidos Online\" \/>\n<meta property=\"og:description\" content=\"Ser capaz de gestionar la imagen de la empresa en Internet y las redes sociales (elaboraci\u00f3n y ejecuci\u00f3n de un plan de reputaci\u00f3n online) y dominar las t\u00e9cnicas del marketing online aplicadas a la gesti\u00f3n\" \/>\n<meta property=\"og:url\" content=\"https:\/\/mefp.grupopiquer.com\/inscripciones\/producto\/comm060po-gestion-del-marketing-y-comunidades-virtuales-45-horas\/\" \/>\n<meta property=\"og:site_name\" content=\"Contenidos Online\" \/>\n<meta property=\"article:modified_time\" content=\"2023-05-15T11:27:31+00:00\" \/>\n<meta property=\"og:image\" content=\"https:\/\/mefp.grupopiquer.com\/inscripciones\/wp-content\/uploads\/2023\/05\/portada-curso-1-1-e1683213275618.jpg\" \/>\n\t<meta property=\"og:image:width\" content=\"727\" \/>\n\t<meta property=\"og:image:height\" content=\"409\" \/>\n\t<meta property=\"og:image:type\" content=\"image\/jpeg\" \/>\n<meta name=\"twitter:card\" content=\"summary_large_image\" \/>\n<meta name=\"twitter:label1\" content=\"Tiempo de lectura\" \/>\n\t<meta name=\"twitter:data1\" content=\"2 minutos\" \/>\n<script type=\"application\/ld+json\" class=\"yoast-schema-graph\">{\"@context\":\"https:\/\/schema.org\",\"@graph\":[{\"@type\":\"WebPage\",\"@id\":\"https:\/\/mefp.grupopiquer.com\/inscripciones\/producto\/comm060po-gestion-del-marketing-y-comunidades-virtuales-45-horas\/\",\"url\":\"https:\/\/mefp.grupopiquer.com\/inscripciones\/producto\/comm060po-gestion-del-marketing-y-comunidades-virtuales-45-horas\/\",\"name\":\"COMM060PO - Gesti\u00f3n del Marketing y Comunidades Virtuales (45 horas) - Contenidos Online\",\"isPartOf\":{\"@id\":\"https:\/\/mefp.grupopiquer.com\/inscripciones\/#website\"},\"primaryImageOfPage\":{\"@id\":\"https:\/\/mefp.grupopiquer.com\/inscripciones\/producto\/comm060po-gestion-del-marketing-y-comunidades-virtuales-45-horas\/#primaryimage\"},\"image\":{\"@id\":\"https:\/\/mefp.grupopiquer.com\/inscripciones\/producto\/comm060po-gestion-del-marketing-y-comunidades-virtuales-45-horas\/#primaryimage\"},\"thumbnailUrl\":\"https:\/\/mefp.grupopiquer.com\/inscripciones\/wp-content\/uploads\/2023\/05\/portada-curso-1-1-e1683213275618.jpg\",\"datePublished\":\"2023-05-02T11:03:43+00:00\",\"dateModified\":\"2023-05-15T11:27:31+00:00\",\"breadcrumb\":{\"@id\":\"https:\/\/mefp.grupopiquer.com\/inscripciones\/producto\/comm060po-gestion-del-marketing-y-comunidades-virtuales-45-horas\/#breadcrumb\"},\"inLanguage\":\"es\",\"potentialAction\":[{\"@type\":\"ReadAction\",\"target\":[\"https:\/\/mefp.grupopiquer.com\/inscripciones\/producto\/comm060po-gestion-del-marketing-y-comunidades-virtuales-45-horas\/\"]}]},{\"@type\":\"ImageObject\",\"inLanguage\":\"es\",\"@id\":\"https:\/\/mefp.grupopiquer.com\/inscripciones\/producto\/comm060po-gestion-del-marketing-y-comunidades-virtuales-45-horas\/#primaryimage\",\"url\":\"https:\/\/mefp.grupopiquer.com\/inscripciones\/wp-content\/uploads\/2023\/05\/portada-curso-1-1-e1683213275618.jpg\",\"contentUrl\":\"https:\/\/mefp.grupopiquer.com\/inscripciones\/wp-content\/uploads\/2023\/05\/portada-curso-1-1-e1683213275618.jpg\",\"width\":727,\"height\":409},{\"@type\":\"BreadcrumbList\",\"@id\":\"https:\/\/mefp.grupopiquer.com\/inscripciones\/producto\/comm060po-gestion-del-marketing-y-comunidades-virtuales-45-horas\/#breadcrumb\",\"itemListElement\":[{\"@type\":\"ListItem\",\"position\":1,\"name\":\"Portada\",\"item\":\"https:\/\/mefp.grupopiquer.com\/inscripciones\/\"},{\"@type\":\"ListItem\",\"position\":2,\"name\":\"Tienda\",\"item\":\"https:\/\/mefp.grupopiquer.com\/inscripciones\/tienda\/\"},{\"@type\":\"ListItem\",\"position\":3,\"name\":\"COMM060PO &#8211; Gesti\u00f3n del Marketing y Comunidades Virtuales (45 horas)\"}]},{\"@type\":\"WebSite\",\"@id\":\"https:\/\/mefp.grupopiquer.com\/inscripciones\/#website\",\"url\":\"https:\/\/mefp.grupopiquer.com\/inscripciones\/\",\"name\":\"Contenidos Online\",\"description\":\"\",\"publisher\":{\"@id\":\"https:\/\/mefp.grupopiquer.com\/inscripciones\/#organization\"},\"potentialAction\":[{\"@type\":\"SearchAction\",\"target\":{\"@type\":\"EntryPoint\",\"urlTemplate\":\"https:\/\/mefp.grupopiquer.com\/inscripciones\/?s={search_term_string}\"},\"query-input\":{\"@type\":\"PropertyValueSpecification\",\"valueRequired\":true,\"valueName\":\"search_term_string\"}}],\"inLanguage\":\"es\"},{\"@type\":\"Organization\",\"@id\":\"https:\/\/mefp.grupopiquer.com\/inscripciones\/#organization\",\"name\":\"Contenidos Online\",\"url\":\"https:\/\/mefp.grupopiquer.com\/inscripciones\/\",\"logo\":{\"@type\":\"ImageObject\",\"inLanguage\":\"es\",\"@id\":\"https:\/\/mefp.grupopiquer.com\/inscripciones\/#\/schema\/logo\/image\/\",\"url\":\"\",\"contentUrl\":\"\",\"caption\":\"Contenidos Online\"},\"image\":{\"@id\":\"https:\/\/mefp.grupopiquer.com\/inscripciones\/#\/schema\/logo\/image\/\"}}]}<\/script>\n<!-- \/ Yoast SEO plugin. -->","yoast_head_json":{"title":"COMM060PO - Gesti\u00f3n del Marketing y Comunidades Virtuales (45 horas) - Contenidos Online","robots":{"index":"index","follow":"follow","max-snippet":"max-snippet:-1","max-image-preview":"max-image-preview:large","max-video-preview":"max-video-preview:-1"},"canonical":"https:\/\/mefp.grupopiquer.com\/inscripciones\/producto\/comm060po-gestion-del-marketing-y-comunidades-virtuales-45-horas\/","og_locale":"es_ES","og_type":"article","og_title":"COMM060PO - Gesti\u00f3n del Marketing y Comunidades Virtuales (45 horas) - Contenidos Online","og_description":"Ser capaz de gestionar la imagen de la empresa en Internet y las redes sociales (elaboraci\u00f3n y ejecuci\u00f3n de un plan de reputaci\u00f3n online) y dominar las t\u00e9cnicas del marketing online aplicadas a la gesti\u00f3n","og_url":"https:\/\/mefp.grupopiquer.com\/inscripciones\/producto\/comm060po-gestion-del-marketing-y-comunidades-virtuales-45-horas\/","og_site_name":"Contenidos Online","article_modified_time":"2023-05-15T11:27:31+00:00","og_image":[{"width":727,"height":409,"url":"https:\/\/mefp.grupopiquer.com\/inscripciones\/wp-content\/uploads\/2023\/05\/portada-curso-1-1-e1683213275618.jpg","type":"image\/jpeg"}],"twitter_card":"summary_large_image","twitter_misc":{"Tiempo de lectura":"2 minutos"},"schema":{"@context":"https:\/\/schema.org","@graph":[{"@type":"WebPage","@id":"https:\/\/mefp.grupopiquer.com\/inscripciones\/producto\/comm060po-gestion-del-marketing-y-comunidades-virtuales-45-horas\/","url":"https:\/\/mefp.grupopiquer.com\/inscripciones\/producto\/comm060po-gestion-del-marketing-y-comunidades-virtuales-45-horas\/","name":"COMM060PO - Gesti\u00f3n del Marketing y Comunidades Virtuales (45 horas) - Contenidos Online","isPartOf":{"@id":"https:\/\/mefp.grupopiquer.com\/inscripciones\/#website"},"primaryImageOfPage":{"@id":"https:\/\/mefp.grupopiquer.com\/inscripciones\/producto\/comm060po-gestion-del-marketing-y-comunidades-virtuales-45-horas\/#primaryimage"},"image":{"@id":"https:\/\/mefp.grupopiquer.com\/inscripciones\/producto\/comm060po-gestion-del-marketing-y-comunidades-virtuales-45-horas\/#primaryimage"},"thumbnailUrl":"https:\/\/mefp.grupopiquer.com\/inscripciones\/wp-content\/uploads\/2023\/05\/portada-curso-1-1-e1683213275618.jpg","datePublished":"2023-05-02T11:03:43+00:00","dateModified":"2023-05-15T11:27:31+00:00","breadcrumb":{"@id":"https:\/\/mefp.grupopiquer.com\/inscripciones\/producto\/comm060po-gestion-del-marketing-y-comunidades-virtuales-45-horas\/#breadcrumb"},"inLanguage":"es","potentialAction":[{"@type":"ReadAction","target":["https:\/\/mefp.grupopiquer.com\/inscripciones\/producto\/comm060po-gestion-del-marketing-y-comunidades-virtuales-45-horas\/"]}]},{"@type":"ImageObject","inLanguage":"es","@id":"https:\/\/mefp.grupopiquer.com\/inscripciones\/producto\/comm060po-gestion-del-marketing-y-comunidades-virtuales-45-horas\/#primaryimage","url":"https:\/\/mefp.grupopiquer.com\/inscripciones\/wp-content\/uploads\/2023\/05\/portada-curso-1-1-e1683213275618.jpg","contentUrl":"https:\/\/mefp.grupopiquer.com\/inscripciones\/wp-content\/uploads\/2023\/05\/portada-curso-1-1-e1683213275618.jpg","width":727,"height":409},{"@type":"BreadcrumbList","@id":"https:\/\/mefp.grupopiquer.com\/inscripciones\/producto\/comm060po-gestion-del-marketing-y-comunidades-virtuales-45-horas\/#breadcrumb","itemListElement":[{"@type":"ListItem","position":1,"name":"Portada","item":"https:\/\/mefp.grupopiquer.com\/inscripciones\/"},{"@type":"ListItem","position":2,"name":"Tienda","item":"https:\/\/mefp.grupopiquer.com\/inscripciones\/tienda\/"},{"@type":"ListItem","position":3,"name":"COMM060PO &#8211; Gesti\u00f3n del Marketing y Comunidades Virtuales (45 horas)"}]},{"@type":"WebSite","@id":"https:\/\/mefp.grupopiquer.com\/inscripciones\/#website","url":"https:\/\/mefp.grupopiquer.com\/inscripciones\/","name":"Contenidos Online","description":"","publisher":{"@id":"https:\/\/mefp.grupopiquer.com\/inscripciones\/#organization"},"potentialAction":[{"@type":"SearchAction","target":{"@type":"EntryPoint","urlTemplate":"https:\/\/mefp.grupopiquer.com\/inscripciones\/?s={search_term_string}"},"query-input":{"@type":"PropertyValueSpecification","valueRequired":true,"valueName":"search_term_string"}}],"inLanguage":"es"},{"@type":"Organization","@id":"https:\/\/mefp.grupopiquer.com\/inscripciones\/#organization","name":"Contenidos Online","url":"https:\/\/mefp.grupopiquer.com\/inscripciones\/","logo":{"@type":"ImageObject","inLanguage":"es","@id":"https:\/\/mefp.grupopiquer.com\/inscripciones\/#\/schema\/logo\/image\/","url":"","contentUrl":"","caption":"Contenidos Online"},"image":{"@id":"https:\/\/mefp.grupopiquer.com\/inscripciones\/#\/schema\/logo\/image\/"}}]}},"_links":{"self":[{"href":"https:\/\/mefp.grupopiquer.com\/inscripciones\/wp-json\/wp\/v2\/product\/4483"}],"collection":[{"href":"https:\/\/mefp.grupopiquer.com\/inscripciones\/wp-json\/wp\/v2\/product"}],"about":[{"href":"https:\/\/mefp.grupopiquer.com\/inscripciones\/wp-json\/wp\/v2\/types\/product"}],"replies":[{"embeddable":true,"href":"https:\/\/mefp.grupopiquer.com\/inscripciones\/wp-json\/wp\/v2\/comments?post=4483"}],"wp:featuredmedia":[{"embeddable":true,"href":"https:\/\/mefp.grupopiquer.com\/inscripciones\/wp-json\/wp\/v2\/media\/5116"}],"wp:attachment":[{"href":"https:\/\/mefp.grupopiquer.com\/inscripciones\/wp-json\/wp\/v2\/media?parent=4483"}],"wp:term":[{"taxonomy":"product_cat","embeddable":true,"href":"https:\/\/mefp.grupopiquer.com\/inscripciones\/wp-json\/wp\/v2\/product_cat?post=4483"},{"taxonomy":"product_tag","embeddable":true,"href":"https:\/\/mefp.grupopiquer.com\/inscripciones\/wp-json\/wp\/v2\/product_tag?post=4483"}],"curies":[{"name":"wp","href":"https:\/\/api.w.org\/{rel}","templated":true}]}}