{"id":4472,"date":"2023-05-02T11:02:58","date_gmt":"2023-05-02T11:02:58","guid":{"rendered":"https:\/\/mefp.grupopiquer.com\/inscripciones\/producto\/comm040po-gestion-del-marketing-2-0-90-horas\/"},"modified":"2023-05-15T11:40:58","modified_gmt":"2023-05-15T11:40:58","slug":"comm040po-gestion-del-marketing-2-0-90-horas","status":"publish","type":"product","link":"https:\/\/mefp.grupopiquer.com\/inscripciones\/producto\/comm040po-gestion-del-marketing-2-0-90-horas\/","title":{"rendered":"COMM040PO &#8211; Gesti\u00f3n Del Marketing 2.0 (90 horas)"},"content":{"rendered":"<div id=\"accordion\">\n<h3>OBJETIVOS<\/h3>\n<div>Utilizar las t\u00e9cnicas de marketing 2.0, y reconocer sus aplicaciones en la reputaci\u00f3n y presencia web de las organizaciones.<\/div>\n<h3>CONTENIDOS<\/h3>\n<div>1. INTRODUCCI\u00d3N A LA TECNOLOG\u00cdA WEB 2.0<br \/>\n1.1. Nacimiento de la Web 2.0.<br \/>\n1.2. Intercreatividad y Web 2.0.<br \/>\n1.3. Mapa de aplicaciones.<br \/>\n1.4. Evoluci\u00f3n de la radio con las tecnolog\u00edas 2.0.<br \/>\n1.5. Tecnolog\u00edas 2.0 aplicadas a la empresa.<\/p>\n<p>2. M\u00c1S ALL\u00c1 DEL BANNER<br \/>\n2.1. La publicidad tradicional.<br \/>\n2.2. El crash de las .com.<br \/>\n2.3. Marca comercial.<br \/>\n2.4. Publicidad en medios tradicionales.<br \/>\n2.5. Internet como medio de comunicaci\u00f3n.<br \/>\n2.6. Nueva generaci\u00f3n de publicidad en Internet.<br \/>\n2.7. Diez reglas para realizar marketing a trav\u00e9s de Internet.<\/p>\n<p>3. EMAIL MARKETING, UN ARMA DE DOBLE FILO<br \/>\n3.1. Email Marketing.<br \/>\n3.2. Email Marketing frente a marketing tradicional.<br \/>\n3.3. Diferencia entre Email Marketing y Spam.<br \/>\n3.4. An\u00e1lisis de las estad\u00edsticas de los env\u00edos.<br \/>\n3.5. Errores en las campa\u00f1as de Email Marketing.<br \/>\n3.6. C\u00f3mo sacar el m\u00e1ximo provecho de tus campa\u00f1as de Email Marketing.<br \/>\n3.7. SEM o marketing en buscadores.<br \/>\n3.8. Email Marketing y redes sociales.<br \/>\n3.9. Marco jur\u00eddico.<\/p>\n<p>4. ELIGIENDO LAS PALABRAS ADECUADAS<br \/>\n4.1. Marketing.<br \/>\n4.2. Aprovechamiento de los buscadores con fines de marketing.<br \/>\n4.3. Consejos de posicionamiento en buscadores.<br \/>\n4.4. \u00bfQu\u00e9 estrategia seguir?<br \/>\n4.5. Eligiendo las palabras claves adecuadas.<br \/>\n4.6. Errores comunes.<\/p>\n<p>5. ESCUCHAR A LOS SOCIAL MEDIA<br \/>\n5.1. El concepto de marketing e Internet.<br \/>\n5.2. \u00bfQu\u00e9 es el social media marketing?<br \/>\n5.3. \u00bfC\u00f3mo lograr marketing social media?<br \/>\n5.4. \u00bfC\u00f3mo calcular el ROI en social media marketing?<br \/>\n5.5 Ejemplos de empresas.<\/p>\n<p>6. VIRALIZAR EL MENSAJE<br \/>\n6.1. La campa\u00f1a de marketing viral.<br \/>\n6.2. Los seis principios del marketing viral.<br \/>\n6.3. Principales elementos de una campa\u00f1a viral.<br \/>\n6.4. El c\u00f3mo del mensaje.<br \/>\n6.5. Medios interactivos.<br \/>\n6.6. Las redes sociales y la campa\u00f1a viral.<br \/>\n6.7. Ventajas y aspectos comunes de la publicidad viral.<br \/>\n6.8. Inconvenientes en la publicidad viral.<\/p>\n<p>7. GESTIONAR LA REPUTACI\u00d3N ON-LINE<br \/>\n7.1. La reputaci\u00f3n on-line.<br \/>\n7.2. Las redes sociales como arma de doble filo.<br \/>\n7.3. La reputaci\u00f3n es vital.<br \/>\n7.4. La informaci\u00f3n vuela en la Red, nuestra reputaci\u00f3n tambi\u00e9n.<br \/>\n7.5. \u00bfC\u00f3mo construir una reputaci\u00f3n on-line de la empresa?<br \/>\n7.6. Consejos.<br \/>\n7.7. Medir la reputaci\u00f3n social.<\/p>\n<p>8. ANAL\u00cdTICA WEB<br \/>\n8.1. \u00bfC\u00f3mo hacer un an\u00e1lisis web?<br \/>\n8.2. Herramientas de medici\u00f3n web.<br \/>\n8.3. \u00bfQu\u00e9 se consigue con el concepto de anal\u00edtica web?<br \/>\n8.4. Redes sociales y anal\u00edtica web.<br \/>\n8.5. Agencias de medios y anal\u00edtica web.<br \/>\n8.6. Publicidad on-line y anal\u00edtica web.<br \/>\n8.7. El analista web, un nuevo perfil profesional.<br \/>\n8.8. Anal\u00edtica web para medios de comunicaci\u00f3n.<br \/>\n8.9. El futuro de la anal\u00edtica web.<\/p>\n<\/div>\n<\/div>\n","protected":false},"excerpt":{"rendered":"<p>Utilizar las t\u00e9cnicas de marketing 2.0, y reconocer sus aplicaciones en la reputaci\u00f3n y presencia web de las organizaciones.<\/p>\n","protected":false},"featured_media":5124,"comment_status":"closed","ping_status":"closed","template":"","meta":[],"product_cat":[119],"product_tag":[],"class_list":{"0":"post-4472","1":"product","2":"type-product","3":"status-publish","4":"has-post-thumbnail","6":"product_cat-marketing-y-relaciones-publicas","8":"first","9":"instock","10":"taxable","11":"shipping-taxable","12":"purchasable","13":"product-type-simple"},"yoast_head":"<!-- This site is optimized with the Yoast SEO plugin v23.5 - https:\/\/yoast.com\/wordpress\/plugins\/seo\/ -->\n<title>COMM040PO - Gesti\u00f3n Del Marketing 2.0 (90 horas) - Contenidos Online<\/title>\n<meta name=\"robots\" content=\"index, follow, max-snippet:-1, max-image-preview:large, max-video-preview:-1\" \/>\n<link rel=\"canonical\" href=\"https:\/\/mefp.grupopiquer.com\/inscripciones\/producto\/comm040po-gestion-del-marketing-2-0-90-horas\/\" \/>\n<meta property=\"og:locale\" content=\"es_ES\" \/>\n<meta property=\"og:type\" content=\"article\" \/>\n<meta property=\"og:title\" content=\"COMM040PO - Gesti\u00f3n Del Marketing 2.0 (90 horas) - Contenidos Online\" \/>\n<meta property=\"og:description\" content=\"Utilizar las t\u00e9cnicas de marketing 2.0, y reconocer sus aplicaciones en la reputaci\u00f3n y presencia web de las organizaciones.\" \/>\n<meta property=\"og:url\" content=\"https:\/\/mefp.grupopiquer.com\/inscripciones\/producto\/comm040po-gestion-del-marketing-2-0-90-horas\/\" \/>\n<meta property=\"og:site_name\" content=\"Contenidos Online\" \/>\n<meta property=\"article:modified_time\" content=\"2023-05-15T11:40:58+00:00\" \/>\n<meta property=\"og:image\" content=\"https:\/\/mefp.grupopiquer.com\/inscripciones\/wp-content\/uploads\/2023\/05\/publicidad_online-scaled-e1683213812701.jpg\" \/>\n\t<meta property=\"og:image:width\" content=\"2374\" \/>\n\t<meta property=\"og:image:height\" content=\"1337\" \/>\n\t<meta property=\"og:image:type\" content=\"image\/jpeg\" \/>\n<meta name=\"twitter:card\" content=\"summary_large_image\" \/>\n<meta name=\"twitter:label1\" content=\"Tiempo de lectura\" \/>\n\t<meta name=\"twitter:data1\" content=\"2 minutos\" \/>\n<script type=\"application\/ld+json\" class=\"yoast-schema-graph\">{\"@context\":\"https:\/\/schema.org\",\"@graph\":[{\"@type\":\"WebPage\",\"@id\":\"https:\/\/mefp.grupopiquer.com\/inscripciones\/producto\/comm040po-gestion-del-marketing-2-0-90-horas\/\",\"url\":\"https:\/\/mefp.grupopiquer.com\/inscripciones\/producto\/comm040po-gestion-del-marketing-2-0-90-horas\/\",\"name\":\"COMM040PO - Gesti\u00f3n Del Marketing 2.0 (90 horas) - Contenidos Online\",\"isPartOf\":{\"@id\":\"https:\/\/mefp.grupopiquer.com\/inscripciones\/#website\"},\"primaryImageOfPage\":{\"@id\":\"https:\/\/mefp.grupopiquer.com\/inscripciones\/producto\/comm040po-gestion-del-marketing-2-0-90-horas\/#primaryimage\"},\"image\":{\"@id\":\"https:\/\/mefp.grupopiquer.com\/inscripciones\/producto\/comm040po-gestion-del-marketing-2-0-90-horas\/#primaryimage\"},\"thumbnailUrl\":\"https:\/\/mefp.grupopiquer.com\/inscripciones\/wp-content\/uploads\/2023\/05\/publicidad_online-scaled-e1683213812701.jpg\",\"datePublished\":\"2023-05-02T11:02:58+00:00\",\"dateModified\":\"2023-05-15T11:40:58+00:00\",\"breadcrumb\":{\"@id\":\"https:\/\/mefp.grupopiquer.com\/inscripciones\/producto\/comm040po-gestion-del-marketing-2-0-90-horas\/#breadcrumb\"},\"inLanguage\":\"es\",\"potentialAction\":[{\"@type\":\"ReadAction\",\"target\":[\"https:\/\/mefp.grupopiquer.com\/inscripciones\/producto\/comm040po-gestion-del-marketing-2-0-90-horas\/\"]}]},{\"@type\":\"ImageObject\",\"inLanguage\":\"es\",\"@id\":\"https:\/\/mefp.grupopiquer.com\/inscripciones\/producto\/comm040po-gestion-del-marketing-2-0-90-horas\/#primaryimage\",\"url\":\"https:\/\/mefp.grupopiquer.com\/inscripciones\/wp-content\/uploads\/2023\/05\/publicidad_online-scaled-e1683213812701.jpg\",\"contentUrl\":\"https:\/\/mefp.grupopiquer.com\/inscripciones\/wp-content\/uploads\/2023\/05\/publicidad_online-scaled-e1683213812701.jpg\",\"width\":2374,\"height\":1337},{\"@type\":\"BreadcrumbList\",\"@id\":\"https:\/\/mefp.grupopiquer.com\/inscripciones\/producto\/comm040po-gestion-del-marketing-2-0-90-horas\/#breadcrumb\",\"itemListElement\":[{\"@type\":\"ListItem\",\"position\":1,\"name\":\"Portada\",\"item\":\"https:\/\/mefp.grupopiquer.com\/inscripciones\/\"},{\"@type\":\"ListItem\",\"position\":2,\"name\":\"Tienda\",\"item\":\"https:\/\/mefp.grupopiquer.com\/inscripciones\/tienda\/\"},{\"@type\":\"ListItem\",\"position\":3,\"name\":\"COMM040PO &#8211; Gesti\u00f3n Del Marketing 2.0 (90 horas)\"}]},{\"@type\":\"WebSite\",\"@id\":\"https:\/\/mefp.grupopiquer.com\/inscripciones\/#website\",\"url\":\"https:\/\/mefp.grupopiquer.com\/inscripciones\/\",\"name\":\"Contenidos Online\",\"description\":\"\",\"publisher\":{\"@id\":\"https:\/\/mefp.grupopiquer.com\/inscripciones\/#organization\"},\"potentialAction\":[{\"@type\":\"SearchAction\",\"target\":{\"@type\":\"EntryPoint\",\"urlTemplate\":\"https:\/\/mefp.grupopiquer.com\/inscripciones\/?s={search_term_string}\"},\"query-input\":{\"@type\":\"PropertyValueSpecification\",\"valueRequired\":true,\"valueName\":\"search_term_string\"}}],\"inLanguage\":\"es\"},{\"@type\":\"Organization\",\"@id\":\"https:\/\/mefp.grupopiquer.com\/inscripciones\/#organization\",\"name\":\"Contenidos Online\",\"url\":\"https:\/\/mefp.grupopiquer.com\/inscripciones\/\",\"logo\":{\"@type\":\"ImageObject\",\"inLanguage\":\"es\",\"@id\":\"https:\/\/mefp.grupopiquer.com\/inscripciones\/#\/schema\/logo\/image\/\",\"url\":\"\",\"contentUrl\":\"\",\"caption\":\"Contenidos Online\"},\"image\":{\"@id\":\"https:\/\/mefp.grupopiquer.com\/inscripciones\/#\/schema\/logo\/image\/\"}}]}<\/script>\n<!-- \/ Yoast SEO plugin. -->","yoast_head_json":{"title":"COMM040PO - Gesti\u00f3n Del Marketing 2.0 (90 horas) - Contenidos Online","robots":{"index":"index","follow":"follow","max-snippet":"max-snippet:-1","max-image-preview":"max-image-preview:large","max-video-preview":"max-video-preview:-1"},"canonical":"https:\/\/mefp.grupopiquer.com\/inscripciones\/producto\/comm040po-gestion-del-marketing-2-0-90-horas\/","og_locale":"es_ES","og_type":"article","og_title":"COMM040PO - Gesti\u00f3n Del Marketing 2.0 (90 horas) - Contenidos Online","og_description":"Utilizar las t\u00e9cnicas de marketing 2.0, y reconocer sus aplicaciones en la reputaci\u00f3n y presencia web de las organizaciones.","og_url":"https:\/\/mefp.grupopiquer.com\/inscripciones\/producto\/comm040po-gestion-del-marketing-2-0-90-horas\/","og_site_name":"Contenidos Online","article_modified_time":"2023-05-15T11:40:58+00:00","og_image":[{"width":2374,"height":1337,"url":"https:\/\/mefp.grupopiquer.com\/inscripciones\/wp-content\/uploads\/2023\/05\/publicidad_online-scaled-e1683213812701.jpg","type":"image\/jpeg"}],"twitter_card":"summary_large_image","twitter_misc":{"Tiempo de lectura":"2 minutos"},"schema":{"@context":"https:\/\/schema.org","@graph":[{"@type":"WebPage","@id":"https:\/\/mefp.grupopiquer.com\/inscripciones\/producto\/comm040po-gestion-del-marketing-2-0-90-horas\/","url":"https:\/\/mefp.grupopiquer.com\/inscripciones\/producto\/comm040po-gestion-del-marketing-2-0-90-horas\/","name":"COMM040PO - Gesti\u00f3n Del Marketing 2.0 (90 horas) - Contenidos Online","isPartOf":{"@id":"https:\/\/mefp.grupopiquer.com\/inscripciones\/#website"},"primaryImageOfPage":{"@id":"https:\/\/mefp.grupopiquer.com\/inscripciones\/producto\/comm040po-gestion-del-marketing-2-0-90-horas\/#primaryimage"},"image":{"@id":"https:\/\/mefp.grupopiquer.com\/inscripciones\/producto\/comm040po-gestion-del-marketing-2-0-90-horas\/#primaryimage"},"thumbnailUrl":"https:\/\/mefp.grupopiquer.com\/inscripciones\/wp-content\/uploads\/2023\/05\/publicidad_online-scaled-e1683213812701.jpg","datePublished":"2023-05-02T11:02:58+00:00","dateModified":"2023-05-15T11:40:58+00:00","breadcrumb":{"@id":"https:\/\/mefp.grupopiquer.com\/inscripciones\/producto\/comm040po-gestion-del-marketing-2-0-90-horas\/#breadcrumb"},"inLanguage":"es","potentialAction":[{"@type":"ReadAction","target":["https:\/\/mefp.grupopiquer.com\/inscripciones\/producto\/comm040po-gestion-del-marketing-2-0-90-horas\/"]}]},{"@type":"ImageObject","inLanguage":"es","@id":"https:\/\/mefp.grupopiquer.com\/inscripciones\/producto\/comm040po-gestion-del-marketing-2-0-90-horas\/#primaryimage","url":"https:\/\/mefp.grupopiquer.com\/inscripciones\/wp-content\/uploads\/2023\/05\/publicidad_online-scaled-e1683213812701.jpg","contentUrl":"https:\/\/mefp.grupopiquer.com\/inscripciones\/wp-content\/uploads\/2023\/05\/publicidad_online-scaled-e1683213812701.jpg","width":2374,"height":1337},{"@type":"BreadcrumbList","@id":"https:\/\/mefp.grupopiquer.com\/inscripciones\/producto\/comm040po-gestion-del-marketing-2-0-90-horas\/#breadcrumb","itemListElement":[{"@type":"ListItem","position":1,"name":"Portada","item":"https:\/\/mefp.grupopiquer.com\/inscripciones\/"},{"@type":"ListItem","position":2,"name":"Tienda","item":"https:\/\/mefp.grupopiquer.com\/inscripciones\/tienda\/"},{"@type":"ListItem","position":3,"name":"COMM040PO &#8211; Gesti\u00f3n Del Marketing 2.0 (90 horas)"}]},{"@type":"WebSite","@id":"https:\/\/mefp.grupopiquer.com\/inscripciones\/#website","url":"https:\/\/mefp.grupopiquer.com\/inscripciones\/","name":"Contenidos Online","description":"","publisher":{"@id":"https:\/\/mefp.grupopiquer.com\/inscripciones\/#organization"},"potentialAction":[{"@type":"SearchAction","target":{"@type":"EntryPoint","urlTemplate":"https:\/\/mefp.grupopiquer.com\/inscripciones\/?s={search_term_string}"},"query-input":{"@type":"PropertyValueSpecification","valueRequired":true,"valueName":"search_term_string"}}],"inLanguage":"es"},{"@type":"Organization","@id":"https:\/\/mefp.grupopiquer.com\/inscripciones\/#organization","name":"Contenidos Online","url":"https:\/\/mefp.grupopiquer.com\/inscripciones\/","logo":{"@type":"ImageObject","inLanguage":"es","@id":"https:\/\/mefp.grupopiquer.com\/inscripciones\/#\/schema\/logo\/image\/","url":"","contentUrl":"","caption":"Contenidos Online"},"image":{"@id":"https:\/\/mefp.grupopiquer.com\/inscripciones\/#\/schema\/logo\/image\/"}}]}},"_links":{"self":[{"href":"https:\/\/mefp.grupopiquer.com\/inscripciones\/wp-json\/wp\/v2\/product\/4472"}],"collection":[{"href":"https:\/\/mefp.grupopiquer.com\/inscripciones\/wp-json\/wp\/v2\/product"}],"about":[{"href":"https:\/\/mefp.grupopiquer.com\/inscripciones\/wp-json\/wp\/v2\/types\/product"}],"replies":[{"embeddable":true,"href":"https:\/\/mefp.grupopiquer.com\/inscripciones\/wp-json\/wp\/v2\/comments?post=4472"}],"wp:featuredmedia":[{"embeddable":true,"href":"https:\/\/mefp.grupopiquer.com\/inscripciones\/wp-json\/wp\/v2\/media\/5124"}],"wp:attachment":[{"href":"https:\/\/mefp.grupopiquer.com\/inscripciones\/wp-json\/wp\/v2\/media?parent=4472"}],"wp:term":[{"taxonomy":"product_cat","embeddable":true,"href":"https:\/\/mefp.grupopiquer.com\/inscripciones\/wp-json\/wp\/v2\/product_cat?post=4472"},{"taxonomy":"product_tag","embeddable":true,"href":"https:\/\/mefp.grupopiquer.com\/inscripciones\/wp-json\/wp\/v2\/product_tag?post=4472"}],"curies":[{"name":"wp","href":"https:\/\/api.w.org\/{rel}","templated":true}]}}