{"id":4470,"date":"2023-05-02T11:02:46","date_gmt":"2023-05-02T11:02:46","guid":{"rendered":"https:\/\/mefp.grupopiquer.com\/inscripciones\/producto\/comm031po-marketing-on-line-diseno-y-promocion-de-sitios-web-30-horas\/"},"modified":"2023-05-15T11:42:53","modified_gmt":"2023-05-15T11:42:53","slug":"comm031po-marketing-on-line-diseno-y-promocion-de-sitios-web-30-horas","status":"publish","type":"product","link":"https:\/\/mefp.grupopiquer.com\/inscripciones\/producto\/comm031po-marketing-on-line-diseno-y-promocion-de-sitios-web-30-horas\/","title":{"rendered":"COMM031PO &#8211; Marketing On Line: Dise\u00f1o Y Promoci\u00f3n De Sitios Web (30 horas)"},"content":{"rendered":"<div id=\"accordion\">\n<h3>OBJETIVOS<\/h3>\n<div>Realizar las operaciones b\u00e1sicas de dise\u00f1o y promoci\u00f3n de sitios web teniendo en cuenta el comportamiento del cliente on line, la navegabilidad y las t\u00e9cnicas de publicidad on line, a partir del marketing on line.<\/div>\n<h3>CONTENIDOS<\/h3>\n<div>1. INTERNET MARKETING: CONCEPTOS GENERALES Y HERRAMIENTAS<br \/>\n1.1. El Concepto Marketing.<br \/>\n1.2. Etapa de orientaci\u00f3n a la producci\u00f3n.<br \/>\n1.3. Orientaci\u00f3n a las ventas.<br \/>\n1.4. De la etapa de ventas al marketing.<br \/>\n1.5. El marketing tras la llegada de Internet.<br \/>\n1.6. Breve historia de Internet.<br \/>\n1.7. Internet como herramienta de marketing.<br \/>\n1.8. Beneficios de Internet para el Marketing.<br \/>\n1.9. Diferencias de ideas y conceptos entre el marketing online y el marketing tradicional.<br \/>\n1.10. Los cat\u00e1logos electr\u00f3nicos.<br \/>\n1.11. El nacimiento del marketing electr\u00f3nico.<br \/>\n1.12. C\u00f3mo desarrollar un Electronic Marketing Plan (EMP).<\/p>\n<p>2. EL PLAN DE MARKETING<br \/>\n2.1. Las fases de un e-Marketing Plan (EMP).<br \/>\n2.2. An\u00e1lisis de la situaci\u00f3n.<br \/>\n2.3. An\u00e1lisis interno de la propia empresa.<br \/>\n2.4. An\u00e1lisis del entorno.<br \/>\n2.5. Entorno general.<br \/>\n2.6. Entorno comercial.<br \/>\n2.7. Debilidades, Fortalezas, Amenazas y Oportunidades.<br \/>\n2.8. Los objetivos de un e-Marketing Plan (EMP).<br \/>\n2.9. El Modelo AIDA. Las variables del e-Marketing Mix.<\/p>\n<p>3. EL COMPORTAMIENTO DEL CLIENTE ONLINE<br \/>\n3.1. Las variables en los modelos de comportamiento del consumidor.<br \/>\n3.2. Las variables Independientes.<br \/>\n3.3. Caracter\u00edsticas personales.<br \/>\n3.4. Caracter\u00edsticas ambientales.<br \/>\n3.5. Las variables intervinientes (Moderadas).<br \/>\n3.6. Las variables dependientes: Las decisiones de compra.<br \/>\n3.7. El proceso de toma de decisi\u00f3n del consumidor.<br \/>\n3.8. Modelo gen\u00e9rico de decisi\u00f3n de compra.<\/p>\n<p>4. C\u00d3MO PROMOCIONAR Y CONSTRUIR UN SITIO WEB<br \/>\n4.1. Plataforma: el proceso de construcci\u00f3n de un sitio web.<br \/>\n4.2. Front-office y Back-office.<br \/>\n4.3. Fases proceso de construcci\u00f3n de un sitio web.<br \/>\n4.4. Seleccionar un modelo de hospedaje o alojamiento Web.<br \/>\n4.4.1. Registrar un nombre de dominio.<br \/>\n4.4.2. Crear y administrar el contenido.<br \/>\n4.5. Dise\u00f1ar el sitio web.<br \/>\n4.5.1. Construir el sitio web y probarlo.<br \/>\n4.6. Presentaci\u00f3n: el dise\u00f1o efectivo de un sitio web WON versus WOE.<br \/>\n4.6.1. La estructura de un sitio web.<br \/>\n4.6.2. La estructura jer\u00e1rquica.<br \/>\n4.6.3. Otras estructuras no jer\u00e1rquicas.<br \/>\n4.7. La p\u00e1gina de bienvenida (homepage).<\/p>\n<p>5. NAVEGABILIDAD<br \/>\n5.1. Las barras de navegaci\u00f3n.<br \/>\n5.2. Los mapas del sitio web.<br \/>\n5.3. Herramientas de b\u00fasqueda y ayudas.<br \/>\n5.4. Consistencia.<br \/>\n5.5. Rendimiento.<br \/>\n5.6. Apariencia.<br \/>\n5.7. Control de la calidad.<\/p>\n<p>6. \u00bfQUI\u00c9NES CONSTRUYEN LOS WEB SITES?<br \/>\n6.1. Los contenidos.<br \/>\n6.2. Las cookies como herramienta de ayuda a la personalizaci\u00f3n de contenidos.<br \/>\n6.3. Como atraer navegantes a un sitio web.<br \/>\n6.4. Estrategias online.<br \/>\n6.5. Posicionamiento en buscadores.<br \/>\n6.6. Titles.<br \/>\n6.7. META description.<br \/>\n6.8. META keywords.<br \/>\n6.9. HTML body structure.<\/p>\n<p>7. ALGUNOS CONSEJOS ADICIONALES<br \/>\n7.1. Publicidad on-Line.<br \/>\n7.2. Banners.<br \/>\n7.3. Alternativas a los banners convencionales.<br \/>\n7.4. C\u00f3mo se contrata la publicidad online.<\/p>\n<p>8. ALGUNOS CONCEPTOS RELACIONADOS CON LA PUBLICIDAD ONLINE<br \/>\n8.1. Formas de contrataci\u00f3n de publicidad online.<br \/>\n8.2. Programas de afiliaci\u00f3n.<br \/>\n8.3. E-Mail marketing.<br \/>\n8.4. Ventajas de la publicidad online.<br \/>\n8.5. Estrategias offline.<\/p>\n<\/div>\n<\/div>\n","protected":false},"excerpt":{"rendered":"<p>Realizar las operaciones b\u00e1sicas de dise\u00f1o y promoci\u00f3n de sitios web teniendo en cuenta el comportamiento del cliente on line, la navegabilidad y las t\u00e9cnicas de publicidad on line, a partir del marketing on line.<\/p>\n","protected":false},"featured_media":5127,"comment_status":"closed","ping_status":"closed","template":"","meta":[],"product_cat":[119],"product_tag":[],"class_list":{"0":"post-4470","1":"product","2":"type-product","3":"status-publish","4":"has-post-thumbnail","6":"product_cat-marketing-y-relaciones-publicas","8":"first","9":"instock","10":"taxable","11":"shipping-taxable","12":"purchasable","13":"product-type-simple"},"yoast_head":"<!-- This site is optimized with the Yoast SEO plugin v23.5 - https:\/\/yoast.com\/wordpress\/plugins\/seo\/ -->\n<title>COMM031PO - Marketing On Line: Dise\u00f1o Y Promoci\u00f3n De Sitios Web (30 horas) - Contenidos Online<\/title>\n<meta name=\"robots\" content=\"index, follow, max-snippet:-1, max-image-preview:large, max-video-preview:-1\" \/>\n<link rel=\"canonical\" href=\"https:\/\/mefp.grupopiquer.com\/inscripciones\/producto\/comm031po-marketing-on-line-diseno-y-promocion-de-sitios-web-30-horas\/\" \/>\n<meta property=\"og:locale\" content=\"es_ES\" \/>\n<meta property=\"og:type\" content=\"article\" \/>\n<meta property=\"og:title\" content=\"COMM031PO - Marketing On Line: Dise\u00f1o Y Promoci\u00f3n De Sitios Web (30 horas) - Contenidos Online\" \/>\n<meta property=\"og:description\" content=\"Realizar las operaciones b\u00e1sicas de dise\u00f1o y promoci\u00f3n de sitios web teniendo en cuenta el comportamiento del cliente on line, la navegabilidad y las t\u00e9cnicas de publicidad on line, a partir del marketing on line.\" \/>\n<meta property=\"og:url\" content=\"https:\/\/mefp.grupopiquer.com\/inscripciones\/producto\/comm031po-marketing-on-line-diseno-y-promocion-de-sitios-web-30-horas\/\" \/>\n<meta property=\"og:site_name\" content=\"Contenidos Online\" \/>\n<meta property=\"article:modified_time\" content=\"2023-05-15T11:42:53+00:00\" \/>\n<meta property=\"og:image\" content=\"https:\/\/mefp.grupopiquer.com\/inscripciones\/wp-content\/uploads\/2023\/05\/2LJOh_sgHpvGuMYO_10Io6hdYySucFz3Z-e1683214068225.jpg\" \/>\n\t<meta property=\"og:image:width\" content=\"1600\" \/>\n\t<meta property=\"og:image:height\" content=\"900\" \/>\n\t<meta property=\"og:image:type\" content=\"image\/jpeg\" \/>\n<meta name=\"twitter:card\" content=\"summary_large_image\" \/>\n<meta name=\"twitter:label1\" content=\"Tiempo de lectura\" \/>\n\t<meta name=\"twitter:data1\" content=\"3 minutos\" \/>\n<script type=\"application\/ld+json\" class=\"yoast-schema-graph\">{\"@context\":\"https:\/\/schema.org\",\"@graph\":[{\"@type\":\"WebPage\",\"@id\":\"https:\/\/mefp.grupopiquer.com\/inscripciones\/producto\/comm031po-marketing-on-line-diseno-y-promocion-de-sitios-web-30-horas\/\",\"url\":\"https:\/\/mefp.grupopiquer.com\/inscripciones\/producto\/comm031po-marketing-on-line-diseno-y-promocion-de-sitios-web-30-horas\/\",\"name\":\"COMM031PO - Marketing On Line: Dise\u00f1o Y Promoci\u00f3n De Sitios Web (30 horas) - Contenidos Online\",\"isPartOf\":{\"@id\":\"https:\/\/mefp.grupopiquer.com\/inscripciones\/#website\"},\"primaryImageOfPage\":{\"@id\":\"https:\/\/mefp.grupopiquer.com\/inscripciones\/producto\/comm031po-marketing-on-line-diseno-y-promocion-de-sitios-web-30-horas\/#primaryimage\"},\"image\":{\"@id\":\"https:\/\/mefp.grupopiquer.com\/inscripciones\/producto\/comm031po-marketing-on-line-diseno-y-promocion-de-sitios-web-30-horas\/#primaryimage\"},\"thumbnailUrl\":\"https:\/\/mefp.grupopiquer.com\/inscripciones\/wp-content\/uploads\/2023\/05\/2LJOh_sgHpvGuMYO_10Io6hdYySucFz3Z-e1683214068225.jpg\",\"datePublished\":\"2023-05-02T11:02:46+00:00\",\"dateModified\":\"2023-05-15T11:42:53+00:00\",\"breadcrumb\":{\"@id\":\"https:\/\/mefp.grupopiquer.com\/inscripciones\/producto\/comm031po-marketing-on-line-diseno-y-promocion-de-sitios-web-30-horas\/#breadcrumb\"},\"inLanguage\":\"es\",\"potentialAction\":[{\"@type\":\"ReadAction\",\"target\":[\"https:\/\/mefp.grupopiquer.com\/inscripciones\/producto\/comm031po-marketing-on-line-diseno-y-promocion-de-sitios-web-30-horas\/\"]}]},{\"@type\":\"ImageObject\",\"inLanguage\":\"es\",\"@id\":\"https:\/\/mefp.grupopiquer.com\/inscripciones\/producto\/comm031po-marketing-on-line-diseno-y-promocion-de-sitios-web-30-horas\/#primaryimage\",\"url\":\"https:\/\/mefp.grupopiquer.com\/inscripciones\/wp-content\/uploads\/2023\/05\/2LJOh_sgHpvGuMYO_10Io6hdYySucFz3Z-e1683214068225.jpg\",\"contentUrl\":\"https:\/\/mefp.grupopiquer.com\/inscripciones\/wp-content\/uploads\/2023\/05\/2LJOh_sgHpvGuMYO_10Io6hdYySucFz3Z-e1683214068225.jpg\",\"width\":1600,\"height\":900},{\"@type\":\"BreadcrumbList\",\"@id\":\"https:\/\/mefp.grupopiquer.com\/inscripciones\/producto\/comm031po-marketing-on-line-diseno-y-promocion-de-sitios-web-30-horas\/#breadcrumb\",\"itemListElement\":[{\"@type\":\"ListItem\",\"position\":1,\"name\":\"Portada\",\"item\":\"https:\/\/mefp.grupopiquer.com\/inscripciones\/\"},{\"@type\":\"ListItem\",\"position\":2,\"name\":\"Tienda\",\"item\":\"https:\/\/mefp.grupopiquer.com\/inscripciones\/tienda\/\"},{\"@type\":\"ListItem\",\"position\":3,\"name\":\"COMM031PO &#8211; Marketing On Line: Dise\u00f1o Y Promoci\u00f3n De Sitios Web (30 horas)\"}]},{\"@type\":\"WebSite\",\"@id\":\"https:\/\/mefp.grupopiquer.com\/inscripciones\/#website\",\"url\":\"https:\/\/mefp.grupopiquer.com\/inscripciones\/\",\"name\":\"Contenidos Online\",\"description\":\"\",\"publisher\":{\"@id\":\"https:\/\/mefp.grupopiquer.com\/inscripciones\/#organization\"},\"potentialAction\":[{\"@type\":\"SearchAction\",\"target\":{\"@type\":\"EntryPoint\",\"urlTemplate\":\"https:\/\/mefp.grupopiquer.com\/inscripciones\/?s={search_term_string}\"},\"query-input\":{\"@type\":\"PropertyValueSpecification\",\"valueRequired\":true,\"valueName\":\"search_term_string\"}}],\"inLanguage\":\"es\"},{\"@type\":\"Organization\",\"@id\":\"https:\/\/mefp.grupopiquer.com\/inscripciones\/#organization\",\"name\":\"Contenidos Online\",\"url\":\"https:\/\/mefp.grupopiquer.com\/inscripciones\/\",\"logo\":{\"@type\":\"ImageObject\",\"inLanguage\":\"es\",\"@id\":\"https:\/\/mefp.grupopiquer.com\/inscripciones\/#\/schema\/logo\/image\/\",\"url\":\"\",\"contentUrl\":\"\",\"caption\":\"Contenidos Online\"},\"image\":{\"@id\":\"https:\/\/mefp.grupopiquer.com\/inscripciones\/#\/schema\/logo\/image\/\"}}]}<\/script>\n<!-- \/ Yoast SEO plugin. -->","yoast_head_json":{"title":"COMM031PO - Marketing On Line: Dise\u00f1o Y Promoci\u00f3n De Sitios Web (30 horas) - Contenidos Online","robots":{"index":"index","follow":"follow","max-snippet":"max-snippet:-1","max-image-preview":"max-image-preview:large","max-video-preview":"max-video-preview:-1"},"canonical":"https:\/\/mefp.grupopiquer.com\/inscripciones\/producto\/comm031po-marketing-on-line-diseno-y-promocion-de-sitios-web-30-horas\/","og_locale":"es_ES","og_type":"article","og_title":"COMM031PO - Marketing On Line: Dise\u00f1o Y Promoci\u00f3n De Sitios Web (30 horas) - Contenidos Online","og_description":"Realizar las operaciones b\u00e1sicas de dise\u00f1o y promoci\u00f3n de sitios web teniendo en cuenta el comportamiento del cliente on line, la navegabilidad y las t\u00e9cnicas de publicidad on line, a partir del marketing on line.","og_url":"https:\/\/mefp.grupopiquer.com\/inscripciones\/producto\/comm031po-marketing-on-line-diseno-y-promocion-de-sitios-web-30-horas\/","og_site_name":"Contenidos Online","article_modified_time":"2023-05-15T11:42:53+00:00","og_image":[{"width":1600,"height":900,"url":"https:\/\/mefp.grupopiquer.com\/inscripciones\/wp-content\/uploads\/2023\/05\/2LJOh_sgHpvGuMYO_10Io6hdYySucFz3Z-e1683214068225.jpg","type":"image\/jpeg"}],"twitter_card":"summary_large_image","twitter_misc":{"Tiempo de lectura":"3 minutos"},"schema":{"@context":"https:\/\/schema.org","@graph":[{"@type":"WebPage","@id":"https:\/\/mefp.grupopiquer.com\/inscripciones\/producto\/comm031po-marketing-on-line-diseno-y-promocion-de-sitios-web-30-horas\/","url":"https:\/\/mefp.grupopiquer.com\/inscripciones\/producto\/comm031po-marketing-on-line-diseno-y-promocion-de-sitios-web-30-horas\/","name":"COMM031PO - Marketing On Line: Dise\u00f1o Y Promoci\u00f3n De Sitios Web (30 horas) - Contenidos Online","isPartOf":{"@id":"https:\/\/mefp.grupopiquer.com\/inscripciones\/#website"},"primaryImageOfPage":{"@id":"https:\/\/mefp.grupopiquer.com\/inscripciones\/producto\/comm031po-marketing-on-line-diseno-y-promocion-de-sitios-web-30-horas\/#primaryimage"},"image":{"@id":"https:\/\/mefp.grupopiquer.com\/inscripciones\/producto\/comm031po-marketing-on-line-diseno-y-promocion-de-sitios-web-30-horas\/#primaryimage"},"thumbnailUrl":"https:\/\/mefp.grupopiquer.com\/inscripciones\/wp-content\/uploads\/2023\/05\/2LJOh_sgHpvGuMYO_10Io6hdYySucFz3Z-e1683214068225.jpg","datePublished":"2023-05-02T11:02:46+00:00","dateModified":"2023-05-15T11:42:53+00:00","breadcrumb":{"@id":"https:\/\/mefp.grupopiquer.com\/inscripciones\/producto\/comm031po-marketing-on-line-diseno-y-promocion-de-sitios-web-30-horas\/#breadcrumb"},"inLanguage":"es","potentialAction":[{"@type":"ReadAction","target":["https:\/\/mefp.grupopiquer.com\/inscripciones\/producto\/comm031po-marketing-on-line-diseno-y-promocion-de-sitios-web-30-horas\/"]}]},{"@type":"ImageObject","inLanguage":"es","@id":"https:\/\/mefp.grupopiquer.com\/inscripciones\/producto\/comm031po-marketing-on-line-diseno-y-promocion-de-sitios-web-30-horas\/#primaryimage","url":"https:\/\/mefp.grupopiquer.com\/inscripciones\/wp-content\/uploads\/2023\/05\/2LJOh_sgHpvGuMYO_10Io6hdYySucFz3Z-e1683214068225.jpg","contentUrl":"https:\/\/mefp.grupopiquer.com\/inscripciones\/wp-content\/uploads\/2023\/05\/2LJOh_sgHpvGuMYO_10Io6hdYySucFz3Z-e1683214068225.jpg","width":1600,"height":900},{"@type":"BreadcrumbList","@id":"https:\/\/mefp.grupopiquer.com\/inscripciones\/producto\/comm031po-marketing-on-line-diseno-y-promocion-de-sitios-web-30-horas\/#breadcrumb","itemListElement":[{"@type":"ListItem","position":1,"name":"Portada","item":"https:\/\/mefp.grupopiquer.com\/inscripciones\/"},{"@type":"ListItem","position":2,"name":"Tienda","item":"https:\/\/mefp.grupopiquer.com\/inscripciones\/tienda\/"},{"@type":"ListItem","position":3,"name":"COMM031PO &#8211; Marketing On Line: Dise\u00f1o Y Promoci\u00f3n De Sitios Web (30 horas)"}]},{"@type":"WebSite","@id":"https:\/\/mefp.grupopiquer.com\/inscripciones\/#website","url":"https:\/\/mefp.grupopiquer.com\/inscripciones\/","name":"Contenidos Online","description":"","publisher":{"@id":"https:\/\/mefp.grupopiquer.com\/inscripciones\/#organization"},"potentialAction":[{"@type":"SearchAction","target":{"@type":"EntryPoint","urlTemplate":"https:\/\/mefp.grupopiquer.com\/inscripciones\/?s={search_term_string}"},"query-input":{"@type":"PropertyValueSpecification","valueRequired":true,"valueName":"search_term_string"}}],"inLanguage":"es"},{"@type":"Organization","@id":"https:\/\/mefp.grupopiquer.com\/inscripciones\/#organization","name":"Contenidos Online","url":"https:\/\/mefp.grupopiquer.com\/inscripciones\/","logo":{"@type":"ImageObject","inLanguage":"es","@id":"https:\/\/mefp.grupopiquer.com\/inscripciones\/#\/schema\/logo\/image\/","url":"","contentUrl":"","caption":"Contenidos Online"},"image":{"@id":"https:\/\/mefp.grupopiquer.com\/inscripciones\/#\/schema\/logo\/image\/"}}]}},"_links":{"self":[{"href":"https:\/\/mefp.grupopiquer.com\/inscripciones\/wp-json\/wp\/v2\/product\/4470"}],"collection":[{"href":"https:\/\/mefp.grupopiquer.com\/inscripciones\/wp-json\/wp\/v2\/product"}],"about":[{"href":"https:\/\/mefp.grupopiquer.com\/inscripciones\/wp-json\/wp\/v2\/types\/product"}],"replies":[{"embeddable":true,"href":"https:\/\/mefp.grupopiquer.com\/inscripciones\/wp-json\/wp\/v2\/comments?post=4470"}],"wp:featuredmedia":[{"embeddable":true,"href":"https:\/\/mefp.grupopiquer.com\/inscripciones\/wp-json\/wp\/v2\/media\/5127"}],"wp:attachment":[{"href":"https:\/\/mefp.grupopiquer.com\/inscripciones\/wp-json\/wp\/v2\/media?parent=4470"}],"wp:term":[{"taxonomy":"product_cat","embeddable":true,"href":"https:\/\/mefp.grupopiquer.com\/inscripciones\/wp-json\/wp\/v2\/product_cat?post=4470"},{"taxonomy":"product_tag","embeddable":true,"href":"https:\/\/mefp.grupopiquer.com\/inscripciones\/wp-json\/wp\/v2\/product_tag?post=4470"}],"curies":[{"name":"wp","href":"https:\/\/api.w.org\/{rel}","templated":true}]}}