{"id":4461,"date":"2023-05-02T11:02:12","date_gmt":"2023-05-02T11:02:12","guid":{"rendered":"https:\/\/mefp.grupopiquer.com\/inscripciones\/producto\/comm006po-gestion-de-comunidades-virtuales-100-horas\/"},"modified":"2023-05-15T11:48:57","modified_gmt":"2023-05-15T11:48:57","slug":"comm006po-gestion-de-comunidades-virtuales-100-horas","status":"publish","type":"product","link":"https:\/\/mefp.grupopiquer.com\/inscripciones\/producto\/comm006po-gestion-de-comunidades-virtuales-100-horas\/","title":{"rendered":"COMM006PO &#8211; Gesti\u00f3n de Comunidades Virtuales (100 horas)"},"content":{"rendered":"<div id=\"accordion\">\n<h3>OBJETIVOS<\/h3>\n<div>Adquirir los conocimientos necesarios para desempe\u00f1ar las funciones propias del perfil de Community Manager, utilizando las redes sociales, a partir del Plan de Marketing Digital definido.<\/div>\n<h3>CONTENIDOS<\/h3>\n<div>1. PERFIL DELCOMMUNITY MANAGER<br \/>\n1.1. Qu\u00e9 es un Community Manager. El d\u00eda a d\u00eda de un CM.<br \/>\n1.2. El departamento de Social media: perfiles, objetivos, recursos.<br \/>\n1.3. Marca Personal.<br \/>\n1.4. Testimonios Community Managers.<\/p>\n<p>2. MARKETING &amp; COMUNICACI\u00d3N 2.0<br \/>\n2.1. La Web 2.0 y Prosumidores 2.0. Qu\u00e9 son los Social Media y Comunicaci\u00f3n 2.0.<br \/>\n2.2. La Marca 2.0 y la reputaci\u00f3n online.<br \/>\n2.3. La Blogosfera.<br \/>\n2.4. Long Tail, eCommerce 2.0 y eCRM.<br \/>\n2.5. Cloud Computing.<br \/>\n2.6. Crowdsourcing y Crowdfunding.<br \/>\n2.7. Innovaci\u00f3n en Comunicaci\u00f3n y Marketing: Mundos aumentados, mundos virtuales, mundos espejo, mundo lifelogging, Inteligencia Artificial, Marketing.<br \/>\n2.8. Inteligencia econ\u00f3mica y Open Data.<br \/>\n2.9. Marketing en buscadores.<br \/>\n2.10. Marketing Viral.<br \/>\n2.11. Mobile Marketing.<\/p>\n<p>3. USO PROFESIONAL DE LAS REDES SOCIALES<br \/>\n3.1. Plataformas:<br \/>\n&#8211; Facebook<br \/>\n&#8211; Twitter<br \/>\n&#8211; Linkedin<br \/>\n&#8211; YouTube<br \/>\n&#8211; Tuenti<br \/>\n&#8211; Google+<br \/>\n&#8211; CV Digital Eficaz<br \/>\n&#8211; Pinterest<br \/>\n&#8211; Geoposicionamiento, enfoque pr\u00e1ctico<br \/>\n&#8211; RSS\/Podcasting<br \/>\n&#8211; Plataformas de juegos sociales<br \/>\n&#8211; Blogs: WordPress. Demand Media<br \/>\n3.2. El ecosistema de las Apps y el entorno multidispositivo.<br \/>\n3.3. M\u00e9tricas y ROI en redes sociales.<br \/>\n3.4. Herramientas para controlar los Social Media y SMO.<br \/>\n3.5. El Plan de Comunicaci\u00f3n.<br \/>\n3.6. Creaci\u00f3n de contenidos para tu comunidad.<br \/>\n3.7. Gestionar contenidos en un evento 2.0.<br \/>\n3.8. Aspectos jur\u00eddicos de las Nuevas Tecnolog\u00edas ilustrados con casos pr\u00e1cticos.<br \/>\n3.9. Fidelizaci\u00f3n en redes sociales e Internet.<\/p>\n<p>4. PLAN DE MARKETING DIGITAL<br \/>\n4.1. Propuestas aplicadas a un Plan de Marketing Digital.<br \/>\n4.2. Resultados de un Plan de Marketing Digital.<\/p>\n<\/div>\n<\/div>\n","protected":false},"excerpt":{"rendered":"<p>Adquirir los conocimientos necesarios para desempe\u00f1ar las funciones propias del perfil de Community Manager, utilizando las redes sociales, a partir del Plan de Marketing Digital definido.<\/p>\n","protected":false},"featured_media":5134,"comment_status":"closed","ping_status":"closed","template":"","meta":[],"product_cat":[119],"product_tag":[],"class_list":{"0":"post-4461","1":"product","2":"type-product","3":"status-publish","4":"has-post-thumbnail","6":"product_cat-marketing-y-relaciones-publicas","8":"first","9":"instock","10":"taxable","11":"shipping-taxable","12":"purchasable","13":"product-type-simple"},"yoast_head":"<!-- This site is optimized with the Yoast SEO plugin v23.5 - https:\/\/yoast.com\/wordpress\/plugins\/seo\/ -->\n<title>COMM006PO - Gesti\u00f3n de Comunidades Virtuales (100 horas) - Contenidos Online<\/title>\n<meta name=\"robots\" content=\"index, follow, max-snippet:-1, max-image-preview:large, max-video-preview:-1\" \/>\n<link rel=\"canonical\" href=\"https:\/\/mefp.grupopiquer.com\/inscripciones\/producto\/comm006po-gestion-de-comunidades-virtuales-100-horas\/\" \/>\n<meta property=\"og:locale\" content=\"es_ES\" \/>\n<meta property=\"og:type\" content=\"article\" \/>\n<meta property=\"og:title\" content=\"COMM006PO - Gesti\u00f3n de Comunidades Virtuales (100 horas) - Contenidos Online\" \/>\n<meta property=\"og:description\" content=\"Adquirir los conocimientos necesarios para desempe\u00f1ar las funciones propias del perfil de Community Manager, utilizando las redes sociales, a partir del Plan de Marketing Digital definido.\" \/>\n<meta property=\"og:url\" content=\"https:\/\/mefp.grupopiquer.com\/inscripciones\/producto\/comm006po-gestion-de-comunidades-virtuales-100-horas\/\" \/>\n<meta property=\"og:site_name\" content=\"Contenidos Online\" \/>\n<meta property=\"article:modified_time\" content=\"2023-05-15T11:48:57+00:00\" \/>\n<meta property=\"og:image\" content=\"https:\/\/mefp.grupopiquer.com\/inscripciones\/wp-content\/uploads\/2023\/05\/KCLJJCOY1iLlTZHd_uE5re8rnUiZCgE5L-stock-image-e1683214455811.jpg\" \/>\n\t<meta property=\"og:image:width\" content=\"1680\" \/>\n\t<meta property=\"og:image:height\" content=\"945\" \/>\n\t<meta property=\"og:image:type\" content=\"image\/jpeg\" \/>\n<meta name=\"twitter:card\" content=\"summary_large_image\" \/>\n<meta name=\"twitter:label1\" content=\"Tiempo de lectura\" \/>\n\t<meta name=\"twitter:data1\" content=\"2 minutos\" \/>\n<script type=\"application\/ld+json\" class=\"yoast-schema-graph\">{\"@context\":\"https:\/\/schema.org\",\"@graph\":[{\"@type\":\"WebPage\",\"@id\":\"https:\/\/mefp.grupopiquer.com\/inscripciones\/producto\/comm006po-gestion-de-comunidades-virtuales-100-horas\/\",\"url\":\"https:\/\/mefp.grupopiquer.com\/inscripciones\/producto\/comm006po-gestion-de-comunidades-virtuales-100-horas\/\",\"name\":\"COMM006PO - Gesti\u00f3n de Comunidades Virtuales (100 horas) - Contenidos Online\",\"isPartOf\":{\"@id\":\"https:\/\/mefp.grupopiquer.com\/inscripciones\/#website\"},\"primaryImageOfPage\":{\"@id\":\"https:\/\/mefp.grupopiquer.com\/inscripciones\/producto\/comm006po-gestion-de-comunidades-virtuales-100-horas\/#primaryimage\"},\"image\":{\"@id\":\"https:\/\/mefp.grupopiquer.com\/inscripciones\/producto\/comm006po-gestion-de-comunidades-virtuales-100-horas\/#primaryimage\"},\"thumbnailUrl\":\"https:\/\/mefp.grupopiquer.com\/inscripciones\/wp-content\/uploads\/2023\/05\/KCLJJCOY1iLlTZHd_uE5re8rnUiZCgE5L-stock-image-e1683214455811.jpg\",\"datePublished\":\"2023-05-02T11:02:12+00:00\",\"dateModified\":\"2023-05-15T11:48:57+00:00\",\"breadcrumb\":{\"@id\":\"https:\/\/mefp.grupopiquer.com\/inscripciones\/producto\/comm006po-gestion-de-comunidades-virtuales-100-horas\/#breadcrumb\"},\"inLanguage\":\"es\",\"potentialAction\":[{\"@type\":\"ReadAction\",\"target\":[\"https:\/\/mefp.grupopiquer.com\/inscripciones\/producto\/comm006po-gestion-de-comunidades-virtuales-100-horas\/\"]}]},{\"@type\":\"ImageObject\",\"inLanguage\":\"es\",\"@id\":\"https:\/\/mefp.grupopiquer.com\/inscripciones\/producto\/comm006po-gestion-de-comunidades-virtuales-100-horas\/#primaryimage\",\"url\":\"https:\/\/mefp.grupopiquer.com\/inscripciones\/wp-content\/uploads\/2023\/05\/KCLJJCOY1iLlTZHd_uE5re8rnUiZCgE5L-stock-image-e1683214455811.jpg\",\"contentUrl\":\"https:\/\/mefp.grupopiquer.com\/inscripciones\/wp-content\/uploads\/2023\/05\/KCLJJCOY1iLlTZHd_uE5re8rnUiZCgE5L-stock-image-e1683214455811.jpg\",\"width\":1680,\"height\":945},{\"@type\":\"BreadcrumbList\",\"@id\":\"https:\/\/mefp.grupopiquer.com\/inscripciones\/producto\/comm006po-gestion-de-comunidades-virtuales-100-horas\/#breadcrumb\",\"itemListElement\":[{\"@type\":\"ListItem\",\"position\":1,\"name\":\"Portada\",\"item\":\"https:\/\/mefp.grupopiquer.com\/inscripciones\/\"},{\"@type\":\"ListItem\",\"position\":2,\"name\":\"Tienda\",\"item\":\"https:\/\/mefp.grupopiquer.com\/inscripciones\/tienda\/\"},{\"@type\":\"ListItem\",\"position\":3,\"name\":\"COMM006PO &#8211; Gesti\u00f3n de Comunidades Virtuales (100 horas)\"}]},{\"@type\":\"WebSite\",\"@id\":\"https:\/\/mefp.grupopiquer.com\/inscripciones\/#website\",\"url\":\"https:\/\/mefp.grupopiquer.com\/inscripciones\/\",\"name\":\"Contenidos Online\",\"description\":\"\",\"publisher\":{\"@id\":\"https:\/\/mefp.grupopiquer.com\/inscripciones\/#organization\"},\"potentialAction\":[{\"@type\":\"SearchAction\",\"target\":{\"@type\":\"EntryPoint\",\"urlTemplate\":\"https:\/\/mefp.grupopiquer.com\/inscripciones\/?s={search_term_string}\"},\"query-input\":{\"@type\":\"PropertyValueSpecification\",\"valueRequired\":true,\"valueName\":\"search_term_string\"}}],\"inLanguage\":\"es\"},{\"@type\":\"Organization\",\"@id\":\"https:\/\/mefp.grupopiquer.com\/inscripciones\/#organization\",\"name\":\"Contenidos Online\",\"url\":\"https:\/\/mefp.grupopiquer.com\/inscripciones\/\",\"logo\":{\"@type\":\"ImageObject\",\"inLanguage\":\"es\",\"@id\":\"https:\/\/mefp.grupopiquer.com\/inscripciones\/#\/schema\/logo\/image\/\",\"url\":\"\",\"contentUrl\":\"\",\"caption\":\"Contenidos Online\"},\"image\":{\"@id\":\"https:\/\/mefp.grupopiquer.com\/inscripciones\/#\/schema\/logo\/image\/\"}}]}<\/script>\n<!-- \/ Yoast SEO plugin. -->","yoast_head_json":{"title":"COMM006PO - Gesti\u00f3n de Comunidades Virtuales (100 horas) - Contenidos Online","robots":{"index":"index","follow":"follow","max-snippet":"max-snippet:-1","max-image-preview":"max-image-preview:large","max-video-preview":"max-video-preview:-1"},"canonical":"https:\/\/mefp.grupopiquer.com\/inscripciones\/producto\/comm006po-gestion-de-comunidades-virtuales-100-horas\/","og_locale":"es_ES","og_type":"article","og_title":"COMM006PO - Gesti\u00f3n de Comunidades Virtuales (100 horas) - Contenidos Online","og_description":"Adquirir los conocimientos necesarios para desempe\u00f1ar las funciones propias del perfil de Community Manager, utilizando las redes sociales, a partir del Plan de Marketing Digital definido.","og_url":"https:\/\/mefp.grupopiquer.com\/inscripciones\/producto\/comm006po-gestion-de-comunidades-virtuales-100-horas\/","og_site_name":"Contenidos Online","article_modified_time":"2023-05-15T11:48:57+00:00","og_image":[{"width":1680,"height":945,"url":"https:\/\/mefp.grupopiquer.com\/inscripciones\/wp-content\/uploads\/2023\/05\/KCLJJCOY1iLlTZHd_uE5re8rnUiZCgE5L-stock-image-e1683214455811.jpg","type":"image\/jpeg"}],"twitter_card":"summary_large_image","twitter_misc":{"Tiempo de lectura":"2 minutos"},"schema":{"@context":"https:\/\/schema.org","@graph":[{"@type":"WebPage","@id":"https:\/\/mefp.grupopiquer.com\/inscripciones\/producto\/comm006po-gestion-de-comunidades-virtuales-100-horas\/","url":"https:\/\/mefp.grupopiquer.com\/inscripciones\/producto\/comm006po-gestion-de-comunidades-virtuales-100-horas\/","name":"COMM006PO - Gesti\u00f3n de Comunidades Virtuales (100 horas) - Contenidos Online","isPartOf":{"@id":"https:\/\/mefp.grupopiquer.com\/inscripciones\/#website"},"primaryImageOfPage":{"@id":"https:\/\/mefp.grupopiquer.com\/inscripciones\/producto\/comm006po-gestion-de-comunidades-virtuales-100-horas\/#primaryimage"},"image":{"@id":"https:\/\/mefp.grupopiquer.com\/inscripciones\/producto\/comm006po-gestion-de-comunidades-virtuales-100-horas\/#primaryimage"},"thumbnailUrl":"https:\/\/mefp.grupopiquer.com\/inscripciones\/wp-content\/uploads\/2023\/05\/KCLJJCOY1iLlTZHd_uE5re8rnUiZCgE5L-stock-image-e1683214455811.jpg","datePublished":"2023-05-02T11:02:12+00:00","dateModified":"2023-05-15T11:48:57+00:00","breadcrumb":{"@id":"https:\/\/mefp.grupopiquer.com\/inscripciones\/producto\/comm006po-gestion-de-comunidades-virtuales-100-horas\/#breadcrumb"},"inLanguage":"es","potentialAction":[{"@type":"ReadAction","target":["https:\/\/mefp.grupopiquer.com\/inscripciones\/producto\/comm006po-gestion-de-comunidades-virtuales-100-horas\/"]}]},{"@type":"ImageObject","inLanguage":"es","@id":"https:\/\/mefp.grupopiquer.com\/inscripciones\/producto\/comm006po-gestion-de-comunidades-virtuales-100-horas\/#primaryimage","url":"https:\/\/mefp.grupopiquer.com\/inscripciones\/wp-content\/uploads\/2023\/05\/KCLJJCOY1iLlTZHd_uE5re8rnUiZCgE5L-stock-image-e1683214455811.jpg","contentUrl":"https:\/\/mefp.grupopiquer.com\/inscripciones\/wp-content\/uploads\/2023\/05\/KCLJJCOY1iLlTZHd_uE5re8rnUiZCgE5L-stock-image-e1683214455811.jpg","width":1680,"height":945},{"@type":"BreadcrumbList","@id":"https:\/\/mefp.grupopiquer.com\/inscripciones\/producto\/comm006po-gestion-de-comunidades-virtuales-100-horas\/#breadcrumb","itemListElement":[{"@type":"ListItem","position":1,"name":"Portada","item":"https:\/\/mefp.grupopiquer.com\/inscripciones\/"},{"@type":"ListItem","position":2,"name":"Tienda","item":"https:\/\/mefp.grupopiquer.com\/inscripciones\/tienda\/"},{"@type":"ListItem","position":3,"name":"COMM006PO &#8211; Gesti\u00f3n de Comunidades Virtuales (100 horas)"}]},{"@type":"WebSite","@id":"https:\/\/mefp.grupopiquer.com\/inscripciones\/#website","url":"https:\/\/mefp.grupopiquer.com\/inscripciones\/","name":"Contenidos Online","description":"","publisher":{"@id":"https:\/\/mefp.grupopiquer.com\/inscripciones\/#organization"},"potentialAction":[{"@type":"SearchAction","target":{"@type":"EntryPoint","urlTemplate":"https:\/\/mefp.grupopiquer.com\/inscripciones\/?s={search_term_string}"},"query-input":{"@type":"PropertyValueSpecification","valueRequired":true,"valueName":"search_term_string"}}],"inLanguage":"es"},{"@type":"Organization","@id":"https:\/\/mefp.grupopiquer.com\/inscripciones\/#organization","name":"Contenidos Online","url":"https:\/\/mefp.grupopiquer.com\/inscripciones\/","logo":{"@type":"ImageObject","inLanguage":"es","@id":"https:\/\/mefp.grupopiquer.com\/inscripciones\/#\/schema\/logo\/image\/","url":"","contentUrl":"","caption":"Contenidos Online"},"image":{"@id":"https:\/\/mefp.grupopiquer.com\/inscripciones\/#\/schema\/logo\/image\/"}}]}},"_links":{"self":[{"href":"https:\/\/mefp.grupopiquer.com\/inscripciones\/wp-json\/wp\/v2\/product\/4461"}],"collection":[{"href":"https:\/\/mefp.grupopiquer.com\/inscripciones\/wp-json\/wp\/v2\/product"}],"about":[{"href":"https:\/\/mefp.grupopiquer.com\/inscripciones\/wp-json\/wp\/v2\/types\/product"}],"replies":[{"embeddable":true,"href":"https:\/\/mefp.grupopiquer.com\/inscripciones\/wp-json\/wp\/v2\/comments?post=4461"}],"wp:featuredmedia":[{"embeddable":true,"href":"https:\/\/mefp.grupopiquer.com\/inscripciones\/wp-json\/wp\/v2\/media\/5134"}],"wp:attachment":[{"href":"https:\/\/mefp.grupopiquer.com\/inscripciones\/wp-json\/wp\/v2\/media?parent=4461"}],"wp:term":[{"taxonomy":"product_cat","embeddable":true,"href":"https:\/\/mefp.grupopiquer.com\/inscripciones\/wp-json\/wp\/v2\/product_cat?post=4461"},{"taxonomy":"product_tag","embeddable":true,"href":"https:\/\/mefp.grupopiquer.com\/inscripciones\/wp-json\/wp\/v2\/product_tag?post=4461"}],"curies":[{"name":"wp","href":"https:\/\/api.w.org\/{rel}","templated":true}]}}