{"id":4457,"date":"2023-05-02T11:01:49","date_gmt":"2023-05-02T11:01:49","guid":{"rendered":"https:\/\/mefp.grupopiquer.com\/inscripciones\/producto\/comm002po-atencion-al-cliente-y-calidad-de-servicio-25-horas\/"},"modified":"2023-05-15T11:51:57","modified_gmt":"2023-05-15T11:51:57","slug":"comm002po-atencion-al-cliente-y-calidad-de-servicio-25-horas","status":"publish","type":"product","link":"https:\/\/mefp.grupopiquer.com\/inscripciones\/producto\/comm002po-atencion-al-cliente-y-calidad-de-servicio-25-horas\/","title":{"rendered":"COMM002PO &#8211; Atenci\u00f3n al Cliente y Calidad de Servicio (25 horas)"},"content":{"rendered":"<div id=\"accordion\">\n<h3>OBJETIVOS<\/h3>\n<div>Proporcionar habilidades, recursos y t\u00e9cnicas para mejorar la relaci\u00f3n y el trato con el cliente y satisfacer sus expectativas, mejorando la calidad en el servicio prestado.<\/div>\n<h3>CONTENIDOS<\/h3>\n<div>1. IMPORTANCIA DE LA ATENCI\u00d3N AL CLIENTE<br \/>\n1.1. Todos somos clientes.<br \/>\n1.2. Principios de la atenci\u00f3n al cliente.<br \/>\n1.3. Concepto de calidad \u00fatil y coste de la no calidad.<br \/>\n1.4. Tipos de necesidades y c\u00f3mo atenderlas.<br \/>\n1.5. Los trabajadores y la atenci\u00f3n al cliente.<br \/>\n1.6. Trato personalizado.<\/p>\n<p>2. CALIDAD EN LA ATENCI\u00d3N AL CLIENTE<br \/>\n2.1. Planificaci\u00f3n de la atenci\u00f3n al cliente.<br \/>\n2.2. Organizaci\u00f3n de la atenci\u00f3n al cliente.<br \/>\n2.3. Gesti\u00f3n de la calidad en la atenci\u00f3n al cliente.<br \/>\n2.4. Cliente interno y externo.<br \/>\n2.5. Indicadores de satisfacci\u00f3n al cliente.<br \/>\n2.6. Potencial para el trato con clientes.<br \/>\n2.7. El profesional de la atenci\u00f3n al cliente.<br \/>\n2.8. Cualificaci\u00f3n, formaci\u00f3n y motivaci\u00f3n.<\/p>\n<p>3. LA COMUNICACI\u00d3N. FASES EN LA ATENCI\u00d3N AL CLIENTE<br \/>\n3.1. Conocer los productos, conocer los clientes.<br \/>\n3.2. Fases en la atenci\u00f3n al cliente \u2013 la comunicaci\u00f3n.<br \/>\n3.3. La acogida.<br \/>\n3.4. La escucha y empat\u00eda.<br \/>\n3.5. T\u00e9cnicas de comunicaci\u00f3n verbal, no verbal, telef\u00f3nica y escrita.<\/p>\n<p>4. ATENCI\u00d3N DE QUEJAS Y RECLAMACIONES<br \/>\n4.1. Entender c\u00f3mo manejar las quejas.<br \/>\n4.2. Situaciones en la atenci\u00f3n al cliente: clientes dif\u00edciles, quejas y reclamaciones.<br \/>\n4.3. Enfoques para resolver la situaci\u00f3n.<br \/>\n4.4. Proceso de resoluci\u00f3n de la situaci\u00f3n conflictiva.<br \/>\n4.5. Conducta asertiva y sus t\u00e9cnicas.<\/p>\n<\/div>\n<\/div>\n","protected":false},"excerpt":{"rendered":"<p>Proporcionar habilidades, recursos y t\u00e9cnicas para mejorar la relaci\u00f3n y el trato con el cliente y satisfacer sus expectativas, mejorando la calidad en el servicio prestado<\/p>\n","protected":false},"featured_media":5138,"comment_status":"closed","ping_status":"closed","template":"","meta":[],"product_cat":[119],"product_tag":[],"class_list":{"0":"post-4457","1":"product","2":"type-product","3":"status-publish","4":"has-post-thumbnail","6":"product_cat-marketing-y-relaciones-publicas","8":"first","9":"instock","10":"taxable","11":"shipping-taxable","12":"purchasable","13":"product-type-simple"},"yoast_head":"<!-- This site is optimized with the Yoast SEO plugin v23.5 - https:\/\/yoast.com\/wordpress\/plugins\/seo\/ -->\n<title>COMM002PO - Atenci\u00f3n al Cliente y Calidad de Servicio (25 horas) - Contenidos Online<\/title>\n<meta name=\"robots\" content=\"index, follow, max-snippet:-1, max-image-preview:large, max-video-preview:-1\" \/>\n<link rel=\"canonical\" href=\"https:\/\/mefp.grupopiquer.com\/inscripciones\/producto\/comm002po-atencion-al-cliente-y-calidad-de-servicio-25-horas\/\" \/>\n<meta property=\"og:locale\" content=\"es_ES\" \/>\n<meta property=\"og:type\" content=\"article\" \/>\n<meta property=\"og:title\" content=\"COMM002PO - Atenci\u00f3n al Cliente y Calidad de Servicio (25 horas) - Contenidos Online\" \/>\n<meta property=\"og:description\" content=\"Proporcionar habilidades, recursos y t\u00e9cnicas para mejorar la relaci\u00f3n y el trato con el cliente y satisfacer sus expectativas, mejorando la calidad en el servicio prestado\" \/>\n<meta property=\"og:url\" content=\"https:\/\/mefp.grupopiquer.com\/inscripciones\/producto\/comm002po-atencion-al-cliente-y-calidad-de-servicio-25-horas\/\" \/>\n<meta property=\"og:site_name\" content=\"Contenidos Online\" \/>\n<meta property=\"article:modified_time\" content=\"2023-05-15T11:51:57+00:00\" \/>\n<meta property=\"og:image\" content=\"https:\/\/mefp.grupopiquer.com\/inscripciones\/wp-content\/uploads\/2023\/05\/4rJzCbOVmagBGlXx_xIXPXyXWmTkVnFvG-e1683214702292.jpg\" \/>\n\t<meta property=\"og:image:width\" content=\"1680\" \/>\n\t<meta property=\"og:image:height\" content=\"944\" \/>\n\t<meta property=\"og:image:type\" content=\"image\/jpeg\" \/>\n<meta name=\"twitter:card\" content=\"summary_large_image\" \/>\n<meta name=\"twitter:label1\" content=\"Tiempo de lectura\" \/>\n\t<meta name=\"twitter:data1\" content=\"2 minutos\" \/>\n<script type=\"application\/ld+json\" class=\"yoast-schema-graph\">{\"@context\":\"https:\/\/schema.org\",\"@graph\":[{\"@type\":\"WebPage\",\"@id\":\"https:\/\/mefp.grupopiquer.com\/inscripciones\/producto\/comm002po-atencion-al-cliente-y-calidad-de-servicio-25-horas\/\",\"url\":\"https:\/\/mefp.grupopiquer.com\/inscripciones\/producto\/comm002po-atencion-al-cliente-y-calidad-de-servicio-25-horas\/\",\"name\":\"COMM002PO - Atenci\u00f3n al Cliente y Calidad de Servicio (25 horas) - Contenidos Online\",\"isPartOf\":{\"@id\":\"https:\/\/mefp.grupopiquer.com\/inscripciones\/#website\"},\"primaryImageOfPage\":{\"@id\":\"https:\/\/mefp.grupopiquer.com\/inscripciones\/producto\/comm002po-atencion-al-cliente-y-calidad-de-servicio-25-horas\/#primaryimage\"},\"image\":{\"@id\":\"https:\/\/mefp.grupopiquer.com\/inscripciones\/producto\/comm002po-atencion-al-cliente-y-calidad-de-servicio-25-horas\/#primaryimage\"},\"thumbnailUrl\":\"https:\/\/mefp.grupopiquer.com\/inscripciones\/wp-content\/uploads\/2023\/05\/4rJzCbOVmagBGlXx_xIXPXyXWmTkVnFvG-e1683214702292.jpg\",\"datePublished\":\"2023-05-02T11:01:49+00:00\",\"dateModified\":\"2023-05-15T11:51:57+00:00\",\"breadcrumb\":{\"@id\":\"https:\/\/mefp.grupopiquer.com\/inscripciones\/producto\/comm002po-atencion-al-cliente-y-calidad-de-servicio-25-horas\/#breadcrumb\"},\"inLanguage\":\"es\",\"potentialAction\":[{\"@type\":\"ReadAction\",\"target\":[\"https:\/\/mefp.grupopiquer.com\/inscripciones\/producto\/comm002po-atencion-al-cliente-y-calidad-de-servicio-25-horas\/\"]}]},{\"@type\":\"ImageObject\",\"inLanguage\":\"es\",\"@id\":\"https:\/\/mefp.grupopiquer.com\/inscripciones\/producto\/comm002po-atencion-al-cliente-y-calidad-de-servicio-25-horas\/#primaryimage\",\"url\":\"https:\/\/mefp.grupopiquer.com\/inscripciones\/wp-content\/uploads\/2023\/05\/4rJzCbOVmagBGlXx_xIXPXyXWmTkVnFvG-e1683214702292.jpg\",\"contentUrl\":\"https:\/\/mefp.grupopiquer.com\/inscripciones\/wp-content\/uploads\/2023\/05\/4rJzCbOVmagBGlXx_xIXPXyXWmTkVnFvG-e1683214702292.jpg\",\"width\":1680,\"height\":944},{\"@type\":\"BreadcrumbList\",\"@id\":\"https:\/\/mefp.grupopiquer.com\/inscripciones\/producto\/comm002po-atencion-al-cliente-y-calidad-de-servicio-25-horas\/#breadcrumb\",\"itemListElement\":[{\"@type\":\"ListItem\",\"position\":1,\"name\":\"Portada\",\"item\":\"https:\/\/mefp.grupopiquer.com\/inscripciones\/\"},{\"@type\":\"ListItem\",\"position\":2,\"name\":\"Tienda\",\"item\":\"https:\/\/mefp.grupopiquer.com\/inscripciones\/tienda\/\"},{\"@type\":\"ListItem\",\"position\":3,\"name\":\"COMM002PO &#8211; Atenci\u00f3n al Cliente y Calidad de Servicio (25 horas)\"}]},{\"@type\":\"WebSite\",\"@id\":\"https:\/\/mefp.grupopiquer.com\/inscripciones\/#website\",\"url\":\"https:\/\/mefp.grupopiquer.com\/inscripciones\/\",\"name\":\"Contenidos Online\",\"description\":\"\",\"publisher\":{\"@id\":\"https:\/\/mefp.grupopiquer.com\/inscripciones\/#organization\"},\"potentialAction\":[{\"@type\":\"SearchAction\",\"target\":{\"@type\":\"EntryPoint\",\"urlTemplate\":\"https:\/\/mefp.grupopiquer.com\/inscripciones\/?s={search_term_string}\"},\"query-input\":{\"@type\":\"PropertyValueSpecification\",\"valueRequired\":true,\"valueName\":\"search_term_string\"}}],\"inLanguage\":\"es\"},{\"@type\":\"Organization\",\"@id\":\"https:\/\/mefp.grupopiquer.com\/inscripciones\/#organization\",\"name\":\"Contenidos Online\",\"url\":\"https:\/\/mefp.grupopiquer.com\/inscripciones\/\",\"logo\":{\"@type\":\"ImageObject\",\"inLanguage\":\"es\",\"@id\":\"https:\/\/mefp.grupopiquer.com\/inscripciones\/#\/schema\/logo\/image\/\",\"url\":\"\",\"contentUrl\":\"\",\"caption\":\"Contenidos Online\"},\"image\":{\"@id\":\"https:\/\/mefp.grupopiquer.com\/inscripciones\/#\/schema\/logo\/image\/\"}}]}<\/script>\n<!-- \/ Yoast SEO plugin. -->","yoast_head_json":{"title":"COMM002PO - Atenci\u00f3n al Cliente y Calidad de Servicio (25 horas) - Contenidos Online","robots":{"index":"index","follow":"follow","max-snippet":"max-snippet:-1","max-image-preview":"max-image-preview:large","max-video-preview":"max-video-preview:-1"},"canonical":"https:\/\/mefp.grupopiquer.com\/inscripciones\/producto\/comm002po-atencion-al-cliente-y-calidad-de-servicio-25-horas\/","og_locale":"es_ES","og_type":"article","og_title":"COMM002PO - Atenci\u00f3n al Cliente y Calidad de Servicio (25 horas) - Contenidos Online","og_description":"Proporcionar habilidades, recursos y t\u00e9cnicas para mejorar la relaci\u00f3n y el trato con el cliente y satisfacer sus expectativas, mejorando la calidad en el servicio prestado","og_url":"https:\/\/mefp.grupopiquer.com\/inscripciones\/producto\/comm002po-atencion-al-cliente-y-calidad-de-servicio-25-horas\/","og_site_name":"Contenidos Online","article_modified_time":"2023-05-15T11:51:57+00:00","og_image":[{"width":1680,"height":944,"url":"https:\/\/mefp.grupopiquer.com\/inscripciones\/wp-content\/uploads\/2023\/05\/4rJzCbOVmagBGlXx_xIXPXyXWmTkVnFvG-e1683214702292.jpg","type":"image\/jpeg"}],"twitter_card":"summary_large_image","twitter_misc":{"Tiempo de lectura":"2 minutos"},"schema":{"@context":"https:\/\/schema.org","@graph":[{"@type":"WebPage","@id":"https:\/\/mefp.grupopiquer.com\/inscripciones\/producto\/comm002po-atencion-al-cliente-y-calidad-de-servicio-25-horas\/","url":"https:\/\/mefp.grupopiquer.com\/inscripciones\/producto\/comm002po-atencion-al-cliente-y-calidad-de-servicio-25-horas\/","name":"COMM002PO - Atenci\u00f3n al Cliente y Calidad de Servicio (25 horas) - Contenidos Online","isPartOf":{"@id":"https:\/\/mefp.grupopiquer.com\/inscripciones\/#website"},"primaryImageOfPage":{"@id":"https:\/\/mefp.grupopiquer.com\/inscripciones\/producto\/comm002po-atencion-al-cliente-y-calidad-de-servicio-25-horas\/#primaryimage"},"image":{"@id":"https:\/\/mefp.grupopiquer.com\/inscripciones\/producto\/comm002po-atencion-al-cliente-y-calidad-de-servicio-25-horas\/#primaryimage"},"thumbnailUrl":"https:\/\/mefp.grupopiquer.com\/inscripciones\/wp-content\/uploads\/2023\/05\/4rJzCbOVmagBGlXx_xIXPXyXWmTkVnFvG-e1683214702292.jpg","datePublished":"2023-05-02T11:01:49+00:00","dateModified":"2023-05-15T11:51:57+00:00","breadcrumb":{"@id":"https:\/\/mefp.grupopiquer.com\/inscripciones\/producto\/comm002po-atencion-al-cliente-y-calidad-de-servicio-25-horas\/#breadcrumb"},"inLanguage":"es","potentialAction":[{"@type":"ReadAction","target":["https:\/\/mefp.grupopiquer.com\/inscripciones\/producto\/comm002po-atencion-al-cliente-y-calidad-de-servicio-25-horas\/"]}]},{"@type":"ImageObject","inLanguage":"es","@id":"https:\/\/mefp.grupopiquer.com\/inscripciones\/producto\/comm002po-atencion-al-cliente-y-calidad-de-servicio-25-horas\/#primaryimage","url":"https:\/\/mefp.grupopiquer.com\/inscripciones\/wp-content\/uploads\/2023\/05\/4rJzCbOVmagBGlXx_xIXPXyXWmTkVnFvG-e1683214702292.jpg","contentUrl":"https:\/\/mefp.grupopiquer.com\/inscripciones\/wp-content\/uploads\/2023\/05\/4rJzCbOVmagBGlXx_xIXPXyXWmTkVnFvG-e1683214702292.jpg","width":1680,"height":944},{"@type":"BreadcrumbList","@id":"https:\/\/mefp.grupopiquer.com\/inscripciones\/producto\/comm002po-atencion-al-cliente-y-calidad-de-servicio-25-horas\/#breadcrumb","itemListElement":[{"@type":"ListItem","position":1,"name":"Portada","item":"https:\/\/mefp.grupopiquer.com\/inscripciones\/"},{"@type":"ListItem","position":2,"name":"Tienda","item":"https:\/\/mefp.grupopiquer.com\/inscripciones\/tienda\/"},{"@type":"ListItem","position":3,"name":"COMM002PO &#8211; Atenci\u00f3n al Cliente y Calidad de Servicio (25 horas)"}]},{"@type":"WebSite","@id":"https:\/\/mefp.grupopiquer.com\/inscripciones\/#website","url":"https:\/\/mefp.grupopiquer.com\/inscripciones\/","name":"Contenidos Online","description":"","publisher":{"@id":"https:\/\/mefp.grupopiquer.com\/inscripciones\/#organization"},"potentialAction":[{"@type":"SearchAction","target":{"@type":"EntryPoint","urlTemplate":"https:\/\/mefp.grupopiquer.com\/inscripciones\/?s={search_term_string}"},"query-input":{"@type":"PropertyValueSpecification","valueRequired":true,"valueName":"search_term_string"}}],"inLanguage":"es"},{"@type":"Organization","@id":"https:\/\/mefp.grupopiquer.com\/inscripciones\/#organization","name":"Contenidos Online","url":"https:\/\/mefp.grupopiquer.com\/inscripciones\/","logo":{"@type":"ImageObject","inLanguage":"es","@id":"https:\/\/mefp.grupopiquer.com\/inscripciones\/#\/schema\/logo\/image\/","url":"","contentUrl":"","caption":"Contenidos Online"},"image":{"@id":"https:\/\/mefp.grupopiquer.com\/inscripciones\/#\/schema\/logo\/image\/"}}]}},"_links":{"self":[{"href":"https:\/\/mefp.grupopiquer.com\/inscripciones\/wp-json\/wp\/v2\/product\/4457"}],"collection":[{"href":"https:\/\/mefp.grupopiquer.com\/inscripciones\/wp-json\/wp\/v2\/product"}],"about":[{"href":"https:\/\/mefp.grupopiquer.com\/inscripciones\/wp-json\/wp\/v2\/types\/product"}],"replies":[{"embeddable":true,"href":"https:\/\/mefp.grupopiquer.com\/inscripciones\/wp-json\/wp\/v2\/comments?post=4457"}],"wp:featuredmedia":[{"embeddable":true,"href":"https:\/\/mefp.grupopiquer.com\/inscripciones\/wp-json\/wp\/v2\/media\/5138"}],"wp:attachment":[{"href":"https:\/\/mefp.grupopiquer.com\/inscripciones\/wp-json\/wp\/v2\/media?parent=4457"}],"wp:term":[{"taxonomy":"product_cat","embeddable":true,"href":"https:\/\/mefp.grupopiquer.com\/inscripciones\/wp-json\/wp\/v2\/product_cat?post=4457"},{"taxonomy":"product_tag","embeddable":true,"href":"https:\/\/mefp.grupopiquer.com\/inscripciones\/wp-json\/wp\/v2\/product_tag?post=4457"}],"curies":[{"name":"wp","href":"https:\/\/api.w.org\/{rel}","templated":true}]}}