{"id":4455,"date":"2023-05-02T11:01:42","date_gmt":"2023-05-02T11:01:42","guid":{"rendered":"https:\/\/mefp.grupopiquer.com\/inscripciones\/producto\/coml024po-internacionalizacion-de-pymes-gestion-del-transporte-y-aduanas-40-horas\/"},"modified":"2023-05-15T13:00:48","modified_gmt":"2023-05-15T13:00:48","slug":"coml024po-internacionalizacion-de-pymes-gestion-del-transporte-y-aduanas-40-horas","status":"publish","type":"product","link":"https:\/\/mefp.grupopiquer.com\/inscripciones\/producto\/coml024po-internacionalizacion-de-pymes-gestion-del-transporte-y-aduanas-40-horas\/","title":{"rendered":"COML024PO &#8211; Internacionalizaci\u00f3n de Pymes, Gesti\u00f3n del Transporte y Aduanas (40 horas)"},"content":{"rendered":"<div id=\"accordion\">\n<h3>OBJETIVOS<\/h3>\n<div>Identificar los factores que intervienen en el proceso log\u00edstico de internacionalizaci\u00f3n de las pymes.<\/div>\n<h3>CONTENIDOS<\/h3>\n<div>1. REALIDAD Y TENDENCIA ACTUAL<br \/>\n1.1. Globalizaci\u00f3n.<br \/>\n1.2. Deslocalizaci\u00f3n.<br \/>\n1.3. Especializaci\u00f3n.<br \/>\n1.4. Presiones neoproteccionistas.<br \/>\n1.5. \u00c1reas supranacionales.<\/p>\n<p>2 .PROGRAMAS DE APLICACI\u00d3N DE PYMES<br \/>\n2.1. PYMES.<br \/>\n2.2. Programa de Internacionalizaci\u00f3n empresa: PIPE.<\/p>\n<p>3. TRASNPORTE INTERNACIONAL<br \/>\n3.1. Envase y embalaje.<br \/>\n3.2. Manipulaci\u00f3n y estiba.<br \/>\n3.3. Almacenamiento.<br \/>\n3.4. Transitario.<br \/>\n3.5. Elecci\u00f3n medio transporte m\u00e1s adecuado.<br \/>\n3.6. Medios utilizados en la UE.<br \/>\n3.7. Transporte Mar\u00edtimo:<br \/>\n3.7.1. Caracter\u00edsticas.<br \/>\n3.7.2. Personas intervinientes.<br \/>\n3.7.3. Conocimiento embarque: concepto, funciones y clases, flete.<br \/>\n3.8. Transporte A\u00e9reo:<br \/>\n3.8.1. Caracter\u00edsticas.<br \/>\n3.8.2. Contrataci\u00f3n.<br \/>\n3.8.3. Conocimiento a\u00e9reo.<br \/>\n3.8.4. Flete.<br \/>\n3.8.5. Asociaciones y convenios internacionales.<br \/>\n3.9. Seguro y coberturas aplicadas en funci\u00f3n de la carta de porte internacional emitida.<\/p>\n<p>4. CONTRATACI\u00d3N INTERNACIONAL<br \/>\n4.1. Compraventa mercanc\u00edas.<br \/>\n4.2. Oferta.<br \/>\n4.3. Formas contrato y puntos que debe incluir: Descripci\u00f3n mercanc\u00eda; precio; pago; entrega; penalizaci\u00f3n; certificado calidad y\/u otros; legislaci\u00f3n; arbitraje; entrada en vigor.<br \/>\n4.4. Otros contratos.<br \/>\n4.5. Cartas de Cr\u00e9dito.<\/p>\n<p>5. INCOTERMS<br \/>\n5.1. Concepto.<br \/>\n5.2. Caracter\u00edsticas generales de cada grupo y particulares de cada Incoterm.<br \/>\n5.3. Supuestos.<\/p>\n<p>6. ADUANAS<br \/>\n6.1. Pr\u00e1ctica aduanera (general y UE).<br \/>\n6.2. Tipos de despachos.<br \/>\n6.3. Derecho aduanero comunitario.<br \/>\n6.4. Arancel com\u00fan.<br \/>\n6.5. Nomenclatura:<br \/>\n6.5.1. Sistema Armonizado (SA).<br \/>\n6.5.2. Nomenclatura Combinada (NC).<br \/>\n6.5.3. Tarifa arancelaria.<br \/>\n6.5.4. TARIC.<br \/>\n6.6. Econom\u00eda arancelaria.<br \/>\n6.7. Franquicias aduaneras.<br \/>\n6.8. Contingentes arancelarios.<br \/>\n6.9. Suspensiones arancel.<br \/>\n6.10. Derechos antidumping.<br \/>\n6.11. Derechos antisubvenci\u00f3n.<br \/>\n6.12. Origen mercanc\u00edas.<br \/>\n6.13. Criterios de atribuci\u00f3n.<br \/>\n6.14. Justificaci\u00f3n origen.<br \/>\n6.15. Destinos aduaneros.<br \/>\n6.16. R\u00e9gimen Importaci\u00f3n.<br \/>\n6.17. R\u00e9gimen Exportaci\u00f3n.<br \/>\n6.18. Zonas\/dep\u00f3sitos francos.<br \/>\n6.19. Documento \u00danico Administrativo (DUA).<br \/>\n6.20. INTRASTAT\/Cuadernos ATA.<\/p>\n<\/div>\n<\/div>\n","protected":false},"excerpt":{"rendered":"<p>Identificar los factores que intervienen en el proceso log\u00edstico de internacionalizaci\u00f3n de las pymes.<\/p>\n","protected":false},"featured_media":5140,"comment_status":"closed","ping_status":"closed","template":"","meta":[],"product_cat":[120],"product_tag":[],"class_list":{"0":"post-4455","1":"product","2":"type-product","3":"status-publish","4":"has-post-thumbnail","6":"product_cat-logistica-comercial-y-gestion-del-transporte","8":"first","9":"instock","10":"taxable","11":"shipping-taxable","12":"purchasable","13":"product-type-simple"},"yoast_head":"<!-- This site is optimized with the Yoast SEO plugin v23.5 - https:\/\/yoast.com\/wordpress\/plugins\/seo\/ -->\n<title>COML024PO - Internacionalizaci\u00f3n de Pymes, Gesti\u00f3n del Transporte y Aduanas (40 horas) - Contenidos Online<\/title>\n<meta name=\"robots\" content=\"index, follow, max-snippet:-1, max-image-preview:large, max-video-preview:-1\" \/>\n<link rel=\"canonical\" href=\"https:\/\/mefp.grupopiquer.com\/inscripciones\/producto\/coml024po-internacionalizacion-de-pymes-gestion-del-transporte-y-aduanas-40-horas\/\" \/>\n<meta property=\"og:locale\" content=\"es_ES\" \/>\n<meta property=\"og:type\" content=\"article\" \/>\n<meta property=\"og:title\" content=\"COML024PO - Internacionalizaci\u00f3n de Pymes, Gesti\u00f3n del Transporte y Aduanas (40 horas) - Contenidos Online\" \/>\n<meta property=\"og:description\" content=\"Identificar los factores que intervienen en el proceso log\u00edstico de internacionalizaci\u00f3n de las pymes.\" \/>\n<meta property=\"og:url\" content=\"https:\/\/mefp.grupopiquer.com\/inscripciones\/producto\/coml024po-internacionalizacion-de-pymes-gestion-del-transporte-y-aduanas-40-horas\/\" \/>\n<meta property=\"og:site_name\" content=\"Contenidos Online\" \/>\n<meta property=\"article:modified_time\" content=\"2023-05-15T13:00:48+00:00\" \/>\n<meta property=\"og:image\" content=\"https:\/\/mefp.grupopiquer.com\/inscripciones\/wp-content\/uploads\/2023\/05\/Transporte-e1683214782772.jpg\" \/>\n\t<meta property=\"og:image:width\" content=\"622\" \/>\n\t<meta property=\"og:image:height\" content=\"350\" \/>\n\t<meta property=\"og:image:type\" content=\"image\/jpeg\" \/>\n<meta name=\"twitter:card\" content=\"summary_large_image\" \/>\n<meta name=\"twitter:label1\" content=\"Tiempo de lectura\" \/>\n\t<meta name=\"twitter:data1\" content=\"2 minutos\" \/>\n<script type=\"application\/ld+json\" class=\"yoast-schema-graph\">{\"@context\":\"https:\/\/schema.org\",\"@graph\":[{\"@type\":\"WebPage\",\"@id\":\"https:\/\/mefp.grupopiquer.com\/inscripciones\/producto\/coml024po-internacionalizacion-de-pymes-gestion-del-transporte-y-aduanas-40-horas\/\",\"url\":\"https:\/\/mefp.grupopiquer.com\/inscripciones\/producto\/coml024po-internacionalizacion-de-pymes-gestion-del-transporte-y-aduanas-40-horas\/\",\"name\":\"COML024PO - Internacionalizaci\u00f3n de Pymes, Gesti\u00f3n del Transporte y Aduanas (40 horas) - Contenidos Online\",\"isPartOf\":{\"@id\":\"https:\/\/mefp.grupopiquer.com\/inscripciones\/#website\"},\"primaryImageOfPage\":{\"@id\":\"https:\/\/mefp.grupopiquer.com\/inscripciones\/producto\/coml024po-internacionalizacion-de-pymes-gestion-del-transporte-y-aduanas-40-horas\/#primaryimage\"},\"image\":{\"@id\":\"https:\/\/mefp.grupopiquer.com\/inscripciones\/producto\/coml024po-internacionalizacion-de-pymes-gestion-del-transporte-y-aduanas-40-horas\/#primaryimage\"},\"thumbnailUrl\":\"https:\/\/mefp.grupopiquer.com\/inscripciones\/wp-content\/uploads\/2023\/05\/Transporte-e1683214782772.jpg\",\"datePublished\":\"2023-05-02T11:01:42+00:00\",\"dateModified\":\"2023-05-15T13:00:48+00:00\",\"breadcrumb\":{\"@id\":\"https:\/\/mefp.grupopiquer.com\/inscripciones\/producto\/coml024po-internacionalizacion-de-pymes-gestion-del-transporte-y-aduanas-40-horas\/#breadcrumb\"},\"inLanguage\":\"es\",\"potentialAction\":[{\"@type\":\"ReadAction\",\"target\":[\"https:\/\/mefp.grupopiquer.com\/inscripciones\/producto\/coml024po-internacionalizacion-de-pymes-gestion-del-transporte-y-aduanas-40-horas\/\"]}]},{\"@type\":\"ImageObject\",\"inLanguage\":\"es\",\"@id\":\"https:\/\/mefp.grupopiquer.com\/inscripciones\/producto\/coml024po-internacionalizacion-de-pymes-gestion-del-transporte-y-aduanas-40-horas\/#primaryimage\",\"url\":\"https:\/\/mefp.grupopiquer.com\/inscripciones\/wp-content\/uploads\/2023\/05\/Transporte-e1683214782772.jpg\",\"contentUrl\":\"https:\/\/mefp.grupopiquer.com\/inscripciones\/wp-content\/uploads\/2023\/05\/Transporte-e1683214782772.jpg\",\"width\":622,\"height\":350},{\"@type\":\"BreadcrumbList\",\"@id\":\"https:\/\/mefp.grupopiquer.com\/inscripciones\/producto\/coml024po-internacionalizacion-de-pymes-gestion-del-transporte-y-aduanas-40-horas\/#breadcrumb\",\"itemListElement\":[{\"@type\":\"ListItem\",\"position\":1,\"name\":\"Portada\",\"item\":\"https:\/\/mefp.grupopiquer.com\/inscripciones\/\"},{\"@type\":\"ListItem\",\"position\":2,\"name\":\"Tienda\",\"item\":\"https:\/\/mefp.grupopiquer.com\/inscripciones\/tienda\/\"},{\"@type\":\"ListItem\",\"position\":3,\"name\":\"COML024PO &#8211; Internacionalizaci\u00f3n de Pymes, Gesti\u00f3n del Transporte y Aduanas (40 horas)\"}]},{\"@type\":\"WebSite\",\"@id\":\"https:\/\/mefp.grupopiquer.com\/inscripciones\/#website\",\"url\":\"https:\/\/mefp.grupopiquer.com\/inscripciones\/\",\"name\":\"Contenidos Online\",\"description\":\"\",\"publisher\":{\"@id\":\"https:\/\/mefp.grupopiquer.com\/inscripciones\/#organization\"},\"potentialAction\":[{\"@type\":\"SearchAction\",\"target\":{\"@type\":\"EntryPoint\",\"urlTemplate\":\"https:\/\/mefp.grupopiquer.com\/inscripciones\/?s={search_term_string}\"},\"query-input\":{\"@type\":\"PropertyValueSpecification\",\"valueRequired\":true,\"valueName\":\"search_term_string\"}}],\"inLanguage\":\"es\"},{\"@type\":\"Organization\",\"@id\":\"https:\/\/mefp.grupopiquer.com\/inscripciones\/#organization\",\"name\":\"Contenidos Online\",\"url\":\"https:\/\/mefp.grupopiquer.com\/inscripciones\/\",\"logo\":{\"@type\":\"ImageObject\",\"inLanguage\":\"es\",\"@id\":\"https:\/\/mefp.grupopiquer.com\/inscripciones\/#\/schema\/logo\/image\/\",\"url\":\"\",\"contentUrl\":\"\",\"caption\":\"Contenidos Online\"},\"image\":{\"@id\":\"https:\/\/mefp.grupopiquer.com\/inscripciones\/#\/schema\/logo\/image\/\"}}]}<\/script>\n<!-- \/ Yoast SEO plugin. -->","yoast_head_json":{"title":"COML024PO - Internacionalizaci\u00f3n de Pymes, Gesti\u00f3n del Transporte y Aduanas (40 horas) - Contenidos Online","robots":{"index":"index","follow":"follow","max-snippet":"max-snippet:-1","max-image-preview":"max-image-preview:large","max-video-preview":"max-video-preview:-1"},"canonical":"https:\/\/mefp.grupopiquer.com\/inscripciones\/producto\/coml024po-internacionalizacion-de-pymes-gestion-del-transporte-y-aduanas-40-horas\/","og_locale":"es_ES","og_type":"article","og_title":"COML024PO - Internacionalizaci\u00f3n de Pymes, Gesti\u00f3n del Transporte y Aduanas (40 horas) - Contenidos Online","og_description":"Identificar los factores que intervienen en el proceso log\u00edstico de internacionalizaci\u00f3n de las pymes.","og_url":"https:\/\/mefp.grupopiquer.com\/inscripciones\/producto\/coml024po-internacionalizacion-de-pymes-gestion-del-transporte-y-aduanas-40-horas\/","og_site_name":"Contenidos Online","article_modified_time":"2023-05-15T13:00:48+00:00","og_image":[{"width":622,"height":350,"url":"https:\/\/mefp.grupopiquer.com\/inscripciones\/wp-content\/uploads\/2023\/05\/Transporte-e1683214782772.jpg","type":"image\/jpeg"}],"twitter_card":"summary_large_image","twitter_misc":{"Tiempo de lectura":"2 minutos"},"schema":{"@context":"https:\/\/schema.org","@graph":[{"@type":"WebPage","@id":"https:\/\/mefp.grupopiquer.com\/inscripciones\/producto\/coml024po-internacionalizacion-de-pymes-gestion-del-transporte-y-aduanas-40-horas\/","url":"https:\/\/mefp.grupopiquer.com\/inscripciones\/producto\/coml024po-internacionalizacion-de-pymes-gestion-del-transporte-y-aduanas-40-horas\/","name":"COML024PO - Internacionalizaci\u00f3n de Pymes, Gesti\u00f3n del Transporte y Aduanas (40 horas) - Contenidos Online","isPartOf":{"@id":"https:\/\/mefp.grupopiquer.com\/inscripciones\/#website"},"primaryImageOfPage":{"@id":"https:\/\/mefp.grupopiquer.com\/inscripciones\/producto\/coml024po-internacionalizacion-de-pymes-gestion-del-transporte-y-aduanas-40-horas\/#primaryimage"},"image":{"@id":"https:\/\/mefp.grupopiquer.com\/inscripciones\/producto\/coml024po-internacionalizacion-de-pymes-gestion-del-transporte-y-aduanas-40-horas\/#primaryimage"},"thumbnailUrl":"https:\/\/mefp.grupopiquer.com\/inscripciones\/wp-content\/uploads\/2023\/05\/Transporte-e1683214782772.jpg","datePublished":"2023-05-02T11:01:42+00:00","dateModified":"2023-05-15T13:00:48+00:00","breadcrumb":{"@id":"https:\/\/mefp.grupopiquer.com\/inscripciones\/producto\/coml024po-internacionalizacion-de-pymes-gestion-del-transporte-y-aduanas-40-horas\/#breadcrumb"},"inLanguage":"es","potentialAction":[{"@type":"ReadAction","target":["https:\/\/mefp.grupopiquer.com\/inscripciones\/producto\/coml024po-internacionalizacion-de-pymes-gestion-del-transporte-y-aduanas-40-horas\/"]}]},{"@type":"ImageObject","inLanguage":"es","@id":"https:\/\/mefp.grupopiquer.com\/inscripciones\/producto\/coml024po-internacionalizacion-de-pymes-gestion-del-transporte-y-aduanas-40-horas\/#primaryimage","url":"https:\/\/mefp.grupopiquer.com\/inscripciones\/wp-content\/uploads\/2023\/05\/Transporte-e1683214782772.jpg","contentUrl":"https:\/\/mefp.grupopiquer.com\/inscripciones\/wp-content\/uploads\/2023\/05\/Transporte-e1683214782772.jpg","width":622,"height":350},{"@type":"BreadcrumbList","@id":"https:\/\/mefp.grupopiquer.com\/inscripciones\/producto\/coml024po-internacionalizacion-de-pymes-gestion-del-transporte-y-aduanas-40-horas\/#breadcrumb","itemListElement":[{"@type":"ListItem","position":1,"name":"Portada","item":"https:\/\/mefp.grupopiquer.com\/inscripciones\/"},{"@type":"ListItem","position":2,"name":"Tienda","item":"https:\/\/mefp.grupopiquer.com\/inscripciones\/tienda\/"},{"@type":"ListItem","position":3,"name":"COML024PO &#8211; Internacionalizaci\u00f3n de Pymes, Gesti\u00f3n del Transporte y Aduanas (40 horas)"}]},{"@type":"WebSite","@id":"https:\/\/mefp.grupopiquer.com\/inscripciones\/#website","url":"https:\/\/mefp.grupopiquer.com\/inscripciones\/","name":"Contenidos Online","description":"","publisher":{"@id":"https:\/\/mefp.grupopiquer.com\/inscripciones\/#organization"},"potentialAction":[{"@type":"SearchAction","target":{"@type":"EntryPoint","urlTemplate":"https:\/\/mefp.grupopiquer.com\/inscripciones\/?s={search_term_string}"},"query-input":{"@type":"PropertyValueSpecification","valueRequired":true,"valueName":"search_term_string"}}],"inLanguage":"es"},{"@type":"Organization","@id":"https:\/\/mefp.grupopiquer.com\/inscripciones\/#organization","name":"Contenidos Online","url":"https:\/\/mefp.grupopiquer.com\/inscripciones\/","logo":{"@type":"ImageObject","inLanguage":"es","@id":"https:\/\/mefp.grupopiquer.com\/inscripciones\/#\/schema\/logo\/image\/","url":"","contentUrl":"","caption":"Contenidos Online"},"image":{"@id":"https:\/\/mefp.grupopiquer.com\/inscripciones\/#\/schema\/logo\/image\/"}}]}},"_links":{"self":[{"href":"https:\/\/mefp.grupopiquer.com\/inscripciones\/wp-json\/wp\/v2\/product\/4455"}],"collection":[{"href":"https:\/\/mefp.grupopiquer.com\/inscripciones\/wp-json\/wp\/v2\/product"}],"about":[{"href":"https:\/\/mefp.grupopiquer.com\/inscripciones\/wp-json\/wp\/v2\/types\/product"}],"replies":[{"embeddable":true,"href":"https:\/\/mefp.grupopiquer.com\/inscripciones\/wp-json\/wp\/v2\/comments?post=4455"}],"wp:featuredmedia":[{"embeddable":true,"href":"https:\/\/mefp.grupopiquer.com\/inscripciones\/wp-json\/wp\/v2\/media\/5140"}],"wp:attachment":[{"href":"https:\/\/mefp.grupopiquer.com\/inscripciones\/wp-json\/wp\/v2\/media?parent=4455"}],"wp:term":[{"taxonomy":"product_cat","embeddable":true,"href":"https:\/\/mefp.grupopiquer.com\/inscripciones\/wp-json\/wp\/v2\/product_cat?post=4455"},{"taxonomy":"product_tag","embeddable":true,"href":"https:\/\/mefp.grupopiquer.com\/inscripciones\/wp-json\/wp\/v2\/product_tag?post=4455"}],"curies":[{"name":"wp","href":"https:\/\/api.w.org\/{rel}","templated":true}]}}