{"id":4453,"date":"2023-05-02T11:01:30","date_gmt":"2023-05-02T11:01:30","guid":{"rendered":"https:\/\/mefp.grupopiquer.com\/inscripciones\/producto\/coml023po-gestion-logistica-150-horas\/"},"modified":"2023-05-16T15:39:43","modified_gmt":"2023-05-16T15:39:43","slug":"coml023po-gestion-logistica-150-horas","status":"publish","type":"product","link":"https:\/\/mefp.grupopiquer.com\/inscripciones\/producto\/coml023po-gestion-logistica-150-horas\/","title":{"rendered":"COML023PO &#8211; Gesti\u00f3n Log\u00edstica (150 horas)"},"content":{"rendered":"<div id=\"accordion\">\n<h3>OBJETIVOS<\/h3>\n<div>Adquirir los conocimientos relativos al concepto, objetivos y funciones de la log\u00edstica y ser capaz de desempe\u00f1ar las funciones de t\u00e9cnico en log\u00edstica con la eficacia requerida, as\u00ed como manejar los sistemas de informaci\u00f3n y distribuci\u00f3n conforme a la necesidad de la empresa. Controlar los canales de distribuci\u00f3n espa\u00f1ol y europeos y poder planificar la estrategia log\u00edstica y gestionarla adecuadamente.<\/div>\n<h3>CONTENIDOS<\/h3>\n<div>1. FUNDAMENTOS DE LA LOG\u00cdSTICA, OBJETIVOS Y FUNCIONES<br \/>\n1.1. Concepto de log\u00edstica empresarial.<br \/>\n1.1.1. \u00c1mbito de influencia.<br \/>\n1.1.2. Actividades en log\u00edstica empresarial.<br \/>\n1.2. Los objetivos en la log\u00edstica:<br \/>\n1.2.1. El coste de la distribuci\u00f3n.<br \/>\n1.2.2. Costos variables.<br \/>\n1.2.3 Costos fijos.<br \/>\n1.3. Definici\u00f3n de proceso log\u00edstico.<br \/>\n1.4. Escalonamiento.<br \/>\n1.4.1. Almacenes centrales.<br \/>\n1.4.2. Almacenes reguladores o secundarios.<br \/>\n1.4.3. Dep\u00f3sitos.<br \/>\n1.4.4. Parques o espacios de espera.<br \/>\n1.4.5. Buffers o pulmones.<br \/>\n1.5. Dise\u00f1o del proceso log\u00edstico.<br \/>\n1.6. Posici\u00f3n de la log\u00edstica en la empresa:<br \/>\n1.6.1. Log\u00edstica funcional.<br \/>\n1.6.2. Distribuci\u00f3n f\u00edsica.<\/p>\n<p>2. SISTEMA DE INFORMACI\u00d3N LOG\u00cdSTICO Y T\u00c9CNICAS DE INTEGRACI\u00d3N<br \/>\n2.1. El sistema de informaci\u00f3n log\u00edstico.<br \/>\n2.1.1. Definici\u00f3n.<br \/>\n2.1.2. Funciones b\u00e1sicas del sistema de informaci\u00f3n.<br \/>\n2.2. Integraci\u00f3n del sistema log\u00edstico.<br \/>\n2.3. Concepto de distribuci\u00f3n como un sistema integrado.<br \/>\n2.3.1. Concepto de sistema.<br \/>\n2.3.2. Centros de actividad del sistema de distribuci\u00f3n.<\/p>\n<p>3. SISTEMA DISTRIBUTIVO ESPA\u00d1OL<br \/>\n3.1. Caracter\u00edsticas del sistema distributivo espa\u00f1ol.<br \/>\n3.2. El hipermercado.<br \/>\n3.2.1 Definici\u00f3n.<br \/>\n3.2.2. Elementos end\u00f3genos que explican el fen\u00f3meno hipermercado en Espa\u00f1a.<br \/>\n3.2.3. El cliente del hipermercado.<br \/>\n3.3. El supermercado.<br \/>\n3.3.1. Caracter\u00edsticas.<br \/>\n3.3.2. Tipolog\u00eda.<br \/>\n3.3.3. Evoluci\u00f3n y futuro.<br \/>\n3.4. Agrupaciones de detallistas.<br \/>\n3.4.1. Los grupos de compras.<br \/>\n3.4.2. Las centrales de compra.<br \/>\n3.4.3 Las centrales de servicios.<\/p>\n<p>4. DISTRIBUCI\u00d3N EUROPEA<br \/>\n4.1. Claves para la expansi\u00f3n.<br \/>\n4.1.1. Los costes.<br \/>\n4.1.2. El entorno.<br \/>\n4.1.3. El control.<br \/>\n4.1.4. La moneda.<br \/>\n4.1.5. Las comunicaciones.<br \/>\n4.2. Las estrategias Europeas de los distribuidores f\u00edsicos.<br \/>\n4.3. Servicios de log\u00edstica.<br \/>\n4.3.1. Pol\u00edtica en materia de distribuci\u00f3n f\u00edsica.<\/p>\n<p>5. DISTRIBUCI\u00d3N COMERCIAL Y CANALES DE DISTRIBUCI\u00d3N<br \/>\n5.1. La funci\u00f3n comercial en la empresa.<br \/>\n5.1.1. La Direcci\u00f3n Comercial.<br \/>\n5.1.2. La organizaci\u00f3n comercial.<br \/>\n5.2. Distribuci\u00f3n total y canales de distribuci\u00f3n.<br \/>\n5.3. Distribuci\u00f3n indirecta.<br \/>\n5.3.1. Ventajas de utilizar intermediarios.<br \/>\n5.3.2. Desventajas en el uso de intermediarios.<br \/>\n5.4. \u00bfDistribuci\u00f3n directa o indirecta?: Toma de decisiones.<br \/>\n5.4.1. Tipos de intermediarios.<br \/>\n5.5. La franquicia comercial.<br \/>\n5.5.1. Introducci\u00f3n.<br \/>\n5.5.2. Desarrollo del Franchising en Espa\u00f1a.<br \/>\n5.5.3. Los tipos de franquicia.<br \/>\n5.5.4. Caracter\u00edsticas de la franquicia de servicios.<br \/>\n5.6. Implementaci\u00f3n de la distribuci\u00f3n.<\/p>\n<p>6. PLANIFICACI\u00d3N ESTRAT\u00c9GICA LOG\u00cdSTICA<br \/>\n6.1. Definici\u00f3n.<br \/>\n6.2. Fases del plan estrat\u00e9gico log\u00edstico.<br \/>\n6.2.1. An\u00e1lisis de la situaci\u00f3n inicial.<br \/>\n6.2.2. Estudio del entorno y su evoluci\u00f3n.<br \/>\n6.2.3. Dise\u00f1o de los objetivos a largo plazo.<br \/>\n6.2.4. Determinaci\u00f3n de los objetivos concretos.<br \/>\n6.2.5. Acciones concretas para conseguir los objetivos.<br \/>\n6.2.6. Personas concretas responsables de las acciones.<br \/>\n6.2.7. Alternativas para nosotros y nuestros competidores.<br \/>\n6.2.8. Evaluaci\u00f3n del plan.<br \/>\n6.2.9. Control del plan.<br \/>\n6.3. Definici\u00f3n de la Direcci\u00f3n de la distribuci\u00f3n f\u00edsica.<br \/>\n6.3.1. Responsabilidad del dise\u00f1o de un sistema.<br \/>\n6.3.2. Responsabilidad de la administraci\u00f3n del sistema.<br \/>\n6.3.3. Perfil del director de log\u00edstica.<\/p>\n<p>7. GESTI\u00d3N LOG\u00cdSTICA Y TOMA DE DECISIONES<br \/>\n7.1 La conceptualizaci\u00f3n del problema log\u00edstico.<br \/>\n7.1.1. La red log\u00edstica.<br \/>\n7.1.2. An\u00e1lisis de factores de coste.<br \/>\n7.2. El proceso de gesti\u00f3n.<br \/>\n7.2.1. El entorno log\u00edstico.<br \/>\n7.2.2. El producto.<br \/>\n7.2.3. El sistema de transporte.<br \/>\n7.2.4. El sistema de almacenamiento.<br \/>\n7.2.5. Metas.<br \/>\n7.2.6. Objetivos del servicio log\u00edstico al cliente.<br \/>\n7.2.7. Prospectiva de futuro.<br \/>\n7.2.8. An\u00e1lisis.<br \/>\n7.3. El control log\u00edstico.<br \/>\n7.3.1. Las entradas, el proceso y la salida.<br \/>\n7.3.2. Niveles est\u00e1ndar y objetivos.<br \/>\n7.3.3. El monitor. &#8211; Presupuestos.<br \/>\n7.3.4. Objetivos en el servicio al cliente.<br \/>\n7.3.5. El concepto de centro de beneficios.<br \/>\n7.3.6. Sistemas de apoyo a las decisiones.<br \/>\n7.4. Auditor\u00edas log\u00edsticas.<br \/>\n7.4.1. Auditor\u00eda global.<br \/>\n7.4.2. Demanda.<br \/>\n7.4.3. Servicio.<\/p>\n<\/div>\n<\/div>\n","protected":false},"excerpt":{"rendered":"<p>Adquirir los conocimientos relativos al concepto, objetivos y funciones de la log\u00edstica y ser capaz de desempe\u00f1ar las funciones de t\u00e9cnico en log\u00edstica con la eficacia requerida, as\u00ed como manejar los sistemas de informaci\u00f3n y distribuci\u00f3n conforme a la necesidad de la empresa. Controlar los canales de distribuci\u00f3n espa\u00f1ol y europeos y poder planificar la estrategia log\u00edstica y gestionarla adecuadamente.<\/p>\n","protected":false},"featured_media":5142,"comment_status":"closed","ping_status":"closed","template":"","meta":[],"product_cat":[120],"product_tag":[],"class_list":{"0":"post-4453","1":"product","2":"type-product","3":"status-publish","4":"has-post-thumbnail","6":"product_cat-logistica-comercial-y-gestion-del-transporte","8":"first","9":"instock","10":"taxable","11":"shipping-taxable","12":"purchasable","13":"product-type-simple"},"yoast_head":"<!-- This site is optimized with the Yoast SEO plugin v23.5 - https:\/\/yoast.com\/wordpress\/plugins\/seo\/ -->\n<title>COML023PO - Gesti\u00f3n Log\u00edstica (150 horas) - Contenidos Online<\/title>\n<meta name=\"robots\" content=\"index, follow, max-snippet:-1, max-image-preview:large, max-video-preview:-1\" \/>\n<link rel=\"canonical\" href=\"https:\/\/mefp.grupopiquer.com\/inscripciones\/producto\/coml023po-gestion-logistica-150-horas\/\" \/>\n<meta property=\"og:locale\" content=\"es_ES\" \/>\n<meta property=\"og:type\" content=\"article\" \/>\n<meta property=\"og:title\" content=\"COML023PO - Gesti\u00f3n Log\u00edstica (150 horas) - Contenidos Online\" \/>\n<meta property=\"og:description\" content=\"Adquirir los conocimientos relativos al concepto, objetivos y funciones de la log\u00edstica y ser capaz de desempe\u00f1ar las funciones de t\u00e9cnico en log\u00edstica con la eficacia requerida, as\u00ed como manejar los sistemas de informaci\u00f3n y distribuci\u00f3n conforme a la necesidad de la empresa. Controlar los canales de distribuci\u00f3n espa\u00f1ol y europeos y poder planificar la estrategia log\u00edstica y gestionarla adecuadamente.\" \/>\n<meta property=\"og:url\" content=\"https:\/\/mefp.grupopiquer.com\/inscripciones\/producto\/coml023po-gestion-logistica-150-horas\/\" \/>\n<meta property=\"og:site_name\" content=\"Contenidos Online\" \/>\n<meta property=\"article:modified_time\" content=\"2023-05-16T15:39:43+00:00\" \/>\n<meta property=\"og:image\" content=\"https:\/\/mefp.grupopiquer.com\/inscripciones\/wp-content\/uploads\/2023\/05\/portada-curso-2-e1683214974714.jpg\" \/>\n\t<meta property=\"og:image:width\" content=\"727\" \/>\n\t<meta property=\"og:image:height\" content=\"409\" \/>\n\t<meta property=\"og:image:type\" content=\"image\/jpeg\" \/>\n<meta name=\"twitter:card\" content=\"summary_large_image\" \/>\n<meta name=\"twitter:label1\" content=\"Tiempo de lectura\" \/>\n\t<meta name=\"twitter:data1\" content=\"3 minutos\" \/>\n<script type=\"application\/ld+json\" class=\"yoast-schema-graph\">{\"@context\":\"https:\/\/schema.org\",\"@graph\":[{\"@type\":\"WebPage\",\"@id\":\"https:\/\/mefp.grupopiquer.com\/inscripciones\/producto\/coml023po-gestion-logistica-150-horas\/\",\"url\":\"https:\/\/mefp.grupopiquer.com\/inscripciones\/producto\/coml023po-gestion-logistica-150-horas\/\",\"name\":\"COML023PO - Gesti\u00f3n Log\u00edstica (150 horas) - Contenidos Online\",\"isPartOf\":{\"@id\":\"https:\/\/mefp.grupopiquer.com\/inscripciones\/#website\"},\"primaryImageOfPage\":{\"@id\":\"https:\/\/mefp.grupopiquer.com\/inscripciones\/producto\/coml023po-gestion-logistica-150-horas\/#primaryimage\"},\"image\":{\"@id\":\"https:\/\/mefp.grupopiquer.com\/inscripciones\/producto\/coml023po-gestion-logistica-150-horas\/#primaryimage\"},\"thumbnailUrl\":\"https:\/\/mefp.grupopiquer.com\/inscripciones\/wp-content\/uploads\/2023\/05\/portada-curso-2-e1683214974714.jpg\",\"datePublished\":\"2023-05-02T11:01:30+00:00\",\"dateModified\":\"2023-05-16T15:39:43+00:00\",\"breadcrumb\":{\"@id\":\"https:\/\/mefp.grupopiquer.com\/inscripciones\/producto\/coml023po-gestion-logistica-150-horas\/#breadcrumb\"},\"inLanguage\":\"es\",\"potentialAction\":[{\"@type\":\"ReadAction\",\"target\":[\"https:\/\/mefp.grupopiquer.com\/inscripciones\/producto\/coml023po-gestion-logistica-150-horas\/\"]}]},{\"@type\":\"ImageObject\",\"inLanguage\":\"es\",\"@id\":\"https:\/\/mefp.grupopiquer.com\/inscripciones\/producto\/coml023po-gestion-logistica-150-horas\/#primaryimage\",\"url\":\"https:\/\/mefp.grupopiquer.com\/inscripciones\/wp-content\/uploads\/2023\/05\/portada-curso-2-e1683214974714.jpg\",\"contentUrl\":\"https:\/\/mefp.grupopiquer.com\/inscripciones\/wp-content\/uploads\/2023\/05\/portada-curso-2-e1683214974714.jpg\",\"width\":727,\"height\":409},{\"@type\":\"BreadcrumbList\",\"@id\":\"https:\/\/mefp.grupopiquer.com\/inscripciones\/producto\/coml023po-gestion-logistica-150-horas\/#breadcrumb\",\"itemListElement\":[{\"@type\":\"ListItem\",\"position\":1,\"name\":\"Portada\",\"item\":\"https:\/\/mefp.grupopiquer.com\/inscripciones\/\"},{\"@type\":\"ListItem\",\"position\":2,\"name\":\"Tienda\",\"item\":\"https:\/\/mefp.grupopiquer.com\/inscripciones\/tienda\/\"},{\"@type\":\"ListItem\",\"position\":3,\"name\":\"COML023PO &#8211; Gesti\u00f3n Log\u00edstica (150 horas)\"}]},{\"@type\":\"WebSite\",\"@id\":\"https:\/\/mefp.grupopiquer.com\/inscripciones\/#website\",\"url\":\"https:\/\/mefp.grupopiquer.com\/inscripciones\/\",\"name\":\"Contenidos Online\",\"description\":\"\",\"publisher\":{\"@id\":\"https:\/\/mefp.grupopiquer.com\/inscripciones\/#organization\"},\"potentialAction\":[{\"@type\":\"SearchAction\",\"target\":{\"@type\":\"EntryPoint\",\"urlTemplate\":\"https:\/\/mefp.grupopiquer.com\/inscripciones\/?s={search_term_string}\"},\"query-input\":{\"@type\":\"PropertyValueSpecification\",\"valueRequired\":true,\"valueName\":\"search_term_string\"}}],\"inLanguage\":\"es\"},{\"@type\":\"Organization\",\"@id\":\"https:\/\/mefp.grupopiquer.com\/inscripciones\/#organization\",\"name\":\"Contenidos Online\",\"url\":\"https:\/\/mefp.grupopiquer.com\/inscripciones\/\",\"logo\":{\"@type\":\"ImageObject\",\"inLanguage\":\"es\",\"@id\":\"https:\/\/mefp.grupopiquer.com\/inscripciones\/#\/schema\/logo\/image\/\",\"url\":\"\",\"contentUrl\":\"\",\"caption\":\"Contenidos Online\"},\"image\":{\"@id\":\"https:\/\/mefp.grupopiquer.com\/inscripciones\/#\/schema\/logo\/image\/\"}}]}<\/script>\n<!-- \/ Yoast SEO plugin. -->","yoast_head_json":{"title":"COML023PO - Gesti\u00f3n Log\u00edstica (150 horas) - Contenidos Online","robots":{"index":"index","follow":"follow","max-snippet":"max-snippet:-1","max-image-preview":"max-image-preview:large","max-video-preview":"max-video-preview:-1"},"canonical":"https:\/\/mefp.grupopiquer.com\/inscripciones\/producto\/coml023po-gestion-logistica-150-horas\/","og_locale":"es_ES","og_type":"article","og_title":"COML023PO - Gesti\u00f3n Log\u00edstica (150 horas) - Contenidos Online","og_description":"Adquirir los conocimientos relativos al concepto, objetivos y funciones de la log\u00edstica y ser capaz de desempe\u00f1ar las funciones de t\u00e9cnico en log\u00edstica con la eficacia requerida, as\u00ed como manejar los sistemas de informaci\u00f3n y distribuci\u00f3n conforme a la necesidad de la empresa. Controlar los canales de distribuci\u00f3n espa\u00f1ol y europeos y poder planificar la estrategia log\u00edstica y gestionarla adecuadamente.","og_url":"https:\/\/mefp.grupopiquer.com\/inscripciones\/producto\/coml023po-gestion-logistica-150-horas\/","og_site_name":"Contenidos Online","article_modified_time":"2023-05-16T15:39:43+00:00","og_image":[{"width":727,"height":409,"url":"https:\/\/mefp.grupopiquer.com\/inscripciones\/wp-content\/uploads\/2023\/05\/portada-curso-2-e1683214974714.jpg","type":"image\/jpeg"}],"twitter_card":"summary_large_image","twitter_misc":{"Tiempo de lectura":"3 minutos"},"schema":{"@context":"https:\/\/schema.org","@graph":[{"@type":"WebPage","@id":"https:\/\/mefp.grupopiquer.com\/inscripciones\/producto\/coml023po-gestion-logistica-150-horas\/","url":"https:\/\/mefp.grupopiquer.com\/inscripciones\/producto\/coml023po-gestion-logistica-150-horas\/","name":"COML023PO - Gesti\u00f3n Log\u00edstica (150 horas) - Contenidos Online","isPartOf":{"@id":"https:\/\/mefp.grupopiquer.com\/inscripciones\/#website"},"primaryImageOfPage":{"@id":"https:\/\/mefp.grupopiquer.com\/inscripciones\/producto\/coml023po-gestion-logistica-150-horas\/#primaryimage"},"image":{"@id":"https:\/\/mefp.grupopiquer.com\/inscripciones\/producto\/coml023po-gestion-logistica-150-horas\/#primaryimage"},"thumbnailUrl":"https:\/\/mefp.grupopiquer.com\/inscripciones\/wp-content\/uploads\/2023\/05\/portada-curso-2-e1683214974714.jpg","datePublished":"2023-05-02T11:01:30+00:00","dateModified":"2023-05-16T15:39:43+00:00","breadcrumb":{"@id":"https:\/\/mefp.grupopiquer.com\/inscripciones\/producto\/coml023po-gestion-logistica-150-horas\/#breadcrumb"},"inLanguage":"es","potentialAction":[{"@type":"ReadAction","target":["https:\/\/mefp.grupopiquer.com\/inscripciones\/producto\/coml023po-gestion-logistica-150-horas\/"]}]},{"@type":"ImageObject","inLanguage":"es","@id":"https:\/\/mefp.grupopiquer.com\/inscripciones\/producto\/coml023po-gestion-logistica-150-horas\/#primaryimage","url":"https:\/\/mefp.grupopiquer.com\/inscripciones\/wp-content\/uploads\/2023\/05\/portada-curso-2-e1683214974714.jpg","contentUrl":"https:\/\/mefp.grupopiquer.com\/inscripciones\/wp-content\/uploads\/2023\/05\/portada-curso-2-e1683214974714.jpg","width":727,"height":409},{"@type":"BreadcrumbList","@id":"https:\/\/mefp.grupopiquer.com\/inscripciones\/producto\/coml023po-gestion-logistica-150-horas\/#breadcrumb","itemListElement":[{"@type":"ListItem","position":1,"name":"Portada","item":"https:\/\/mefp.grupopiquer.com\/inscripciones\/"},{"@type":"ListItem","position":2,"name":"Tienda","item":"https:\/\/mefp.grupopiquer.com\/inscripciones\/tienda\/"},{"@type":"ListItem","position":3,"name":"COML023PO &#8211; Gesti\u00f3n Log\u00edstica (150 horas)"}]},{"@type":"WebSite","@id":"https:\/\/mefp.grupopiquer.com\/inscripciones\/#website","url":"https:\/\/mefp.grupopiquer.com\/inscripciones\/","name":"Contenidos Online","description":"","publisher":{"@id":"https:\/\/mefp.grupopiquer.com\/inscripciones\/#organization"},"potentialAction":[{"@type":"SearchAction","target":{"@type":"EntryPoint","urlTemplate":"https:\/\/mefp.grupopiquer.com\/inscripciones\/?s={search_term_string}"},"query-input":{"@type":"PropertyValueSpecification","valueRequired":true,"valueName":"search_term_string"}}],"inLanguage":"es"},{"@type":"Organization","@id":"https:\/\/mefp.grupopiquer.com\/inscripciones\/#organization","name":"Contenidos Online","url":"https:\/\/mefp.grupopiquer.com\/inscripciones\/","logo":{"@type":"ImageObject","inLanguage":"es","@id":"https:\/\/mefp.grupopiquer.com\/inscripciones\/#\/schema\/logo\/image\/","url":"","contentUrl":"","caption":"Contenidos Online"},"image":{"@id":"https:\/\/mefp.grupopiquer.com\/inscripciones\/#\/schema\/logo\/image\/"}}]}},"_links":{"self":[{"href":"https:\/\/mefp.grupopiquer.com\/inscripciones\/wp-json\/wp\/v2\/product\/4453"}],"collection":[{"href":"https:\/\/mefp.grupopiquer.com\/inscripciones\/wp-json\/wp\/v2\/product"}],"about":[{"href":"https:\/\/mefp.grupopiquer.com\/inscripciones\/wp-json\/wp\/v2\/types\/product"}],"replies":[{"embeddable":true,"href":"https:\/\/mefp.grupopiquer.com\/inscripciones\/wp-json\/wp\/v2\/comments?post=4453"}],"wp:featuredmedia":[{"embeddable":true,"href":"https:\/\/mefp.grupopiquer.com\/inscripciones\/wp-json\/wp\/v2\/media\/5142"}],"wp:attachment":[{"href":"https:\/\/mefp.grupopiquer.com\/inscripciones\/wp-json\/wp\/v2\/media?parent=4453"}],"wp:term":[{"taxonomy":"product_cat","embeddable":true,"href":"https:\/\/mefp.grupopiquer.com\/inscripciones\/wp-json\/wp\/v2\/product_cat?post=4453"},{"taxonomy":"product_tag","embeddable":true,"href":"https:\/\/mefp.grupopiquer.com\/inscripciones\/wp-json\/wp\/v2\/product_tag?post=4453"}],"curies":[{"name":"wp","href":"https:\/\/api.w.org\/{rel}","templated":true}]}}