{"id":4451,"date":"2023-05-02T11:01:18","date_gmt":"2023-05-02T11:01:18","guid":{"rendered":"https:\/\/mefp.grupopiquer.com\/inscripciones\/producto\/coml013po-legislacion-y-normativa-del-transporte-de-mercancias-por-carretera-55-horas\/"},"modified":"2023-05-15T13:03:59","modified_gmt":"2023-05-15T13:03:59","slug":"coml013po-legislacion-y-normativa-del-transporte-de-mercancias-por-carretera-55-horas","status":"publish","type":"product","link":"https:\/\/mefp.grupopiquer.com\/inscripciones\/producto\/coml013po-legislacion-y-normativa-del-transporte-de-mercancias-por-carretera-55-horas\/","title":{"rendered":"COML013PO &#8211; Legislaci\u00f3n y Normativa del Transporte de Mercanc\u00edas por Carretera (55 horas)"},"content":{"rendered":"<div id=\"accordion\">\n<h3>OBJETIVOS<\/h3>\n<div>Interpretar la normativa vigente para realizar la actividad de transportes de mercanc\u00edas por carretera en plena consonancia con las buenas pr\u00e1cticas, y con especial tratamiento en lo relativo a las condiciones de los contratos nacionales e internacionales (Convenio CMR).<\/div>\n<h3>CONTENIDOS<\/h3>\n<div>1. EL CONTRATO NACIONAL DE TRANSPORTES DE MERCANC\u00cdAS POR CARRETERA<br \/>\n1.1. Entorno normativo.<br \/>\n1.2. Definici\u00f3n de contrato de transportes.<br \/>\n1.3. Elementos del contrato.<br \/>\n1.3.1. Personales.<br \/>\n1.3.2. Reales.<br \/>\n1.3.3. Formales.<br \/>\n1.4. Derechos y deberes.<br \/>\n1.4.1. Del cargador.<br \/>\n1.4.2. Del porteador.<br \/>\n1.4.3. Del consignatario.<br \/>\n1.5. Ejecuci\u00f3n del contrato.<br \/>\n1.5.1. Presentaci\u00f3n.<br \/>\n1.5.2. Penalizaciones.<br \/>\n1.5.3. Paralizaciones.<br \/>\n1.5.4. Itinerario.<br \/>\n1.5.5. Plazos.<br \/>\n1.5.6. Ausencia o rechazo.<br \/>\n1.5.7. Reembolso.<br \/>\n1.6. Soluci\u00f3n de incidencias: Las Juntas Arbitrales de transporte.<br \/>\n1.6.1. Presentaci\u00f3n.<br \/>\n1.6.2. Procedimiento.<br \/>\n1.6.3. Composici\u00f3n.<br \/>\n1.6.4. El laudo arbitral.<\/p>\n<p>2. EL CONTRATO DE TRANSPORTES INTERNACIONAL: EL CONVENIO CMR<br \/>\n2.1. Introducci\u00f3n.<br \/>\n2.2. \u00c1mbito de aplicaci\u00f3n.<br \/>\n2.3. Forma de contratar.<br \/>\n2.4. El pago de los portes.<br \/>\n2.5. Examen de la mercanc\u00eda en origen.<br \/>\n2.6. Responsabilidad de la mercanc\u00eda y su exoneraci\u00f3n.<br \/>\n2.7. Comunicaci\u00f3n de da\u00f1os.<br \/>\n2.8. La prescripci\u00f3n de reclamaciones.<br \/>\n2.9. Indemnizaci\u00f3n por los da\u00f1os.<br \/>\n2.10. La peritaci\u00f3n en destino de la mercanc\u00eda da\u00f1ada.<br \/>\n2.11. Jurisdicci\u00f3n competente.<br \/>\n2.12. El derecho de disposici\u00f3n.<br \/>\n2.13. El CMR en situaciones especiales: Transportes sucesivos y transportes por superposici\u00f3n.<\/p>\n<p>3. NORMATIVAS ESPEC\u00cdFICAS DEL TRANSPORTE<br \/>\n3.1. Tiempos de conducci\u00f3n y descanso.<br \/>\n3.1.1. Presentaci\u00f3n.<br \/>\n3.1.2. \u00c1mbito de aplicaci\u00f3n.<br \/>\n3.1.3. El aparato tac\u00f3grafo.<br \/>\n3.1.4. Tarjetas de registro.<br \/>\n3.1.5. Tiempos de conducci\u00f3n.<br \/>\n3.1.6. Tiempos de descanso.<br \/>\n3.2. El control del transporte por carretera.<br \/>\n3.2.1. Presentaci\u00f3n.<br \/>\n3.2.2. La inspecci\u00f3n del transporte.<br \/>\n3.2.3. R\u00e9gimen sancionador.<br \/>\n3.3. Infracciones en materia de transportes.<br \/>\n3.3.1. Infracciones muy graves.<br \/>\n3.3.2. Infracciones graves.<br \/>\n3.3.3. Infracciones leves.<br \/>\n3.4. Acceso al mercado.<br \/>\n3.4.1. Presentaci\u00f3n.<br \/>\n3.4.2. \u00bfQui\u00e9nes est\u00e1n exentos de T\u00edtulo Habilitante?<br \/>\n3.4.3. T\u00edtulo Habilitante para Transporte Privado Complementario.<br \/>\n3.4.4. T\u00edtulo Habilitante para Servicio P\u00fablico de Transporte de Mercanc\u00edas.<br \/>\n3.5. T\u00edtulo Habilitante para ejercer la profesi\u00f3n en las Actividades Auxiliares y Complementarias del Transporte.<br \/>\n3.6. El seguro de transporte.<br \/>\n3.6.1. Presentaci\u00f3n.<br \/>\n3.6.2.Marco Legal.<br \/>\n3.6.3. Elementos del contrato.<br \/>\n3.6.4. Definici\u00f3n de Seguro de Transporte.<br \/>\n3.6.5. Caracter\u00edsticas del seguro de transporte.<br \/>\n3.6.6. El seguro de responsabilidad.<br \/>\n3.6.7. El seguro de da\u00f1os.<br \/>\n3.6.7.1. \u00bfQu\u00e9 cubre la p\u00f3liza?<br \/>\n3.6.7.2. \u00bfQu\u00e9 no cubre el seguro?<br \/>\n3.7. \u00bfEs obligatoria la existencia de un seguro de las mercanc\u00edas transportadas?<br \/>\n3.8. La p\u00f3liza del contrato de seguro.<br \/>\n3.9. Tipos de p\u00f3liza.<br \/>\n3.10. La cantidad asegurada y la cantidad a percibir por el asegurador.<br \/>\n3.10.1. Sobreseguro.<br \/>\n3.10.2. Infraseguro.<br \/>\n3.11. Comunicaci\u00f3n del siniestro.<\/p><\/div>\n<\/div>\n","protected":false},"excerpt":{"rendered":"<p>Interpretar la normativa vigente para realizar la actividad de transportes de mercanc\u00edas por carretera en plena consonancia con las buenas pr\u00e1cticas, y con especial tratamiento en lo relativo a las condiciones de los contratos nacionales e internacionales (Convenio CMR).<\/p>\n","protected":false},"featured_media":5143,"comment_status":"closed","ping_status":"closed","template":"","meta":[],"product_cat":[120],"product_tag":[],"class_list":{"0":"post-4451","1":"product","2":"type-product","3":"status-publish","4":"has-post-thumbnail","6":"product_cat-logistica-comercial-y-gestion-del-transporte","8":"first","9":"instock","10":"taxable","11":"shipping-taxable","12":"purchasable","13":"product-type-simple"},"yoast_head":"<!-- This site is optimized with the Yoast SEO plugin v23.5 - https:\/\/yoast.com\/wordpress\/plugins\/seo\/ -->\n<title>COML013PO - Legislaci\u00f3n y Normativa del Transporte de Mercanc\u00edas por Carretera (55 horas) - Contenidos Online<\/title>\n<meta name=\"robots\" content=\"index, follow, max-snippet:-1, max-image-preview:large, max-video-preview:-1\" \/>\n<link rel=\"canonical\" href=\"https:\/\/mefp.grupopiquer.com\/inscripciones\/producto\/coml013po-legislacion-y-normativa-del-transporte-de-mercancias-por-carretera-55-horas\/\" \/>\n<meta property=\"og:locale\" content=\"es_ES\" \/>\n<meta property=\"og:type\" content=\"article\" \/>\n<meta property=\"og:title\" content=\"COML013PO - Legislaci\u00f3n y Normativa del Transporte de Mercanc\u00edas por Carretera (55 horas) - Contenidos Online\" \/>\n<meta property=\"og:description\" content=\"Interpretar la normativa vigente para realizar la actividad de transportes de mercanc\u00edas por carretera en plena consonancia con las buenas pr\u00e1cticas, y con especial tratamiento en lo relativo a las condiciones de los contratos nacionales e internacionales (Convenio CMR).\" \/>\n<meta property=\"og:url\" content=\"https:\/\/mefp.grupopiquer.com\/inscripciones\/producto\/coml013po-legislacion-y-normativa-del-transporte-de-mercancias-por-carretera-55-horas\/\" \/>\n<meta property=\"og:site_name\" content=\"Contenidos Online\" \/>\n<meta property=\"article:modified_time\" content=\"2023-05-15T13:03:59+00:00\" \/>\n<meta property=\"og:image\" content=\"https:\/\/mefp.grupopiquer.com\/inscripciones\/wp-content\/uploads\/2023\/05\/portada-curso-1-2-e1683215083753.jpg\" \/>\n\t<meta property=\"og:image:width\" content=\"688\" \/>\n\t<meta property=\"og:image:height\" content=\"386\" \/>\n\t<meta property=\"og:image:type\" content=\"image\/jpeg\" \/>\n<meta name=\"twitter:card\" content=\"summary_large_image\" \/>\n<meta name=\"twitter:label1\" content=\"Tiempo de lectura\" \/>\n\t<meta name=\"twitter:data1\" content=\"2 minutos\" \/>\n<script type=\"application\/ld+json\" class=\"yoast-schema-graph\">{\"@context\":\"https:\/\/schema.org\",\"@graph\":[{\"@type\":\"WebPage\",\"@id\":\"https:\/\/mefp.grupopiquer.com\/inscripciones\/producto\/coml013po-legislacion-y-normativa-del-transporte-de-mercancias-por-carretera-55-horas\/\",\"url\":\"https:\/\/mefp.grupopiquer.com\/inscripciones\/producto\/coml013po-legislacion-y-normativa-del-transporte-de-mercancias-por-carretera-55-horas\/\",\"name\":\"COML013PO - Legislaci\u00f3n y Normativa del Transporte de Mercanc\u00edas por Carretera (55 horas) - Contenidos Online\",\"isPartOf\":{\"@id\":\"https:\/\/mefp.grupopiquer.com\/inscripciones\/#website\"},\"primaryImageOfPage\":{\"@id\":\"https:\/\/mefp.grupopiquer.com\/inscripciones\/producto\/coml013po-legislacion-y-normativa-del-transporte-de-mercancias-por-carretera-55-horas\/#primaryimage\"},\"image\":{\"@id\":\"https:\/\/mefp.grupopiquer.com\/inscripciones\/producto\/coml013po-legislacion-y-normativa-del-transporte-de-mercancias-por-carretera-55-horas\/#primaryimage\"},\"thumbnailUrl\":\"https:\/\/mefp.grupopiquer.com\/inscripciones\/wp-content\/uploads\/2023\/05\/portada-curso-1-2-e1683215083753.jpg\",\"datePublished\":\"2023-05-02T11:01:18+00:00\",\"dateModified\":\"2023-05-15T13:03:59+00:00\",\"breadcrumb\":{\"@id\":\"https:\/\/mefp.grupopiquer.com\/inscripciones\/producto\/coml013po-legislacion-y-normativa-del-transporte-de-mercancias-por-carretera-55-horas\/#breadcrumb\"},\"inLanguage\":\"es\",\"potentialAction\":[{\"@type\":\"ReadAction\",\"target\":[\"https:\/\/mefp.grupopiquer.com\/inscripciones\/producto\/coml013po-legislacion-y-normativa-del-transporte-de-mercancias-por-carretera-55-horas\/\"]}]},{\"@type\":\"ImageObject\",\"inLanguage\":\"es\",\"@id\":\"https:\/\/mefp.grupopiquer.com\/inscripciones\/producto\/coml013po-legislacion-y-normativa-del-transporte-de-mercancias-por-carretera-55-horas\/#primaryimage\",\"url\":\"https:\/\/mefp.grupopiquer.com\/inscripciones\/wp-content\/uploads\/2023\/05\/portada-curso-1-2-e1683215083753.jpg\",\"contentUrl\":\"https:\/\/mefp.grupopiquer.com\/inscripciones\/wp-content\/uploads\/2023\/05\/portada-curso-1-2-e1683215083753.jpg\",\"width\":688,\"height\":386},{\"@type\":\"BreadcrumbList\",\"@id\":\"https:\/\/mefp.grupopiquer.com\/inscripciones\/producto\/coml013po-legislacion-y-normativa-del-transporte-de-mercancias-por-carretera-55-horas\/#breadcrumb\",\"itemListElement\":[{\"@type\":\"ListItem\",\"position\":1,\"name\":\"Portada\",\"item\":\"https:\/\/mefp.grupopiquer.com\/inscripciones\/\"},{\"@type\":\"ListItem\",\"position\":2,\"name\":\"Tienda\",\"item\":\"https:\/\/mefp.grupopiquer.com\/inscripciones\/tienda\/\"},{\"@type\":\"ListItem\",\"position\":3,\"name\":\"COML013PO &#8211; Legislaci\u00f3n y Normativa del Transporte de Mercanc\u00edas por Carretera (55 horas)\"}]},{\"@type\":\"WebSite\",\"@id\":\"https:\/\/mefp.grupopiquer.com\/inscripciones\/#website\",\"url\":\"https:\/\/mefp.grupopiquer.com\/inscripciones\/\",\"name\":\"Contenidos Online\",\"description\":\"\",\"publisher\":{\"@id\":\"https:\/\/mefp.grupopiquer.com\/inscripciones\/#organization\"},\"potentialAction\":[{\"@type\":\"SearchAction\",\"target\":{\"@type\":\"EntryPoint\",\"urlTemplate\":\"https:\/\/mefp.grupopiquer.com\/inscripciones\/?s={search_term_string}\"},\"query-input\":{\"@type\":\"PropertyValueSpecification\",\"valueRequired\":true,\"valueName\":\"search_term_string\"}}],\"inLanguage\":\"es\"},{\"@type\":\"Organization\",\"@id\":\"https:\/\/mefp.grupopiquer.com\/inscripciones\/#organization\",\"name\":\"Contenidos Online\",\"url\":\"https:\/\/mefp.grupopiquer.com\/inscripciones\/\",\"logo\":{\"@type\":\"ImageObject\",\"inLanguage\":\"es\",\"@id\":\"https:\/\/mefp.grupopiquer.com\/inscripciones\/#\/schema\/logo\/image\/\",\"url\":\"\",\"contentUrl\":\"\",\"caption\":\"Contenidos Online\"},\"image\":{\"@id\":\"https:\/\/mefp.grupopiquer.com\/inscripciones\/#\/schema\/logo\/image\/\"}}]}<\/script>\n<!-- \/ Yoast SEO plugin. -->","yoast_head_json":{"title":"COML013PO - Legislaci\u00f3n y Normativa del Transporte de Mercanc\u00edas por Carretera (55 horas) - Contenidos Online","robots":{"index":"index","follow":"follow","max-snippet":"max-snippet:-1","max-image-preview":"max-image-preview:large","max-video-preview":"max-video-preview:-1"},"canonical":"https:\/\/mefp.grupopiquer.com\/inscripciones\/producto\/coml013po-legislacion-y-normativa-del-transporte-de-mercancias-por-carretera-55-horas\/","og_locale":"es_ES","og_type":"article","og_title":"COML013PO - Legislaci\u00f3n y Normativa del Transporte de Mercanc\u00edas por Carretera (55 horas) - Contenidos Online","og_description":"Interpretar la normativa vigente para realizar la actividad de transportes de mercanc\u00edas por carretera en plena consonancia con las buenas pr\u00e1cticas, y con especial tratamiento en lo relativo a las condiciones de los contratos nacionales e internacionales (Convenio CMR).","og_url":"https:\/\/mefp.grupopiquer.com\/inscripciones\/producto\/coml013po-legislacion-y-normativa-del-transporte-de-mercancias-por-carretera-55-horas\/","og_site_name":"Contenidos Online","article_modified_time":"2023-05-15T13:03:59+00:00","og_image":[{"width":688,"height":386,"url":"https:\/\/mefp.grupopiquer.com\/inscripciones\/wp-content\/uploads\/2023\/05\/portada-curso-1-2-e1683215083753.jpg","type":"image\/jpeg"}],"twitter_card":"summary_large_image","twitter_misc":{"Tiempo de lectura":"2 minutos"},"schema":{"@context":"https:\/\/schema.org","@graph":[{"@type":"WebPage","@id":"https:\/\/mefp.grupopiquer.com\/inscripciones\/producto\/coml013po-legislacion-y-normativa-del-transporte-de-mercancias-por-carretera-55-horas\/","url":"https:\/\/mefp.grupopiquer.com\/inscripciones\/producto\/coml013po-legislacion-y-normativa-del-transporte-de-mercancias-por-carretera-55-horas\/","name":"COML013PO - Legislaci\u00f3n y Normativa del Transporte de Mercanc\u00edas por Carretera (55 horas) - Contenidos Online","isPartOf":{"@id":"https:\/\/mefp.grupopiquer.com\/inscripciones\/#website"},"primaryImageOfPage":{"@id":"https:\/\/mefp.grupopiquer.com\/inscripciones\/producto\/coml013po-legislacion-y-normativa-del-transporte-de-mercancias-por-carretera-55-horas\/#primaryimage"},"image":{"@id":"https:\/\/mefp.grupopiquer.com\/inscripciones\/producto\/coml013po-legislacion-y-normativa-del-transporte-de-mercancias-por-carretera-55-horas\/#primaryimage"},"thumbnailUrl":"https:\/\/mefp.grupopiquer.com\/inscripciones\/wp-content\/uploads\/2023\/05\/portada-curso-1-2-e1683215083753.jpg","datePublished":"2023-05-02T11:01:18+00:00","dateModified":"2023-05-15T13:03:59+00:00","breadcrumb":{"@id":"https:\/\/mefp.grupopiquer.com\/inscripciones\/producto\/coml013po-legislacion-y-normativa-del-transporte-de-mercancias-por-carretera-55-horas\/#breadcrumb"},"inLanguage":"es","potentialAction":[{"@type":"ReadAction","target":["https:\/\/mefp.grupopiquer.com\/inscripciones\/producto\/coml013po-legislacion-y-normativa-del-transporte-de-mercancias-por-carretera-55-horas\/"]}]},{"@type":"ImageObject","inLanguage":"es","@id":"https:\/\/mefp.grupopiquer.com\/inscripciones\/producto\/coml013po-legislacion-y-normativa-del-transporte-de-mercancias-por-carretera-55-horas\/#primaryimage","url":"https:\/\/mefp.grupopiquer.com\/inscripciones\/wp-content\/uploads\/2023\/05\/portada-curso-1-2-e1683215083753.jpg","contentUrl":"https:\/\/mefp.grupopiquer.com\/inscripciones\/wp-content\/uploads\/2023\/05\/portada-curso-1-2-e1683215083753.jpg","width":688,"height":386},{"@type":"BreadcrumbList","@id":"https:\/\/mefp.grupopiquer.com\/inscripciones\/producto\/coml013po-legislacion-y-normativa-del-transporte-de-mercancias-por-carretera-55-horas\/#breadcrumb","itemListElement":[{"@type":"ListItem","position":1,"name":"Portada","item":"https:\/\/mefp.grupopiquer.com\/inscripciones\/"},{"@type":"ListItem","position":2,"name":"Tienda","item":"https:\/\/mefp.grupopiquer.com\/inscripciones\/tienda\/"},{"@type":"ListItem","position":3,"name":"COML013PO &#8211; Legislaci\u00f3n y Normativa del Transporte de Mercanc\u00edas por Carretera (55 horas)"}]},{"@type":"WebSite","@id":"https:\/\/mefp.grupopiquer.com\/inscripciones\/#website","url":"https:\/\/mefp.grupopiquer.com\/inscripciones\/","name":"Contenidos Online","description":"","publisher":{"@id":"https:\/\/mefp.grupopiquer.com\/inscripciones\/#organization"},"potentialAction":[{"@type":"SearchAction","target":{"@type":"EntryPoint","urlTemplate":"https:\/\/mefp.grupopiquer.com\/inscripciones\/?s={search_term_string}"},"query-input":{"@type":"PropertyValueSpecification","valueRequired":true,"valueName":"search_term_string"}}],"inLanguage":"es"},{"@type":"Organization","@id":"https:\/\/mefp.grupopiquer.com\/inscripciones\/#organization","name":"Contenidos Online","url":"https:\/\/mefp.grupopiquer.com\/inscripciones\/","logo":{"@type":"ImageObject","inLanguage":"es","@id":"https:\/\/mefp.grupopiquer.com\/inscripciones\/#\/schema\/logo\/image\/","url":"","contentUrl":"","caption":"Contenidos Online"},"image":{"@id":"https:\/\/mefp.grupopiquer.com\/inscripciones\/#\/schema\/logo\/image\/"}}]}},"_links":{"self":[{"href":"https:\/\/mefp.grupopiquer.com\/inscripciones\/wp-json\/wp\/v2\/product\/4451"}],"collection":[{"href":"https:\/\/mefp.grupopiquer.com\/inscripciones\/wp-json\/wp\/v2\/product"}],"about":[{"href":"https:\/\/mefp.grupopiquer.com\/inscripciones\/wp-json\/wp\/v2\/types\/product"}],"replies":[{"embeddable":true,"href":"https:\/\/mefp.grupopiquer.com\/inscripciones\/wp-json\/wp\/v2\/comments?post=4451"}],"wp:featuredmedia":[{"embeddable":true,"href":"https:\/\/mefp.grupopiquer.com\/inscripciones\/wp-json\/wp\/v2\/media\/5143"}],"wp:attachment":[{"href":"https:\/\/mefp.grupopiquer.com\/inscripciones\/wp-json\/wp\/v2\/media?parent=4451"}],"wp:term":[{"taxonomy":"product_cat","embeddable":true,"href":"https:\/\/mefp.grupopiquer.com\/inscripciones\/wp-json\/wp\/v2\/product_cat?post=4451"},{"taxonomy":"product_tag","embeddable":true,"href":"https:\/\/mefp.grupopiquer.com\/inscripciones\/wp-json\/wp\/v2\/product_tag?post=4451"}],"curies":[{"name":"wp","href":"https:\/\/api.w.org\/{rel}","templated":true}]}}