{"id":4447,"date":"2023-05-02T11:00:54","date_gmt":"2023-05-02T11:00:54","guid":{"rendered":"https:\/\/mefp.grupopiquer.com\/inscripciones\/producto\/coml008po-gestion-basica-de-almacen-20-horas\/"},"modified":"2023-05-15T13:11:12","modified_gmt":"2023-05-15T13:11:12","slug":"coml008po-gestion-basica-de-almacen-20-horas","status":"publish","type":"product","link":"https:\/\/mefp.grupopiquer.com\/inscripciones\/producto\/coml008po-gestion-basica-de-almacen-20-horas\/","title":{"rendered":"COML008PO &#8211; Gesti\u00f3n B\u00e1sica de Almac\u00e9n (20 horas)"},"content":{"rendered":"<div id=\"accordion\">\n<h3>OBJETIVOS<\/h3>\n<div>Identificar las actividades, funciones y \u00e1reas de un almac\u00e9n para el desempe\u00f1o eficaz y seguro de las tareas asignadas, dentro de la empresa o grupo empresarial.<\/div>\n<h3>CONTENIDOS<\/h3>\n<div>\n<p>1. EL GRUPO<\/p>\n<p>2. DESCUBRIENDO EL ALMAC\u00c9N<\/p>\n<p>3. B\u00c1SICOS GESTI\u00d3N ALMAC\u00c9N<br \/>\n3.1. Principios almac\u00e9n.<br \/>\n3.2. Funciones de almac\u00e9n.<br \/>\n3.2.1. Recepci\u00f3n de Materiales.<br \/>\n3.2.2. Registro de entradas y salidas del Almac\u00e9n.<br \/>\n3.2.3. Almacenamiento de materiales.<br \/>\n3.2.4. Mantenimiento de materiales y de almac\u00e9n.<br \/>\n3.2.5. Despacho de materiales.<br \/>\n3.2.6. Coordinaci\u00f3n del almac\u00e9n con los departamentos de control de inventarios y contabilidad.<br \/>\n3.3. \u00c1reas de almac\u00e9n: recepci\u00f3n, almacenamiento y entrega.<\/p>\n<p>4. VIDA DEL ALMAC\u00c9N<\/p>\n<p>5. PREVENCI\u00d3N DE RIESGOS LABORALES\n<\/p><\/div>\n<\/div>\n","protected":false},"excerpt":{"rendered":"<p>Identificar las actividades, funciones y \u00e1reas de un almac\u00e9n para el desempe\u00f1o eficaz y seguro de las tareas asignadas, dentro de la empresa o grupo empresarial.<\/p>\n","protected":false},"featured_media":5146,"comment_status":"closed","ping_status":"closed","template":"","meta":[],"product_cat":[120],"product_tag":[],"class_list":{"0":"post-4447","1":"product","2":"type-product","3":"status-publish","4":"has-post-thumbnail","6":"product_cat-logistica-comercial-y-gestion-del-transporte","8":"first","9":"instock","10":"taxable","11":"shipping-taxable","12":"purchasable","13":"product-type-simple"},"yoast_head":"<!-- This site is optimized with the Yoast SEO plugin v23.5 - https:\/\/yoast.com\/wordpress\/plugins\/seo\/ -->\n<title>COML008PO - Gesti\u00f3n B\u00e1sica de Almac\u00e9n (20 horas) - Contenidos Online<\/title>\n<meta name=\"robots\" content=\"index, follow, max-snippet:-1, max-image-preview:large, max-video-preview:-1\" \/>\n<link rel=\"canonical\" href=\"https:\/\/mefp.grupopiquer.com\/inscripciones\/producto\/coml008po-gestion-basica-de-almacen-20-horas\/\" \/>\n<meta property=\"og:locale\" content=\"es_ES\" \/>\n<meta property=\"og:type\" content=\"article\" \/>\n<meta property=\"og:title\" content=\"COML008PO - Gesti\u00f3n B\u00e1sica de Almac\u00e9n (20 horas) - Contenidos Online\" \/>\n<meta property=\"og:description\" content=\"Identificar las actividades, funciones y \u00e1reas de un almac\u00e9n para el desempe\u00f1o eficaz y seguro de las tareas asignadas, dentro de la empresa o grupo empresarial.\" \/>\n<meta property=\"og:url\" content=\"https:\/\/mefp.grupopiquer.com\/inscripciones\/producto\/coml008po-gestion-basica-de-almacen-20-horas\/\" \/>\n<meta property=\"og:site_name\" content=\"Contenidos Online\" \/>\n<meta property=\"article:modified_time\" content=\"2023-05-15T13:11:12+00:00\" \/>\n<meta property=\"og:image\" content=\"https:\/\/mefp.grupopiquer.com\/inscripciones\/wp-content\/uploads\/2023\/05\/portada-t1-e1683215394201.jpg\" \/>\n\t<meta property=\"og:image:width\" content=\"800\" \/>\n\t<meta property=\"og:image:height\" content=\"450\" \/>\n\t<meta property=\"og:image:type\" content=\"image\/jpeg\" \/>\n<meta name=\"twitter:card\" content=\"summary_large_image\" \/>\n<meta name=\"twitter:label1\" content=\"Tiempo de lectura\" \/>\n\t<meta name=\"twitter:data1\" content=\"1 minuto\" \/>\n<script type=\"application\/ld+json\" class=\"yoast-schema-graph\">{\"@context\":\"https:\/\/schema.org\",\"@graph\":[{\"@type\":\"WebPage\",\"@id\":\"https:\/\/mefp.grupopiquer.com\/inscripciones\/producto\/coml008po-gestion-basica-de-almacen-20-horas\/\",\"url\":\"https:\/\/mefp.grupopiquer.com\/inscripciones\/producto\/coml008po-gestion-basica-de-almacen-20-horas\/\",\"name\":\"COML008PO - Gesti\u00f3n B\u00e1sica de Almac\u00e9n (20 horas) - Contenidos Online\",\"isPartOf\":{\"@id\":\"https:\/\/mefp.grupopiquer.com\/inscripciones\/#website\"},\"primaryImageOfPage\":{\"@id\":\"https:\/\/mefp.grupopiquer.com\/inscripciones\/producto\/coml008po-gestion-basica-de-almacen-20-horas\/#primaryimage\"},\"image\":{\"@id\":\"https:\/\/mefp.grupopiquer.com\/inscripciones\/producto\/coml008po-gestion-basica-de-almacen-20-horas\/#primaryimage\"},\"thumbnailUrl\":\"https:\/\/mefp.grupopiquer.com\/inscripciones\/wp-content\/uploads\/2023\/05\/portada-t1-e1683215394201.jpg\",\"datePublished\":\"2023-05-02T11:00:54+00:00\",\"dateModified\":\"2023-05-15T13:11:12+00:00\",\"breadcrumb\":{\"@id\":\"https:\/\/mefp.grupopiquer.com\/inscripciones\/producto\/coml008po-gestion-basica-de-almacen-20-horas\/#breadcrumb\"},\"inLanguage\":\"es\",\"potentialAction\":[{\"@type\":\"ReadAction\",\"target\":[\"https:\/\/mefp.grupopiquer.com\/inscripciones\/producto\/coml008po-gestion-basica-de-almacen-20-horas\/\"]}]},{\"@type\":\"ImageObject\",\"inLanguage\":\"es\",\"@id\":\"https:\/\/mefp.grupopiquer.com\/inscripciones\/producto\/coml008po-gestion-basica-de-almacen-20-horas\/#primaryimage\",\"url\":\"https:\/\/mefp.grupopiquer.com\/inscripciones\/wp-content\/uploads\/2023\/05\/portada-t1-e1683215394201.jpg\",\"contentUrl\":\"https:\/\/mefp.grupopiquer.com\/inscripciones\/wp-content\/uploads\/2023\/05\/portada-t1-e1683215394201.jpg\",\"width\":800,\"height\":450},{\"@type\":\"BreadcrumbList\",\"@id\":\"https:\/\/mefp.grupopiquer.com\/inscripciones\/producto\/coml008po-gestion-basica-de-almacen-20-horas\/#breadcrumb\",\"itemListElement\":[{\"@type\":\"ListItem\",\"position\":1,\"name\":\"Portada\",\"item\":\"https:\/\/mefp.grupopiquer.com\/inscripciones\/\"},{\"@type\":\"ListItem\",\"position\":2,\"name\":\"Tienda\",\"item\":\"https:\/\/mefp.grupopiquer.com\/inscripciones\/tienda\/\"},{\"@type\":\"ListItem\",\"position\":3,\"name\":\"COML008PO &#8211; Gesti\u00f3n B\u00e1sica de Almac\u00e9n (20 horas)\"}]},{\"@type\":\"WebSite\",\"@id\":\"https:\/\/mefp.grupopiquer.com\/inscripciones\/#website\",\"url\":\"https:\/\/mefp.grupopiquer.com\/inscripciones\/\",\"name\":\"Contenidos Online\",\"description\":\"\",\"publisher\":{\"@id\":\"https:\/\/mefp.grupopiquer.com\/inscripciones\/#organization\"},\"potentialAction\":[{\"@type\":\"SearchAction\",\"target\":{\"@type\":\"EntryPoint\",\"urlTemplate\":\"https:\/\/mefp.grupopiquer.com\/inscripciones\/?s={search_term_string}\"},\"query-input\":{\"@type\":\"PropertyValueSpecification\",\"valueRequired\":true,\"valueName\":\"search_term_string\"}}],\"inLanguage\":\"es\"},{\"@type\":\"Organization\",\"@id\":\"https:\/\/mefp.grupopiquer.com\/inscripciones\/#organization\",\"name\":\"Contenidos Online\",\"url\":\"https:\/\/mefp.grupopiquer.com\/inscripciones\/\",\"logo\":{\"@type\":\"ImageObject\",\"inLanguage\":\"es\",\"@id\":\"https:\/\/mefp.grupopiquer.com\/inscripciones\/#\/schema\/logo\/image\/\",\"url\":\"\",\"contentUrl\":\"\",\"caption\":\"Contenidos Online\"},\"image\":{\"@id\":\"https:\/\/mefp.grupopiquer.com\/inscripciones\/#\/schema\/logo\/image\/\"}}]}<\/script>\n<!-- \/ Yoast SEO plugin. -->","yoast_head_json":{"title":"COML008PO - Gesti\u00f3n B\u00e1sica de Almac\u00e9n (20 horas) - Contenidos Online","robots":{"index":"index","follow":"follow","max-snippet":"max-snippet:-1","max-image-preview":"max-image-preview:large","max-video-preview":"max-video-preview:-1"},"canonical":"https:\/\/mefp.grupopiquer.com\/inscripciones\/producto\/coml008po-gestion-basica-de-almacen-20-horas\/","og_locale":"es_ES","og_type":"article","og_title":"COML008PO - Gesti\u00f3n B\u00e1sica de Almac\u00e9n (20 horas) - Contenidos Online","og_description":"Identificar las actividades, funciones y \u00e1reas de un almac\u00e9n para el desempe\u00f1o eficaz y seguro de las tareas asignadas, dentro de la empresa o grupo empresarial.","og_url":"https:\/\/mefp.grupopiquer.com\/inscripciones\/producto\/coml008po-gestion-basica-de-almacen-20-horas\/","og_site_name":"Contenidos Online","article_modified_time":"2023-05-15T13:11:12+00:00","og_image":[{"width":800,"height":450,"url":"https:\/\/mefp.grupopiquer.com\/inscripciones\/wp-content\/uploads\/2023\/05\/portada-t1-e1683215394201.jpg","type":"image\/jpeg"}],"twitter_card":"summary_large_image","twitter_misc":{"Tiempo de lectura":"1 minuto"},"schema":{"@context":"https:\/\/schema.org","@graph":[{"@type":"WebPage","@id":"https:\/\/mefp.grupopiquer.com\/inscripciones\/producto\/coml008po-gestion-basica-de-almacen-20-horas\/","url":"https:\/\/mefp.grupopiquer.com\/inscripciones\/producto\/coml008po-gestion-basica-de-almacen-20-horas\/","name":"COML008PO - Gesti\u00f3n B\u00e1sica de Almac\u00e9n (20 horas) - Contenidos Online","isPartOf":{"@id":"https:\/\/mefp.grupopiquer.com\/inscripciones\/#website"},"primaryImageOfPage":{"@id":"https:\/\/mefp.grupopiquer.com\/inscripciones\/producto\/coml008po-gestion-basica-de-almacen-20-horas\/#primaryimage"},"image":{"@id":"https:\/\/mefp.grupopiquer.com\/inscripciones\/producto\/coml008po-gestion-basica-de-almacen-20-horas\/#primaryimage"},"thumbnailUrl":"https:\/\/mefp.grupopiquer.com\/inscripciones\/wp-content\/uploads\/2023\/05\/portada-t1-e1683215394201.jpg","datePublished":"2023-05-02T11:00:54+00:00","dateModified":"2023-05-15T13:11:12+00:00","breadcrumb":{"@id":"https:\/\/mefp.grupopiquer.com\/inscripciones\/producto\/coml008po-gestion-basica-de-almacen-20-horas\/#breadcrumb"},"inLanguage":"es","potentialAction":[{"@type":"ReadAction","target":["https:\/\/mefp.grupopiquer.com\/inscripciones\/producto\/coml008po-gestion-basica-de-almacen-20-horas\/"]}]},{"@type":"ImageObject","inLanguage":"es","@id":"https:\/\/mefp.grupopiquer.com\/inscripciones\/producto\/coml008po-gestion-basica-de-almacen-20-horas\/#primaryimage","url":"https:\/\/mefp.grupopiquer.com\/inscripciones\/wp-content\/uploads\/2023\/05\/portada-t1-e1683215394201.jpg","contentUrl":"https:\/\/mefp.grupopiquer.com\/inscripciones\/wp-content\/uploads\/2023\/05\/portada-t1-e1683215394201.jpg","width":800,"height":450},{"@type":"BreadcrumbList","@id":"https:\/\/mefp.grupopiquer.com\/inscripciones\/producto\/coml008po-gestion-basica-de-almacen-20-horas\/#breadcrumb","itemListElement":[{"@type":"ListItem","position":1,"name":"Portada","item":"https:\/\/mefp.grupopiquer.com\/inscripciones\/"},{"@type":"ListItem","position":2,"name":"Tienda","item":"https:\/\/mefp.grupopiquer.com\/inscripciones\/tienda\/"},{"@type":"ListItem","position":3,"name":"COML008PO &#8211; Gesti\u00f3n B\u00e1sica de Almac\u00e9n (20 horas)"}]},{"@type":"WebSite","@id":"https:\/\/mefp.grupopiquer.com\/inscripciones\/#website","url":"https:\/\/mefp.grupopiquer.com\/inscripciones\/","name":"Contenidos Online","description":"","publisher":{"@id":"https:\/\/mefp.grupopiquer.com\/inscripciones\/#organization"},"potentialAction":[{"@type":"SearchAction","target":{"@type":"EntryPoint","urlTemplate":"https:\/\/mefp.grupopiquer.com\/inscripciones\/?s={search_term_string}"},"query-input":{"@type":"PropertyValueSpecification","valueRequired":true,"valueName":"search_term_string"}}],"inLanguage":"es"},{"@type":"Organization","@id":"https:\/\/mefp.grupopiquer.com\/inscripciones\/#organization","name":"Contenidos Online","url":"https:\/\/mefp.grupopiquer.com\/inscripciones\/","logo":{"@type":"ImageObject","inLanguage":"es","@id":"https:\/\/mefp.grupopiquer.com\/inscripciones\/#\/schema\/logo\/image\/","url":"","contentUrl":"","caption":"Contenidos Online"},"image":{"@id":"https:\/\/mefp.grupopiquer.com\/inscripciones\/#\/schema\/logo\/image\/"}}]}},"_links":{"self":[{"href":"https:\/\/mefp.grupopiquer.com\/inscripciones\/wp-json\/wp\/v2\/product\/4447"}],"collection":[{"href":"https:\/\/mefp.grupopiquer.com\/inscripciones\/wp-json\/wp\/v2\/product"}],"about":[{"href":"https:\/\/mefp.grupopiquer.com\/inscripciones\/wp-json\/wp\/v2\/types\/product"}],"replies":[{"embeddable":true,"href":"https:\/\/mefp.grupopiquer.com\/inscripciones\/wp-json\/wp\/v2\/comments?post=4447"}],"wp:featuredmedia":[{"embeddable":true,"href":"https:\/\/mefp.grupopiquer.com\/inscripciones\/wp-json\/wp\/v2\/media\/5146"}],"wp:attachment":[{"href":"https:\/\/mefp.grupopiquer.com\/inscripciones\/wp-json\/wp\/v2\/media?parent=4447"}],"wp:term":[{"taxonomy":"product_cat","embeddable":true,"href":"https:\/\/mefp.grupopiquer.com\/inscripciones\/wp-json\/wp\/v2\/product_cat?post=4447"},{"taxonomy":"product_tag","embeddable":true,"href":"https:\/\/mefp.grupopiquer.com\/inscripciones\/wp-json\/wp\/v2\/product_tag?post=4447"}],"curies":[{"name":"wp","href":"https:\/\/api.w.org\/{rel}","templated":true}]}}