{"id":4445,"date":"2023-05-02T11:00:44","date_gmt":"2023-05-02T11:00:44","guid":{"rendered":"https:\/\/mefp.grupopiquer.com\/inscripciones\/producto\/coml007po-gestion-administrativa-de-la-agencia-comercial-15-horas\/"},"modified":"2023-05-15T13:12:44","modified_gmt":"2023-05-15T13:12:44","slug":"coml007po-gestion-administrativa-de-la-agencia-comercial-15-horas","status":"publish","type":"product","link":"https:\/\/mefp.grupopiquer.com\/inscripciones\/producto\/coml007po-gestion-administrativa-de-la-agencia-comercial-15-horas\/","title":{"rendered":"COML007PO &#8211; Gesti\u00f3n Administrativa de la Agencia Comercial (15 horas)"},"content":{"rendered":"<div id=\"accordion\">\n<h3>OBJETIVOS<\/h3>\n<div>Adquirir los conocimientos necesarios para distinguir los tipos de impresos, documentos y libros que se utilizan en una agencia comercial, as\u00ed como su adecuada cumplimentaci\u00f3n.<\/div>\n<h3>CONTENIDOS<\/h3>\n<div>1. LOS IMPRESOS Y LOS DOCUMENTOS<br \/>\n1.1. Introducci\u00f3n.<br \/>\n1.2. Concepto y caracter\u00edsticas.<br \/>\n1.3. Contenido y clases de impresos y documentos.<br \/>\n1.4. Normalizaci\u00f3n de impresos y documentos: normas une y abreviaturas m\u00e1s frecuentes.<br \/>\n1.5. Formas de archivar.<\/p>\n<p>2. DOCUMENTOS RELACIONADOS CON LA TESORER\u00cdA<br \/>\n2.1. Introducci\u00f3n.<br \/>\n2.2. El cheque y el cheque bancario.<br \/>\n2.3. El recibo.<br \/>\n2.4. La letra de cambio.<br \/>\n2.5. Libros de registro: clases, formalizaci\u00f3n, llevanza y conservaci\u00f3n de los libros.<\/p>\n<p>3. DOCUMENTOS RELACIONADOS CON LA COMPRAVENTA EN SU RELACI\u00d3N CON LAS EMPRESAS REPRESENTADAS<br \/>\n3.1. Introducci\u00f3n.<br \/>\n3.2. El pedido.<br \/>\n3.3. Recepci\u00f3n de mercanc\u00edas: albaranes de entrega y recepci\u00f3n.<br \/>\n3.4. Facturaci\u00f3n de proveedores: confeccionar una factura con los distintos tipos de IVA.<br \/>\n3.5. Notas de abono.<br \/>\n3.6. Notas de gastos.<\/p>\n<p>4. LIBROS DE REGISTRO<br \/>\n4.1. Introducci\u00f3n.<br \/>\n4.2. Clases, formalizaci\u00f3n, llevanza y conservaci\u00f3n de libros espec\u00edficos para el agente comercial.<\/p>\n<p>5. LIBROS CONTABLES<br \/>\n5.1. Introducci\u00f3n.<br \/>\n5.2. Libros contables obligatorios.<br \/>\n5.3. Libros contables auxiliares.<br \/>\n5.4. El control de las comisiones.<\/p>\n<p>6. CLASIFICACI\u00d3N Y ORDENACI\u00d3N DE DOCUMENTOS<br \/>\n6.1. Introducci\u00f3n.<br \/>\n6.2. Clasificaci\u00f3n nominativa.<br \/>\n6.3. Clasificaci\u00f3n geogr\u00e1fica.<br \/>\n6.4. Clasificaci\u00f3n por materias y asuntos.<br \/>\n6.5. Clasificaci\u00f3n num\u00e9rica.<br \/>\n6.6. Clasificaci\u00f3n cronol\u00f3gica.<br \/>\n6.7. Clasificaci\u00f3n mixta.<br \/>\n6.8. Clasificaci\u00f3n decimal universal.<\/p>\n<\/div>\n<\/div>\n","protected":false},"excerpt":{"rendered":"<p>Adquirir los conocimientos necesarios para distinguir los tipos de impresos, documentos y libros que se utilizan en una agencia comercial, as\u00ed como su adecuada cumplimentaci\u00f3n.<\/p>\n","protected":false},"featured_media":5148,"comment_status":"closed","ping_status":"closed","template":"","meta":[],"product_cat":[120],"product_tag":[],"class_list":{"0":"post-4445","1":"product","2":"type-product","3":"status-publish","4":"has-post-thumbnail","6":"product_cat-logistica-comercial-y-gestion-del-transporte","8":"first","9":"instock","10":"taxable","11":"shipping-taxable","12":"purchasable","13":"product-type-simple"},"yoast_head":"<!-- This site is optimized with the Yoast SEO plugin v23.5 - https:\/\/yoast.com\/wordpress\/plugins\/seo\/ -->\n<title>COML007PO - Gesti\u00f3n Administrativa de la Agencia Comercial (15 horas) - Contenidos Online<\/title>\n<meta name=\"robots\" content=\"index, follow, max-snippet:-1, max-image-preview:large, max-video-preview:-1\" \/>\n<link rel=\"canonical\" href=\"https:\/\/mefp.grupopiquer.com\/inscripciones\/producto\/coml007po-gestion-administrativa-de-la-agencia-comercial-15-horas\/\" \/>\n<meta property=\"og:locale\" content=\"es_ES\" \/>\n<meta property=\"og:type\" content=\"article\" \/>\n<meta property=\"og:title\" content=\"COML007PO - Gesti\u00f3n Administrativa de la Agencia Comercial (15 horas) - Contenidos Online\" \/>\n<meta property=\"og:description\" content=\"Adquirir los conocimientos necesarios para distinguir los tipos de impresos, documentos y libros que se utilizan en una agencia comercial, as\u00ed como su adecuada cumplimentaci\u00f3n.\" \/>\n<meta property=\"og:url\" content=\"https:\/\/mefp.grupopiquer.com\/inscripciones\/producto\/coml007po-gestion-administrativa-de-la-agencia-comercial-15-horas\/\" \/>\n<meta property=\"og:site_name\" content=\"Contenidos Online\" \/>\n<meta property=\"article:modified_time\" content=\"2023-05-15T13:12:44+00:00\" \/>\n<meta property=\"og:image\" content=\"https:\/\/mefp.grupopiquer.com\/inscripciones\/wp-content\/uploads\/2023\/05\/F6tn0Bv-t4QSSguN_mm-kb_DHDsYERzDb-stock_image-e1683215438886.jpg\" \/>\n\t<meta property=\"og:image:width\" content=\"1680\" \/>\n\t<meta property=\"og:image:height\" content=\"945\" \/>\n\t<meta property=\"og:image:type\" content=\"image\/jpeg\" \/>\n<meta name=\"twitter:card\" content=\"summary_large_image\" \/>\n<meta name=\"twitter:label1\" content=\"Tiempo de lectura\" \/>\n\t<meta name=\"twitter:data1\" content=\"1 minuto\" \/>\n<script type=\"application\/ld+json\" class=\"yoast-schema-graph\">{\"@context\":\"https:\/\/schema.org\",\"@graph\":[{\"@type\":\"WebPage\",\"@id\":\"https:\/\/mefp.grupopiquer.com\/inscripciones\/producto\/coml007po-gestion-administrativa-de-la-agencia-comercial-15-horas\/\",\"url\":\"https:\/\/mefp.grupopiquer.com\/inscripciones\/producto\/coml007po-gestion-administrativa-de-la-agencia-comercial-15-horas\/\",\"name\":\"COML007PO - Gesti\u00f3n Administrativa de la Agencia Comercial (15 horas) - Contenidos Online\",\"isPartOf\":{\"@id\":\"https:\/\/mefp.grupopiquer.com\/inscripciones\/#website\"},\"primaryImageOfPage\":{\"@id\":\"https:\/\/mefp.grupopiquer.com\/inscripciones\/producto\/coml007po-gestion-administrativa-de-la-agencia-comercial-15-horas\/#primaryimage\"},\"image\":{\"@id\":\"https:\/\/mefp.grupopiquer.com\/inscripciones\/producto\/coml007po-gestion-administrativa-de-la-agencia-comercial-15-horas\/#primaryimage\"},\"thumbnailUrl\":\"https:\/\/mefp.grupopiquer.com\/inscripciones\/wp-content\/uploads\/2023\/05\/F6tn0Bv-t4QSSguN_mm-kb_DHDsYERzDb-stock_image-e1683215438886.jpg\",\"datePublished\":\"2023-05-02T11:00:44+00:00\",\"dateModified\":\"2023-05-15T13:12:44+00:00\",\"breadcrumb\":{\"@id\":\"https:\/\/mefp.grupopiquer.com\/inscripciones\/producto\/coml007po-gestion-administrativa-de-la-agencia-comercial-15-horas\/#breadcrumb\"},\"inLanguage\":\"es\",\"potentialAction\":[{\"@type\":\"ReadAction\",\"target\":[\"https:\/\/mefp.grupopiquer.com\/inscripciones\/producto\/coml007po-gestion-administrativa-de-la-agencia-comercial-15-horas\/\"]}]},{\"@type\":\"ImageObject\",\"inLanguage\":\"es\",\"@id\":\"https:\/\/mefp.grupopiquer.com\/inscripciones\/producto\/coml007po-gestion-administrativa-de-la-agencia-comercial-15-horas\/#primaryimage\",\"url\":\"https:\/\/mefp.grupopiquer.com\/inscripciones\/wp-content\/uploads\/2023\/05\/F6tn0Bv-t4QSSguN_mm-kb_DHDsYERzDb-stock_image-e1683215438886.jpg\",\"contentUrl\":\"https:\/\/mefp.grupopiquer.com\/inscripciones\/wp-content\/uploads\/2023\/05\/F6tn0Bv-t4QSSguN_mm-kb_DHDsYERzDb-stock_image-e1683215438886.jpg\",\"width\":1680,\"height\":945},{\"@type\":\"BreadcrumbList\",\"@id\":\"https:\/\/mefp.grupopiquer.com\/inscripciones\/producto\/coml007po-gestion-administrativa-de-la-agencia-comercial-15-horas\/#breadcrumb\",\"itemListElement\":[{\"@type\":\"ListItem\",\"position\":1,\"name\":\"Portada\",\"item\":\"https:\/\/mefp.grupopiquer.com\/inscripciones\/\"},{\"@type\":\"ListItem\",\"position\":2,\"name\":\"Tienda\",\"item\":\"https:\/\/mefp.grupopiquer.com\/inscripciones\/tienda\/\"},{\"@type\":\"ListItem\",\"position\":3,\"name\":\"COML007PO &#8211; Gesti\u00f3n Administrativa de la Agencia Comercial (15 horas)\"}]},{\"@type\":\"WebSite\",\"@id\":\"https:\/\/mefp.grupopiquer.com\/inscripciones\/#website\",\"url\":\"https:\/\/mefp.grupopiquer.com\/inscripciones\/\",\"name\":\"Contenidos Online\",\"description\":\"\",\"publisher\":{\"@id\":\"https:\/\/mefp.grupopiquer.com\/inscripciones\/#organization\"},\"potentialAction\":[{\"@type\":\"SearchAction\",\"target\":{\"@type\":\"EntryPoint\",\"urlTemplate\":\"https:\/\/mefp.grupopiquer.com\/inscripciones\/?s={search_term_string}\"},\"query-input\":{\"@type\":\"PropertyValueSpecification\",\"valueRequired\":true,\"valueName\":\"search_term_string\"}}],\"inLanguage\":\"es\"},{\"@type\":\"Organization\",\"@id\":\"https:\/\/mefp.grupopiquer.com\/inscripciones\/#organization\",\"name\":\"Contenidos Online\",\"url\":\"https:\/\/mefp.grupopiquer.com\/inscripciones\/\",\"logo\":{\"@type\":\"ImageObject\",\"inLanguage\":\"es\",\"@id\":\"https:\/\/mefp.grupopiquer.com\/inscripciones\/#\/schema\/logo\/image\/\",\"url\":\"\",\"contentUrl\":\"\",\"caption\":\"Contenidos Online\"},\"image\":{\"@id\":\"https:\/\/mefp.grupopiquer.com\/inscripciones\/#\/schema\/logo\/image\/\"}}]}<\/script>\n<!-- \/ Yoast SEO plugin. -->","yoast_head_json":{"title":"COML007PO - Gesti\u00f3n Administrativa de la Agencia Comercial (15 horas) - Contenidos Online","robots":{"index":"index","follow":"follow","max-snippet":"max-snippet:-1","max-image-preview":"max-image-preview:large","max-video-preview":"max-video-preview:-1"},"canonical":"https:\/\/mefp.grupopiquer.com\/inscripciones\/producto\/coml007po-gestion-administrativa-de-la-agencia-comercial-15-horas\/","og_locale":"es_ES","og_type":"article","og_title":"COML007PO - Gesti\u00f3n Administrativa de la Agencia Comercial (15 horas) - Contenidos Online","og_description":"Adquirir los conocimientos necesarios para distinguir los tipos de impresos, documentos y libros que se utilizan en una agencia comercial, as\u00ed como su adecuada cumplimentaci\u00f3n.","og_url":"https:\/\/mefp.grupopiquer.com\/inscripciones\/producto\/coml007po-gestion-administrativa-de-la-agencia-comercial-15-horas\/","og_site_name":"Contenidos Online","article_modified_time":"2023-05-15T13:12:44+00:00","og_image":[{"width":1680,"height":945,"url":"https:\/\/mefp.grupopiquer.com\/inscripciones\/wp-content\/uploads\/2023\/05\/F6tn0Bv-t4QSSguN_mm-kb_DHDsYERzDb-stock_image-e1683215438886.jpg","type":"image\/jpeg"}],"twitter_card":"summary_large_image","twitter_misc":{"Tiempo de lectura":"1 minuto"},"schema":{"@context":"https:\/\/schema.org","@graph":[{"@type":"WebPage","@id":"https:\/\/mefp.grupopiquer.com\/inscripciones\/producto\/coml007po-gestion-administrativa-de-la-agencia-comercial-15-horas\/","url":"https:\/\/mefp.grupopiquer.com\/inscripciones\/producto\/coml007po-gestion-administrativa-de-la-agencia-comercial-15-horas\/","name":"COML007PO - Gesti\u00f3n Administrativa de la Agencia Comercial (15 horas) - Contenidos Online","isPartOf":{"@id":"https:\/\/mefp.grupopiquer.com\/inscripciones\/#website"},"primaryImageOfPage":{"@id":"https:\/\/mefp.grupopiquer.com\/inscripciones\/producto\/coml007po-gestion-administrativa-de-la-agencia-comercial-15-horas\/#primaryimage"},"image":{"@id":"https:\/\/mefp.grupopiquer.com\/inscripciones\/producto\/coml007po-gestion-administrativa-de-la-agencia-comercial-15-horas\/#primaryimage"},"thumbnailUrl":"https:\/\/mefp.grupopiquer.com\/inscripciones\/wp-content\/uploads\/2023\/05\/F6tn0Bv-t4QSSguN_mm-kb_DHDsYERzDb-stock_image-e1683215438886.jpg","datePublished":"2023-05-02T11:00:44+00:00","dateModified":"2023-05-15T13:12:44+00:00","breadcrumb":{"@id":"https:\/\/mefp.grupopiquer.com\/inscripciones\/producto\/coml007po-gestion-administrativa-de-la-agencia-comercial-15-horas\/#breadcrumb"},"inLanguage":"es","potentialAction":[{"@type":"ReadAction","target":["https:\/\/mefp.grupopiquer.com\/inscripciones\/producto\/coml007po-gestion-administrativa-de-la-agencia-comercial-15-horas\/"]}]},{"@type":"ImageObject","inLanguage":"es","@id":"https:\/\/mefp.grupopiquer.com\/inscripciones\/producto\/coml007po-gestion-administrativa-de-la-agencia-comercial-15-horas\/#primaryimage","url":"https:\/\/mefp.grupopiquer.com\/inscripciones\/wp-content\/uploads\/2023\/05\/F6tn0Bv-t4QSSguN_mm-kb_DHDsYERzDb-stock_image-e1683215438886.jpg","contentUrl":"https:\/\/mefp.grupopiquer.com\/inscripciones\/wp-content\/uploads\/2023\/05\/F6tn0Bv-t4QSSguN_mm-kb_DHDsYERzDb-stock_image-e1683215438886.jpg","width":1680,"height":945},{"@type":"BreadcrumbList","@id":"https:\/\/mefp.grupopiquer.com\/inscripciones\/producto\/coml007po-gestion-administrativa-de-la-agencia-comercial-15-horas\/#breadcrumb","itemListElement":[{"@type":"ListItem","position":1,"name":"Portada","item":"https:\/\/mefp.grupopiquer.com\/inscripciones\/"},{"@type":"ListItem","position":2,"name":"Tienda","item":"https:\/\/mefp.grupopiquer.com\/inscripciones\/tienda\/"},{"@type":"ListItem","position":3,"name":"COML007PO &#8211; Gesti\u00f3n Administrativa de la Agencia Comercial (15 horas)"}]},{"@type":"WebSite","@id":"https:\/\/mefp.grupopiquer.com\/inscripciones\/#website","url":"https:\/\/mefp.grupopiquer.com\/inscripciones\/","name":"Contenidos Online","description":"","publisher":{"@id":"https:\/\/mefp.grupopiquer.com\/inscripciones\/#organization"},"potentialAction":[{"@type":"SearchAction","target":{"@type":"EntryPoint","urlTemplate":"https:\/\/mefp.grupopiquer.com\/inscripciones\/?s={search_term_string}"},"query-input":{"@type":"PropertyValueSpecification","valueRequired":true,"valueName":"search_term_string"}}],"inLanguage":"es"},{"@type":"Organization","@id":"https:\/\/mefp.grupopiquer.com\/inscripciones\/#organization","name":"Contenidos Online","url":"https:\/\/mefp.grupopiquer.com\/inscripciones\/","logo":{"@type":"ImageObject","inLanguage":"es","@id":"https:\/\/mefp.grupopiquer.com\/inscripciones\/#\/schema\/logo\/image\/","url":"","contentUrl":"","caption":"Contenidos Online"},"image":{"@id":"https:\/\/mefp.grupopiquer.com\/inscripciones\/#\/schema\/logo\/image\/"}}]}},"_links":{"self":[{"href":"https:\/\/mefp.grupopiquer.com\/inscripciones\/wp-json\/wp\/v2\/product\/4445"}],"collection":[{"href":"https:\/\/mefp.grupopiquer.com\/inscripciones\/wp-json\/wp\/v2\/product"}],"about":[{"href":"https:\/\/mefp.grupopiquer.com\/inscripciones\/wp-json\/wp\/v2\/types\/product"}],"replies":[{"embeddable":true,"href":"https:\/\/mefp.grupopiquer.com\/inscripciones\/wp-json\/wp\/v2\/comments?post=4445"}],"wp:featuredmedia":[{"embeddable":true,"href":"https:\/\/mefp.grupopiquer.com\/inscripciones\/wp-json\/wp\/v2\/media\/5148"}],"wp:attachment":[{"href":"https:\/\/mefp.grupopiquer.com\/inscripciones\/wp-json\/wp\/v2\/media?parent=4445"}],"wp:term":[{"taxonomy":"product_cat","embeddable":true,"href":"https:\/\/mefp.grupopiquer.com\/inscripciones\/wp-json\/wp\/v2\/product_cat?post=4445"},{"taxonomy":"product_tag","embeddable":true,"href":"https:\/\/mefp.grupopiquer.com\/inscripciones\/wp-json\/wp\/v2\/product_tag?post=4445"}],"curies":[{"name":"wp","href":"https:\/\/api.w.org\/{rel}","templated":true}]}}