{"id":4424,"date":"2023-05-02T10:58:50","date_gmt":"2023-05-02T10:58:50","guid":{"rendered":"https:\/\/mefp.grupopiquer.com\/inscripciones\/producto\/adgn064po-gestion-fiscal-irpf-50-horas\/"},"modified":"2023-05-15T13:42:00","modified_gmt":"2023-05-15T13:42:00","slug":"adgn064po-gestion-fiscal-irpf-50-horas","status":"publish","type":"product","link":"https:\/\/mefp.grupopiquer.com\/inscripciones\/producto\/adgn064po-gestion-fiscal-irpf-50-horas\/","title":{"rendered":"ADGN064PO &#8211; Gesti\u00f3n Fiscal &#8211; Irpf  (50 horas)"},"content":{"rendered":"<div id=\"accordion\">\n<h3>OBJETIVOS<\/h3>\n<div>Adquirir conocimientos sobre la normativa reguladora del Impuesto sobre la Renta de las Personas F\u00edsicas.<\/div>\n<h3>CONTENIDOS<\/h3>\n<div>1. INTRODUCCI\u00d3N Y CONCEPTOS B\u00c1SICOS<br \/>\n1.1. Nociones b\u00e1sicas del impuesto.<br \/>\n1.2. Clasificaci\u00f3n e integraci\u00f3n y compensaci\u00f3n de rentas. C\u00e1lculo de la base imponible.<\/p>\n<p>2. RENDIMIENTOS DEL TRABAJO<br \/>\n2.1. Concepto y naturaleza. Rendimiento neto del trabajo.<br \/>\n2.2. Reducciones sobre los rendimientos netos del trabajo.<br \/>\n2.3. Retribuciones en especie: modalidades y valoraci\u00f3n.<br \/>\n2.4. Dietas y asignaciones para gastos.<br \/>\n2.5. Trabajadores expatriados, impatriados y transfronterizos.<br \/>\n2.6. Tratamiento de los rendimientos irregulares.<\/p>\n<p>3. ACTIVIDADES ECON\u00d3MICAS<br \/>\n3.1. Rendimiento de actividades econ\u00f3micas.<br \/>\n3.2. R\u00e9gimen de estimaci\u00f3n directa.<br \/>\n3.3. R\u00e9gimen de estimaci\u00f3n objetiva.<br \/>\n3.4. Libertad de amortizaci\u00f3n con mantenimiento de empleo de la Ley 4\/2008, de 23 de diciembre.<\/p>\n<p>4. RENDIMIENTOS DE CAPITAL<br \/>\n4.1. Ideas previas. Rendimientos de capital.<br \/>\n4.2. Rendimientos de capital inmobiliario. Imputaci\u00f3n de rentas inmobiliarias.<br \/>\n4.3. Rendimientos de capital mobiliario.<\/p>\n<p>5. GANANCIAS Y P\u00c9RDIDAS PATRIMONIALES<br \/>\n5.1. Concepto.<br \/>\n5.2. Importe de las ganancias y p\u00e9rdidas patrimoniales.<br \/>\n5.3. Normas espec\u00edficas de valoraci\u00f3n.<br \/>\n5.4. Reinversi\u00f3n en los supuestos de transmisi\u00f3n de vivienda habitual.<br \/>\n5.5. Compatibilidad de la exenci\u00f3n por reinversi\u00f3n con la deducci\u00f3n por adquisici\u00f3n de vivienda habitual.<br \/>\n5.6. Ganancias patrimoniales no justificadas.<br \/>\n5.7. Individualizaci\u00f3n de las ganancias y p\u00e9rdidas patrimoniales.<br \/>\n5.8. Elementos patrimoniales afectos y no afectos a actividades econ\u00f3micas.<\/p>\n<p>6. BASE LIQUIDABLE<br \/>\n6.1. Tratamiento de los sistemas de previsi\u00f3n social.<br \/>\n6.2. Tratamiento de la familia.<\/p>\n<p>7. C\u00c1LCULO DEL IMPUESTO<br \/>\n7.1. Cuesti\u00f3n previa. Real Decreto-Ley 20\/2011.<br \/>\n7.2. Gravamen complementario a la cuota \u00edntegra estatal para la reducci\u00f3n del deficit p\u00fablico en el IRPF.<br \/>\n7.3. Cuant\u00eda \u00edntegra estatal 2011.<br \/>\n7.4. Cuant\u00eda \u00edntegra auton\u00f3mica.<br \/>\n7.5. Cuota l\u00edquida.<br \/>\n7.6. Escala auton\u00f3mica del IRPF.<\/p>\n<p>8. DEDUCCIONES<br \/>\n8.1. Vivienda. Deducci\u00f3n por inversi\u00f3n.<br \/>\n8.2. Deducci\u00f3n por inversi\u00f3n en vivienda habitual.<br \/>\n8.3. Otras deducciones. Cuota diferencial.<\/p>\n<p>9. OBLIGACIONES FORMALES<br \/>\n9.1. Declaraci\u00f3n del impuesto.<br \/>\n9.2. Contabilidad, registros y facturaci\u00f3n.<br \/>\n9.3. Retenciones.<br \/>\n9.4. Pagos fraccionados.<br \/>\n9.5. Declaraci\u00f3n tributaria especial del Real Decreto-Ley 12\/2012, de 30 de marzo.<\/p>\n<p>10. REG\u00cdMENES TRANSITORIOS<\/p>\n<p>11. REG\u00cdMENES ESPECIALES<\/p>\n<\/div>\n<\/div>\n","protected":false},"excerpt":{"rendered":"<p>Adquirir conocimientos sobre la normativa reguladora del Impuesto sobre la Renta de las Personas F\u00edsicas.<\/p>\n","protected":false},"featured_media":5243,"comment_status":"closed","ping_status":"closed","template":"","meta":[],"product_cat":[124],"product_tag":[],"class_list":{"0":"post-4424","1":"product","2":"type-product","3":"status-publish","4":"has-post-thumbnail","6":"product_cat-finanzas-y-seguros","8":"first","9":"instock","10":"taxable","11":"shipping-taxable","12":"purchasable","13":"product-type-simple"},"yoast_head":"<!-- This site is optimized with the Yoast SEO plugin v23.5 - https:\/\/yoast.com\/wordpress\/plugins\/seo\/ -->\n<title>ADGN064PO - Gesti\u00f3n Fiscal - Irpf (50 horas) - Contenidos Online<\/title>\n<meta name=\"robots\" content=\"index, follow, max-snippet:-1, max-image-preview:large, max-video-preview:-1\" \/>\n<link rel=\"canonical\" href=\"https:\/\/mefp.grupopiquer.com\/inscripciones\/producto\/adgn064po-gestion-fiscal-irpf-50-horas\/\" \/>\n<meta property=\"og:locale\" content=\"es_ES\" \/>\n<meta property=\"og:type\" content=\"article\" \/>\n<meta property=\"og:title\" content=\"ADGN064PO - Gesti\u00f3n Fiscal - Irpf (50 horas) - Contenidos Online\" \/>\n<meta property=\"og:description\" content=\"Adquirir conocimientos sobre la normativa reguladora del Impuesto sobre la Renta de las Personas F\u00edsicas.\" \/>\n<meta property=\"og:url\" content=\"https:\/\/mefp.grupopiquer.com\/inscripciones\/producto\/adgn064po-gestion-fiscal-irpf-50-horas\/\" \/>\n<meta property=\"og:site_name\" content=\"Contenidos Online\" \/>\n<meta property=\"article:modified_time\" content=\"2023-05-15T13:42:00+00:00\" \/>\n<meta property=\"og:image\" content=\"https:\/\/mefp.grupopiquer.com\/inscripciones\/wp-content\/uploads\/2023\/05\/xHXYZ7GuoPzk8eh9_6dyOLg0Mg-ZPzxFl-e1683283715844.jpg\" \/>\n\t<meta property=\"og:image:width\" content=\"1680\" \/>\n\t<meta property=\"og:image:height\" content=\"945\" \/>\n\t<meta property=\"og:image:type\" content=\"image\/jpeg\" \/>\n<meta name=\"twitter:card\" content=\"summary_large_image\" \/>\n<meta name=\"twitter:label1\" content=\"Tiempo de lectura\" \/>\n\t<meta name=\"twitter:data1\" content=\"2 minutos\" \/>\n<script type=\"application\/ld+json\" class=\"yoast-schema-graph\">{\"@context\":\"https:\/\/schema.org\",\"@graph\":[{\"@type\":\"WebPage\",\"@id\":\"https:\/\/mefp.grupopiquer.com\/inscripciones\/producto\/adgn064po-gestion-fiscal-irpf-50-horas\/\",\"url\":\"https:\/\/mefp.grupopiquer.com\/inscripciones\/producto\/adgn064po-gestion-fiscal-irpf-50-horas\/\",\"name\":\"ADGN064PO - Gesti\u00f3n Fiscal - Irpf (50 horas) - Contenidos Online\",\"isPartOf\":{\"@id\":\"https:\/\/mefp.grupopiquer.com\/inscripciones\/#website\"},\"primaryImageOfPage\":{\"@id\":\"https:\/\/mefp.grupopiquer.com\/inscripciones\/producto\/adgn064po-gestion-fiscal-irpf-50-horas\/#primaryimage\"},\"image\":{\"@id\":\"https:\/\/mefp.grupopiquer.com\/inscripciones\/producto\/adgn064po-gestion-fiscal-irpf-50-horas\/#primaryimage\"},\"thumbnailUrl\":\"https:\/\/mefp.grupopiquer.com\/inscripciones\/wp-content\/uploads\/2023\/05\/xHXYZ7GuoPzk8eh9_6dyOLg0Mg-ZPzxFl-e1683283715844.jpg\",\"datePublished\":\"2023-05-02T10:58:50+00:00\",\"dateModified\":\"2023-05-15T13:42:00+00:00\",\"breadcrumb\":{\"@id\":\"https:\/\/mefp.grupopiquer.com\/inscripciones\/producto\/adgn064po-gestion-fiscal-irpf-50-horas\/#breadcrumb\"},\"inLanguage\":\"es\",\"potentialAction\":[{\"@type\":\"ReadAction\",\"target\":[\"https:\/\/mefp.grupopiquer.com\/inscripciones\/producto\/adgn064po-gestion-fiscal-irpf-50-horas\/\"]}]},{\"@type\":\"ImageObject\",\"inLanguage\":\"es\",\"@id\":\"https:\/\/mefp.grupopiquer.com\/inscripciones\/producto\/adgn064po-gestion-fiscal-irpf-50-horas\/#primaryimage\",\"url\":\"https:\/\/mefp.grupopiquer.com\/inscripciones\/wp-content\/uploads\/2023\/05\/xHXYZ7GuoPzk8eh9_6dyOLg0Mg-ZPzxFl-e1683283715844.jpg\",\"contentUrl\":\"https:\/\/mefp.grupopiquer.com\/inscripciones\/wp-content\/uploads\/2023\/05\/xHXYZ7GuoPzk8eh9_6dyOLg0Mg-ZPzxFl-e1683283715844.jpg\",\"width\":1680,\"height\":945},{\"@type\":\"BreadcrumbList\",\"@id\":\"https:\/\/mefp.grupopiquer.com\/inscripciones\/producto\/adgn064po-gestion-fiscal-irpf-50-horas\/#breadcrumb\",\"itemListElement\":[{\"@type\":\"ListItem\",\"position\":1,\"name\":\"Portada\",\"item\":\"https:\/\/mefp.grupopiquer.com\/inscripciones\/\"},{\"@type\":\"ListItem\",\"position\":2,\"name\":\"Tienda\",\"item\":\"https:\/\/mefp.grupopiquer.com\/inscripciones\/tienda\/\"},{\"@type\":\"ListItem\",\"position\":3,\"name\":\"ADGN064PO &#8211; Gesti\u00f3n Fiscal &#8211; Irpf (50 horas)\"}]},{\"@type\":\"WebSite\",\"@id\":\"https:\/\/mefp.grupopiquer.com\/inscripciones\/#website\",\"url\":\"https:\/\/mefp.grupopiquer.com\/inscripciones\/\",\"name\":\"Contenidos Online\",\"description\":\"\",\"publisher\":{\"@id\":\"https:\/\/mefp.grupopiquer.com\/inscripciones\/#organization\"},\"potentialAction\":[{\"@type\":\"SearchAction\",\"target\":{\"@type\":\"EntryPoint\",\"urlTemplate\":\"https:\/\/mefp.grupopiquer.com\/inscripciones\/?s={search_term_string}\"},\"query-input\":{\"@type\":\"PropertyValueSpecification\",\"valueRequired\":true,\"valueName\":\"search_term_string\"}}],\"inLanguage\":\"es\"},{\"@type\":\"Organization\",\"@id\":\"https:\/\/mefp.grupopiquer.com\/inscripciones\/#organization\",\"name\":\"Contenidos Online\",\"url\":\"https:\/\/mefp.grupopiquer.com\/inscripciones\/\",\"logo\":{\"@type\":\"ImageObject\",\"inLanguage\":\"es\",\"@id\":\"https:\/\/mefp.grupopiquer.com\/inscripciones\/#\/schema\/logo\/image\/\",\"url\":\"\",\"contentUrl\":\"\",\"caption\":\"Contenidos Online\"},\"image\":{\"@id\":\"https:\/\/mefp.grupopiquer.com\/inscripciones\/#\/schema\/logo\/image\/\"}}]}<\/script>\n<!-- \/ Yoast SEO plugin. -->","yoast_head_json":{"title":"ADGN064PO - Gesti\u00f3n Fiscal - Irpf (50 horas) - Contenidos Online","robots":{"index":"index","follow":"follow","max-snippet":"max-snippet:-1","max-image-preview":"max-image-preview:large","max-video-preview":"max-video-preview:-1"},"canonical":"https:\/\/mefp.grupopiquer.com\/inscripciones\/producto\/adgn064po-gestion-fiscal-irpf-50-horas\/","og_locale":"es_ES","og_type":"article","og_title":"ADGN064PO - Gesti\u00f3n Fiscal - Irpf (50 horas) - Contenidos Online","og_description":"Adquirir conocimientos sobre la normativa reguladora del Impuesto sobre la Renta de las Personas F\u00edsicas.","og_url":"https:\/\/mefp.grupopiquer.com\/inscripciones\/producto\/adgn064po-gestion-fiscal-irpf-50-horas\/","og_site_name":"Contenidos Online","article_modified_time":"2023-05-15T13:42:00+00:00","og_image":[{"width":1680,"height":945,"url":"https:\/\/mefp.grupopiquer.com\/inscripciones\/wp-content\/uploads\/2023\/05\/xHXYZ7GuoPzk8eh9_6dyOLg0Mg-ZPzxFl-e1683283715844.jpg","type":"image\/jpeg"}],"twitter_card":"summary_large_image","twitter_misc":{"Tiempo de lectura":"2 minutos"},"schema":{"@context":"https:\/\/schema.org","@graph":[{"@type":"WebPage","@id":"https:\/\/mefp.grupopiquer.com\/inscripciones\/producto\/adgn064po-gestion-fiscal-irpf-50-horas\/","url":"https:\/\/mefp.grupopiquer.com\/inscripciones\/producto\/adgn064po-gestion-fiscal-irpf-50-horas\/","name":"ADGN064PO - Gesti\u00f3n Fiscal - Irpf (50 horas) - Contenidos Online","isPartOf":{"@id":"https:\/\/mefp.grupopiquer.com\/inscripciones\/#website"},"primaryImageOfPage":{"@id":"https:\/\/mefp.grupopiquer.com\/inscripciones\/producto\/adgn064po-gestion-fiscal-irpf-50-horas\/#primaryimage"},"image":{"@id":"https:\/\/mefp.grupopiquer.com\/inscripciones\/producto\/adgn064po-gestion-fiscal-irpf-50-horas\/#primaryimage"},"thumbnailUrl":"https:\/\/mefp.grupopiquer.com\/inscripciones\/wp-content\/uploads\/2023\/05\/xHXYZ7GuoPzk8eh9_6dyOLg0Mg-ZPzxFl-e1683283715844.jpg","datePublished":"2023-05-02T10:58:50+00:00","dateModified":"2023-05-15T13:42:00+00:00","breadcrumb":{"@id":"https:\/\/mefp.grupopiquer.com\/inscripciones\/producto\/adgn064po-gestion-fiscal-irpf-50-horas\/#breadcrumb"},"inLanguage":"es","potentialAction":[{"@type":"ReadAction","target":["https:\/\/mefp.grupopiquer.com\/inscripciones\/producto\/adgn064po-gestion-fiscal-irpf-50-horas\/"]}]},{"@type":"ImageObject","inLanguage":"es","@id":"https:\/\/mefp.grupopiquer.com\/inscripciones\/producto\/adgn064po-gestion-fiscal-irpf-50-horas\/#primaryimage","url":"https:\/\/mefp.grupopiquer.com\/inscripciones\/wp-content\/uploads\/2023\/05\/xHXYZ7GuoPzk8eh9_6dyOLg0Mg-ZPzxFl-e1683283715844.jpg","contentUrl":"https:\/\/mefp.grupopiquer.com\/inscripciones\/wp-content\/uploads\/2023\/05\/xHXYZ7GuoPzk8eh9_6dyOLg0Mg-ZPzxFl-e1683283715844.jpg","width":1680,"height":945},{"@type":"BreadcrumbList","@id":"https:\/\/mefp.grupopiquer.com\/inscripciones\/producto\/adgn064po-gestion-fiscal-irpf-50-horas\/#breadcrumb","itemListElement":[{"@type":"ListItem","position":1,"name":"Portada","item":"https:\/\/mefp.grupopiquer.com\/inscripciones\/"},{"@type":"ListItem","position":2,"name":"Tienda","item":"https:\/\/mefp.grupopiquer.com\/inscripciones\/tienda\/"},{"@type":"ListItem","position":3,"name":"ADGN064PO &#8211; Gesti\u00f3n Fiscal &#8211; Irpf (50 horas)"}]},{"@type":"WebSite","@id":"https:\/\/mefp.grupopiquer.com\/inscripciones\/#website","url":"https:\/\/mefp.grupopiquer.com\/inscripciones\/","name":"Contenidos Online","description":"","publisher":{"@id":"https:\/\/mefp.grupopiquer.com\/inscripciones\/#organization"},"potentialAction":[{"@type":"SearchAction","target":{"@type":"EntryPoint","urlTemplate":"https:\/\/mefp.grupopiquer.com\/inscripciones\/?s={search_term_string}"},"query-input":{"@type":"PropertyValueSpecification","valueRequired":true,"valueName":"search_term_string"}}],"inLanguage":"es"},{"@type":"Organization","@id":"https:\/\/mefp.grupopiquer.com\/inscripciones\/#organization","name":"Contenidos Online","url":"https:\/\/mefp.grupopiquer.com\/inscripciones\/","logo":{"@type":"ImageObject","inLanguage":"es","@id":"https:\/\/mefp.grupopiquer.com\/inscripciones\/#\/schema\/logo\/image\/","url":"","contentUrl":"","caption":"Contenidos Online"},"image":{"@id":"https:\/\/mefp.grupopiquer.com\/inscripciones\/#\/schema\/logo\/image\/"}}]}},"_links":{"self":[{"href":"https:\/\/mefp.grupopiquer.com\/inscripciones\/wp-json\/wp\/v2\/product\/4424"}],"collection":[{"href":"https:\/\/mefp.grupopiquer.com\/inscripciones\/wp-json\/wp\/v2\/product"}],"about":[{"href":"https:\/\/mefp.grupopiquer.com\/inscripciones\/wp-json\/wp\/v2\/types\/product"}],"replies":[{"embeddable":true,"href":"https:\/\/mefp.grupopiquer.com\/inscripciones\/wp-json\/wp\/v2\/comments?post=4424"}],"wp:featuredmedia":[{"embeddable":true,"href":"https:\/\/mefp.grupopiquer.com\/inscripciones\/wp-json\/wp\/v2\/media\/5243"}],"wp:attachment":[{"href":"https:\/\/mefp.grupopiquer.com\/inscripciones\/wp-json\/wp\/v2\/media?parent=4424"}],"wp:term":[{"taxonomy":"product_cat","embeddable":true,"href":"https:\/\/mefp.grupopiquer.com\/inscripciones\/wp-json\/wp\/v2\/product_cat?post=4424"},{"taxonomy":"product_tag","embeddable":true,"href":"https:\/\/mefp.grupopiquer.com\/inscripciones\/wp-json\/wp\/v2\/product_tag?post=4424"}],"curies":[{"name":"wp","href":"https:\/\/api.w.org\/{rel}","templated":true}]}}