{"id":4420,"date":"2023-05-02T10:58:29","date_gmt":"2023-05-02T10:58:29","guid":{"rendered":"https:\/\/mefp.grupopiquer.com\/inscripciones\/producto\/adgn043po-finanzas-para-no-financieros-40-horas\/"},"modified":"2023-05-15T13:50:17","modified_gmt":"2023-05-15T13:50:17","slug":"adgn043po-finanzas-para-no-financieros-40-horas","status":"publish","type":"product","link":"https:\/\/mefp.grupopiquer.com\/inscripciones\/producto\/adgn043po-finanzas-para-no-financieros-40-horas\/","title":{"rendered":"ADGN043PO &#8211; Finanzas para no Financieros (40 horas)"},"content":{"rendered":"<div id=\"accordion\">\n<h3>OBJETIVOS<\/h3>\n<div>Adquirir conocimientos e identificar los fundamentos del an\u00e1lisis econ\u00f3mico y financiero de la empresa.<\/div>\n<h3>CONTENIDOS<\/h3>\n<div>1. EL FUNCIONAMIENTO DE LAS FINANZAS EN LA EMPRESA<br \/>\n1.1 El libro diario y el libro mayor.<br \/>\n1.2 Cuentas anuales.<\/p>\n<p>2. ESTADOS FINANCIEROS<br \/>\n2.1 El balance.<\/p>\n<p>3. ESTADOS FINANCIEROS<br \/>\n3.1 La cuenta de p\u00e9rdidas y ganancias.<\/p>\n<p>4. CONTABILIDAD DE COSTES<br \/>\n4.1 Concepto de coste.<br \/>\n4.2 Clasificaci\u00f3n de los costes.<br \/>\n4.3 Umbral de rentabilidad.<br \/>\n4.4 Coste por centro operativo.<br \/>\n4.5 Coste directo.<\/p>\n<p>5. AN\u00c1LISIS ECON\u00d3MICO-FINANCIERO<br \/>\n5.1 An\u00e1lisis est\u00e1tico y din\u00e1mico.<br \/>\n5.2 An\u00e1lisis econ\u00f3mico.<br \/>\n5.3 An\u00e1lisis financiero.<br \/>\n5.4 Origen y aplicaci\u00f3n de los fondos.<\/p>\n<p>6. CONTROL PRESUPUESTARIO<br \/>\n6.1 Elaboraci\u00f3n de la previsi\u00f3n de ingresos.<br \/>\n6.2 Elaboraci\u00f3n de la previsi\u00f3n de gastos.<br \/>\n6.3 Integraci\u00f3n del presupuesto y comprobaci\u00f3n de su consistencia.<br \/>\n6.4 Gesti\u00f3n presupuestaria.<\/p>\n<p>7. EL PROCESO DE PLANIFICACI\u00d3N ECON\u00d3MICO-FINANCIERA<br \/>\n7.1 Financiaci\u00f3n.<br \/>\n7.2 Inversi\u00f3n.<br \/>\n7.3 Selecci\u00f3n de inversiones.<\/p>\n<p>8. CONCEPTO DE INVERSI\u00d3N<br \/>\n8.1 \u00bfpor qu\u00e9 invierte la empresa?<br \/>\n8.2 Condiciones para invertir.<br \/>\n8.3 M\u00e9todos de valoraci\u00f3n de inversiones.<\/p>\n<p>9. PREPARACI\u00d3N DE LAS DECISIONES FINANCIERAS<br \/>\n9.1 El sistema financiero.<br \/>\n9.2 El c\u00e1lculo financiero.<br \/>\n9.3 Rentas.<\/p>\n<\/div>\n<\/div>\n","protected":false},"excerpt":{"rendered":"<p>Adquirir conocimientos e identificar los fundamentos del an\u00e1lisis econ\u00f3mico y financiero de la empresa.<\/p>\n","protected":false},"featured_media":5247,"comment_status":"closed","ping_status":"closed","template":"","meta":[],"product_cat":[124],"product_tag":[],"class_list":{"0":"post-4420","1":"product","2":"type-product","3":"status-publish","4":"has-post-thumbnail","6":"product_cat-finanzas-y-seguros","8":"first","9":"instock","10":"taxable","11":"shipping-taxable","12":"purchasable","13":"product-type-simple"},"yoast_head":"<!-- This site is optimized with the Yoast SEO plugin v23.5 - https:\/\/yoast.com\/wordpress\/plugins\/seo\/ -->\n<title>ADGN043PO - Finanzas para no Financieros (40 horas) - Contenidos Online<\/title>\n<meta name=\"robots\" content=\"index, follow, max-snippet:-1, max-image-preview:large, max-video-preview:-1\" \/>\n<link rel=\"canonical\" href=\"https:\/\/mefp.grupopiquer.com\/inscripciones\/producto\/adgn043po-finanzas-para-no-financieros-40-horas\/\" \/>\n<meta property=\"og:locale\" content=\"es_ES\" \/>\n<meta property=\"og:type\" content=\"article\" \/>\n<meta property=\"og:title\" content=\"ADGN043PO - Finanzas para no Financieros (40 horas) - Contenidos Online\" \/>\n<meta property=\"og:description\" content=\"Adquirir conocimientos e identificar los fundamentos del an\u00e1lisis econ\u00f3mico y financiero de la empresa.\" \/>\n<meta property=\"og:url\" content=\"https:\/\/mefp.grupopiquer.com\/inscripciones\/producto\/adgn043po-finanzas-para-no-financieros-40-horas\/\" \/>\n<meta property=\"og:site_name\" content=\"Contenidos Online\" \/>\n<meta property=\"article:modified_time\" content=\"2023-05-15T13:50:17+00:00\" \/>\n<meta property=\"og:image\" content=\"https:\/\/mefp.grupopiquer.com\/inscripciones\/wp-content\/uploads\/2023\/05\/CwcX36qsLh9iv5R1_KmGly8shhMRA0Rlu-stock-image-e1683285241111.jpg\" \/>\n\t<meta property=\"og:image:width\" content=\"1680\" \/>\n\t<meta property=\"og:image:height\" content=\"945\" \/>\n\t<meta property=\"og:image:type\" content=\"image\/jpeg\" \/>\n<meta name=\"twitter:card\" content=\"summary_large_image\" \/>\n<meta name=\"twitter:label1\" content=\"Tiempo de lectura\" \/>\n\t<meta name=\"twitter:data1\" content=\"1 minuto\" \/>\n<script type=\"application\/ld+json\" class=\"yoast-schema-graph\">{\"@context\":\"https:\/\/schema.org\",\"@graph\":[{\"@type\":\"WebPage\",\"@id\":\"https:\/\/mefp.grupopiquer.com\/inscripciones\/producto\/adgn043po-finanzas-para-no-financieros-40-horas\/\",\"url\":\"https:\/\/mefp.grupopiquer.com\/inscripciones\/producto\/adgn043po-finanzas-para-no-financieros-40-horas\/\",\"name\":\"ADGN043PO - Finanzas para no Financieros (40 horas) - Contenidos Online\",\"isPartOf\":{\"@id\":\"https:\/\/mefp.grupopiquer.com\/inscripciones\/#website\"},\"primaryImageOfPage\":{\"@id\":\"https:\/\/mefp.grupopiquer.com\/inscripciones\/producto\/adgn043po-finanzas-para-no-financieros-40-horas\/#primaryimage\"},\"image\":{\"@id\":\"https:\/\/mefp.grupopiquer.com\/inscripciones\/producto\/adgn043po-finanzas-para-no-financieros-40-horas\/#primaryimage\"},\"thumbnailUrl\":\"https:\/\/mefp.grupopiquer.com\/inscripciones\/wp-content\/uploads\/2023\/05\/CwcX36qsLh9iv5R1_KmGly8shhMRA0Rlu-stock-image-e1683285241111.jpg\",\"datePublished\":\"2023-05-02T10:58:29+00:00\",\"dateModified\":\"2023-05-15T13:50:17+00:00\",\"breadcrumb\":{\"@id\":\"https:\/\/mefp.grupopiquer.com\/inscripciones\/producto\/adgn043po-finanzas-para-no-financieros-40-horas\/#breadcrumb\"},\"inLanguage\":\"es\",\"potentialAction\":[{\"@type\":\"ReadAction\",\"target\":[\"https:\/\/mefp.grupopiquer.com\/inscripciones\/producto\/adgn043po-finanzas-para-no-financieros-40-horas\/\"]}]},{\"@type\":\"ImageObject\",\"inLanguage\":\"es\",\"@id\":\"https:\/\/mefp.grupopiquer.com\/inscripciones\/producto\/adgn043po-finanzas-para-no-financieros-40-horas\/#primaryimage\",\"url\":\"https:\/\/mefp.grupopiquer.com\/inscripciones\/wp-content\/uploads\/2023\/05\/CwcX36qsLh9iv5R1_KmGly8shhMRA0Rlu-stock-image-e1683285241111.jpg\",\"contentUrl\":\"https:\/\/mefp.grupopiquer.com\/inscripciones\/wp-content\/uploads\/2023\/05\/CwcX36qsLh9iv5R1_KmGly8shhMRA0Rlu-stock-image-e1683285241111.jpg\",\"width\":1680,\"height\":945},{\"@type\":\"BreadcrumbList\",\"@id\":\"https:\/\/mefp.grupopiquer.com\/inscripciones\/producto\/adgn043po-finanzas-para-no-financieros-40-horas\/#breadcrumb\",\"itemListElement\":[{\"@type\":\"ListItem\",\"position\":1,\"name\":\"Portada\",\"item\":\"https:\/\/mefp.grupopiquer.com\/inscripciones\/\"},{\"@type\":\"ListItem\",\"position\":2,\"name\":\"Tienda\",\"item\":\"https:\/\/mefp.grupopiquer.com\/inscripciones\/tienda\/\"},{\"@type\":\"ListItem\",\"position\":3,\"name\":\"ADGN043PO &#8211; Finanzas para no Financieros (40 horas)\"}]},{\"@type\":\"WebSite\",\"@id\":\"https:\/\/mefp.grupopiquer.com\/inscripciones\/#website\",\"url\":\"https:\/\/mefp.grupopiquer.com\/inscripciones\/\",\"name\":\"Contenidos Online\",\"description\":\"\",\"publisher\":{\"@id\":\"https:\/\/mefp.grupopiquer.com\/inscripciones\/#organization\"},\"potentialAction\":[{\"@type\":\"SearchAction\",\"target\":{\"@type\":\"EntryPoint\",\"urlTemplate\":\"https:\/\/mefp.grupopiquer.com\/inscripciones\/?s={search_term_string}\"},\"query-input\":{\"@type\":\"PropertyValueSpecification\",\"valueRequired\":true,\"valueName\":\"search_term_string\"}}],\"inLanguage\":\"es\"},{\"@type\":\"Organization\",\"@id\":\"https:\/\/mefp.grupopiquer.com\/inscripciones\/#organization\",\"name\":\"Contenidos Online\",\"url\":\"https:\/\/mefp.grupopiquer.com\/inscripciones\/\",\"logo\":{\"@type\":\"ImageObject\",\"inLanguage\":\"es\",\"@id\":\"https:\/\/mefp.grupopiquer.com\/inscripciones\/#\/schema\/logo\/image\/\",\"url\":\"\",\"contentUrl\":\"\",\"caption\":\"Contenidos Online\"},\"image\":{\"@id\":\"https:\/\/mefp.grupopiquer.com\/inscripciones\/#\/schema\/logo\/image\/\"}}]}<\/script>\n<!-- \/ Yoast SEO plugin. -->","yoast_head_json":{"title":"ADGN043PO - Finanzas para no Financieros (40 horas) - Contenidos Online","robots":{"index":"index","follow":"follow","max-snippet":"max-snippet:-1","max-image-preview":"max-image-preview:large","max-video-preview":"max-video-preview:-1"},"canonical":"https:\/\/mefp.grupopiquer.com\/inscripciones\/producto\/adgn043po-finanzas-para-no-financieros-40-horas\/","og_locale":"es_ES","og_type":"article","og_title":"ADGN043PO - Finanzas para no Financieros (40 horas) - Contenidos Online","og_description":"Adquirir conocimientos e identificar los fundamentos del an\u00e1lisis econ\u00f3mico y financiero de la empresa.","og_url":"https:\/\/mefp.grupopiquer.com\/inscripciones\/producto\/adgn043po-finanzas-para-no-financieros-40-horas\/","og_site_name":"Contenidos Online","article_modified_time":"2023-05-15T13:50:17+00:00","og_image":[{"width":1680,"height":945,"url":"https:\/\/mefp.grupopiquer.com\/inscripciones\/wp-content\/uploads\/2023\/05\/CwcX36qsLh9iv5R1_KmGly8shhMRA0Rlu-stock-image-e1683285241111.jpg","type":"image\/jpeg"}],"twitter_card":"summary_large_image","twitter_misc":{"Tiempo de lectura":"1 minuto"},"schema":{"@context":"https:\/\/schema.org","@graph":[{"@type":"WebPage","@id":"https:\/\/mefp.grupopiquer.com\/inscripciones\/producto\/adgn043po-finanzas-para-no-financieros-40-horas\/","url":"https:\/\/mefp.grupopiquer.com\/inscripciones\/producto\/adgn043po-finanzas-para-no-financieros-40-horas\/","name":"ADGN043PO - Finanzas para no Financieros (40 horas) - Contenidos Online","isPartOf":{"@id":"https:\/\/mefp.grupopiquer.com\/inscripciones\/#website"},"primaryImageOfPage":{"@id":"https:\/\/mefp.grupopiquer.com\/inscripciones\/producto\/adgn043po-finanzas-para-no-financieros-40-horas\/#primaryimage"},"image":{"@id":"https:\/\/mefp.grupopiquer.com\/inscripciones\/producto\/adgn043po-finanzas-para-no-financieros-40-horas\/#primaryimage"},"thumbnailUrl":"https:\/\/mefp.grupopiquer.com\/inscripciones\/wp-content\/uploads\/2023\/05\/CwcX36qsLh9iv5R1_KmGly8shhMRA0Rlu-stock-image-e1683285241111.jpg","datePublished":"2023-05-02T10:58:29+00:00","dateModified":"2023-05-15T13:50:17+00:00","breadcrumb":{"@id":"https:\/\/mefp.grupopiquer.com\/inscripciones\/producto\/adgn043po-finanzas-para-no-financieros-40-horas\/#breadcrumb"},"inLanguage":"es","potentialAction":[{"@type":"ReadAction","target":["https:\/\/mefp.grupopiquer.com\/inscripciones\/producto\/adgn043po-finanzas-para-no-financieros-40-horas\/"]}]},{"@type":"ImageObject","inLanguage":"es","@id":"https:\/\/mefp.grupopiquer.com\/inscripciones\/producto\/adgn043po-finanzas-para-no-financieros-40-horas\/#primaryimage","url":"https:\/\/mefp.grupopiquer.com\/inscripciones\/wp-content\/uploads\/2023\/05\/CwcX36qsLh9iv5R1_KmGly8shhMRA0Rlu-stock-image-e1683285241111.jpg","contentUrl":"https:\/\/mefp.grupopiquer.com\/inscripciones\/wp-content\/uploads\/2023\/05\/CwcX36qsLh9iv5R1_KmGly8shhMRA0Rlu-stock-image-e1683285241111.jpg","width":1680,"height":945},{"@type":"BreadcrumbList","@id":"https:\/\/mefp.grupopiquer.com\/inscripciones\/producto\/adgn043po-finanzas-para-no-financieros-40-horas\/#breadcrumb","itemListElement":[{"@type":"ListItem","position":1,"name":"Portada","item":"https:\/\/mefp.grupopiquer.com\/inscripciones\/"},{"@type":"ListItem","position":2,"name":"Tienda","item":"https:\/\/mefp.grupopiquer.com\/inscripciones\/tienda\/"},{"@type":"ListItem","position":3,"name":"ADGN043PO &#8211; Finanzas para no Financieros (40 horas)"}]},{"@type":"WebSite","@id":"https:\/\/mefp.grupopiquer.com\/inscripciones\/#website","url":"https:\/\/mefp.grupopiquer.com\/inscripciones\/","name":"Contenidos Online","description":"","publisher":{"@id":"https:\/\/mefp.grupopiquer.com\/inscripciones\/#organization"},"potentialAction":[{"@type":"SearchAction","target":{"@type":"EntryPoint","urlTemplate":"https:\/\/mefp.grupopiquer.com\/inscripciones\/?s={search_term_string}"},"query-input":{"@type":"PropertyValueSpecification","valueRequired":true,"valueName":"search_term_string"}}],"inLanguage":"es"},{"@type":"Organization","@id":"https:\/\/mefp.grupopiquer.com\/inscripciones\/#organization","name":"Contenidos Online","url":"https:\/\/mefp.grupopiquer.com\/inscripciones\/","logo":{"@type":"ImageObject","inLanguage":"es","@id":"https:\/\/mefp.grupopiquer.com\/inscripciones\/#\/schema\/logo\/image\/","url":"","contentUrl":"","caption":"Contenidos Online"},"image":{"@id":"https:\/\/mefp.grupopiquer.com\/inscripciones\/#\/schema\/logo\/image\/"}}]}},"_links":{"self":[{"href":"https:\/\/mefp.grupopiquer.com\/inscripciones\/wp-json\/wp\/v2\/product\/4420"}],"collection":[{"href":"https:\/\/mefp.grupopiquer.com\/inscripciones\/wp-json\/wp\/v2\/product"}],"about":[{"href":"https:\/\/mefp.grupopiquer.com\/inscripciones\/wp-json\/wp\/v2\/types\/product"}],"replies":[{"embeddable":true,"href":"https:\/\/mefp.grupopiquer.com\/inscripciones\/wp-json\/wp\/v2\/comments?post=4420"}],"wp:featuredmedia":[{"embeddable":true,"href":"https:\/\/mefp.grupopiquer.com\/inscripciones\/wp-json\/wp\/v2\/media\/5247"}],"wp:attachment":[{"href":"https:\/\/mefp.grupopiquer.com\/inscripciones\/wp-json\/wp\/v2\/media?parent=4420"}],"wp:term":[{"taxonomy":"product_cat","embeddable":true,"href":"https:\/\/mefp.grupopiquer.com\/inscripciones\/wp-json\/wp\/v2\/product_cat?post=4420"},{"taxonomy":"product_tag","embeddable":true,"href":"https:\/\/mefp.grupopiquer.com\/inscripciones\/wp-json\/wp\/v2\/product_tag?post=4420"}],"curies":[{"name":"wp","href":"https:\/\/api.w.org\/{rel}","templated":true}]}}