{"id":4418,"date":"2023-05-02T10:58:17","date_gmt":"2023-05-02T10:58:17","guid":{"rendered":"https:\/\/mefp.grupopiquer.com\/inscripciones\/producto\/adgn012po-asesoria-fiscal-120-horas\/"},"modified":"2023-05-17T08:24:55","modified_gmt":"2023-05-17T08:24:55","slug":"adgn012po-asesoria-fiscal-120-horas","status":"publish","type":"product","link":"https:\/\/mefp.grupopiquer.com\/inscripciones\/producto\/adgn012po-asesoria-fiscal-120-horas\/","title":{"rendered":"ADGN012PO &#8211; Asesor\u00eda Fiscal (120 horas)"},"content":{"rendered":"<div id=\"accordion\">\n<h3>OBJETIVOS<\/h3>\n<div>Adquirir los conocimientos sobre los aspectos fiscales de los productos y servicios de inversi\u00f3n y financiaci\u00f3n para el diagn\u00f3stico y asesoramiento financiero en la empresa.<\/div>\n<h3>CONTENIDOS<\/h3>\n<div>1. FISCALIDAD DE LAS INVERSIONES<br \/>\n1.1. Dep\u00f3sitos y cuentas bancarias.<br \/>\n1.1.1. Dep\u00f3sitos primarios.<br \/>\n1.1.2. Dep\u00f3sitos estructurados.<br \/>\n1.2. ACTIVOS DE RENTA FIJA Y RENTA VARIABLE<br \/>\n1.2.1. Fiscalidad general de los activos de renta fija.<br \/>\n1.2.2. Fiscalidad general de los activos de las acciones.<br \/>\n1.3. DERIVADOS FINANCIEROS<br \/>\n1.3.1. R\u00e9gimen fiscal de futuros y opciones en el IRPF.<br \/>\n1.3.2. R\u00e9gimen fiscal de futuros y opciones en otros impuestos.<br \/>\n1.4. FONDOS Y SOCIEDADES DE INVERSI\u00d3N<br \/>\n1.4.1. Fiscalidad de las sociedades y fondos de inversi\u00f3n.<br \/>\n1.5. SEGUROS Y UNIT LINKED<br \/>\n1.5.1. Fiscalidad del contrato de seguros o similares. Aportaciones.<br \/>\n1.5.2. Fiscalidad del contrato de seguros de vida o invalidez: prestaciones.<br \/>\n1.5.3. Fiscalidad de los Unit Linked.<br \/>\n1.5.4. Fiscalidad del seguro personal voluntario de accidentes.<br \/>\n1.5.5. Fiscalidad del seguro personal de enfermedad.<br \/>\n1.5.6. Fiscalidad del seguro p\u00fablico.<br \/>\n1.6. PLANES DE PENSIONES<br \/>\n1.6.1. Fiscalidad de los planes de pensiones.<br \/>\n1.6.2. Fiscalidad de las mutualidades de previsi\u00f3n social (art\u00edculo 51.2 del IRPF).<br \/>\n1.6.3. Fiscalidad de los planes de previsi\u00f3n asegurados (PPA) (art\u00edculo 51.3 del IRPF).<br \/>\n1.6.4. Fiscalidad de los planes de previsi\u00f3n social empresarial (PPSE) (art\u00edculo 51.4 del IRPF).<br \/>\n1.6.5. Fiscalidad de los seguros privados que cubren dependencia severa o gran dependencia (art\u00edculo 51.5 del IRPF).<br \/>\n1.6.6. Fiscalidad de las aportaciones a patrimonios protegidos de discapacitados (art\u00edculo 53 del IRPF).<br \/>\n1.6.7. Fiscalidad de los planes de jubilaci\u00f3n.<br \/>\n1.6.8. Fiscalidad de las aportaciones de los c\u00f3nyuges (art\u00edculo 51.7 del IRPF).<\/p>\n<p>2. ASESORAMIENTO FISCAL<br \/>\n2.1. IRPF<br \/>\n2.2. Impuesto sobre el patrimonio.<br \/>\n2.3. Impuesto sobre sociedades.<br \/>\n2.4. Impuesto de sucesiones y donaciones.<br \/>\n2.5. Fiscalidad de los no residentes.<br \/>\n2.6. Planificaci\u00f3n fiscal.<br \/>\n2.6.1. Optimizaci\u00f3n fiscal en la gesti\u00f3n de patrimonio mobiliario e inmobiliario.<br \/>\n2.6.2. Planificaci\u00f3n hereditaria.<\/p><\/div>\n<\/div>\n","protected":false},"excerpt":{"rendered":"<p>Adquirir los conocimientos sobre los aspectos fiscales de los productos y servicios de inversi\u00f3n y financiaci\u00f3n para el diagn\u00f3stico y asesoramiento financiero en la empresa.<\/p>\n","protected":false},"featured_media":5248,"comment_status":"closed","ping_status":"closed","template":"","meta":[],"product_cat":[124],"product_tag":[],"class_list":{"0":"post-4418","1":"product","2":"type-product","3":"status-publish","4":"has-post-thumbnail","6":"product_cat-finanzas-y-seguros","8":"first","9":"instock","10":"taxable","11":"shipping-taxable","12":"purchasable","13":"product-type-simple"},"yoast_head":"<!-- This site is optimized with the Yoast SEO plugin v23.5 - https:\/\/yoast.com\/wordpress\/plugins\/seo\/ -->\n<title>ADGN012PO - Asesor\u00eda Fiscal (120 horas) - Contenidos Online<\/title>\n<meta name=\"robots\" content=\"index, follow, max-snippet:-1, max-image-preview:large, max-video-preview:-1\" \/>\n<link rel=\"canonical\" href=\"https:\/\/mefp.grupopiquer.com\/inscripciones\/producto\/adgn012po-asesoria-fiscal-120-horas\/\" \/>\n<meta property=\"og:locale\" content=\"es_ES\" \/>\n<meta property=\"og:type\" content=\"article\" \/>\n<meta property=\"og:title\" content=\"ADGN012PO - Asesor\u00eda Fiscal (120 horas) - Contenidos Online\" \/>\n<meta property=\"og:description\" content=\"Adquirir los conocimientos sobre los aspectos fiscales de los productos y servicios de inversi\u00f3n y financiaci\u00f3n para el diagn\u00f3stico y asesoramiento financiero en la empresa.\" \/>\n<meta property=\"og:url\" content=\"https:\/\/mefp.grupopiquer.com\/inscripciones\/producto\/adgn012po-asesoria-fiscal-120-horas\/\" \/>\n<meta property=\"og:site_name\" content=\"Contenidos Online\" \/>\n<meta property=\"article:modified_time\" content=\"2023-05-17T08:24:55+00:00\" \/>\n<meta property=\"og:image\" content=\"https:\/\/mefp.grupopiquer.com\/inscripciones\/wp-content\/uploads\/2023\/05\/FSHHXx6MmzmEYFZa_bYL12wPtIzydDXRc-e1683285450506.jpg\" \/>\n\t<meta property=\"og:image:width\" content=\"1680\" \/>\n\t<meta property=\"og:image:height\" content=\"945\" \/>\n\t<meta property=\"og:image:type\" content=\"image\/jpeg\" \/>\n<meta name=\"twitter:card\" content=\"summary_large_image\" \/>\n<meta name=\"twitter:label1\" content=\"Tiempo de lectura\" \/>\n\t<meta name=\"twitter:data1\" content=\"2 minutos\" \/>\n<script type=\"application\/ld+json\" class=\"yoast-schema-graph\">{\"@context\":\"https:\/\/schema.org\",\"@graph\":[{\"@type\":\"WebPage\",\"@id\":\"https:\/\/mefp.grupopiquer.com\/inscripciones\/producto\/adgn012po-asesoria-fiscal-120-horas\/\",\"url\":\"https:\/\/mefp.grupopiquer.com\/inscripciones\/producto\/adgn012po-asesoria-fiscal-120-horas\/\",\"name\":\"ADGN012PO - Asesor\u00eda Fiscal (120 horas) - Contenidos Online\",\"isPartOf\":{\"@id\":\"https:\/\/mefp.grupopiquer.com\/inscripciones\/#website\"},\"primaryImageOfPage\":{\"@id\":\"https:\/\/mefp.grupopiquer.com\/inscripciones\/producto\/adgn012po-asesoria-fiscal-120-horas\/#primaryimage\"},\"image\":{\"@id\":\"https:\/\/mefp.grupopiquer.com\/inscripciones\/producto\/adgn012po-asesoria-fiscal-120-horas\/#primaryimage\"},\"thumbnailUrl\":\"https:\/\/mefp.grupopiquer.com\/inscripciones\/wp-content\/uploads\/2023\/05\/FSHHXx6MmzmEYFZa_bYL12wPtIzydDXRc-e1683285450506.jpg\",\"datePublished\":\"2023-05-02T10:58:17+00:00\",\"dateModified\":\"2023-05-17T08:24:55+00:00\",\"breadcrumb\":{\"@id\":\"https:\/\/mefp.grupopiquer.com\/inscripciones\/producto\/adgn012po-asesoria-fiscal-120-horas\/#breadcrumb\"},\"inLanguage\":\"es\",\"potentialAction\":[{\"@type\":\"ReadAction\",\"target\":[\"https:\/\/mefp.grupopiquer.com\/inscripciones\/producto\/adgn012po-asesoria-fiscal-120-horas\/\"]}]},{\"@type\":\"ImageObject\",\"inLanguage\":\"es\",\"@id\":\"https:\/\/mefp.grupopiquer.com\/inscripciones\/producto\/adgn012po-asesoria-fiscal-120-horas\/#primaryimage\",\"url\":\"https:\/\/mefp.grupopiquer.com\/inscripciones\/wp-content\/uploads\/2023\/05\/FSHHXx6MmzmEYFZa_bYL12wPtIzydDXRc-e1683285450506.jpg\",\"contentUrl\":\"https:\/\/mefp.grupopiquer.com\/inscripciones\/wp-content\/uploads\/2023\/05\/FSHHXx6MmzmEYFZa_bYL12wPtIzydDXRc-e1683285450506.jpg\",\"width\":1680,\"height\":945},{\"@type\":\"BreadcrumbList\",\"@id\":\"https:\/\/mefp.grupopiquer.com\/inscripciones\/producto\/adgn012po-asesoria-fiscal-120-horas\/#breadcrumb\",\"itemListElement\":[{\"@type\":\"ListItem\",\"position\":1,\"name\":\"Portada\",\"item\":\"https:\/\/mefp.grupopiquer.com\/inscripciones\/\"},{\"@type\":\"ListItem\",\"position\":2,\"name\":\"Tienda\",\"item\":\"https:\/\/mefp.grupopiquer.com\/inscripciones\/tienda\/\"},{\"@type\":\"ListItem\",\"position\":3,\"name\":\"ADGN012PO &#8211; Asesor\u00eda Fiscal (120 horas)\"}]},{\"@type\":\"WebSite\",\"@id\":\"https:\/\/mefp.grupopiquer.com\/inscripciones\/#website\",\"url\":\"https:\/\/mefp.grupopiquer.com\/inscripciones\/\",\"name\":\"Contenidos Online\",\"description\":\"\",\"publisher\":{\"@id\":\"https:\/\/mefp.grupopiquer.com\/inscripciones\/#organization\"},\"potentialAction\":[{\"@type\":\"SearchAction\",\"target\":{\"@type\":\"EntryPoint\",\"urlTemplate\":\"https:\/\/mefp.grupopiquer.com\/inscripciones\/?s={search_term_string}\"},\"query-input\":{\"@type\":\"PropertyValueSpecification\",\"valueRequired\":true,\"valueName\":\"search_term_string\"}}],\"inLanguage\":\"es\"},{\"@type\":\"Organization\",\"@id\":\"https:\/\/mefp.grupopiquer.com\/inscripciones\/#organization\",\"name\":\"Contenidos Online\",\"url\":\"https:\/\/mefp.grupopiquer.com\/inscripciones\/\",\"logo\":{\"@type\":\"ImageObject\",\"inLanguage\":\"es\",\"@id\":\"https:\/\/mefp.grupopiquer.com\/inscripciones\/#\/schema\/logo\/image\/\",\"url\":\"\",\"contentUrl\":\"\",\"caption\":\"Contenidos Online\"},\"image\":{\"@id\":\"https:\/\/mefp.grupopiquer.com\/inscripciones\/#\/schema\/logo\/image\/\"}}]}<\/script>\n<!-- \/ Yoast SEO plugin. -->","yoast_head_json":{"title":"ADGN012PO - Asesor\u00eda Fiscal (120 horas) - Contenidos Online","robots":{"index":"index","follow":"follow","max-snippet":"max-snippet:-1","max-image-preview":"max-image-preview:large","max-video-preview":"max-video-preview:-1"},"canonical":"https:\/\/mefp.grupopiquer.com\/inscripciones\/producto\/adgn012po-asesoria-fiscal-120-horas\/","og_locale":"es_ES","og_type":"article","og_title":"ADGN012PO - Asesor\u00eda Fiscal (120 horas) - Contenidos Online","og_description":"Adquirir los conocimientos sobre los aspectos fiscales de los productos y servicios de inversi\u00f3n y financiaci\u00f3n para el diagn\u00f3stico y asesoramiento financiero en la empresa.","og_url":"https:\/\/mefp.grupopiquer.com\/inscripciones\/producto\/adgn012po-asesoria-fiscal-120-horas\/","og_site_name":"Contenidos Online","article_modified_time":"2023-05-17T08:24:55+00:00","og_image":[{"width":1680,"height":945,"url":"https:\/\/mefp.grupopiquer.com\/inscripciones\/wp-content\/uploads\/2023\/05\/FSHHXx6MmzmEYFZa_bYL12wPtIzydDXRc-e1683285450506.jpg","type":"image\/jpeg"}],"twitter_card":"summary_large_image","twitter_misc":{"Tiempo de lectura":"2 minutos"},"schema":{"@context":"https:\/\/schema.org","@graph":[{"@type":"WebPage","@id":"https:\/\/mefp.grupopiquer.com\/inscripciones\/producto\/adgn012po-asesoria-fiscal-120-horas\/","url":"https:\/\/mefp.grupopiquer.com\/inscripciones\/producto\/adgn012po-asesoria-fiscal-120-horas\/","name":"ADGN012PO - Asesor\u00eda Fiscal (120 horas) - Contenidos Online","isPartOf":{"@id":"https:\/\/mefp.grupopiquer.com\/inscripciones\/#website"},"primaryImageOfPage":{"@id":"https:\/\/mefp.grupopiquer.com\/inscripciones\/producto\/adgn012po-asesoria-fiscal-120-horas\/#primaryimage"},"image":{"@id":"https:\/\/mefp.grupopiquer.com\/inscripciones\/producto\/adgn012po-asesoria-fiscal-120-horas\/#primaryimage"},"thumbnailUrl":"https:\/\/mefp.grupopiquer.com\/inscripciones\/wp-content\/uploads\/2023\/05\/FSHHXx6MmzmEYFZa_bYL12wPtIzydDXRc-e1683285450506.jpg","datePublished":"2023-05-02T10:58:17+00:00","dateModified":"2023-05-17T08:24:55+00:00","breadcrumb":{"@id":"https:\/\/mefp.grupopiquer.com\/inscripciones\/producto\/adgn012po-asesoria-fiscal-120-horas\/#breadcrumb"},"inLanguage":"es","potentialAction":[{"@type":"ReadAction","target":["https:\/\/mefp.grupopiquer.com\/inscripciones\/producto\/adgn012po-asesoria-fiscal-120-horas\/"]}]},{"@type":"ImageObject","inLanguage":"es","@id":"https:\/\/mefp.grupopiquer.com\/inscripciones\/producto\/adgn012po-asesoria-fiscal-120-horas\/#primaryimage","url":"https:\/\/mefp.grupopiquer.com\/inscripciones\/wp-content\/uploads\/2023\/05\/FSHHXx6MmzmEYFZa_bYL12wPtIzydDXRc-e1683285450506.jpg","contentUrl":"https:\/\/mefp.grupopiquer.com\/inscripciones\/wp-content\/uploads\/2023\/05\/FSHHXx6MmzmEYFZa_bYL12wPtIzydDXRc-e1683285450506.jpg","width":1680,"height":945},{"@type":"BreadcrumbList","@id":"https:\/\/mefp.grupopiquer.com\/inscripciones\/producto\/adgn012po-asesoria-fiscal-120-horas\/#breadcrumb","itemListElement":[{"@type":"ListItem","position":1,"name":"Portada","item":"https:\/\/mefp.grupopiquer.com\/inscripciones\/"},{"@type":"ListItem","position":2,"name":"Tienda","item":"https:\/\/mefp.grupopiquer.com\/inscripciones\/tienda\/"},{"@type":"ListItem","position":3,"name":"ADGN012PO &#8211; Asesor\u00eda Fiscal (120 horas)"}]},{"@type":"WebSite","@id":"https:\/\/mefp.grupopiquer.com\/inscripciones\/#website","url":"https:\/\/mefp.grupopiquer.com\/inscripciones\/","name":"Contenidos Online","description":"","publisher":{"@id":"https:\/\/mefp.grupopiquer.com\/inscripciones\/#organization"},"potentialAction":[{"@type":"SearchAction","target":{"@type":"EntryPoint","urlTemplate":"https:\/\/mefp.grupopiquer.com\/inscripciones\/?s={search_term_string}"},"query-input":{"@type":"PropertyValueSpecification","valueRequired":true,"valueName":"search_term_string"}}],"inLanguage":"es"},{"@type":"Organization","@id":"https:\/\/mefp.grupopiquer.com\/inscripciones\/#organization","name":"Contenidos Online","url":"https:\/\/mefp.grupopiquer.com\/inscripciones\/","logo":{"@type":"ImageObject","inLanguage":"es","@id":"https:\/\/mefp.grupopiquer.com\/inscripciones\/#\/schema\/logo\/image\/","url":"","contentUrl":"","caption":"Contenidos Online"},"image":{"@id":"https:\/\/mefp.grupopiquer.com\/inscripciones\/#\/schema\/logo\/image\/"}}]}},"_links":{"self":[{"href":"https:\/\/mefp.grupopiquer.com\/inscripciones\/wp-json\/wp\/v2\/product\/4418"}],"collection":[{"href":"https:\/\/mefp.grupopiquer.com\/inscripciones\/wp-json\/wp\/v2\/product"}],"about":[{"href":"https:\/\/mefp.grupopiquer.com\/inscripciones\/wp-json\/wp\/v2\/types\/product"}],"replies":[{"embeddable":true,"href":"https:\/\/mefp.grupopiquer.com\/inscripciones\/wp-json\/wp\/v2\/comments?post=4418"}],"wp:featuredmedia":[{"embeddable":true,"href":"https:\/\/mefp.grupopiquer.com\/inscripciones\/wp-json\/wp\/v2\/media\/5248"}],"wp:attachment":[{"href":"https:\/\/mefp.grupopiquer.com\/inscripciones\/wp-json\/wp\/v2\/media?parent=4418"}],"wp:term":[{"taxonomy":"product_cat","embeddable":true,"href":"https:\/\/mefp.grupopiquer.com\/inscripciones\/wp-json\/wp\/v2\/product_cat?post=4418"},{"taxonomy":"product_tag","embeddable":true,"href":"https:\/\/mefp.grupopiquer.com\/inscripciones\/wp-json\/wp\/v2\/product_tag?post=4418"}],"curies":[{"name":"wp","href":"https:\/\/api.w.org\/{rel}","templated":true}]}}