{"id":4410,"date":"2023-05-02T10:57:37","date_gmt":"2023-05-02T10:57:37","guid":{"rendered":"https:\/\/mefp.grupopiquer.com\/inscripciones\/producto\/adgg102po-business-intelligence-30-horas\/"},"modified":"2023-05-15T14:00:35","modified_gmt":"2023-05-15T14:00:35","slug":"adgg102po-business-intelligence-30-horas","status":"publish","type":"product","link":"https:\/\/mefp.grupopiquer.com\/inscripciones\/producto\/adgg102po-business-intelligence-30-horas\/","title":{"rendered":"ADGG102PO &#8211; Business Intelligence (30 horas)"},"content":{"rendered":"<div id=\"accordion\">\n<h3>OBJETIVOS<\/h3>\n<div>Adquirir los conocimientos relacionados con Datawarehouse, la metodolog\u00eda Datamarting y las herramientas de SQL server para la integraci\u00f3n de servicios, utilizando herramientas de inteligencia aplicada a los negocios para la extracci\u00f3n de datos de producci\u00f3n y econ\u00f3micos, relacionados con la empresa del almac\u00e9n de datos, generando cubos OLAP y estructuras de miner\u00eda de datos.<\/div>\n<h3>CONTENIDOS<\/h3>\n<div>1. INTELIGENCIA DE NEGOCIOS<br \/>\n1.1. Introducci\u00f3n.<br \/>\n1.2. La pir\u00e1mide organizacional.<br \/>\n1.3. Herramientas de inteligencia de negocios.<br \/>\n1.4. Fundamentos del Datawarehouse.<br \/>\n1.5. Caracter\u00edsticas.<br \/>\n1.6. Ventajas.<br \/>\n1.7. Sistemas OLTP.<br \/>\n1.8. Implementaci\u00f3n del Datawarehouse.<br \/>\n1.9. An\u00e1lisis OLAP (Drill Down, Drill Up).<br \/>\n1.10. Servidores OLAP (ROLAP, MOLAP, HOLAP, Miner\u00eda de Datos, Definiciones de Data Mining).<br \/>\n1.11. Categor\u00edas de Data Mining.<br \/>\n1.12. Proceso de Miner\u00eda de Datos.<br \/>\n1.13. Metodolog\u00eda.<br \/>\n1.14. Reportes.<br \/>\n1.15. Consultas.<br \/>\n1.16. Alertas.<br \/>\n1.17. An\u00e1lisis.<br \/>\n1.18. Pron\u00f3sticos.<\/p>\n<p>2. LA GESTI\u00d3N DE PROYECTOS DE BUSSINES INTELLIGENCE<br \/>\n2.1. Gesti\u00f3n de Proyectos.<br \/>\n2.2. Planificaci\u00f3n del proyecto.<br \/>\n2.3. Riesgos.<\/p>\n<p>3. ARQUITECTURA DE UN PROYECTO DE BUSINESS INTELLIGENCE<br \/>\n3.1. Procesos de Extracci\u00f3n, Transformaci\u00f3n y Carga.<br \/>\n3.2. El almac\u00e9n de Datos.<br \/>\n3.3. Herramientas de Visualizaci\u00f3n y consulta: Reportes.<br \/>\n3.4. Herramientas de Visualizaci\u00f3n y consulta: DashBoards.<br \/>\n3.5. Herramientas de Visualizaci\u00f3n y consulta: OLAP.<br \/>\n3.6. Herramientas de Visualizaci\u00f3n y consulta: Data Mining.<br \/>\n3.7. Procesos ETL.<br \/>\n3.8. Creaci\u00f3n de cubos multidimensionales.<\/p><\/div>\n<\/div>\n","protected":false},"excerpt":{"rendered":"<p>Adquirir los conocimientos relacionados con Datawarehouse, la metodolog\u00eda Datamarting y las herramientas de SQL server para la integraci\u00f3n de servicios, utilizando herramientas de inteligencia aplicada a los negocios para la extracci\u00f3n de datos de producci\u00f3n y econ\u00f3micos, relacionados con la empresa del almac\u00e9n de datos, generando cubos OLAP y estructuras de miner\u00eda de datos<\/p>\n","protected":false},"featured_media":5250,"comment_status":"closed","ping_status":"closed","template":"","meta":[],"product_cat":[125],"product_tag":[],"class_list":{"0":"post-4410","1":"product","2":"type-product","3":"status-publish","4":"has-post-thumbnail","6":"product_cat-gestion-de-la-informacion-y-comunicacion","8":"first","9":"instock","10":"taxable","11":"shipping-taxable","12":"purchasable","13":"product-type-simple"},"yoast_head":"<!-- This site is optimized with the Yoast SEO plugin v23.5 - https:\/\/yoast.com\/wordpress\/plugins\/seo\/ -->\n<title>ADGG102PO - Business Intelligence (30 horas) - Contenidos Online<\/title>\n<meta name=\"robots\" content=\"index, follow, max-snippet:-1, max-image-preview:large, max-video-preview:-1\" \/>\n<link rel=\"canonical\" href=\"https:\/\/mefp.grupopiquer.com\/inscripciones\/producto\/adgg102po-business-intelligence-30-horas\/\" \/>\n<meta property=\"og:locale\" content=\"es_ES\" \/>\n<meta property=\"og:type\" content=\"article\" \/>\n<meta property=\"og:title\" content=\"ADGG102PO - Business Intelligence (30 horas) - Contenidos Online\" \/>\n<meta property=\"og:description\" content=\"Adquirir los conocimientos relacionados con Datawarehouse, la metodolog\u00eda Datamarting y las herramientas de SQL server para la integraci\u00f3n de servicios, utilizando herramientas de inteligencia aplicada a los negocios para la extracci\u00f3n de datos de producci\u00f3n y econ\u00f3micos, relacionados con la empresa del almac\u00e9n de datos, generando cubos OLAP y estructuras de miner\u00eda de datos\" \/>\n<meta property=\"og:url\" content=\"https:\/\/mefp.grupopiquer.com\/inscripciones\/producto\/adgg102po-business-intelligence-30-horas\/\" \/>\n<meta property=\"og:site_name\" content=\"Contenidos Online\" \/>\n<meta property=\"article:modified_time\" content=\"2023-05-15T14:00:35+00:00\" \/>\n<meta property=\"og:image\" content=\"https:\/\/mefp.grupopiquer.com\/inscripciones\/wp-content\/uploads\/2023\/05\/JZFkEHpGwhC4lXi_9rbOoBcsl4zExulm-e1683286074323.jpg\" \/>\n\t<meta property=\"og:image:width\" content=\"1680\" \/>\n\t<meta property=\"og:image:height\" content=\"945\" \/>\n\t<meta property=\"og:image:type\" content=\"image\/jpeg\" \/>\n<meta name=\"twitter:card\" content=\"summary_large_image\" \/>\n<meta name=\"twitter:label1\" content=\"Tiempo de lectura\" \/>\n\t<meta name=\"twitter:data1\" content=\"1 minuto\" \/>\n<script type=\"application\/ld+json\" class=\"yoast-schema-graph\">{\"@context\":\"https:\/\/schema.org\",\"@graph\":[{\"@type\":\"WebPage\",\"@id\":\"https:\/\/mefp.grupopiquer.com\/inscripciones\/producto\/adgg102po-business-intelligence-30-horas\/\",\"url\":\"https:\/\/mefp.grupopiquer.com\/inscripciones\/producto\/adgg102po-business-intelligence-30-horas\/\",\"name\":\"ADGG102PO - Business Intelligence (30 horas) - Contenidos Online\",\"isPartOf\":{\"@id\":\"https:\/\/mefp.grupopiquer.com\/inscripciones\/#website\"},\"primaryImageOfPage\":{\"@id\":\"https:\/\/mefp.grupopiquer.com\/inscripciones\/producto\/adgg102po-business-intelligence-30-horas\/#primaryimage\"},\"image\":{\"@id\":\"https:\/\/mefp.grupopiquer.com\/inscripciones\/producto\/adgg102po-business-intelligence-30-horas\/#primaryimage\"},\"thumbnailUrl\":\"https:\/\/mefp.grupopiquer.com\/inscripciones\/wp-content\/uploads\/2023\/05\/JZFkEHpGwhC4lXi_9rbOoBcsl4zExulm-e1683286074323.jpg\",\"datePublished\":\"2023-05-02T10:57:37+00:00\",\"dateModified\":\"2023-05-15T14:00:35+00:00\",\"breadcrumb\":{\"@id\":\"https:\/\/mefp.grupopiquer.com\/inscripciones\/producto\/adgg102po-business-intelligence-30-horas\/#breadcrumb\"},\"inLanguage\":\"es\",\"potentialAction\":[{\"@type\":\"ReadAction\",\"target\":[\"https:\/\/mefp.grupopiquer.com\/inscripciones\/producto\/adgg102po-business-intelligence-30-horas\/\"]}]},{\"@type\":\"ImageObject\",\"inLanguage\":\"es\",\"@id\":\"https:\/\/mefp.grupopiquer.com\/inscripciones\/producto\/adgg102po-business-intelligence-30-horas\/#primaryimage\",\"url\":\"https:\/\/mefp.grupopiquer.com\/inscripciones\/wp-content\/uploads\/2023\/05\/JZFkEHpGwhC4lXi_9rbOoBcsl4zExulm-e1683286074323.jpg\",\"contentUrl\":\"https:\/\/mefp.grupopiquer.com\/inscripciones\/wp-content\/uploads\/2023\/05\/JZFkEHpGwhC4lXi_9rbOoBcsl4zExulm-e1683286074323.jpg\",\"width\":1680,\"height\":945},{\"@type\":\"BreadcrumbList\",\"@id\":\"https:\/\/mefp.grupopiquer.com\/inscripciones\/producto\/adgg102po-business-intelligence-30-horas\/#breadcrumb\",\"itemListElement\":[{\"@type\":\"ListItem\",\"position\":1,\"name\":\"Portada\",\"item\":\"https:\/\/mefp.grupopiquer.com\/inscripciones\/\"},{\"@type\":\"ListItem\",\"position\":2,\"name\":\"Tienda\",\"item\":\"https:\/\/mefp.grupopiquer.com\/inscripciones\/tienda\/\"},{\"@type\":\"ListItem\",\"position\":3,\"name\":\"ADGG102PO &#8211; Business Intelligence (30 horas)\"}]},{\"@type\":\"WebSite\",\"@id\":\"https:\/\/mefp.grupopiquer.com\/inscripciones\/#website\",\"url\":\"https:\/\/mefp.grupopiquer.com\/inscripciones\/\",\"name\":\"Contenidos Online\",\"description\":\"\",\"publisher\":{\"@id\":\"https:\/\/mefp.grupopiquer.com\/inscripciones\/#organization\"},\"potentialAction\":[{\"@type\":\"SearchAction\",\"target\":{\"@type\":\"EntryPoint\",\"urlTemplate\":\"https:\/\/mefp.grupopiquer.com\/inscripciones\/?s={search_term_string}\"},\"query-input\":{\"@type\":\"PropertyValueSpecification\",\"valueRequired\":true,\"valueName\":\"search_term_string\"}}],\"inLanguage\":\"es\"},{\"@type\":\"Organization\",\"@id\":\"https:\/\/mefp.grupopiquer.com\/inscripciones\/#organization\",\"name\":\"Contenidos Online\",\"url\":\"https:\/\/mefp.grupopiquer.com\/inscripciones\/\",\"logo\":{\"@type\":\"ImageObject\",\"inLanguage\":\"es\",\"@id\":\"https:\/\/mefp.grupopiquer.com\/inscripciones\/#\/schema\/logo\/image\/\",\"url\":\"\",\"contentUrl\":\"\",\"caption\":\"Contenidos Online\"},\"image\":{\"@id\":\"https:\/\/mefp.grupopiquer.com\/inscripciones\/#\/schema\/logo\/image\/\"}}]}<\/script>\n<!-- \/ Yoast SEO plugin. -->","yoast_head_json":{"title":"ADGG102PO - Business Intelligence (30 horas) - Contenidos Online","robots":{"index":"index","follow":"follow","max-snippet":"max-snippet:-1","max-image-preview":"max-image-preview:large","max-video-preview":"max-video-preview:-1"},"canonical":"https:\/\/mefp.grupopiquer.com\/inscripciones\/producto\/adgg102po-business-intelligence-30-horas\/","og_locale":"es_ES","og_type":"article","og_title":"ADGG102PO - Business Intelligence (30 horas) - Contenidos Online","og_description":"Adquirir los conocimientos relacionados con Datawarehouse, la metodolog\u00eda Datamarting y las herramientas de SQL server para la integraci\u00f3n de servicios, utilizando herramientas de inteligencia aplicada a los negocios para la extracci\u00f3n de datos de producci\u00f3n y econ\u00f3micos, relacionados con la empresa del almac\u00e9n de datos, generando cubos OLAP y estructuras de miner\u00eda de datos","og_url":"https:\/\/mefp.grupopiquer.com\/inscripciones\/producto\/adgg102po-business-intelligence-30-horas\/","og_site_name":"Contenidos Online","article_modified_time":"2023-05-15T14:00:35+00:00","og_image":[{"width":1680,"height":945,"url":"https:\/\/mefp.grupopiquer.com\/inscripciones\/wp-content\/uploads\/2023\/05\/JZFkEHpGwhC4lXi_9rbOoBcsl4zExulm-e1683286074323.jpg","type":"image\/jpeg"}],"twitter_card":"summary_large_image","twitter_misc":{"Tiempo de lectura":"1 minuto"},"schema":{"@context":"https:\/\/schema.org","@graph":[{"@type":"WebPage","@id":"https:\/\/mefp.grupopiquer.com\/inscripciones\/producto\/adgg102po-business-intelligence-30-horas\/","url":"https:\/\/mefp.grupopiquer.com\/inscripciones\/producto\/adgg102po-business-intelligence-30-horas\/","name":"ADGG102PO - Business Intelligence (30 horas) - Contenidos Online","isPartOf":{"@id":"https:\/\/mefp.grupopiquer.com\/inscripciones\/#website"},"primaryImageOfPage":{"@id":"https:\/\/mefp.grupopiquer.com\/inscripciones\/producto\/adgg102po-business-intelligence-30-horas\/#primaryimage"},"image":{"@id":"https:\/\/mefp.grupopiquer.com\/inscripciones\/producto\/adgg102po-business-intelligence-30-horas\/#primaryimage"},"thumbnailUrl":"https:\/\/mefp.grupopiquer.com\/inscripciones\/wp-content\/uploads\/2023\/05\/JZFkEHpGwhC4lXi_9rbOoBcsl4zExulm-e1683286074323.jpg","datePublished":"2023-05-02T10:57:37+00:00","dateModified":"2023-05-15T14:00:35+00:00","breadcrumb":{"@id":"https:\/\/mefp.grupopiquer.com\/inscripciones\/producto\/adgg102po-business-intelligence-30-horas\/#breadcrumb"},"inLanguage":"es","potentialAction":[{"@type":"ReadAction","target":["https:\/\/mefp.grupopiquer.com\/inscripciones\/producto\/adgg102po-business-intelligence-30-horas\/"]}]},{"@type":"ImageObject","inLanguage":"es","@id":"https:\/\/mefp.grupopiquer.com\/inscripciones\/producto\/adgg102po-business-intelligence-30-horas\/#primaryimage","url":"https:\/\/mefp.grupopiquer.com\/inscripciones\/wp-content\/uploads\/2023\/05\/JZFkEHpGwhC4lXi_9rbOoBcsl4zExulm-e1683286074323.jpg","contentUrl":"https:\/\/mefp.grupopiquer.com\/inscripciones\/wp-content\/uploads\/2023\/05\/JZFkEHpGwhC4lXi_9rbOoBcsl4zExulm-e1683286074323.jpg","width":1680,"height":945},{"@type":"BreadcrumbList","@id":"https:\/\/mefp.grupopiquer.com\/inscripciones\/producto\/adgg102po-business-intelligence-30-horas\/#breadcrumb","itemListElement":[{"@type":"ListItem","position":1,"name":"Portada","item":"https:\/\/mefp.grupopiquer.com\/inscripciones\/"},{"@type":"ListItem","position":2,"name":"Tienda","item":"https:\/\/mefp.grupopiquer.com\/inscripciones\/tienda\/"},{"@type":"ListItem","position":3,"name":"ADGG102PO &#8211; Business Intelligence (30 horas)"}]},{"@type":"WebSite","@id":"https:\/\/mefp.grupopiquer.com\/inscripciones\/#website","url":"https:\/\/mefp.grupopiquer.com\/inscripciones\/","name":"Contenidos Online","description":"","publisher":{"@id":"https:\/\/mefp.grupopiquer.com\/inscripciones\/#organization"},"potentialAction":[{"@type":"SearchAction","target":{"@type":"EntryPoint","urlTemplate":"https:\/\/mefp.grupopiquer.com\/inscripciones\/?s={search_term_string}"},"query-input":{"@type":"PropertyValueSpecification","valueRequired":true,"valueName":"search_term_string"}}],"inLanguage":"es"},{"@type":"Organization","@id":"https:\/\/mefp.grupopiquer.com\/inscripciones\/#organization","name":"Contenidos Online","url":"https:\/\/mefp.grupopiquer.com\/inscripciones\/","logo":{"@type":"ImageObject","inLanguage":"es","@id":"https:\/\/mefp.grupopiquer.com\/inscripciones\/#\/schema\/logo\/image\/","url":"","contentUrl":"","caption":"Contenidos Online"},"image":{"@id":"https:\/\/mefp.grupopiquer.com\/inscripciones\/#\/schema\/logo\/image\/"}}]}},"_links":{"self":[{"href":"https:\/\/mefp.grupopiquer.com\/inscripciones\/wp-json\/wp\/v2\/product\/4410"}],"collection":[{"href":"https:\/\/mefp.grupopiquer.com\/inscripciones\/wp-json\/wp\/v2\/product"}],"about":[{"href":"https:\/\/mefp.grupopiquer.com\/inscripciones\/wp-json\/wp\/v2\/types\/product"}],"replies":[{"embeddable":true,"href":"https:\/\/mefp.grupopiquer.com\/inscripciones\/wp-json\/wp\/v2\/comments?post=4410"}],"wp:featuredmedia":[{"embeddable":true,"href":"https:\/\/mefp.grupopiquer.com\/inscripciones\/wp-json\/wp\/v2\/media\/5250"}],"wp:attachment":[{"href":"https:\/\/mefp.grupopiquer.com\/inscripciones\/wp-json\/wp\/v2\/media?parent=4410"}],"wp:term":[{"taxonomy":"product_cat","embeddable":true,"href":"https:\/\/mefp.grupopiquer.com\/inscripciones\/wp-json\/wp\/v2\/product_cat?post=4410"},{"taxonomy":"product_tag","embeddable":true,"href":"https:\/\/mefp.grupopiquer.com\/inscripciones\/wp-json\/wp\/v2\/product_tag?post=4410"}],"curies":[{"name":"wp","href":"https:\/\/api.w.org\/{rel}","templated":true}]}}