{"id":4404,"date":"2023-05-02T10:57:02","date_gmt":"2023-05-02T10:57:02","guid":{"rendered":"https:\/\/mefp.grupopiquer.com\/inscripciones\/producto\/adgg075po-social-media-marketing-en-comercio-100-horas\/"},"modified":"2023-05-15T14:09:57","modified_gmt":"2023-05-15T14:09:57","slug":"adgg075po-social-media-marketing-en-comercio-100-horas","status":"publish","type":"product","link":"https:\/\/mefp.grupopiquer.com\/inscripciones\/producto\/adgg075po-social-media-marketing-en-comercio-100-horas\/","title":{"rendered":"ADGG075PO &#8211; Social Media Marketing en Comercio (100 horas)"},"content":{"rendered":"<div id=\"accordion\">\n<h3>OBJETIVOS<\/h3>\n<div>Adquirir conocimientos sobre web 2.0, Community Manager, posicionamiento natural SEO, marketing digital y herramientas de comunicaci\u00f3n y publicidad 2.0.<\/div>\n<h3>CONTENIDOS<\/h3>\n<div>1. INTRODUCCI\u00d3N A LA WEB 2.0<br \/>\n1.1. Historia de Internet .<br \/>\n1.2. Origen de la Web 2.0.<br \/>\n1.3. Caracter\u00edsticas de las Redes Sociales.<br \/>\n1.4. Perfil del usuario en Social Media.<br \/>\n1.5. Las marcas en la Web 2.0.<br \/>\n1.6. Hacia d\u00f3nde se dirige la Web 2.0.<br \/>\n1.7. Manifiesto Cluetrain.<\/p>\n<p>2. GESTOR DE COMUNIDAD O COMMUNITY MANAGER<br \/>\n2.1. \u00bfQu\u00e9 es un Gestor de Comunidad o Community Manager?<br \/>\n2.2. Caracter\u00edsticas del Community Manager.<br \/>\n2.3. Funciones del Community Manager.<br \/>\n2.4. C\u00f3mo es el d\u00eda a d\u00eda de un Community Manager.<br \/>\n2.5. Responsabilidades del Gestor de Comunidad.<br \/>\n2.6. Por qu\u00e9 es necesario un Community Manager.<br \/>\n2.7. Consejos para futuros Gestores de Comunidad.<\/p>\n<p>3. REDES SOCIALES: TIPOS Y USOS (I)<br \/>\n3.1. Facebook.<br \/>\n3.2. Twitter.<br \/>\n3.3. Linkedin.<\/p>\n<p>4. REDES SOCIALES: TIPOS Y USOS (II)<br \/>\n4.1. YouTube.<br \/>\n4.2. Flickr.<br \/>\n4.3. Foursquare.<br \/>\n4.4. Google +.<br \/>\n4.5. Otras Redes Sociales: Vimeo, Pinterest, Instagram, Xing y Tuenti.<\/p>\n<p>5. GENERACI\u00d3N DE CONTENIDOS. CREACI\u00d3N DE BLOGS<br \/>\n5.1. G\u00e9neros period\u00edsticos.<br \/>\n5.2. Los medios de comunicaci\u00f3n en Internet.<br \/>\n5.3. El contenido de las p\u00e1ginas webs.<br \/>\n5.4. Blogs.<br \/>\n5.5. Foros.<br \/>\n5.6. La generaci\u00f3n de contenidos en las Redes Sociales.<br \/>\n5.7. \u00bfC\u00f3mo act\u00faa el usuario en un espacio web?<br \/>\n5.8. Sobre la propiedad intelectual.<\/p>\n<p>6. HERRAMIENTA PARA LA MEDICI\u00d3N DE LAS REDES SOCIALES<br \/>\n6.1. Herramientas para varias Redes Sociales.<br \/>\n6.2. Herramientas para Twitter.<br \/>\n6.3. Herramientas para Facebook.<br \/>\n6.4. Herramientas para Pinterest.<br \/>\n6.5. Herramientas para Google +.<br \/>\n6.6. Herramientas Instagram.<\/p>\n<p>7. ESTRATEGIA PARA ACTUAR CON \u00c9XITO EN SOCIAL MEDIA<br \/>\n7.1. \u00bfCu\u00e1l es nuestro punto de partida?<br \/>\n7.2. \u00bfCu\u00e1les son nuestros objetivos?<br \/>\n7.3. \u00bfCu\u00e1l es nuestro p\u00fablico objetivo?<br \/>\n7.4. \u00bfQu\u00e9 herramientas plantearemos?<br \/>\n7.5. \u00bfC\u00f3mo saber si la estrategia de Social Media funciona?<\/p>\n<p>8. ANAL\u00cdTICA: MEDICI\u00d3N E INTERPRETACI\u00d3N DE RESULTADOS<br \/>\n8.1. Google Analytics.<br \/>\n8.2. Google Insights.<br \/>\n8.3. Facebook Insights.<br \/>\n8.4. YouTube Insights.<br \/>\n8.5. Linkedin Insights.<\/p>\n<p>9. \u00bfQU\u00c9 ES SEO?<br \/>\n9.1. \u00bfQu\u00e9 es SEO?<br \/>\n9.2. Breve historia sobre el SEO.<br \/>\n9.3. Ya sabemos qu\u00e9 es SEO, \u00bfpero qu\u00e9 es SEM?<br \/>\n9.4. Los buscadores de Internet.<br \/>\n9.5. Errores comunes en SEO.<br \/>\n9.6. Herramientas SEO.<br \/>\n9.7. Estrategias SEO.<\/p>\n<p>10. INTRODUCCI\u00d3N AL MARKETING DIGITAL<br \/>\n10.1. Concepto de marketing digital.<br \/>\n10.2. Ideas clave del marketing digital.<br \/>\n10.3. Aplicaci\u00f3n de las claves del marketing directo en el marketing digital. 10.4. Ventajas del marketing digital.<br \/>\n10.5. La investigaci\u00f3n comercial como aspecto clave en el marketing digital.<br \/>\n10.6. El marketing se hace infinito en Internet.<br \/>\n10.7. Marketing one to one.<br \/>\n10.8. Permission marketing.<br \/>\n10.9. Marketing de atracci\u00f3n.<br \/>\n10.10. Marketing de retenci\u00f3n.<br \/>\n10.11. Marketing de recomendaci\u00f3n.<br \/>\n10.12. El marketing digital desde el punto de vista del marketing tradicional.<br \/>\n10.13. Caracter\u00edsticas de Internet que afectan al marketing.<br \/>\n10.14. El marketing digital y sus aportaciones al marketing tradicional 10.15. L\u00edneas estrat\u00e9gicas y aspectos cr\u00edticos del marketing digital.<br \/>\n10.16. Integraci\u00f3n de Internet en la estrategia de marketing.<br \/>\n10.17. Aspectos clave en la estrategia de marketing digital.<br \/>\n10.18. El planteamiento estrat\u00e9gico de marketing.<br \/>\n10.19. Cr\u00edticas al marketing digital.<\/p>\n<p>11. ELEMENTOS DEL MARKETING DIGITAL<br \/>\n11.1. El producto.<br \/>\n11.2. El producto desde el punto de vista de la empresa.<br \/>\n11.3. El producto desde el punto de vista del comprador.<br \/>\n11.4. El precio.<br \/>\n11.5. Pol\u00edticas de precio.<br \/>\n11.6. Formas de pago.<br \/>\n11.7. Los canales.<br \/>\n11.8. Mecanismos de ayuda a los canales: servicios de gesti\u00f3n.<br \/>\n11.9. La promoci\u00f3n.<br \/>\n11.10. Los banners.<br \/>\n11.11. El correo electr\u00f3nico.<br \/>\n11.12. Mensajes personalizados.<br \/>\n11.13. Cr\u00edticas y comentarios.<br \/>\n11.14. P\u00fablicos objetivos del marketing digital.<br \/>\n11.15. Los usuarios de Internet.<br \/>\n11.16. El p\u00fablico objetivo en las transacciones comerciales electr\u00f3nicas.<br \/>\n11.17. El valor de la marca y el posicionamiento en Internet.<\/p>\n<p>12. HERRAMIENTAS ESTRAT\u00c9GICAS DEL MARKETING DIGITAL<br \/>\n12.1. Identificaci\u00f3n y segmentaci\u00f3n del p\u00fablico objetivo.<br \/>\n12.2. Introducci\u00f3n.<br \/>\n12.3. Utilidad de la segmentaci\u00f3n.<br \/>\n12.4. Requisitos de la segmentaci\u00f3n.<br \/>\n12.5. Criterios de segmentaci\u00f3n.<br \/>\n12.6. M\u00e9todos de segmentaci\u00f3n.<br \/>\n12.7. Aplicaci\u00f3n de la segmentaci\u00f3n en el dise\u00f1o de la estrategia comercial.<br \/>\n12.8. Segmentaci\u00f3n a trav\u00e9s de la comunicaci\u00f3n.<br \/>\n12.9. La afiliaci\u00f3n hace la fuerza.<br \/>\n12.10. Definici\u00f3n de los programas de afiliaci\u00f3n.<br \/>\n12.11. \u00c9xitos en la afiliaci\u00f3n.<br \/>\n12.12. El marketplace.<br \/>\n12.13. Bases de \u00e9xito del marketplace.<br \/>\n12.14. Caracter\u00edsticas del marketplace.<br \/>\n12.15. Aspectos clave en el marketplace.<\/p>\n<p>13. LA PERSONALIZACI\u00d3N Y EL MARKETING DIGITAL<br \/>\n13.1. Personalizaci\u00f3n y atenci\u00f3n al cliente.<br \/>\n13.2. Claves para conseguir la personalizaci\u00f3n.<br \/>\n13.3. Los productos o servicios personalizables.<br \/>\n13.4. La atenci\u00f3n al cliente.<br \/>\n13.5. Marketing one to one.<br \/>\n13.6. Pasos del proceso de marketing one to one.<br \/>\n13.7. Herramientas m\u00e1s utilizadas en el marketing one to one.<br \/>\n13.8. Las consecuencias del marketing one to one.<br \/>\n13.9. Estrategias de CRM.<br \/>\n13.10. Introducci\u00f3n y definici\u00f3n de estrategias de CRM.<br \/>\n13.11. Componentes a considerar en una estrategia de CRM.<br \/>\n13.12. Beneficios de la estrategia CRM.<br \/>\n13.13. Implantaci\u00f3n de CRM.<br \/>\n13.14. Factores clave de la implantaci\u00f3n de CRM.<br \/>\n13.15. C\u00f3mo asegurar el \u00e9xito en la implantaci\u00f3n de CRM.<br \/>\n13.16. Criterios de valoraci\u00f3n.<\/p>\n<p>14. CAMPA\u00d1AS DE COMUNICACI\u00d3N ON LINE<br \/>\n14.1. Definici\u00f3n de una campa\u00f1a integral de comunicaci\u00f3n.<br \/>\n14.2. Caracter\u00edsticas de la campa\u00f1a integral.<br \/>\n14.3. Efectos de implantaci\u00f3n de una campa\u00f1a integral de comunicaci\u00f3n en la red.<br \/>\n14.4. Preparaci\u00f3n del briefing publicitario como punto de partida.<br \/>\n14.5. Ocho maneras esenciales de promoci\u00f3n en Internet.<br \/>\n14.6. La comunicaci\u00f3n 360\u00ba.<br \/>\n14.7. El proceso de comunicaci\u00f3n.<br \/>\n14.8. La regla de las 4F.<br \/>\n14.9. Flujo de informaci\u00f3n.<br \/>\n14.10. La funcionalidad.<br \/>\n14.11. El feedback (retroalimentaci\u00f3n).<br \/>\n14.12. La fidelizaci\u00f3n.<br \/>\n14.13. La velocidad de reacci\u00f3n.<\/p>\n<p>15. LA PUBLICIDAD ON LINE Y SU EFICACIA<br \/>\n15.1. Conceptos y formas.<br \/>\n15.2. Introducci\u00f3n.<br \/>\n15.3. Concepto de publicidad on line.<br \/>\n15.4. Formas de publicidad on line.<br \/>\n15.5. Formas publicitarias on line no convencionales.<br \/>\n15.6. Tarifas y precios de medios publicitarios.<br \/>\n15.7. Tarifas de publicidad on line.<br \/>\n15.8. Precios de los medios publicitarios.<br \/>\n15.9. Factores que mejoran el \u00e9xito de los banners.<br \/>\n15.10. Datos de inversi\u00f3n y eficacia publicitaria.<br \/>\n15.11. Eficacia de una campa\u00f1a publicitaria.<br \/>\n15.12. Medici\u00f3n de la eficacia publicitaria en Internet.<br \/>\n15.13. Tendencias de la publicidad on line.\n<\/p><\/div>\n<\/div>\n","protected":false},"excerpt":{"rendered":"<p>Adquirir conocimientos sobre web 2.0, Community Manager, posicionamiento natural SEO, marketing digital y herramientas de comunicaci\u00f3n y publicidad 2.0.<\/p>\n","protected":false},"featured_media":5253,"comment_status":"closed","ping_status":"closed","template":"","meta":[],"product_cat":[125],"product_tag":[],"class_list":{"0":"post-4404","1":"product","2":"type-product","3":"status-publish","4":"has-post-thumbnail","6":"product_cat-gestion-de-la-informacion-y-comunicacion","8":"first","9":"instock","10":"taxable","11":"shipping-taxable","12":"purchasable","13":"product-type-simple"},"yoast_head":"<!-- This site is optimized with the Yoast SEO plugin v23.5 - https:\/\/yoast.com\/wordpress\/plugins\/seo\/ -->\n<title>ADGG075PO - Social Media Marketing en Comercio (100 horas) - Contenidos Online<\/title>\n<meta name=\"robots\" content=\"index, follow, max-snippet:-1, max-image-preview:large, max-video-preview:-1\" \/>\n<link rel=\"canonical\" href=\"https:\/\/mefp.grupopiquer.com\/inscripciones\/producto\/adgg075po-social-media-marketing-en-comercio-100-horas\/\" \/>\n<meta property=\"og:locale\" content=\"es_ES\" \/>\n<meta property=\"og:type\" content=\"article\" \/>\n<meta property=\"og:title\" content=\"ADGG075PO - Social Media Marketing en Comercio (100 horas) - Contenidos Online\" \/>\n<meta property=\"og:description\" content=\"Adquirir conocimientos sobre web 2.0, Community Manager, posicionamiento natural SEO, marketing digital y herramientas de comunicaci\u00f3n y publicidad 2.0.\" \/>\n<meta property=\"og:url\" content=\"https:\/\/mefp.grupopiquer.com\/inscripciones\/producto\/adgg075po-social-media-marketing-en-comercio-100-horas\/\" \/>\n<meta property=\"og:site_name\" content=\"Contenidos Online\" \/>\n<meta property=\"article:modified_time\" content=\"2023-05-15T14:09:57+00:00\" \/>\n<meta property=\"og:image\" content=\"https:\/\/mefp.grupopiquer.com\/inscripciones\/wp-content\/uploads\/2023\/05\/p9BhASBQiYYMXImV_rqBBXfM5nERD6547-e1683286620641.jpg\" \/>\n\t<meta property=\"og:image:width\" content=\"1000\" \/>\n\t<meta property=\"og:image:height\" content=\"562\" \/>\n\t<meta property=\"og:image:type\" content=\"image\/jpeg\" \/>\n<meta name=\"twitter:card\" content=\"summary_large_image\" \/>\n<meta name=\"twitter:label1\" content=\"Tiempo de lectura\" \/>\n\t<meta name=\"twitter:data1\" content=\"3 minutos\" \/>\n<script type=\"application\/ld+json\" class=\"yoast-schema-graph\">{\"@context\":\"https:\/\/schema.org\",\"@graph\":[{\"@type\":\"WebPage\",\"@id\":\"https:\/\/mefp.grupopiquer.com\/inscripciones\/producto\/adgg075po-social-media-marketing-en-comercio-100-horas\/\",\"url\":\"https:\/\/mefp.grupopiquer.com\/inscripciones\/producto\/adgg075po-social-media-marketing-en-comercio-100-horas\/\",\"name\":\"ADGG075PO - Social Media Marketing en Comercio (100 horas) - Contenidos Online\",\"isPartOf\":{\"@id\":\"https:\/\/mefp.grupopiquer.com\/inscripciones\/#website\"},\"primaryImageOfPage\":{\"@id\":\"https:\/\/mefp.grupopiquer.com\/inscripciones\/producto\/adgg075po-social-media-marketing-en-comercio-100-horas\/#primaryimage\"},\"image\":{\"@id\":\"https:\/\/mefp.grupopiquer.com\/inscripciones\/producto\/adgg075po-social-media-marketing-en-comercio-100-horas\/#primaryimage\"},\"thumbnailUrl\":\"https:\/\/mefp.grupopiquer.com\/inscripciones\/wp-content\/uploads\/2023\/05\/p9BhASBQiYYMXImV_rqBBXfM5nERD6547-e1683286620641.jpg\",\"datePublished\":\"2023-05-02T10:57:02+00:00\",\"dateModified\":\"2023-05-15T14:09:57+00:00\",\"breadcrumb\":{\"@id\":\"https:\/\/mefp.grupopiquer.com\/inscripciones\/producto\/adgg075po-social-media-marketing-en-comercio-100-horas\/#breadcrumb\"},\"inLanguage\":\"es\",\"potentialAction\":[{\"@type\":\"ReadAction\",\"target\":[\"https:\/\/mefp.grupopiquer.com\/inscripciones\/producto\/adgg075po-social-media-marketing-en-comercio-100-horas\/\"]}]},{\"@type\":\"ImageObject\",\"inLanguage\":\"es\",\"@id\":\"https:\/\/mefp.grupopiquer.com\/inscripciones\/producto\/adgg075po-social-media-marketing-en-comercio-100-horas\/#primaryimage\",\"url\":\"https:\/\/mefp.grupopiquer.com\/inscripciones\/wp-content\/uploads\/2023\/05\/p9BhASBQiYYMXImV_rqBBXfM5nERD6547-e1683286620641.jpg\",\"contentUrl\":\"https:\/\/mefp.grupopiquer.com\/inscripciones\/wp-content\/uploads\/2023\/05\/p9BhASBQiYYMXImV_rqBBXfM5nERD6547-e1683286620641.jpg\",\"width\":1000,\"height\":562},{\"@type\":\"BreadcrumbList\",\"@id\":\"https:\/\/mefp.grupopiquer.com\/inscripciones\/producto\/adgg075po-social-media-marketing-en-comercio-100-horas\/#breadcrumb\",\"itemListElement\":[{\"@type\":\"ListItem\",\"position\":1,\"name\":\"Portada\",\"item\":\"https:\/\/mefp.grupopiquer.com\/inscripciones\/\"},{\"@type\":\"ListItem\",\"position\":2,\"name\":\"Tienda\",\"item\":\"https:\/\/mefp.grupopiquer.com\/inscripciones\/tienda\/\"},{\"@type\":\"ListItem\",\"position\":3,\"name\":\"ADGG075PO &#8211; Social Media Marketing en Comercio (100 horas)\"}]},{\"@type\":\"WebSite\",\"@id\":\"https:\/\/mefp.grupopiquer.com\/inscripciones\/#website\",\"url\":\"https:\/\/mefp.grupopiquer.com\/inscripciones\/\",\"name\":\"Contenidos Online\",\"description\":\"\",\"publisher\":{\"@id\":\"https:\/\/mefp.grupopiquer.com\/inscripciones\/#organization\"},\"potentialAction\":[{\"@type\":\"SearchAction\",\"target\":{\"@type\":\"EntryPoint\",\"urlTemplate\":\"https:\/\/mefp.grupopiquer.com\/inscripciones\/?s={search_term_string}\"},\"query-input\":{\"@type\":\"PropertyValueSpecification\",\"valueRequired\":true,\"valueName\":\"search_term_string\"}}],\"inLanguage\":\"es\"},{\"@type\":\"Organization\",\"@id\":\"https:\/\/mefp.grupopiquer.com\/inscripciones\/#organization\",\"name\":\"Contenidos Online\",\"url\":\"https:\/\/mefp.grupopiquer.com\/inscripciones\/\",\"logo\":{\"@type\":\"ImageObject\",\"inLanguage\":\"es\",\"@id\":\"https:\/\/mefp.grupopiquer.com\/inscripciones\/#\/schema\/logo\/image\/\",\"url\":\"\",\"contentUrl\":\"\",\"caption\":\"Contenidos Online\"},\"image\":{\"@id\":\"https:\/\/mefp.grupopiquer.com\/inscripciones\/#\/schema\/logo\/image\/\"}}]}<\/script>\n<!-- \/ Yoast SEO plugin. -->","yoast_head_json":{"title":"ADGG075PO - Social Media Marketing en Comercio (100 horas) - Contenidos Online","robots":{"index":"index","follow":"follow","max-snippet":"max-snippet:-1","max-image-preview":"max-image-preview:large","max-video-preview":"max-video-preview:-1"},"canonical":"https:\/\/mefp.grupopiquer.com\/inscripciones\/producto\/adgg075po-social-media-marketing-en-comercio-100-horas\/","og_locale":"es_ES","og_type":"article","og_title":"ADGG075PO - Social Media Marketing en Comercio (100 horas) - Contenidos Online","og_description":"Adquirir conocimientos sobre web 2.0, Community Manager, posicionamiento natural SEO, marketing digital y herramientas de comunicaci\u00f3n y publicidad 2.0.","og_url":"https:\/\/mefp.grupopiquer.com\/inscripciones\/producto\/adgg075po-social-media-marketing-en-comercio-100-horas\/","og_site_name":"Contenidos Online","article_modified_time":"2023-05-15T14:09:57+00:00","og_image":[{"width":1000,"height":562,"url":"https:\/\/mefp.grupopiquer.com\/inscripciones\/wp-content\/uploads\/2023\/05\/p9BhASBQiYYMXImV_rqBBXfM5nERD6547-e1683286620641.jpg","type":"image\/jpeg"}],"twitter_card":"summary_large_image","twitter_misc":{"Tiempo de lectura":"3 minutos"},"schema":{"@context":"https:\/\/schema.org","@graph":[{"@type":"WebPage","@id":"https:\/\/mefp.grupopiquer.com\/inscripciones\/producto\/adgg075po-social-media-marketing-en-comercio-100-horas\/","url":"https:\/\/mefp.grupopiquer.com\/inscripciones\/producto\/adgg075po-social-media-marketing-en-comercio-100-horas\/","name":"ADGG075PO - Social Media Marketing en Comercio (100 horas) - Contenidos Online","isPartOf":{"@id":"https:\/\/mefp.grupopiquer.com\/inscripciones\/#website"},"primaryImageOfPage":{"@id":"https:\/\/mefp.grupopiquer.com\/inscripciones\/producto\/adgg075po-social-media-marketing-en-comercio-100-horas\/#primaryimage"},"image":{"@id":"https:\/\/mefp.grupopiquer.com\/inscripciones\/producto\/adgg075po-social-media-marketing-en-comercio-100-horas\/#primaryimage"},"thumbnailUrl":"https:\/\/mefp.grupopiquer.com\/inscripciones\/wp-content\/uploads\/2023\/05\/p9BhASBQiYYMXImV_rqBBXfM5nERD6547-e1683286620641.jpg","datePublished":"2023-05-02T10:57:02+00:00","dateModified":"2023-05-15T14:09:57+00:00","breadcrumb":{"@id":"https:\/\/mefp.grupopiquer.com\/inscripciones\/producto\/adgg075po-social-media-marketing-en-comercio-100-horas\/#breadcrumb"},"inLanguage":"es","potentialAction":[{"@type":"ReadAction","target":["https:\/\/mefp.grupopiquer.com\/inscripciones\/producto\/adgg075po-social-media-marketing-en-comercio-100-horas\/"]}]},{"@type":"ImageObject","inLanguage":"es","@id":"https:\/\/mefp.grupopiquer.com\/inscripciones\/producto\/adgg075po-social-media-marketing-en-comercio-100-horas\/#primaryimage","url":"https:\/\/mefp.grupopiquer.com\/inscripciones\/wp-content\/uploads\/2023\/05\/p9BhASBQiYYMXImV_rqBBXfM5nERD6547-e1683286620641.jpg","contentUrl":"https:\/\/mefp.grupopiquer.com\/inscripciones\/wp-content\/uploads\/2023\/05\/p9BhASBQiYYMXImV_rqBBXfM5nERD6547-e1683286620641.jpg","width":1000,"height":562},{"@type":"BreadcrumbList","@id":"https:\/\/mefp.grupopiquer.com\/inscripciones\/producto\/adgg075po-social-media-marketing-en-comercio-100-horas\/#breadcrumb","itemListElement":[{"@type":"ListItem","position":1,"name":"Portada","item":"https:\/\/mefp.grupopiquer.com\/inscripciones\/"},{"@type":"ListItem","position":2,"name":"Tienda","item":"https:\/\/mefp.grupopiquer.com\/inscripciones\/tienda\/"},{"@type":"ListItem","position":3,"name":"ADGG075PO &#8211; Social Media Marketing en Comercio (100 horas)"}]},{"@type":"WebSite","@id":"https:\/\/mefp.grupopiquer.com\/inscripciones\/#website","url":"https:\/\/mefp.grupopiquer.com\/inscripciones\/","name":"Contenidos Online","description":"","publisher":{"@id":"https:\/\/mefp.grupopiquer.com\/inscripciones\/#organization"},"potentialAction":[{"@type":"SearchAction","target":{"@type":"EntryPoint","urlTemplate":"https:\/\/mefp.grupopiquer.com\/inscripciones\/?s={search_term_string}"},"query-input":{"@type":"PropertyValueSpecification","valueRequired":true,"valueName":"search_term_string"}}],"inLanguage":"es"},{"@type":"Organization","@id":"https:\/\/mefp.grupopiquer.com\/inscripciones\/#organization","name":"Contenidos Online","url":"https:\/\/mefp.grupopiquer.com\/inscripciones\/","logo":{"@type":"ImageObject","inLanguage":"es","@id":"https:\/\/mefp.grupopiquer.com\/inscripciones\/#\/schema\/logo\/image\/","url":"","contentUrl":"","caption":"Contenidos Online"},"image":{"@id":"https:\/\/mefp.grupopiquer.com\/inscripciones\/#\/schema\/logo\/image\/"}}]}},"_links":{"self":[{"href":"https:\/\/mefp.grupopiquer.com\/inscripciones\/wp-json\/wp\/v2\/product\/4404"}],"collection":[{"href":"https:\/\/mefp.grupopiquer.com\/inscripciones\/wp-json\/wp\/v2\/product"}],"about":[{"href":"https:\/\/mefp.grupopiquer.com\/inscripciones\/wp-json\/wp\/v2\/types\/product"}],"replies":[{"embeddable":true,"href":"https:\/\/mefp.grupopiquer.com\/inscripciones\/wp-json\/wp\/v2\/comments?post=4404"}],"wp:featuredmedia":[{"embeddable":true,"href":"https:\/\/mefp.grupopiquer.com\/inscripciones\/wp-json\/wp\/v2\/media\/5253"}],"wp:attachment":[{"href":"https:\/\/mefp.grupopiquer.com\/inscripciones\/wp-json\/wp\/v2\/media?parent=4404"}],"wp:term":[{"taxonomy":"product_cat","embeddable":true,"href":"https:\/\/mefp.grupopiquer.com\/inscripciones\/wp-json\/wp\/v2\/product_cat?post=4404"},{"taxonomy":"product_tag","embeddable":true,"href":"https:\/\/mefp.grupopiquer.com\/inscripciones\/wp-json\/wp\/v2\/product_tag?post=4404"}],"curies":[{"name":"wp","href":"https:\/\/api.w.org\/{rel}","templated":true}]}}