{"id":4384,"date":"2023-05-02T10:55:12","date_gmt":"2023-05-02T10:55:12","guid":{"rendered":"https:\/\/mefp.grupopiquer.com\/inscripciones\/producto\/adgg038po-internet-avanzado-40-horas\/"},"modified":"2023-05-17T08:59:07","modified_gmt":"2023-05-17T08:59:07","slug":"adgg038po-internet-avanzado-40-horas","status":"publish","type":"product","link":"https:\/\/mefp.grupopiquer.com\/inscripciones\/producto\/adgg038po-internet-avanzado-40-horas\/","title":{"rendered":"ADGG038PO &#8211; Internet Avanzado (40 horas)"},"content":{"rendered":"<div id=\"accordion\">\n<h3>OBJETIVOS<\/h3>\n<div>Identificar los peligros que aparecen por el uso de internet en el entorno empresarial y en las transacciones comerciales, incidiendo en la prevenci\u00f3n del phising y de los virus inform\u00e1ticos, realizar un uso efectivo del correo electr\u00f3nico e instalar los servicios de portal y blogs m\u00e1s populares en tu propio dominio.<\/div>\n<h3>CONTENIDOS<\/h3>\n<div>1. CONCEPTOS AVANZADOS. P\u00c1GINAS WEB Y DOMINIOS<br \/>\n1.1. Introducci\u00f3n a p\u00e1ginas web.<br \/>\n1.2. Dise\u00f1o y desarrollo de p\u00e1ginas web.<br \/>\n1.3. Sitios web.<br \/>\n1.4. Alojamiento de sitios web &#8220;&#8221;Housing&#8221;&#8221; y &#8220;&#8221;hosting&#8221;&#8221;.<br \/>\n1.5. Navegadores web.<br \/>\n1.6. Seguridad en la navegaci\u00f3n web.<br \/>\n1.7. Introducci\u00f3n a los dominios web.<br \/>\n1.8. Gesti\u00f3n de dominios web.<br \/>\n1.9. Certificados de seguridad SSl y sitios HTTPS.<\/p>\n<p>2. SERVICIOS DE USO HABITUAL. NAVEGACI\u00d3N Y CORREO ELECTR\u00d3NICO<br \/>\n2.1. Navegaci\u00f3n.<br \/>\n2.2. Correo electr\u00f3nico.<\/p>\n<p>3. SERVICIOS AVANZADOS. VIDEOCONFERENCIA, TELEFORMACI\u00d3N<br \/>\n3.1. Teleformaci\u00f3n.<br \/>\n3.2. Historia, evoluci\u00f3n.<br \/>\n3.3. Caracter\u00edsticas de la teleformaci\u00f3n.<br \/>\n3.4. Diferencias entre formaci\u00f3n presencial y teleformaci\u00f3n.<br \/>\n3.5. Ventajas de la teleformaci\u00f3n.<br \/>\n3.6. Tendencias en Teleformaci\u00f3n.<br \/>\n3.7. Plataformas de teleformaci\u00f3n.<br \/>\n3.8. LMS Opensource \/ Comerciales.<br \/>\n3.9. Herramientas de autor\u00eda de contenidos interactivos.<br \/>\n3.10. Est\u00e1ndares en teleformaci\u00f3n.<br \/>\n3.11. Videoconferencias.<\/p>\n<p>4. PROGRAMAS DE INTERCAMBIO P2P. DESCARGA DIRECTA. \u00c1MBITO LEGAL. PORTALES. BLOGS<br \/>\n4.1. Programas de intercambio P2P.<br \/>\n4.2. Descarga directa.<br \/>\n4.3. \u00c1mbito legal.<br \/>\n4.4. Portales.<br \/>\n4.5. Blogs.<\/p>\n<p>5. CONCEPTOS DE SEGURIDAD. PELIGROS: VIRUS, TROYANOS, GUSANOS Y PISHING. ANTIVIRUS Y FIREWALL. CONTENIDO ACTIVO EN LAS P\u00c1GINAS WEB. RESTRINGIR LA NAVEGACI\u00d3N<br \/>\n5.1. Conceptos de seguridad.<br \/>\n5.2. Peligros: Virus, troyanos, gusanos y Phishing.<br \/>\n5.3. Antivirus y Firewall.<br \/>\n5.4. Contenido activo en las P\u00e1ginas Web.<br \/>\n5.5. Restringir la navegaci\u00f3n.<\/p>\n<p>6. CORREO ELECTR\u00d3NICO AVANZADO. LISTAS DE CORREO ELECTR\u00d3NICO. AUTOMATIZAR EL CORREO: REGLAS Y AUTO RESPONDEDORES. COPIAS DE SEGURIDAD DEL CORREO ELECTR\u00d3NICO. P\u00c1GINAS WEB Y DOMINIOS<br \/>\n6.1. Correo electr\u00f3nico avanzado.<br \/>\n6.2. Listas de correo electr\u00f3nico.<br \/>\n6.3. Automatizar el correo: reglas y auto respondedores.<br \/>\n6.4. Copias de seguridad del correo electr\u00f3nico.<br \/>\n6.5. P\u00e1ginas web.<br \/>\n6.6. Dominios.<\/p>\n<p>7. CONCEPTOS DE CREACI\u00d3N DE P\u00c1GINAS WEB. HOSTING GRATUITO. FTP, FILEZILLA. SU PROPIO DOMINIO<br \/>\n7.1. Conceptos de creaci\u00f3n de p\u00e1ginas web.<br \/>\n7.2. Hosting. Gratuito y de pago.<br \/>\n7.3. FTP.<br \/>\n7.4. Dominio propio.<\/p>\n<p>8. INSTALACI\u00d3N DE WORDPRESS Y JOOMLA<br \/>\n8.1. Introducci\u00f3n.<br \/>\n8.2. Instalaci\u00f3n de WordPress.<br \/>\n8.3. Instalaci\u00f3n de Joomla.<\/p>\n<p>9. COMERCIO ELECTR\u00d3NICO. CONCEPTOS. PASOS PARA MONTAR UNA TIENDA ON-LINE. MARKETING Y PUBLICIDAD EN INTERNET. REDES SOCIALES<br \/>\n9.1. Comercio electr\u00f3nico. Conceptos.<br \/>\n9.2. Pasos para montar una tienda On-line.<br \/>\n9.3. Marketing y Publicidad en Internet.<br \/>\n9.4. Redes Sociales.\n<\/p><\/div>\n<\/div>\n","protected":false},"excerpt":{"rendered":"<p>Identificar los peligros que aparecen por el uso de internet en el entorno empresarial y en las transacciones comerciales, incidiendo en la prevenci\u00f3n del phising y de los virus inform\u00e1ticos, realizar un uso efectivo del correo electr\u00f3nico e instalar los servicios de portal y blogs m\u00e1s populares en tu propio dominio.<\/p>\n","protected":false},"featured_media":5511,"comment_status":"closed","ping_status":"closed","template":"","meta":[],"product_cat":[125],"product_tag":[],"class_list":{"0":"post-4384","1":"product","2":"type-product","3":"status-publish","4":"has-post-thumbnail","6":"product_cat-gestion-de-la-informacion-y-comunicacion","8":"first","9":"instock","10":"taxable","11":"shipping-taxable","12":"purchasable","13":"product-type-simple"},"yoast_head":"<!-- This site is optimized with the Yoast SEO plugin v23.5 - https:\/\/yoast.com\/wordpress\/plugins\/seo\/ -->\n<title>ADGG038PO - Internet Avanzado (40 horas) - Contenidos Online<\/title>\n<meta name=\"robots\" content=\"index, follow, max-snippet:-1, max-image-preview:large, max-video-preview:-1\" \/>\n<link rel=\"canonical\" href=\"https:\/\/mefp.grupopiquer.com\/inscripciones\/producto\/adgg038po-internet-avanzado-40-horas\/\" \/>\n<meta property=\"og:locale\" content=\"es_ES\" \/>\n<meta property=\"og:type\" content=\"article\" \/>\n<meta property=\"og:title\" content=\"ADGG038PO - Internet Avanzado (40 horas) - Contenidos Online\" \/>\n<meta property=\"og:description\" content=\"Identificar los peligros que aparecen por el uso de internet en el entorno empresarial y en las transacciones comerciales, incidiendo en la prevenci\u00f3n del phising y de los virus inform\u00e1ticos, realizar un uso efectivo del correo electr\u00f3nico e instalar los servicios de portal y blogs m\u00e1s populares en tu propio dominio.\" \/>\n<meta property=\"og:url\" content=\"https:\/\/mefp.grupopiquer.com\/inscripciones\/producto\/adgg038po-internet-avanzado-40-horas\/\" \/>\n<meta property=\"og:site_name\" content=\"Contenidos Online\" \/>\n<meta property=\"article:modified_time\" content=\"2023-05-17T08:59:07+00:00\" \/>\n<meta property=\"og:image\" content=\"https:\/\/mefp.grupopiquer.com\/inscripciones\/wp-content\/uploads\/2023\/05\/HLNsEUKRUCPJTPXn_0o4Pho9deqE9N_kV-e1683559851524.jpg\" \/>\n\t<meta property=\"og:image:width\" content=\"1402\" \/>\n\t<meta property=\"og:image:height\" content=\"789\" \/>\n\t<meta property=\"og:image:type\" content=\"image\/jpeg\" \/>\n<meta name=\"twitter:card\" content=\"summary_large_image\" \/>\n<meta name=\"twitter:label1\" content=\"Tiempo de lectura\" \/>\n\t<meta name=\"twitter:data1\" content=\"2 minutos\" \/>\n<script type=\"application\/ld+json\" class=\"yoast-schema-graph\">{\"@context\":\"https:\/\/schema.org\",\"@graph\":[{\"@type\":\"WebPage\",\"@id\":\"https:\/\/mefp.grupopiquer.com\/inscripciones\/producto\/adgg038po-internet-avanzado-40-horas\/\",\"url\":\"https:\/\/mefp.grupopiquer.com\/inscripciones\/producto\/adgg038po-internet-avanzado-40-horas\/\",\"name\":\"ADGG038PO - Internet Avanzado (40 horas) - Contenidos Online\",\"isPartOf\":{\"@id\":\"https:\/\/mefp.grupopiquer.com\/inscripciones\/#website\"},\"primaryImageOfPage\":{\"@id\":\"https:\/\/mefp.grupopiquer.com\/inscripciones\/producto\/adgg038po-internet-avanzado-40-horas\/#primaryimage\"},\"image\":{\"@id\":\"https:\/\/mefp.grupopiquer.com\/inscripciones\/producto\/adgg038po-internet-avanzado-40-horas\/#primaryimage\"},\"thumbnailUrl\":\"https:\/\/mefp.grupopiquer.com\/inscripciones\/wp-content\/uploads\/2023\/05\/HLNsEUKRUCPJTPXn_0o4Pho9deqE9N_kV-e1683559851524.jpg\",\"datePublished\":\"2023-05-02T10:55:12+00:00\",\"dateModified\":\"2023-05-17T08:59:07+00:00\",\"breadcrumb\":{\"@id\":\"https:\/\/mefp.grupopiquer.com\/inscripciones\/producto\/adgg038po-internet-avanzado-40-horas\/#breadcrumb\"},\"inLanguage\":\"es\",\"potentialAction\":[{\"@type\":\"ReadAction\",\"target\":[\"https:\/\/mefp.grupopiquer.com\/inscripciones\/producto\/adgg038po-internet-avanzado-40-horas\/\"]}]},{\"@type\":\"ImageObject\",\"inLanguage\":\"es\",\"@id\":\"https:\/\/mefp.grupopiquer.com\/inscripciones\/producto\/adgg038po-internet-avanzado-40-horas\/#primaryimage\",\"url\":\"https:\/\/mefp.grupopiquer.com\/inscripciones\/wp-content\/uploads\/2023\/05\/HLNsEUKRUCPJTPXn_0o4Pho9deqE9N_kV-e1683559851524.jpg\",\"contentUrl\":\"https:\/\/mefp.grupopiquer.com\/inscripciones\/wp-content\/uploads\/2023\/05\/HLNsEUKRUCPJTPXn_0o4Pho9deqE9N_kV-e1683559851524.jpg\",\"width\":1402,\"height\":789},{\"@type\":\"BreadcrumbList\",\"@id\":\"https:\/\/mefp.grupopiquer.com\/inscripciones\/producto\/adgg038po-internet-avanzado-40-horas\/#breadcrumb\",\"itemListElement\":[{\"@type\":\"ListItem\",\"position\":1,\"name\":\"Portada\",\"item\":\"https:\/\/mefp.grupopiquer.com\/inscripciones\/\"},{\"@type\":\"ListItem\",\"position\":2,\"name\":\"Tienda\",\"item\":\"https:\/\/mefp.grupopiquer.com\/inscripciones\/tienda\/\"},{\"@type\":\"ListItem\",\"position\":3,\"name\":\"ADGG038PO &#8211; Internet Avanzado (40 horas)\"}]},{\"@type\":\"WebSite\",\"@id\":\"https:\/\/mefp.grupopiquer.com\/inscripciones\/#website\",\"url\":\"https:\/\/mefp.grupopiquer.com\/inscripciones\/\",\"name\":\"Contenidos Online\",\"description\":\"\",\"publisher\":{\"@id\":\"https:\/\/mefp.grupopiquer.com\/inscripciones\/#organization\"},\"potentialAction\":[{\"@type\":\"SearchAction\",\"target\":{\"@type\":\"EntryPoint\",\"urlTemplate\":\"https:\/\/mefp.grupopiquer.com\/inscripciones\/?s={search_term_string}\"},\"query-input\":{\"@type\":\"PropertyValueSpecification\",\"valueRequired\":true,\"valueName\":\"search_term_string\"}}],\"inLanguage\":\"es\"},{\"@type\":\"Organization\",\"@id\":\"https:\/\/mefp.grupopiquer.com\/inscripciones\/#organization\",\"name\":\"Contenidos Online\",\"url\":\"https:\/\/mefp.grupopiquer.com\/inscripciones\/\",\"logo\":{\"@type\":\"ImageObject\",\"inLanguage\":\"es\",\"@id\":\"https:\/\/mefp.grupopiquer.com\/inscripciones\/#\/schema\/logo\/image\/\",\"url\":\"\",\"contentUrl\":\"\",\"caption\":\"Contenidos Online\"},\"image\":{\"@id\":\"https:\/\/mefp.grupopiquer.com\/inscripciones\/#\/schema\/logo\/image\/\"}}]}<\/script>\n<!-- \/ Yoast SEO plugin. -->","yoast_head_json":{"title":"ADGG038PO - Internet Avanzado (40 horas) - Contenidos Online","robots":{"index":"index","follow":"follow","max-snippet":"max-snippet:-1","max-image-preview":"max-image-preview:large","max-video-preview":"max-video-preview:-1"},"canonical":"https:\/\/mefp.grupopiquer.com\/inscripciones\/producto\/adgg038po-internet-avanzado-40-horas\/","og_locale":"es_ES","og_type":"article","og_title":"ADGG038PO - Internet Avanzado (40 horas) - Contenidos Online","og_description":"Identificar los peligros que aparecen por el uso de internet en el entorno empresarial y en las transacciones comerciales, incidiendo en la prevenci\u00f3n del phising y de los virus inform\u00e1ticos, realizar un uso efectivo del correo electr\u00f3nico e instalar los servicios de portal y blogs m\u00e1s populares en tu propio dominio.","og_url":"https:\/\/mefp.grupopiquer.com\/inscripciones\/producto\/adgg038po-internet-avanzado-40-horas\/","og_site_name":"Contenidos Online","article_modified_time":"2023-05-17T08:59:07+00:00","og_image":[{"width":1402,"height":789,"url":"https:\/\/mefp.grupopiquer.com\/inscripciones\/wp-content\/uploads\/2023\/05\/HLNsEUKRUCPJTPXn_0o4Pho9deqE9N_kV-e1683559851524.jpg","type":"image\/jpeg"}],"twitter_card":"summary_large_image","twitter_misc":{"Tiempo de lectura":"2 minutos"},"schema":{"@context":"https:\/\/schema.org","@graph":[{"@type":"WebPage","@id":"https:\/\/mefp.grupopiquer.com\/inscripciones\/producto\/adgg038po-internet-avanzado-40-horas\/","url":"https:\/\/mefp.grupopiquer.com\/inscripciones\/producto\/adgg038po-internet-avanzado-40-horas\/","name":"ADGG038PO - Internet Avanzado (40 horas) - Contenidos Online","isPartOf":{"@id":"https:\/\/mefp.grupopiquer.com\/inscripciones\/#website"},"primaryImageOfPage":{"@id":"https:\/\/mefp.grupopiquer.com\/inscripciones\/producto\/adgg038po-internet-avanzado-40-horas\/#primaryimage"},"image":{"@id":"https:\/\/mefp.grupopiquer.com\/inscripciones\/producto\/adgg038po-internet-avanzado-40-horas\/#primaryimage"},"thumbnailUrl":"https:\/\/mefp.grupopiquer.com\/inscripciones\/wp-content\/uploads\/2023\/05\/HLNsEUKRUCPJTPXn_0o4Pho9deqE9N_kV-e1683559851524.jpg","datePublished":"2023-05-02T10:55:12+00:00","dateModified":"2023-05-17T08:59:07+00:00","breadcrumb":{"@id":"https:\/\/mefp.grupopiquer.com\/inscripciones\/producto\/adgg038po-internet-avanzado-40-horas\/#breadcrumb"},"inLanguage":"es","potentialAction":[{"@type":"ReadAction","target":["https:\/\/mefp.grupopiquer.com\/inscripciones\/producto\/adgg038po-internet-avanzado-40-horas\/"]}]},{"@type":"ImageObject","inLanguage":"es","@id":"https:\/\/mefp.grupopiquer.com\/inscripciones\/producto\/adgg038po-internet-avanzado-40-horas\/#primaryimage","url":"https:\/\/mefp.grupopiquer.com\/inscripciones\/wp-content\/uploads\/2023\/05\/HLNsEUKRUCPJTPXn_0o4Pho9deqE9N_kV-e1683559851524.jpg","contentUrl":"https:\/\/mefp.grupopiquer.com\/inscripciones\/wp-content\/uploads\/2023\/05\/HLNsEUKRUCPJTPXn_0o4Pho9deqE9N_kV-e1683559851524.jpg","width":1402,"height":789},{"@type":"BreadcrumbList","@id":"https:\/\/mefp.grupopiquer.com\/inscripciones\/producto\/adgg038po-internet-avanzado-40-horas\/#breadcrumb","itemListElement":[{"@type":"ListItem","position":1,"name":"Portada","item":"https:\/\/mefp.grupopiquer.com\/inscripciones\/"},{"@type":"ListItem","position":2,"name":"Tienda","item":"https:\/\/mefp.grupopiquer.com\/inscripciones\/tienda\/"},{"@type":"ListItem","position":3,"name":"ADGG038PO &#8211; Internet Avanzado (40 horas)"}]},{"@type":"WebSite","@id":"https:\/\/mefp.grupopiquer.com\/inscripciones\/#website","url":"https:\/\/mefp.grupopiquer.com\/inscripciones\/","name":"Contenidos Online","description":"","publisher":{"@id":"https:\/\/mefp.grupopiquer.com\/inscripciones\/#organization"},"potentialAction":[{"@type":"SearchAction","target":{"@type":"EntryPoint","urlTemplate":"https:\/\/mefp.grupopiquer.com\/inscripciones\/?s={search_term_string}"},"query-input":{"@type":"PropertyValueSpecification","valueRequired":true,"valueName":"search_term_string"}}],"inLanguage":"es"},{"@type":"Organization","@id":"https:\/\/mefp.grupopiquer.com\/inscripciones\/#organization","name":"Contenidos Online","url":"https:\/\/mefp.grupopiquer.com\/inscripciones\/","logo":{"@type":"ImageObject","inLanguage":"es","@id":"https:\/\/mefp.grupopiquer.com\/inscripciones\/#\/schema\/logo\/image\/","url":"","contentUrl":"","caption":"Contenidos Online"},"image":{"@id":"https:\/\/mefp.grupopiquer.com\/inscripciones\/#\/schema\/logo\/image\/"}}]}},"_links":{"self":[{"href":"https:\/\/mefp.grupopiquer.com\/inscripciones\/wp-json\/wp\/v2\/product\/4384"}],"collection":[{"href":"https:\/\/mefp.grupopiquer.com\/inscripciones\/wp-json\/wp\/v2\/product"}],"about":[{"href":"https:\/\/mefp.grupopiquer.com\/inscripciones\/wp-json\/wp\/v2\/types\/product"}],"replies":[{"embeddable":true,"href":"https:\/\/mefp.grupopiquer.com\/inscripciones\/wp-json\/wp\/v2\/comments?post=4384"}],"wp:featuredmedia":[{"embeddable":true,"href":"https:\/\/mefp.grupopiquer.com\/inscripciones\/wp-json\/wp\/v2\/media\/5511"}],"wp:attachment":[{"href":"https:\/\/mefp.grupopiquer.com\/inscripciones\/wp-json\/wp\/v2\/media?parent=4384"}],"wp:term":[{"taxonomy":"product_cat","embeddable":true,"href":"https:\/\/mefp.grupopiquer.com\/inscripciones\/wp-json\/wp\/v2\/product_cat?post=4384"},{"taxonomy":"product_tag","embeddable":true,"href":"https:\/\/mefp.grupopiquer.com\/inscripciones\/wp-json\/wp\/v2\/product_tag?post=4384"}],"curies":[{"name":"wp","href":"https:\/\/api.w.org\/{rel}","templated":true}]}}