{"id":4382,"date":"2023-05-02T10:55:00","date_gmt":"2023-05-02T10:55:00","guid":{"rendered":"https:\/\/mefp.grupopiquer.com\/inscripciones\/producto\/adgg035po-herramientas-en-internet-comercio-electronico-80-horas\/"},"modified":"2023-06-05T09:11:56","modified_gmt":"2023-06-05T09:11:56","slug":"adgg035po-herramientas-en-internet-comercio-electronico-80-horas","status":"publish","type":"product","link":"https:\/\/mefp.grupopiquer.com\/inscripciones\/producto\/adgg035po-herramientas-en-internet-comercio-electronico-80-horas\/","title":{"rendered":"ADGG035PO &#8211; Herramientas en Internet: Comercio Electr\u00f3nico (80 horas)"},"content":{"rendered":"<div id=\"accordion\">\n<h3>OBJETIVOS<\/h3>\n<div>Dominar las principales herramientas existentes en Internet, adquirir los conocimientos en relaci\u00f3n a las t\u00e9cnicas de marketing en la red y ser capaz de publicitar, vender y adquirir productos de modo seguro y eficiente a trav\u00e9s de ella.<\/div>\n<h3>CONTENIDOS<\/h3>\n<div>1. INTRODUCCI\u00d3N Y CONCEPTOS GENERALES.<br \/>\n1.1. Introducci\u00f3n y conceptos b\u00e1sicos.<br \/>\n1.2. Reglas de comportamiento en la Red: Netiquette.<br \/>\n1.3.Configuraci\u00f3n y uso del Navegador.<br \/>\n1.4. Elementos b\u00e1sicos de conexi\u00f3n y su instalaci\u00f3n.<br \/>\n1.5. El correo electr\u00f3nico.<br \/>\n1.6. Utilizaci\u00f3n del correo electr\u00f3nico.<br \/>\n1.7. Herramientas que utilizan el correo electr\u00f3nico.<br \/>\n1.8. Otras herramientas de Internet: buscadores, anuncios clasificados, banners, herramientas interactivas.2. COMERCIO ELECTR\u00d3NICO.<br \/>\n2.1. Conceptos b\u00e1sicos de comercio electr\u00f3nico<br \/>\n2.1.1. Introducci\u00f3n al comercio electr\u00f3nico.<br \/>\n2.1.2. Clasificaci\u00f3n del comercio electr\u00f3nico.<br \/>\n2.1.3. Tipos de negocio.<br \/>\n2.2. Aspectos jur\u00eddicos del comercio electr\u00f3nico.<br \/>\n2.2.1. La comunicaci\u00f3n comercial.<br \/>\n2.2.2. La contrataci\u00f3n en Internet.<br \/>\n2.2.3. El comercio electr\u00f3nico seguro.<br \/>\n2.2.4. La responsabilidad.<br \/>\n2.2.5. Los usos en Internet.<br \/>\n2.2.6. Propiedad intelectual.<\/p>\n<p>3. MARKETING E INTERNET.<br \/>\n3.1. Conceptos b\u00e1sicos de marketing.<br \/>\n3.1.1. Marketing: concepto y evoluci\u00f3n.<br \/>\n3.1.2. Elementos de mercado.<br \/>\n3.1.3. Variables del marketing.<br \/>\n3.1.4. Plan de marketing.<br \/>\n3.2. Marketing en Internet.<br \/>\n3.2.1. Plan de marketing digital.<br \/>\n3.2.2. Producto.<br \/>\n3.2.3. Precio.<br \/>\n3.2.4. Distribuci\u00f3n.<br \/>\n3.3. Promoci\u00f3n y herramientas promocionales en Internet.<br \/>\n3.3.1. Campa\u00f1a de e-mail.<br \/>\n3.3.2. Banner.<br \/>\n3.3.3. Anuncios clasificados.<br \/>\n3.3.4. Programas de asociados.<br \/>\n3.3.5. Buscadores.<br \/>\n3.3.6. Autorrespondedores.<br \/>\n3.3.7. Grupos de News.<br \/>\n3.3.8. Bolet\u00edn-E.<br \/>\n3.3.9. Programas para la gesti\u00f3n de la relaci\u00f3n con el cliente (CRM).<\/p>\n<p>4. LA WEB.<br \/>\n4.1. Dise\u00f1o de una web comercial efectiva.<br \/>\n4.1.1. Introducci\u00f3n.<br \/>\n4.1.2. Influencia del contenido en el dise\u00f1o.<br \/>\n4.1.3. Estilo narrativo.<br \/>\n4.1.4. Tiempo de carga.<br \/>\n4.2. Gesti\u00f3n y administraci\u00f3n de la web.<br \/>\n4.2.1. Dominio.<br \/>\n4.2.2. Hospedaje.<br \/>\n4.2.3. Herramientas de gesti\u00f3n y administraci\u00f3n.<br \/>\n4.3. Seguridad en Internet.<br \/>\n4.3.1. Peligros y protecci\u00f3n.<br \/>\n4.3.2. Certificados digitales.<br \/>\n4.3.3. Sistemas de pago con tarjeta de cr\u00e9dito.<br \/>\n4.3.4. Otros sistemas de pago electr\u00f3nicos.<br \/>\n4.3.5. Requisitos de un sitio web seguro y eficaz.<\/p>\n<\/div>\n<\/div>\n","protected":false},"excerpt":{"rendered":"<p>Dominar las principales herramientas existentes en Internet, adquirir los conocimientos en relaci\u00f3n a las t\u00e9cnicas de marketing en la red y ser capaz de publicitar, vender y adquirir productos de modo seguro y eficiente a trav\u00e9s de ella.<\/p>\n","protected":false},"featured_media":5513,"comment_status":"closed","ping_status":"closed","template":"","meta":[],"product_cat":[125],"product_tag":[],"class_list":{"0":"post-4382","1":"product","2":"type-product","3":"status-publish","4":"has-post-thumbnail","6":"product_cat-gestion-de-la-informacion-y-comunicacion","8":"first","9":"instock","10":"taxable","11":"shipping-taxable","12":"purchasable","13":"product-type-simple"},"yoast_head":"<!-- This site is optimized with the Yoast SEO plugin v23.5 - https:\/\/yoast.com\/wordpress\/plugins\/seo\/ -->\n<title>ADGG035PO - Herramientas en Internet: Comercio Electr\u00f3nico (80 horas) - Contenidos Online<\/title>\n<meta name=\"robots\" content=\"index, follow, max-snippet:-1, max-image-preview:large, max-video-preview:-1\" \/>\n<link rel=\"canonical\" href=\"https:\/\/mefp.grupopiquer.com\/inscripciones\/producto\/adgg035po-herramientas-en-internet-comercio-electronico-80-horas\/\" \/>\n<meta property=\"og:locale\" content=\"es_ES\" \/>\n<meta property=\"og:type\" content=\"article\" \/>\n<meta property=\"og:title\" content=\"ADGG035PO - Herramientas en Internet: Comercio Electr\u00f3nico (80 horas) - Contenidos Online\" \/>\n<meta property=\"og:description\" content=\"Dominar las principales herramientas existentes en Internet, adquirir los conocimientos en relaci\u00f3n a las t\u00e9cnicas de marketing en la red y ser capaz de publicitar, vender y adquirir productos de modo seguro y eficiente a trav\u00e9s de ella.\" \/>\n<meta property=\"og:url\" content=\"https:\/\/mefp.grupopiquer.com\/inscripciones\/producto\/adgg035po-herramientas-en-internet-comercio-electronico-80-horas\/\" \/>\n<meta property=\"og:site_name\" content=\"Contenidos Online\" \/>\n<meta property=\"article:modified_time\" content=\"2023-06-05T09:11:56+00:00\" \/>\n<meta property=\"og:image\" content=\"https:\/\/mefp.grupopiquer.com\/inscripciones\/wp-content\/uploads\/2023\/05\/portada_curso_1-e1685956302526.jpg\" \/>\n\t<meta property=\"og:image:width\" content=\"1500\" \/>\n\t<meta property=\"og:image:height\" content=\"843\" \/>\n\t<meta property=\"og:image:type\" content=\"image\/jpeg\" \/>\n<meta name=\"twitter:card\" content=\"summary_large_image\" \/>\n<meta name=\"twitter:label1\" content=\"Tiempo de lectura\" \/>\n\t<meta name=\"twitter:data1\" content=\"2 minutos\" \/>\n<script type=\"application\/ld+json\" class=\"yoast-schema-graph\">{\"@context\":\"https:\/\/schema.org\",\"@graph\":[{\"@type\":\"WebPage\",\"@id\":\"https:\/\/mefp.grupopiquer.com\/inscripciones\/producto\/adgg035po-herramientas-en-internet-comercio-electronico-80-horas\/\",\"url\":\"https:\/\/mefp.grupopiquer.com\/inscripciones\/producto\/adgg035po-herramientas-en-internet-comercio-electronico-80-horas\/\",\"name\":\"ADGG035PO - Herramientas en Internet: Comercio Electr\u00f3nico (80 horas) - Contenidos Online\",\"isPartOf\":{\"@id\":\"https:\/\/mefp.grupopiquer.com\/inscripciones\/#website\"},\"primaryImageOfPage\":{\"@id\":\"https:\/\/mefp.grupopiquer.com\/inscripciones\/producto\/adgg035po-herramientas-en-internet-comercio-electronico-80-horas\/#primaryimage\"},\"image\":{\"@id\":\"https:\/\/mefp.grupopiquer.com\/inscripciones\/producto\/adgg035po-herramientas-en-internet-comercio-electronico-80-horas\/#primaryimage\"},\"thumbnailUrl\":\"https:\/\/mefp.grupopiquer.com\/inscripciones\/wp-content\/uploads\/2023\/05\/portada_curso_1-e1685956302526.jpg\",\"datePublished\":\"2023-05-02T10:55:00+00:00\",\"dateModified\":\"2023-06-05T09:11:56+00:00\",\"breadcrumb\":{\"@id\":\"https:\/\/mefp.grupopiquer.com\/inscripciones\/producto\/adgg035po-herramientas-en-internet-comercio-electronico-80-horas\/#breadcrumb\"},\"inLanguage\":\"es\",\"potentialAction\":[{\"@type\":\"ReadAction\",\"target\":[\"https:\/\/mefp.grupopiquer.com\/inscripciones\/producto\/adgg035po-herramientas-en-internet-comercio-electronico-80-horas\/\"]}]},{\"@type\":\"ImageObject\",\"inLanguage\":\"es\",\"@id\":\"https:\/\/mefp.grupopiquer.com\/inscripciones\/producto\/adgg035po-herramientas-en-internet-comercio-electronico-80-horas\/#primaryimage\",\"url\":\"https:\/\/mefp.grupopiquer.com\/inscripciones\/wp-content\/uploads\/2023\/05\/portada_curso_1-e1685956302526.jpg\",\"contentUrl\":\"https:\/\/mefp.grupopiquer.com\/inscripciones\/wp-content\/uploads\/2023\/05\/portada_curso_1-e1685956302526.jpg\",\"width\":1500,\"height\":843},{\"@type\":\"BreadcrumbList\",\"@id\":\"https:\/\/mefp.grupopiquer.com\/inscripciones\/producto\/adgg035po-herramientas-en-internet-comercio-electronico-80-horas\/#breadcrumb\",\"itemListElement\":[{\"@type\":\"ListItem\",\"position\":1,\"name\":\"Portada\",\"item\":\"https:\/\/mefp.grupopiquer.com\/inscripciones\/\"},{\"@type\":\"ListItem\",\"position\":2,\"name\":\"Tienda\",\"item\":\"https:\/\/mefp.grupopiquer.com\/inscripciones\/tienda\/\"},{\"@type\":\"ListItem\",\"position\":3,\"name\":\"ADGG035PO &#8211; Herramientas en Internet: Comercio Electr\u00f3nico (80 horas)\"}]},{\"@type\":\"WebSite\",\"@id\":\"https:\/\/mefp.grupopiquer.com\/inscripciones\/#website\",\"url\":\"https:\/\/mefp.grupopiquer.com\/inscripciones\/\",\"name\":\"Contenidos Online\",\"description\":\"\",\"publisher\":{\"@id\":\"https:\/\/mefp.grupopiquer.com\/inscripciones\/#organization\"},\"potentialAction\":[{\"@type\":\"SearchAction\",\"target\":{\"@type\":\"EntryPoint\",\"urlTemplate\":\"https:\/\/mefp.grupopiquer.com\/inscripciones\/?s={search_term_string}\"},\"query-input\":{\"@type\":\"PropertyValueSpecification\",\"valueRequired\":true,\"valueName\":\"search_term_string\"}}],\"inLanguage\":\"es\"},{\"@type\":\"Organization\",\"@id\":\"https:\/\/mefp.grupopiquer.com\/inscripciones\/#organization\",\"name\":\"Contenidos Online\",\"url\":\"https:\/\/mefp.grupopiquer.com\/inscripciones\/\",\"logo\":{\"@type\":\"ImageObject\",\"inLanguage\":\"es\",\"@id\":\"https:\/\/mefp.grupopiquer.com\/inscripciones\/#\/schema\/logo\/image\/\",\"url\":\"\",\"contentUrl\":\"\",\"caption\":\"Contenidos Online\"},\"image\":{\"@id\":\"https:\/\/mefp.grupopiquer.com\/inscripciones\/#\/schema\/logo\/image\/\"}}]}<\/script>\n<!-- \/ Yoast SEO plugin. -->","yoast_head_json":{"title":"ADGG035PO - Herramientas en Internet: Comercio Electr\u00f3nico (80 horas) - Contenidos Online","robots":{"index":"index","follow":"follow","max-snippet":"max-snippet:-1","max-image-preview":"max-image-preview:large","max-video-preview":"max-video-preview:-1"},"canonical":"https:\/\/mefp.grupopiquer.com\/inscripciones\/producto\/adgg035po-herramientas-en-internet-comercio-electronico-80-horas\/","og_locale":"es_ES","og_type":"article","og_title":"ADGG035PO - Herramientas en Internet: Comercio Electr\u00f3nico (80 horas) - Contenidos Online","og_description":"Dominar las principales herramientas existentes en Internet, adquirir los conocimientos en relaci\u00f3n a las t\u00e9cnicas de marketing en la red y ser capaz de publicitar, vender y adquirir productos de modo seguro y eficiente a trav\u00e9s de ella.","og_url":"https:\/\/mefp.grupopiquer.com\/inscripciones\/producto\/adgg035po-herramientas-en-internet-comercio-electronico-80-horas\/","og_site_name":"Contenidos Online","article_modified_time":"2023-06-05T09:11:56+00:00","og_image":[{"width":1500,"height":843,"url":"https:\/\/mefp.grupopiquer.com\/inscripciones\/wp-content\/uploads\/2023\/05\/portada_curso_1-e1685956302526.jpg","type":"image\/jpeg"}],"twitter_card":"summary_large_image","twitter_misc":{"Tiempo de lectura":"2 minutos"},"schema":{"@context":"https:\/\/schema.org","@graph":[{"@type":"WebPage","@id":"https:\/\/mefp.grupopiquer.com\/inscripciones\/producto\/adgg035po-herramientas-en-internet-comercio-electronico-80-horas\/","url":"https:\/\/mefp.grupopiquer.com\/inscripciones\/producto\/adgg035po-herramientas-en-internet-comercio-electronico-80-horas\/","name":"ADGG035PO - Herramientas en Internet: Comercio Electr\u00f3nico (80 horas) - Contenidos Online","isPartOf":{"@id":"https:\/\/mefp.grupopiquer.com\/inscripciones\/#website"},"primaryImageOfPage":{"@id":"https:\/\/mefp.grupopiquer.com\/inscripciones\/producto\/adgg035po-herramientas-en-internet-comercio-electronico-80-horas\/#primaryimage"},"image":{"@id":"https:\/\/mefp.grupopiquer.com\/inscripciones\/producto\/adgg035po-herramientas-en-internet-comercio-electronico-80-horas\/#primaryimage"},"thumbnailUrl":"https:\/\/mefp.grupopiquer.com\/inscripciones\/wp-content\/uploads\/2023\/05\/portada_curso_1-e1685956302526.jpg","datePublished":"2023-05-02T10:55:00+00:00","dateModified":"2023-06-05T09:11:56+00:00","breadcrumb":{"@id":"https:\/\/mefp.grupopiquer.com\/inscripciones\/producto\/adgg035po-herramientas-en-internet-comercio-electronico-80-horas\/#breadcrumb"},"inLanguage":"es","potentialAction":[{"@type":"ReadAction","target":["https:\/\/mefp.grupopiquer.com\/inscripciones\/producto\/adgg035po-herramientas-en-internet-comercio-electronico-80-horas\/"]}]},{"@type":"ImageObject","inLanguage":"es","@id":"https:\/\/mefp.grupopiquer.com\/inscripciones\/producto\/adgg035po-herramientas-en-internet-comercio-electronico-80-horas\/#primaryimage","url":"https:\/\/mefp.grupopiquer.com\/inscripciones\/wp-content\/uploads\/2023\/05\/portada_curso_1-e1685956302526.jpg","contentUrl":"https:\/\/mefp.grupopiquer.com\/inscripciones\/wp-content\/uploads\/2023\/05\/portada_curso_1-e1685956302526.jpg","width":1500,"height":843},{"@type":"BreadcrumbList","@id":"https:\/\/mefp.grupopiquer.com\/inscripciones\/producto\/adgg035po-herramientas-en-internet-comercio-electronico-80-horas\/#breadcrumb","itemListElement":[{"@type":"ListItem","position":1,"name":"Portada","item":"https:\/\/mefp.grupopiquer.com\/inscripciones\/"},{"@type":"ListItem","position":2,"name":"Tienda","item":"https:\/\/mefp.grupopiquer.com\/inscripciones\/tienda\/"},{"@type":"ListItem","position":3,"name":"ADGG035PO &#8211; Herramientas en Internet: Comercio Electr\u00f3nico (80 horas)"}]},{"@type":"WebSite","@id":"https:\/\/mefp.grupopiquer.com\/inscripciones\/#website","url":"https:\/\/mefp.grupopiquer.com\/inscripciones\/","name":"Contenidos Online","description":"","publisher":{"@id":"https:\/\/mefp.grupopiquer.com\/inscripciones\/#organization"},"potentialAction":[{"@type":"SearchAction","target":{"@type":"EntryPoint","urlTemplate":"https:\/\/mefp.grupopiquer.com\/inscripciones\/?s={search_term_string}"},"query-input":{"@type":"PropertyValueSpecification","valueRequired":true,"valueName":"search_term_string"}}],"inLanguage":"es"},{"@type":"Organization","@id":"https:\/\/mefp.grupopiquer.com\/inscripciones\/#organization","name":"Contenidos Online","url":"https:\/\/mefp.grupopiquer.com\/inscripciones\/","logo":{"@type":"ImageObject","inLanguage":"es","@id":"https:\/\/mefp.grupopiquer.com\/inscripciones\/#\/schema\/logo\/image\/","url":"","contentUrl":"","caption":"Contenidos Online"},"image":{"@id":"https:\/\/mefp.grupopiquer.com\/inscripciones\/#\/schema\/logo\/image\/"}}]}},"_links":{"self":[{"href":"https:\/\/mefp.grupopiquer.com\/inscripciones\/wp-json\/wp\/v2\/product\/4382"}],"collection":[{"href":"https:\/\/mefp.grupopiquer.com\/inscripciones\/wp-json\/wp\/v2\/product"}],"about":[{"href":"https:\/\/mefp.grupopiquer.com\/inscripciones\/wp-json\/wp\/v2\/types\/product"}],"replies":[{"embeddable":true,"href":"https:\/\/mefp.grupopiquer.com\/inscripciones\/wp-json\/wp\/v2\/comments?post=4382"}],"wp:featuredmedia":[{"embeddable":true,"href":"https:\/\/mefp.grupopiquer.com\/inscripciones\/wp-json\/wp\/v2\/media\/5513"}],"wp:attachment":[{"href":"https:\/\/mefp.grupopiquer.com\/inscripciones\/wp-json\/wp\/v2\/media?parent=4382"}],"wp:term":[{"taxonomy":"product_cat","embeddable":true,"href":"https:\/\/mefp.grupopiquer.com\/inscripciones\/wp-json\/wp\/v2\/product_cat?post=4382"},{"taxonomy":"product_tag","embeddable":true,"href":"https:\/\/mefp.grupopiquer.com\/inscripciones\/wp-json\/wp\/v2\/product_tag?post=4382"}],"curies":[{"name":"wp","href":"https:\/\/api.w.org\/{rel}","templated":true}]}}