{"id":4378,"date":"2023-05-02T10:54:37","date_gmt":"2023-05-02T10:54:37","guid":{"rendered":"https:\/\/mefp.grupopiquer.com\/inscripciones\/producto\/adgg022po-factura-digital-30-horas\/"},"modified":"2023-05-15T13:50:46","modified_gmt":"2023-05-15T13:50:46","slug":"adgg022po-factura-digital-30-horas","status":"publish","type":"product","link":"https:\/\/mefp.grupopiquer.com\/inscripciones\/producto\/adgg022po-factura-digital-30-horas\/","title":{"rendered":"ADGG022PO &#8211; Factura Digital (30 horas)"},"content":{"rendered":"<div id=\"accordion\">\n<h3>OBJETIVOS<\/h3>\n<div>Proporcionar los conocimientos y habilidades necesarios para introducir la facturaci\u00f3n electr\u00f3nica en el \u00e1mbito de la organizaci\u00f3n, de cara tanto al proceso de emisi\u00f3n como al de recepci\u00f3n, y su integraci\u00f3n en los sistemas contables<\/div>\n<h3>CONTENIDOS<\/h3>\n<div>1. INTRODUCCI\u00d3N<br \/>\n1.1. Introducci\u00f3n<br \/>\n1.2. Factura electr\u00f3nica y firma digital<br \/>\n1.3. Obligaciones de las partes<br \/>\n1.4. Anexo. Obtenci\u00f3n de certificados digitales FNMT<\/p>\n<p>2. LEGISLACI\u00d3N<br \/>\n2.1. Firma electr\u00f3nica. Ley 59\/2003<br \/>\n2.2. Impulso de la Sociedad de la Informaci\u00f3n<\/p>\n<p>3. FACTURA ELECTR\u00d3NICA Y FORMATO<br \/>\n3.1. Formato Facturae<br \/>\n3.2. Datos administrativos<br \/>\n3.3. Contenidos de la factura y l\u00edneas de detalle<\/p>\n<p>4. GESTI\u00d3N B\u00c1SICA DE LA FACTURACI\u00d3N ELECTR\u00d3NICA<br \/>\n4.1. Gesti\u00f3n b\u00e1sica de la facturaci\u00f3n electr\u00f3nica<br \/>\n4.2. Gesti\u00f3n de emisores<br \/>\n4.3. Gesti\u00f3n de receptores<br \/>\n4.4. Conceptos de facturaci\u00f3n. Productos y servicios<br \/>\n4.5. Configuraciones adicionales<br \/>\n4.6. Borradores de facturas. Facturas proforma<br \/>\n4.7. Emisi\u00f3n de facturas<br \/>\n4.8. Env\u00edo de facturas<br \/>\n4.9. Rectificaci\u00f3n de facturas<br \/>\n4.10. Recepci\u00f3n de facturas<br \/>\n4.11. Visualizaci\u00f3n e impresi\u00f3n<br \/>\n4.12. B\u00fasqueda<br \/>\n4.13. Generaci\u00f3n de libros de IVA<br \/>\n4.14. Exportaci\u00f3n e importaci\u00f3n de facturas<br \/>\n4.15. Ficheros XML Facturae<\/p>\n<p>5. HERRAMIENTAS AVANZADAS<br \/>\n5.1. PDF417<br \/>\n5.2. Introducci\u00f3n<br \/>\n5.3. Legislaci\u00f3n<br \/>\n5.4. Factura electr\u00f3nica y formato facturae<br \/>\n5.5. Gesti\u00f3n b\u00e1sica de la facturaci\u00f3n electr\u00f3nica<\/p>\n<\/div>\n<\/div>\n","protected":false},"excerpt":{"rendered":"<p>Proporcionar los conocimientos y habilidades necesarios para introducir la facturaci\u00f3n electr\u00f3nica en el \u00e1mbito de la organizaci\u00f3n, de cara tanto al proceso de emisi\u00f3n como al de recepci\u00f3n, y su integraci\u00f3n en los sistemas contables<\/p>\n","protected":false},"featured_media":5530,"comment_status":"closed","ping_status":"closed","template":"","meta":[],"product_cat":[125],"product_tag":[],"class_list":{"0":"post-4378","1":"product","2":"type-product","3":"status-publish","4":"has-post-thumbnail","6":"product_cat-gestion-de-la-informacion-y-comunicacion","8":"first","9":"instock","10":"taxable","11":"shipping-taxable","12":"purchasable","13":"product-type-simple"},"yoast_head":"<!-- This site is optimized with the Yoast SEO plugin v23.5 - https:\/\/yoast.com\/wordpress\/plugins\/seo\/ -->\n<title>ADGG022PO - Factura Digital (30 horas) - Contenidos Online<\/title>\n<meta name=\"robots\" content=\"index, follow, max-snippet:-1, max-image-preview:large, max-video-preview:-1\" \/>\n<link rel=\"canonical\" href=\"https:\/\/mefp.grupopiquer.com\/inscripciones\/producto\/adgg022po-factura-digital-30-horas\/\" \/>\n<meta property=\"og:locale\" content=\"es_ES\" \/>\n<meta property=\"og:type\" content=\"article\" \/>\n<meta property=\"og:title\" content=\"ADGG022PO - Factura Digital (30 horas) - Contenidos Online\" \/>\n<meta property=\"og:description\" content=\"Proporcionar los conocimientos y habilidades necesarios para introducir la facturaci\u00f3n electr\u00f3nica en el \u00e1mbito de la organizaci\u00f3n, de cara tanto al proceso de emisi\u00f3n como al de recepci\u00f3n, y su integraci\u00f3n en los sistemas contables\" \/>\n<meta property=\"og:url\" content=\"https:\/\/mefp.grupopiquer.com\/inscripciones\/producto\/adgg022po-factura-digital-30-horas\/\" \/>\n<meta property=\"og:site_name\" content=\"Contenidos Online\" \/>\n<meta property=\"article:modified_time\" content=\"2023-05-15T13:50:46+00:00\" \/>\n<meta property=\"og:image\" content=\"https:\/\/mefp.grupopiquer.com\/inscripciones\/wp-content\/uploads\/2023\/05\/e4hhdtsh6axDnAlL_DWSwDephhDkq-Bh7-e1683560960512.jpg\" \/>\n\t<meta property=\"og:image:width\" content=\"1680\" \/>\n\t<meta property=\"og:image:height\" content=\"945\" \/>\n\t<meta property=\"og:image:type\" content=\"image\/jpeg\" \/>\n<meta name=\"twitter:card\" content=\"summary_large_image\" \/>\n<meta name=\"twitter:label1\" content=\"Tiempo de lectura\" \/>\n\t<meta name=\"twitter:data1\" content=\"1 minuto\" \/>\n<script type=\"application\/ld+json\" class=\"yoast-schema-graph\">{\"@context\":\"https:\/\/schema.org\",\"@graph\":[{\"@type\":\"WebPage\",\"@id\":\"https:\/\/mefp.grupopiquer.com\/inscripciones\/producto\/adgg022po-factura-digital-30-horas\/\",\"url\":\"https:\/\/mefp.grupopiquer.com\/inscripciones\/producto\/adgg022po-factura-digital-30-horas\/\",\"name\":\"ADGG022PO - Factura Digital (30 horas) - Contenidos Online\",\"isPartOf\":{\"@id\":\"https:\/\/mefp.grupopiquer.com\/inscripciones\/#website\"},\"primaryImageOfPage\":{\"@id\":\"https:\/\/mefp.grupopiquer.com\/inscripciones\/producto\/adgg022po-factura-digital-30-horas\/#primaryimage\"},\"image\":{\"@id\":\"https:\/\/mefp.grupopiquer.com\/inscripciones\/producto\/adgg022po-factura-digital-30-horas\/#primaryimage\"},\"thumbnailUrl\":\"https:\/\/mefp.grupopiquer.com\/inscripciones\/wp-content\/uploads\/2023\/05\/e4hhdtsh6axDnAlL_DWSwDephhDkq-Bh7-e1683560960512.jpg\",\"datePublished\":\"2023-05-02T10:54:37+00:00\",\"dateModified\":\"2023-05-15T13:50:46+00:00\",\"breadcrumb\":{\"@id\":\"https:\/\/mefp.grupopiquer.com\/inscripciones\/producto\/adgg022po-factura-digital-30-horas\/#breadcrumb\"},\"inLanguage\":\"es\",\"potentialAction\":[{\"@type\":\"ReadAction\",\"target\":[\"https:\/\/mefp.grupopiquer.com\/inscripciones\/producto\/adgg022po-factura-digital-30-horas\/\"]}]},{\"@type\":\"ImageObject\",\"inLanguage\":\"es\",\"@id\":\"https:\/\/mefp.grupopiquer.com\/inscripciones\/producto\/adgg022po-factura-digital-30-horas\/#primaryimage\",\"url\":\"https:\/\/mefp.grupopiquer.com\/inscripciones\/wp-content\/uploads\/2023\/05\/e4hhdtsh6axDnAlL_DWSwDephhDkq-Bh7-e1683560960512.jpg\",\"contentUrl\":\"https:\/\/mefp.grupopiquer.com\/inscripciones\/wp-content\/uploads\/2023\/05\/e4hhdtsh6axDnAlL_DWSwDephhDkq-Bh7-e1683560960512.jpg\",\"width\":1680,\"height\":945},{\"@type\":\"BreadcrumbList\",\"@id\":\"https:\/\/mefp.grupopiquer.com\/inscripciones\/producto\/adgg022po-factura-digital-30-horas\/#breadcrumb\",\"itemListElement\":[{\"@type\":\"ListItem\",\"position\":1,\"name\":\"Portada\",\"item\":\"https:\/\/mefp.grupopiquer.com\/inscripciones\/\"},{\"@type\":\"ListItem\",\"position\":2,\"name\":\"Tienda\",\"item\":\"https:\/\/mefp.grupopiquer.com\/inscripciones\/tienda\/\"},{\"@type\":\"ListItem\",\"position\":3,\"name\":\"ADGG022PO &#8211; Factura Digital (30 horas)\"}]},{\"@type\":\"WebSite\",\"@id\":\"https:\/\/mefp.grupopiquer.com\/inscripciones\/#website\",\"url\":\"https:\/\/mefp.grupopiquer.com\/inscripciones\/\",\"name\":\"Contenidos Online\",\"description\":\"\",\"publisher\":{\"@id\":\"https:\/\/mefp.grupopiquer.com\/inscripciones\/#organization\"},\"potentialAction\":[{\"@type\":\"SearchAction\",\"target\":{\"@type\":\"EntryPoint\",\"urlTemplate\":\"https:\/\/mefp.grupopiquer.com\/inscripciones\/?s={search_term_string}\"},\"query-input\":{\"@type\":\"PropertyValueSpecification\",\"valueRequired\":true,\"valueName\":\"search_term_string\"}}],\"inLanguage\":\"es\"},{\"@type\":\"Organization\",\"@id\":\"https:\/\/mefp.grupopiquer.com\/inscripciones\/#organization\",\"name\":\"Contenidos Online\",\"url\":\"https:\/\/mefp.grupopiquer.com\/inscripciones\/\",\"logo\":{\"@type\":\"ImageObject\",\"inLanguage\":\"es\",\"@id\":\"https:\/\/mefp.grupopiquer.com\/inscripciones\/#\/schema\/logo\/image\/\",\"url\":\"\",\"contentUrl\":\"\",\"caption\":\"Contenidos Online\"},\"image\":{\"@id\":\"https:\/\/mefp.grupopiquer.com\/inscripciones\/#\/schema\/logo\/image\/\"}}]}<\/script>\n<!-- \/ Yoast SEO plugin. -->","yoast_head_json":{"title":"ADGG022PO - Factura Digital (30 horas) - Contenidos Online","robots":{"index":"index","follow":"follow","max-snippet":"max-snippet:-1","max-image-preview":"max-image-preview:large","max-video-preview":"max-video-preview:-1"},"canonical":"https:\/\/mefp.grupopiquer.com\/inscripciones\/producto\/adgg022po-factura-digital-30-horas\/","og_locale":"es_ES","og_type":"article","og_title":"ADGG022PO - Factura Digital (30 horas) - Contenidos Online","og_description":"Proporcionar los conocimientos y habilidades necesarios para introducir la facturaci\u00f3n electr\u00f3nica en el \u00e1mbito de la organizaci\u00f3n, de cara tanto al proceso de emisi\u00f3n como al de recepci\u00f3n, y su integraci\u00f3n en los sistemas contables","og_url":"https:\/\/mefp.grupopiquer.com\/inscripciones\/producto\/adgg022po-factura-digital-30-horas\/","og_site_name":"Contenidos Online","article_modified_time":"2023-05-15T13:50:46+00:00","og_image":[{"width":1680,"height":945,"url":"https:\/\/mefp.grupopiquer.com\/inscripciones\/wp-content\/uploads\/2023\/05\/e4hhdtsh6axDnAlL_DWSwDephhDkq-Bh7-e1683560960512.jpg","type":"image\/jpeg"}],"twitter_card":"summary_large_image","twitter_misc":{"Tiempo de lectura":"1 minuto"},"schema":{"@context":"https:\/\/schema.org","@graph":[{"@type":"WebPage","@id":"https:\/\/mefp.grupopiquer.com\/inscripciones\/producto\/adgg022po-factura-digital-30-horas\/","url":"https:\/\/mefp.grupopiquer.com\/inscripciones\/producto\/adgg022po-factura-digital-30-horas\/","name":"ADGG022PO - Factura Digital (30 horas) - Contenidos Online","isPartOf":{"@id":"https:\/\/mefp.grupopiquer.com\/inscripciones\/#website"},"primaryImageOfPage":{"@id":"https:\/\/mefp.grupopiquer.com\/inscripciones\/producto\/adgg022po-factura-digital-30-horas\/#primaryimage"},"image":{"@id":"https:\/\/mefp.grupopiquer.com\/inscripciones\/producto\/adgg022po-factura-digital-30-horas\/#primaryimage"},"thumbnailUrl":"https:\/\/mefp.grupopiquer.com\/inscripciones\/wp-content\/uploads\/2023\/05\/e4hhdtsh6axDnAlL_DWSwDephhDkq-Bh7-e1683560960512.jpg","datePublished":"2023-05-02T10:54:37+00:00","dateModified":"2023-05-15T13:50:46+00:00","breadcrumb":{"@id":"https:\/\/mefp.grupopiquer.com\/inscripciones\/producto\/adgg022po-factura-digital-30-horas\/#breadcrumb"},"inLanguage":"es","potentialAction":[{"@type":"ReadAction","target":["https:\/\/mefp.grupopiquer.com\/inscripciones\/producto\/adgg022po-factura-digital-30-horas\/"]}]},{"@type":"ImageObject","inLanguage":"es","@id":"https:\/\/mefp.grupopiquer.com\/inscripciones\/producto\/adgg022po-factura-digital-30-horas\/#primaryimage","url":"https:\/\/mefp.grupopiquer.com\/inscripciones\/wp-content\/uploads\/2023\/05\/e4hhdtsh6axDnAlL_DWSwDephhDkq-Bh7-e1683560960512.jpg","contentUrl":"https:\/\/mefp.grupopiquer.com\/inscripciones\/wp-content\/uploads\/2023\/05\/e4hhdtsh6axDnAlL_DWSwDephhDkq-Bh7-e1683560960512.jpg","width":1680,"height":945},{"@type":"BreadcrumbList","@id":"https:\/\/mefp.grupopiquer.com\/inscripciones\/producto\/adgg022po-factura-digital-30-horas\/#breadcrumb","itemListElement":[{"@type":"ListItem","position":1,"name":"Portada","item":"https:\/\/mefp.grupopiquer.com\/inscripciones\/"},{"@type":"ListItem","position":2,"name":"Tienda","item":"https:\/\/mefp.grupopiquer.com\/inscripciones\/tienda\/"},{"@type":"ListItem","position":3,"name":"ADGG022PO &#8211; Factura Digital (30 horas)"}]},{"@type":"WebSite","@id":"https:\/\/mefp.grupopiquer.com\/inscripciones\/#website","url":"https:\/\/mefp.grupopiquer.com\/inscripciones\/","name":"Contenidos Online","description":"","publisher":{"@id":"https:\/\/mefp.grupopiquer.com\/inscripciones\/#organization"},"potentialAction":[{"@type":"SearchAction","target":{"@type":"EntryPoint","urlTemplate":"https:\/\/mefp.grupopiquer.com\/inscripciones\/?s={search_term_string}"},"query-input":{"@type":"PropertyValueSpecification","valueRequired":true,"valueName":"search_term_string"}}],"inLanguage":"es"},{"@type":"Organization","@id":"https:\/\/mefp.grupopiquer.com\/inscripciones\/#organization","name":"Contenidos Online","url":"https:\/\/mefp.grupopiquer.com\/inscripciones\/","logo":{"@type":"ImageObject","inLanguage":"es","@id":"https:\/\/mefp.grupopiquer.com\/inscripciones\/#\/schema\/logo\/image\/","url":"","contentUrl":"","caption":"Contenidos Online"},"image":{"@id":"https:\/\/mefp.grupopiquer.com\/inscripciones\/#\/schema\/logo\/image\/"}}]}},"_links":{"self":[{"href":"https:\/\/mefp.grupopiquer.com\/inscripciones\/wp-json\/wp\/v2\/product\/4378"}],"collection":[{"href":"https:\/\/mefp.grupopiquer.com\/inscripciones\/wp-json\/wp\/v2\/product"}],"about":[{"href":"https:\/\/mefp.grupopiquer.com\/inscripciones\/wp-json\/wp\/v2\/types\/product"}],"replies":[{"embeddable":true,"href":"https:\/\/mefp.grupopiquer.com\/inscripciones\/wp-json\/wp\/v2\/comments?post=4378"}],"wp:featuredmedia":[{"embeddable":true,"href":"https:\/\/mefp.grupopiquer.com\/inscripciones\/wp-json\/wp\/v2\/media\/5530"}],"wp:attachment":[{"href":"https:\/\/mefp.grupopiquer.com\/inscripciones\/wp-json\/wp\/v2\/media?parent=4378"}],"wp:term":[{"taxonomy":"product_cat","embeddable":true,"href":"https:\/\/mefp.grupopiquer.com\/inscripciones\/wp-json\/wp\/v2\/product_cat?post=4378"},{"taxonomy":"product_tag","embeddable":true,"href":"https:\/\/mefp.grupopiquer.com\/inscripciones\/wp-json\/wp\/v2\/product_tag?post=4378"}],"curies":[{"name":"wp","href":"https:\/\/api.w.org\/{rel}","templated":true}]}}