{"id":4374,"date":"2023-05-02T10:54:14","date_gmt":"2023-05-02T10:54:14","guid":{"rendered":"https:\/\/mefp.grupopiquer.com\/inscripciones\/producto\/adgg020po-excel-avanzado-20-horas\/"},"modified":"2023-05-15T13:49:00","modified_gmt":"2023-05-15T13:49:00","slug":"adgg020po-excel-avanzado-20-horas","status":"publish","type":"product","link":"https:\/\/mefp.grupopiquer.com\/inscripciones\/producto\/adgg020po-excel-avanzado-20-horas\/","title":{"rendered":"ADGG020PO &#8211; Excel Avanzado (20 horas)"},"content":{"rendered":"<div id=\"accordion\">\n<h3>OBJETIVOS<\/h3>\n<div>Aplicaci\u00f3n y dise\u00f1o de funciones avanzadas de Excel, trabajo con datos externos e interconexi\u00f3n de Excel y Access.<\/div>\n<h3>CONTENIDOS<\/h3>\n<div>1. FUNCIONES.<br \/>\n1.1. Anidar funciones.<\/p>\n<p>2. BASES DE DATOS.<br \/>\n2.1. Filtros avanzados.<br \/>\n2.2. Validaci\u00f3n de datos.<br \/>\n2.3. Depurar bases de datos: valores \u00fanicos.<\/p>\n<p>3. FORMULARIOS: BOTONES DE FORMULARIOS.<\/p>\n<p>4. VISTAS.<br \/>\n4.1. Agrupar y desagrupar.<br \/>\n4.2. Autoesquema.<\/p>\n<p>5. ESTRUCTURAS DE CONTROL.<br \/>\n5.1. Dominio de tablas din\u00e1micas.<br \/>\n5.2. Consolidaci\u00f3n de datos.<\/p>\n<p>6. AN\u00c1LISIS DE DATOS.<br \/>\n6.1. Buscar objetivo.<br \/>\n6.2. Escenarios.<br \/>\n6.3. Tablas de una y dos variables.<\/p>\n<p>7. SOLVER: PLANTILLAS.<\/p>\n<p>8. MACROS.<br \/>\n8.1. Grabaci\u00f3n de macros. Creaci\u00f3n de macros.<br \/>\n8.2. Reproducci\u00f3n de macros.<br \/>\n8.3. Eliminaci\u00f3n de macros.<br \/>\n8.4. Crear iconos y botones que ejecuten macros.<br \/>\n8.5. Seguridad de macros.<\/p>\n<p>9. OBTENCI\u00d3N DE DATOS EXTERNOS.<br \/>\n9.1. Desde Access<br \/>\n9.2. Desde texto.<br \/>\n9.3. Otras posibilidades.<br \/>\n9.4. Conexi\u00f3n con Access: Importaci\u00f3n. Vinculaci\u00f3n.<\/p>\n<p>10. RANGOS.<br \/>\n10.1. Nombres.<br \/>\n10.2. Modificar rangos.<br \/>\n10.3. Quitar duplicados.<\/p>\n<p>11. INSERCI\u00d3N DE OBJETOS.\n<\/p><\/div>\n<\/div>\n","protected":false},"excerpt":{"rendered":"<p>Aplicaci\u00f3n y dise\u00f1o de funciones avanzadas de Excel, trabajo con datos externos e interconexi\u00f3n de Excel y Access.<\/p>\n","protected":false},"featured_media":4987,"comment_status":"closed","ping_status":"closed","template":"","meta":[],"product_cat":[125],"product_tag":[],"class_list":{"0":"post-4374","1":"product","2":"type-product","3":"status-publish","4":"has-post-thumbnail","6":"product_cat-gestion-de-la-informacion-y-comunicacion","8":"first","9":"instock","10":"taxable","11":"shipping-taxable","12":"purchasable","13":"product-type-simple"},"yoast_head":"<!-- This site is optimized with the Yoast SEO plugin v23.5 - https:\/\/yoast.com\/wordpress\/plugins\/seo\/ -->\n<title>ADGG020PO - Excel Avanzado (20 horas) - Contenidos Online<\/title>\n<meta name=\"robots\" content=\"index, follow, max-snippet:-1, max-image-preview:large, max-video-preview:-1\" \/>\n<link rel=\"canonical\" href=\"https:\/\/mefp.grupopiquer.com\/inscripciones\/producto\/adgg020po-excel-avanzado-20-horas\/\" \/>\n<meta property=\"og:locale\" content=\"es_ES\" \/>\n<meta property=\"og:type\" content=\"article\" \/>\n<meta property=\"og:title\" content=\"ADGG020PO - Excel Avanzado (20 horas) - Contenidos Online\" \/>\n<meta property=\"og:description\" content=\"Aplicaci\u00f3n y dise\u00f1o de funciones avanzadas de Excel, trabajo con datos externos e interconexi\u00f3n de Excel y Access.\" \/>\n<meta property=\"og:url\" content=\"https:\/\/mefp.grupopiquer.com\/inscripciones\/producto\/adgg020po-excel-avanzado-20-horas\/\" \/>\n<meta property=\"og:site_name\" content=\"Contenidos Online\" \/>\n<meta property=\"article:modified_time\" content=\"2023-05-15T13:49:00+00:00\" \/>\n<meta property=\"og:image\" content=\"https:\/\/mefp.grupopiquer.com\/inscripciones\/wp-content\/uploads\/2023\/05\/pexels-vojtech-okenka-392018-e1683205915919.jpg\" \/>\n\t<meta property=\"og:image:width\" content=\"1920\" \/>\n\t<meta property=\"og:image:height\" content=\"1080\" \/>\n\t<meta property=\"og:image:type\" content=\"image\/jpeg\" \/>\n<meta name=\"twitter:card\" content=\"summary_large_image\" \/>\n<meta name=\"twitter:label1\" content=\"Tiempo de lectura\" \/>\n\t<meta name=\"twitter:data1\" content=\"1 minuto\" \/>\n<script type=\"application\/ld+json\" class=\"yoast-schema-graph\">{\"@context\":\"https:\/\/schema.org\",\"@graph\":[{\"@type\":\"WebPage\",\"@id\":\"https:\/\/mefp.grupopiquer.com\/inscripciones\/producto\/adgg020po-excel-avanzado-20-horas\/\",\"url\":\"https:\/\/mefp.grupopiquer.com\/inscripciones\/producto\/adgg020po-excel-avanzado-20-horas\/\",\"name\":\"ADGG020PO - Excel Avanzado (20 horas) - Contenidos Online\",\"isPartOf\":{\"@id\":\"https:\/\/mefp.grupopiquer.com\/inscripciones\/#website\"},\"primaryImageOfPage\":{\"@id\":\"https:\/\/mefp.grupopiquer.com\/inscripciones\/producto\/adgg020po-excel-avanzado-20-horas\/#primaryimage\"},\"image\":{\"@id\":\"https:\/\/mefp.grupopiquer.com\/inscripciones\/producto\/adgg020po-excel-avanzado-20-horas\/#primaryimage\"},\"thumbnailUrl\":\"https:\/\/mefp.grupopiquer.com\/inscripciones\/wp-content\/uploads\/2023\/05\/pexels-vojtech-okenka-392018-e1683205915919.jpg\",\"datePublished\":\"2023-05-02T10:54:14+00:00\",\"dateModified\":\"2023-05-15T13:49:00+00:00\",\"breadcrumb\":{\"@id\":\"https:\/\/mefp.grupopiquer.com\/inscripciones\/producto\/adgg020po-excel-avanzado-20-horas\/#breadcrumb\"},\"inLanguage\":\"es\",\"potentialAction\":[{\"@type\":\"ReadAction\",\"target\":[\"https:\/\/mefp.grupopiquer.com\/inscripciones\/producto\/adgg020po-excel-avanzado-20-horas\/\"]}]},{\"@type\":\"ImageObject\",\"inLanguage\":\"es\",\"@id\":\"https:\/\/mefp.grupopiquer.com\/inscripciones\/producto\/adgg020po-excel-avanzado-20-horas\/#primaryimage\",\"url\":\"https:\/\/mefp.grupopiquer.com\/inscripciones\/wp-content\/uploads\/2023\/05\/pexels-vojtech-okenka-392018-e1683205915919.jpg\",\"contentUrl\":\"https:\/\/mefp.grupopiquer.com\/inscripciones\/wp-content\/uploads\/2023\/05\/pexels-vojtech-okenka-392018-e1683205915919.jpg\",\"width\":1920,\"height\":1080},{\"@type\":\"BreadcrumbList\",\"@id\":\"https:\/\/mefp.grupopiquer.com\/inscripciones\/producto\/adgg020po-excel-avanzado-20-horas\/#breadcrumb\",\"itemListElement\":[{\"@type\":\"ListItem\",\"position\":1,\"name\":\"Portada\",\"item\":\"https:\/\/mefp.grupopiquer.com\/inscripciones\/\"},{\"@type\":\"ListItem\",\"position\":2,\"name\":\"Tienda\",\"item\":\"https:\/\/mefp.grupopiquer.com\/inscripciones\/tienda\/\"},{\"@type\":\"ListItem\",\"position\":3,\"name\":\"ADGG020PO &#8211; Excel Avanzado (20 horas)\"}]},{\"@type\":\"WebSite\",\"@id\":\"https:\/\/mefp.grupopiquer.com\/inscripciones\/#website\",\"url\":\"https:\/\/mefp.grupopiquer.com\/inscripciones\/\",\"name\":\"Contenidos Online\",\"description\":\"\",\"publisher\":{\"@id\":\"https:\/\/mefp.grupopiquer.com\/inscripciones\/#organization\"},\"potentialAction\":[{\"@type\":\"SearchAction\",\"target\":{\"@type\":\"EntryPoint\",\"urlTemplate\":\"https:\/\/mefp.grupopiquer.com\/inscripciones\/?s={search_term_string}\"},\"query-input\":{\"@type\":\"PropertyValueSpecification\",\"valueRequired\":true,\"valueName\":\"search_term_string\"}}],\"inLanguage\":\"es\"},{\"@type\":\"Organization\",\"@id\":\"https:\/\/mefp.grupopiquer.com\/inscripciones\/#organization\",\"name\":\"Contenidos Online\",\"url\":\"https:\/\/mefp.grupopiquer.com\/inscripciones\/\",\"logo\":{\"@type\":\"ImageObject\",\"inLanguage\":\"es\",\"@id\":\"https:\/\/mefp.grupopiquer.com\/inscripciones\/#\/schema\/logo\/image\/\",\"url\":\"\",\"contentUrl\":\"\",\"caption\":\"Contenidos Online\"},\"image\":{\"@id\":\"https:\/\/mefp.grupopiquer.com\/inscripciones\/#\/schema\/logo\/image\/\"}}]}<\/script>\n<!-- \/ Yoast SEO plugin. -->","yoast_head_json":{"title":"ADGG020PO - Excel Avanzado (20 horas) - Contenidos Online","robots":{"index":"index","follow":"follow","max-snippet":"max-snippet:-1","max-image-preview":"max-image-preview:large","max-video-preview":"max-video-preview:-1"},"canonical":"https:\/\/mefp.grupopiquer.com\/inscripciones\/producto\/adgg020po-excel-avanzado-20-horas\/","og_locale":"es_ES","og_type":"article","og_title":"ADGG020PO - Excel Avanzado (20 horas) - Contenidos Online","og_description":"Aplicaci\u00f3n y dise\u00f1o de funciones avanzadas de Excel, trabajo con datos externos e interconexi\u00f3n de Excel y Access.","og_url":"https:\/\/mefp.grupopiquer.com\/inscripciones\/producto\/adgg020po-excel-avanzado-20-horas\/","og_site_name":"Contenidos Online","article_modified_time":"2023-05-15T13:49:00+00:00","og_image":[{"width":1920,"height":1080,"url":"https:\/\/mefp.grupopiquer.com\/inscripciones\/wp-content\/uploads\/2023\/05\/pexels-vojtech-okenka-392018-e1683205915919.jpg","type":"image\/jpeg"}],"twitter_card":"summary_large_image","twitter_misc":{"Tiempo de lectura":"1 minuto"},"schema":{"@context":"https:\/\/schema.org","@graph":[{"@type":"WebPage","@id":"https:\/\/mefp.grupopiquer.com\/inscripciones\/producto\/adgg020po-excel-avanzado-20-horas\/","url":"https:\/\/mefp.grupopiquer.com\/inscripciones\/producto\/adgg020po-excel-avanzado-20-horas\/","name":"ADGG020PO - Excel Avanzado (20 horas) - Contenidos Online","isPartOf":{"@id":"https:\/\/mefp.grupopiquer.com\/inscripciones\/#website"},"primaryImageOfPage":{"@id":"https:\/\/mefp.grupopiquer.com\/inscripciones\/producto\/adgg020po-excel-avanzado-20-horas\/#primaryimage"},"image":{"@id":"https:\/\/mefp.grupopiquer.com\/inscripciones\/producto\/adgg020po-excel-avanzado-20-horas\/#primaryimage"},"thumbnailUrl":"https:\/\/mefp.grupopiquer.com\/inscripciones\/wp-content\/uploads\/2023\/05\/pexels-vojtech-okenka-392018-e1683205915919.jpg","datePublished":"2023-05-02T10:54:14+00:00","dateModified":"2023-05-15T13:49:00+00:00","breadcrumb":{"@id":"https:\/\/mefp.grupopiquer.com\/inscripciones\/producto\/adgg020po-excel-avanzado-20-horas\/#breadcrumb"},"inLanguage":"es","potentialAction":[{"@type":"ReadAction","target":["https:\/\/mefp.grupopiquer.com\/inscripciones\/producto\/adgg020po-excel-avanzado-20-horas\/"]}]},{"@type":"ImageObject","inLanguage":"es","@id":"https:\/\/mefp.grupopiquer.com\/inscripciones\/producto\/adgg020po-excel-avanzado-20-horas\/#primaryimage","url":"https:\/\/mefp.grupopiquer.com\/inscripciones\/wp-content\/uploads\/2023\/05\/pexels-vojtech-okenka-392018-e1683205915919.jpg","contentUrl":"https:\/\/mefp.grupopiquer.com\/inscripciones\/wp-content\/uploads\/2023\/05\/pexels-vojtech-okenka-392018-e1683205915919.jpg","width":1920,"height":1080},{"@type":"BreadcrumbList","@id":"https:\/\/mefp.grupopiquer.com\/inscripciones\/producto\/adgg020po-excel-avanzado-20-horas\/#breadcrumb","itemListElement":[{"@type":"ListItem","position":1,"name":"Portada","item":"https:\/\/mefp.grupopiquer.com\/inscripciones\/"},{"@type":"ListItem","position":2,"name":"Tienda","item":"https:\/\/mefp.grupopiquer.com\/inscripciones\/tienda\/"},{"@type":"ListItem","position":3,"name":"ADGG020PO &#8211; Excel Avanzado (20 horas)"}]},{"@type":"WebSite","@id":"https:\/\/mefp.grupopiquer.com\/inscripciones\/#website","url":"https:\/\/mefp.grupopiquer.com\/inscripciones\/","name":"Contenidos Online","description":"","publisher":{"@id":"https:\/\/mefp.grupopiquer.com\/inscripciones\/#organization"},"potentialAction":[{"@type":"SearchAction","target":{"@type":"EntryPoint","urlTemplate":"https:\/\/mefp.grupopiquer.com\/inscripciones\/?s={search_term_string}"},"query-input":{"@type":"PropertyValueSpecification","valueRequired":true,"valueName":"search_term_string"}}],"inLanguage":"es"},{"@type":"Organization","@id":"https:\/\/mefp.grupopiquer.com\/inscripciones\/#organization","name":"Contenidos Online","url":"https:\/\/mefp.grupopiquer.com\/inscripciones\/","logo":{"@type":"ImageObject","inLanguage":"es","@id":"https:\/\/mefp.grupopiquer.com\/inscripciones\/#\/schema\/logo\/image\/","url":"","contentUrl":"","caption":"Contenidos Online"},"image":{"@id":"https:\/\/mefp.grupopiquer.com\/inscripciones\/#\/schema\/logo\/image\/"}}]}},"_links":{"self":[{"href":"https:\/\/mefp.grupopiquer.com\/inscripciones\/wp-json\/wp\/v2\/product\/4374"}],"collection":[{"href":"https:\/\/mefp.grupopiquer.com\/inscripciones\/wp-json\/wp\/v2\/product"}],"about":[{"href":"https:\/\/mefp.grupopiquer.com\/inscripciones\/wp-json\/wp\/v2\/types\/product"}],"replies":[{"embeddable":true,"href":"https:\/\/mefp.grupopiquer.com\/inscripciones\/wp-json\/wp\/v2\/comments?post=4374"}],"wp:featuredmedia":[{"embeddable":true,"href":"https:\/\/mefp.grupopiquer.com\/inscripciones\/wp-json\/wp\/v2\/media\/4987"}],"wp:attachment":[{"href":"https:\/\/mefp.grupopiquer.com\/inscripciones\/wp-json\/wp\/v2\/media?parent=4374"}],"wp:term":[{"taxonomy":"product_cat","embeddable":true,"href":"https:\/\/mefp.grupopiquer.com\/inscripciones\/wp-json\/wp\/v2\/product_cat?post=4374"},{"taxonomy":"product_tag","embeddable":true,"href":"https:\/\/mefp.grupopiquer.com\/inscripciones\/wp-json\/wp\/v2\/product_tag?post=4374"}],"curies":[{"name":"wp","href":"https:\/\/api.w.org\/{rel}","templated":true}]}}