{"id":4372,"date":"2023-05-02T10:54:02","date_gmt":"2023-05-02T10:54:02","guid":{"rendered":"https:\/\/mefp.grupopiquer.com\/inscripciones\/producto\/adgg010po-comercio-electronico-40-horas\/"},"modified":"2023-05-17T09:05:50","modified_gmt":"2023-05-17T09:05:50","slug":"adgg010po-comercio-electronico-40-horas","status":"publish","type":"product","link":"https:\/\/mefp.grupopiquer.com\/inscripciones\/producto\/adgg010po-comercio-electronico-40-horas\/","title":{"rendered":"ADGG010PO &#8211; Comercio Electr\u00f3nico (40 horas)"},"content":{"rendered":"<div id=\"accordion\">\n<h3>OBJETIVOS<\/h3>\n<div>Adquirir conocimientos sobre los fundamentos, procedimientos y herramientas disponibles en internet para el marketing y la comercializaci\u00f3n electr\u00f3nica dentro del marco legal y conforme a los medios de pago m\u00e1s utilizados.<\/div>\n<h3>CONTENIDOS<\/h3>\n<div>1. INTRODUCCI\u00d3N<br \/>\n1.1. La sociedad de la informaci\u00f3n. Las nuevas tecnolog\u00edas de la informaci\u00f3n y la comunicaci\u00f3n.<br \/>\n1.2. Nuevos medios: internet y el comercio. Internet y la empresa.<\/p>\n<p>2. EL COMERCIO ELECTR\u00d3NICO<br \/>\n2.1. Concepto.<br \/>\n2.2. Negocios en la red. Modelos de negocio.<br \/>\n2.3. Ventajas e inconvenientes frente al mercado tradicional.<br \/>\n2.4. Tipos de comercio electr\u00f3nico. Comercio electr\u00f3nico.<br \/>\n2.5. Relaci\u00f3n cliente-proveedor.<br \/>\n2.6. El proceso de compra.<br \/>\n2.7. Comercio electr\u00f3nico seg\u00fan el medio utilizado.<\/p>\n<p>3. LA TIENDA ELECTR\u00d3NICA<br \/>\n3.1. Promoci\u00f3n sitios webs.<br \/>\n3.2. Tiendas virtuales o productos.<br \/>\n3.3. Servicios en internet y medios digitales.<\/p>\n<p>4. MARKETING EN LA RED<br \/>\n4.1. Marketing &#8220;one to one&#8221;. El cliente &#8220;on line&#8221;.<br \/>\n4.2. Herramientas de gesti\u00f3n y administraci\u00f3n de un sitio web.<br \/>\n(Este ep\u00edgrafe s\u00f3lo se cumplimentar\u00e1 si existen requisitos legales para el ejercicio de la profesi\u00f3n).<br \/>\n4.3. Plan de marketing on line.<br \/>\n4.4. Herramientas clave: comunicaci\u00f3n y log\u00edstica.<br \/>\n4.5. El proceso de venta por Internet.<br \/>\n4.6. T\u00e9cnicas de captaci\u00f3n y fidelizaci\u00f3n de clientes. Conceptos relacionados.<br \/>\n4.7. Soportes para el comercio electr\u00f3nico. E-Recursos humanos.<br \/>\n4.8. Los infomediarios. Proveedores de soluciones.<\/p>\n<p>5. CRM. ESTRATEGIAS Y T\u00c9CNICAS PARA LA CONFECCI\u00d3N DE CAMPA\u00d1AS DE MARKETING Y PUBLICIDAD ONLINE<\/p>\n<p>6. DIFUSI\u00d3N<br \/>\n6.1. Plataformas tecnol\u00f3gicas.<br \/>\n6.2. Transmisi\u00f3n de informaci\u00f3n.<br \/>\n6.3. Ventajas e inconvenientes.<\/p>\n<p>7. ENTORNO JUR\u00cdDICO<br \/>\n7.1. Contrataci\u00f3n electr\u00f3nica e imposici\u00f3n fiscal.<br \/>\n7.2. Protecci\u00f3n de datos, dominios y \u00e9tica.<br \/>\n7.3. Seguridad en las compras.<br \/>\n7.4. Medios de pago disponibles.\n<\/p><\/div>\n<\/div>\n","protected":false},"excerpt":{"rendered":"<p>Adquirir conocimientos sobre los fundamentos, procedimientos y herramientas disponibles en internet para el marketing y la comercializaci\u00f3n electr\u00f3nica dentro del marco legal y conforme a los medios de pago m\u00e1s utilizados.<\/p>\n","protected":false},"featured_media":4966,"comment_status":"closed","ping_status":"closed","template":"","meta":[],"product_cat":[125],"product_tag":[],"class_list":{"0":"post-4372","1":"product","2":"type-product","3":"status-publish","4":"has-post-thumbnail","6":"product_cat-gestion-de-la-informacion-y-comunicacion","8":"first","9":"instock","10":"taxable","11":"shipping-taxable","12":"purchasable","13":"product-type-simple"},"yoast_head":"<!-- This site is optimized with the Yoast SEO plugin v23.5 - https:\/\/yoast.com\/wordpress\/plugins\/seo\/ -->\n<title>ADGG010PO - Comercio Electr\u00f3nico (40 horas) - Contenidos Online<\/title>\n<meta name=\"robots\" content=\"index, follow, max-snippet:-1, max-image-preview:large, max-video-preview:-1\" \/>\n<link rel=\"canonical\" href=\"https:\/\/mefp.grupopiquer.com\/inscripciones\/producto\/adgg010po-comercio-electronico-40-horas\/\" \/>\n<meta property=\"og:locale\" content=\"es_ES\" \/>\n<meta property=\"og:type\" content=\"article\" \/>\n<meta property=\"og:title\" content=\"ADGG010PO - Comercio Electr\u00f3nico (40 horas) - Contenidos Online\" \/>\n<meta property=\"og:description\" content=\"Adquirir conocimientos sobre los fundamentos, procedimientos y herramientas disponibles en internet para el marketing y la comercializaci\u00f3n electr\u00f3nica dentro del marco legal y conforme a los medios de pago m\u00e1s utilizados.\" \/>\n<meta property=\"og:url\" content=\"https:\/\/mefp.grupopiquer.com\/inscripciones\/producto\/adgg010po-comercio-electronico-40-horas\/\" \/>\n<meta property=\"og:site_name\" content=\"Contenidos Online\" \/>\n<meta property=\"article:modified_time\" content=\"2023-05-17T09:05:50+00:00\" \/>\n<meta property=\"og:image\" content=\"https:\/\/mefp.grupopiquer.com\/inscripciones\/wp-content\/uploads\/2023\/05\/pexels-pixabay-35550-e1683200237313.jpg\" \/>\n\t<meta property=\"og:image:width\" content=\"1920\" \/>\n\t<meta property=\"og:image:height\" content=\"1080\" \/>\n\t<meta property=\"og:image:type\" content=\"image\/jpeg\" \/>\n<meta name=\"twitter:card\" content=\"summary_large_image\" \/>\n<meta name=\"twitter:label1\" content=\"Tiempo de lectura\" \/>\n\t<meta name=\"twitter:data1\" content=\"2 minutos\" \/>\n<script type=\"application\/ld+json\" class=\"yoast-schema-graph\">{\"@context\":\"https:\/\/schema.org\",\"@graph\":[{\"@type\":\"WebPage\",\"@id\":\"https:\/\/mefp.grupopiquer.com\/inscripciones\/producto\/adgg010po-comercio-electronico-40-horas\/\",\"url\":\"https:\/\/mefp.grupopiquer.com\/inscripciones\/producto\/adgg010po-comercio-electronico-40-horas\/\",\"name\":\"ADGG010PO - Comercio Electr\u00f3nico (40 horas) - Contenidos Online\",\"isPartOf\":{\"@id\":\"https:\/\/mefp.grupopiquer.com\/inscripciones\/#website\"},\"primaryImageOfPage\":{\"@id\":\"https:\/\/mefp.grupopiquer.com\/inscripciones\/producto\/adgg010po-comercio-electronico-40-horas\/#primaryimage\"},\"image\":{\"@id\":\"https:\/\/mefp.grupopiquer.com\/inscripciones\/producto\/adgg010po-comercio-electronico-40-horas\/#primaryimage\"},\"thumbnailUrl\":\"https:\/\/mefp.grupopiquer.com\/inscripciones\/wp-content\/uploads\/2023\/05\/pexels-pixabay-35550-e1683200237313.jpg\",\"datePublished\":\"2023-05-02T10:54:02+00:00\",\"dateModified\":\"2023-05-17T09:05:50+00:00\",\"breadcrumb\":{\"@id\":\"https:\/\/mefp.grupopiquer.com\/inscripciones\/producto\/adgg010po-comercio-electronico-40-horas\/#breadcrumb\"},\"inLanguage\":\"es\",\"potentialAction\":[{\"@type\":\"ReadAction\",\"target\":[\"https:\/\/mefp.grupopiquer.com\/inscripciones\/producto\/adgg010po-comercio-electronico-40-horas\/\"]}]},{\"@type\":\"ImageObject\",\"inLanguage\":\"es\",\"@id\":\"https:\/\/mefp.grupopiquer.com\/inscripciones\/producto\/adgg010po-comercio-electronico-40-horas\/#primaryimage\",\"url\":\"https:\/\/mefp.grupopiquer.com\/inscripciones\/wp-content\/uploads\/2023\/05\/pexels-pixabay-35550-e1683200237313.jpg\",\"contentUrl\":\"https:\/\/mefp.grupopiquer.com\/inscripciones\/wp-content\/uploads\/2023\/05\/pexels-pixabay-35550-e1683200237313.jpg\",\"width\":1920,\"height\":1080},{\"@type\":\"BreadcrumbList\",\"@id\":\"https:\/\/mefp.grupopiquer.com\/inscripciones\/producto\/adgg010po-comercio-electronico-40-horas\/#breadcrumb\",\"itemListElement\":[{\"@type\":\"ListItem\",\"position\":1,\"name\":\"Portada\",\"item\":\"https:\/\/mefp.grupopiquer.com\/inscripciones\/\"},{\"@type\":\"ListItem\",\"position\":2,\"name\":\"Tienda\",\"item\":\"https:\/\/mefp.grupopiquer.com\/inscripciones\/tienda\/\"},{\"@type\":\"ListItem\",\"position\":3,\"name\":\"ADGG010PO &#8211; Comercio Electr\u00f3nico (40 horas)\"}]},{\"@type\":\"WebSite\",\"@id\":\"https:\/\/mefp.grupopiquer.com\/inscripciones\/#website\",\"url\":\"https:\/\/mefp.grupopiquer.com\/inscripciones\/\",\"name\":\"Contenidos Online\",\"description\":\"\",\"publisher\":{\"@id\":\"https:\/\/mefp.grupopiquer.com\/inscripciones\/#organization\"},\"potentialAction\":[{\"@type\":\"SearchAction\",\"target\":{\"@type\":\"EntryPoint\",\"urlTemplate\":\"https:\/\/mefp.grupopiquer.com\/inscripciones\/?s={search_term_string}\"},\"query-input\":{\"@type\":\"PropertyValueSpecification\",\"valueRequired\":true,\"valueName\":\"search_term_string\"}}],\"inLanguage\":\"es\"},{\"@type\":\"Organization\",\"@id\":\"https:\/\/mefp.grupopiquer.com\/inscripciones\/#organization\",\"name\":\"Contenidos Online\",\"url\":\"https:\/\/mefp.grupopiquer.com\/inscripciones\/\",\"logo\":{\"@type\":\"ImageObject\",\"inLanguage\":\"es\",\"@id\":\"https:\/\/mefp.grupopiquer.com\/inscripciones\/#\/schema\/logo\/image\/\",\"url\":\"\",\"contentUrl\":\"\",\"caption\":\"Contenidos Online\"},\"image\":{\"@id\":\"https:\/\/mefp.grupopiquer.com\/inscripciones\/#\/schema\/logo\/image\/\"}}]}<\/script>\n<!-- \/ Yoast SEO plugin. -->","yoast_head_json":{"title":"ADGG010PO - Comercio Electr\u00f3nico (40 horas) - Contenidos Online","robots":{"index":"index","follow":"follow","max-snippet":"max-snippet:-1","max-image-preview":"max-image-preview:large","max-video-preview":"max-video-preview:-1"},"canonical":"https:\/\/mefp.grupopiquer.com\/inscripciones\/producto\/adgg010po-comercio-electronico-40-horas\/","og_locale":"es_ES","og_type":"article","og_title":"ADGG010PO - Comercio Electr\u00f3nico (40 horas) - Contenidos Online","og_description":"Adquirir conocimientos sobre los fundamentos, procedimientos y herramientas disponibles en internet para el marketing y la comercializaci\u00f3n electr\u00f3nica dentro del marco legal y conforme a los medios de pago m\u00e1s utilizados.","og_url":"https:\/\/mefp.grupopiquer.com\/inscripciones\/producto\/adgg010po-comercio-electronico-40-horas\/","og_site_name":"Contenidos Online","article_modified_time":"2023-05-17T09:05:50+00:00","og_image":[{"width":1920,"height":1080,"url":"https:\/\/mefp.grupopiquer.com\/inscripciones\/wp-content\/uploads\/2023\/05\/pexels-pixabay-35550-e1683200237313.jpg","type":"image\/jpeg"}],"twitter_card":"summary_large_image","twitter_misc":{"Tiempo de lectura":"2 minutos"},"schema":{"@context":"https:\/\/schema.org","@graph":[{"@type":"WebPage","@id":"https:\/\/mefp.grupopiquer.com\/inscripciones\/producto\/adgg010po-comercio-electronico-40-horas\/","url":"https:\/\/mefp.grupopiquer.com\/inscripciones\/producto\/adgg010po-comercio-electronico-40-horas\/","name":"ADGG010PO - Comercio Electr\u00f3nico (40 horas) - Contenidos Online","isPartOf":{"@id":"https:\/\/mefp.grupopiquer.com\/inscripciones\/#website"},"primaryImageOfPage":{"@id":"https:\/\/mefp.grupopiquer.com\/inscripciones\/producto\/adgg010po-comercio-electronico-40-horas\/#primaryimage"},"image":{"@id":"https:\/\/mefp.grupopiquer.com\/inscripciones\/producto\/adgg010po-comercio-electronico-40-horas\/#primaryimage"},"thumbnailUrl":"https:\/\/mefp.grupopiquer.com\/inscripciones\/wp-content\/uploads\/2023\/05\/pexels-pixabay-35550-e1683200237313.jpg","datePublished":"2023-05-02T10:54:02+00:00","dateModified":"2023-05-17T09:05:50+00:00","breadcrumb":{"@id":"https:\/\/mefp.grupopiquer.com\/inscripciones\/producto\/adgg010po-comercio-electronico-40-horas\/#breadcrumb"},"inLanguage":"es","potentialAction":[{"@type":"ReadAction","target":["https:\/\/mefp.grupopiquer.com\/inscripciones\/producto\/adgg010po-comercio-electronico-40-horas\/"]}]},{"@type":"ImageObject","inLanguage":"es","@id":"https:\/\/mefp.grupopiquer.com\/inscripciones\/producto\/adgg010po-comercio-electronico-40-horas\/#primaryimage","url":"https:\/\/mefp.grupopiquer.com\/inscripciones\/wp-content\/uploads\/2023\/05\/pexels-pixabay-35550-e1683200237313.jpg","contentUrl":"https:\/\/mefp.grupopiquer.com\/inscripciones\/wp-content\/uploads\/2023\/05\/pexels-pixabay-35550-e1683200237313.jpg","width":1920,"height":1080},{"@type":"BreadcrumbList","@id":"https:\/\/mefp.grupopiquer.com\/inscripciones\/producto\/adgg010po-comercio-electronico-40-horas\/#breadcrumb","itemListElement":[{"@type":"ListItem","position":1,"name":"Portada","item":"https:\/\/mefp.grupopiquer.com\/inscripciones\/"},{"@type":"ListItem","position":2,"name":"Tienda","item":"https:\/\/mefp.grupopiquer.com\/inscripciones\/tienda\/"},{"@type":"ListItem","position":3,"name":"ADGG010PO &#8211; Comercio Electr\u00f3nico (40 horas)"}]},{"@type":"WebSite","@id":"https:\/\/mefp.grupopiquer.com\/inscripciones\/#website","url":"https:\/\/mefp.grupopiquer.com\/inscripciones\/","name":"Contenidos Online","description":"","publisher":{"@id":"https:\/\/mefp.grupopiquer.com\/inscripciones\/#organization"},"potentialAction":[{"@type":"SearchAction","target":{"@type":"EntryPoint","urlTemplate":"https:\/\/mefp.grupopiquer.com\/inscripciones\/?s={search_term_string}"},"query-input":{"@type":"PropertyValueSpecification","valueRequired":true,"valueName":"search_term_string"}}],"inLanguage":"es"},{"@type":"Organization","@id":"https:\/\/mefp.grupopiquer.com\/inscripciones\/#organization","name":"Contenidos Online","url":"https:\/\/mefp.grupopiquer.com\/inscripciones\/","logo":{"@type":"ImageObject","inLanguage":"es","@id":"https:\/\/mefp.grupopiquer.com\/inscripciones\/#\/schema\/logo\/image\/","url":"","contentUrl":"","caption":"Contenidos Online"},"image":{"@id":"https:\/\/mefp.grupopiquer.com\/inscripciones\/#\/schema\/logo\/image\/"}}]}},"_links":{"self":[{"href":"https:\/\/mefp.grupopiquer.com\/inscripciones\/wp-json\/wp\/v2\/product\/4372"}],"collection":[{"href":"https:\/\/mefp.grupopiquer.com\/inscripciones\/wp-json\/wp\/v2\/product"}],"about":[{"href":"https:\/\/mefp.grupopiquer.com\/inscripciones\/wp-json\/wp\/v2\/types\/product"}],"replies":[{"embeddable":true,"href":"https:\/\/mefp.grupopiquer.com\/inscripciones\/wp-json\/wp\/v2\/comments?post=4372"}],"wp:featuredmedia":[{"embeddable":true,"href":"https:\/\/mefp.grupopiquer.com\/inscripciones\/wp-json\/wp\/v2\/media\/4966"}],"wp:attachment":[{"href":"https:\/\/mefp.grupopiquer.com\/inscripciones\/wp-json\/wp\/v2\/media?parent=4372"}],"wp:term":[{"taxonomy":"product_cat","embeddable":true,"href":"https:\/\/mefp.grupopiquer.com\/inscripciones\/wp-json\/wp\/v2\/product_cat?post=4372"},{"taxonomy":"product_tag","embeddable":true,"href":"https:\/\/mefp.grupopiquer.com\/inscripciones\/wp-json\/wp\/v2\/product_tag?post=4372"}],"curies":[{"name":"wp","href":"https:\/\/api.w.org\/{rel}","templated":true}]}}