{"id":4364,"date":"2023-05-02T10:53:23","date_gmt":"2023-05-02T10:53:23","guid":{"rendered":"https:\/\/mefp.grupopiquer.com\/inscripciones\/producto\/adgd365po-la-nueva-norma-iso-22000-2018-principales-cambios-30-horas\/"},"modified":"2023-05-15T14:51:21","modified_gmt":"2023-05-15T14:51:21","slug":"adgd365po-la-nueva-norma-iso-22000-2018-principales-cambios-30-horas","status":"publish","type":"product","link":"https:\/\/mefp.grupopiquer.com\/inscripciones\/producto\/adgd365po-la-nueva-norma-iso-22000-2018-principales-cambios-30-horas\/","title":{"rendered":"ADGD365PO &#8211; La Nueva Norma ISO 22000\/2018. Principales Cambios (30 horas)"},"content":{"rendered":"<div id=\"accordion\">\n<h3>OBJETIVOS<\/h3>\n<div>-Conocer el significado y alcance de una Norma ISO<br \/>\n-Estudiar los objetivos de la Norma ISO 22000:2018 en su nueva versi\u00f3n<br \/>\n-Comprender los principales cambios de la Norma ISO 22000:2018<br \/>\n-Aprender el significado de la \u201cEstructura de Alto Nivel\u201d Anexo SL<br \/>\n-Delimitar las secciones o cl\u00e1usulas creadas por la norma 22000:2018 en la Estructura de Alto Nivel, para relacionarlas con el SGSA en una organizaci\u00f3n.<br \/>\n-Reconocer la eficacia de la Estructura de Alto Nivel, Anexo SL, en la integraci\u00f3n de diferentes sistemas de gesti\u00f3n en una misma organizaci\u00f3n.Distinguir los nuevos procesos introducidos en la organizaci\u00f3n por la certificaci\u00f3n ISO 22000:2018<br \/>\n-Valorar la necesidad de la certificaci\u00f3n en un sistema de Gesti\u00f3n de la inocuidad de los alimentos en las organizaciones<br \/>\n-Evidenciar mediante una serie de m\u00e9todos el cumplimiento de los cambios m\u00e1s relevantes introducidos en la organizaci\u00f3n por la Norma ISO 22000.<br \/>\nAnalizar de forma pormenorizada los distintos apartados de la norma<\/div>\n<h3>CONTENIDOS<\/h3>\n<div>1. EVOLUCI\u00d3N DE LA NORMA ISO 22000: DE 2005 A 2018<br \/>\n1.1. Objetivos de ISO con la nueva versi\u00f3n de la Norma ISO 22000:2018<br \/>\n1.2. Principales cambios de la Norma<\/p>\n<p>2. CAMBIOS ESTRUCTURALES DE LA NUEVA NORMA.<br \/>\n2.1. Estructura de Alto Nivel HLS (High Level Structure). Anexo SL<\/p>\n<p>3. AN\u00c1LISIS PORMENORIZADO DE LOS DISTINTOS APARTADOS DE LA NORMA<br \/>\n3.1. Cap\u00edtulo 1: Objeto y campo de aplicaci\u00f3n<br \/>\n3.2. Cap\u00edtulo 2: Referencias Normativas<br \/>\n3.3. Cap\u00edtulo 3: T\u00e9rminos y definiciones<br \/>\n3.4. Cap\u00edtulo 4: Contexto de la organizaci\u00f3n<br \/>\n3.5. Cap\u00edtulo 5: Liderazgo<br \/>\n3.6. Cap\u00edtulo 6: Planificaci\u00f3n<br \/>\n3.7. Cap\u00edtulo 7: Soporte<br \/>\n3.8. Cap\u00edtulo 8: Operaci\u00f3n<br \/>\n3.9. Cap\u00edtulo 9: Evaluaci\u00f3n del desempe\u00f1o<br \/>\n3.10. Cap\u00edtulo 10: Mejora<\/p>\n<p>4. M\u00c9TODOS PARA EVIDENCIAR EL CUMPLIMIENTO DE LOS CAMBIOS M\u00c1S RELEVANTES.<br \/>\n4.1. Metodolog\u00eda para el an\u00e1lisis del contexto de la organizaci\u00f3n<br \/>\n4.2. Metodolog\u00eda para la identificaci\u00f3n y an\u00e1lisis de las partes interesadas<br \/>\n4.3. Metodolog\u00eda para la creaci\u00f3n e integraci\u00f3n en el Sistema de Inocuidad de los Alimentos de un Plan de Riesgos de Gesti\u00f3n.<br \/>\n4.4. Metodolog\u00eda para la gesti\u00f3n de los cambios.\n<\/p><\/div>\n<\/div>\n","protected":false},"excerpt":{"rendered":"<p>-Conocer el significado y alcance de una Norma ISO<br \/>\n-Estudiar los objetivos de la Norma ISO 22000:2018 en su nueva versi\u00f3n<br \/>\n-Comprender los principales cambios de la Norma ISO 22000:2018<br \/>\n-Aprender el significado de la \u201cEstructura de Alto Nivel\u201d Anexo SL<br \/>\n-Delimitar las secciones o cl\u00e1usulas creadas por la norma 22000:2018 en la Estructura de Alto Nivel, para relacionarlas con el SGSA en una organizaci\u00f3n.<br \/>\n-Reconocer la eficacia de la Estructura de Alto Nivel, Anexo SL, en la integraci\u00f3n de diferentes sistemas de gesti\u00f3n en una misma organizaci\u00f3n.Distinguir los nuevos procesos introducidos en la organizaci\u00f3n por la certificaci\u00f3n ISO 22000:2018<br \/>\n-Valorar la necesidad de la certificaci\u00f3n en un sistema de Gesti\u00f3n de la inocuidad de los alimentos en las organizaciones<br \/>\nEvidenciar mediante una serie de m\u00e9todos el cumplimiento de los cambios m\u00e1s relevantes introducidos en la organizaci\u00f3n por la Norma ISO 22000.<br \/>\n-Analizar de forma pormenorizada los distintos apartados de la norma<\/p>\n","protected":false},"featured_media":5480,"comment_status":"closed","ping_status":"closed","template":"","meta":[],"product_cat":[126],"product_tag":[],"class_list":{"0":"post-4364","1":"product","2":"type-product","3":"status-publish","4":"has-post-thumbnail","6":"product_cat-administracion-y-auditoria","8":"first","9":"instock","10":"taxable","11":"shipping-taxable","12":"purchasable","13":"product-type-simple"},"yoast_head":"<!-- This site is optimized with the Yoast SEO plugin v23.5 - https:\/\/yoast.com\/wordpress\/plugins\/seo\/ -->\n<title>ADGD365PO - La Nueva Norma ISO 22000\/2018. Principales Cambios (30 horas) - Contenidos Online<\/title>\n<meta name=\"robots\" content=\"index, follow, max-snippet:-1, max-image-preview:large, max-video-preview:-1\" \/>\n<link rel=\"canonical\" href=\"https:\/\/mefp.grupopiquer.com\/inscripciones\/producto\/adgd365po-la-nueva-norma-iso-22000-2018-principales-cambios-30-horas\/\" \/>\n<meta property=\"og:locale\" content=\"es_ES\" \/>\n<meta property=\"og:type\" content=\"article\" \/>\n<meta property=\"og:title\" content=\"ADGD365PO - La Nueva Norma ISO 22000\/2018. Principales Cambios (30 horas) - Contenidos Online\" \/>\n<meta property=\"og:description\" content=\"-Conocer el significado y alcance de una Norma ISO -Estudiar los objetivos de la Norma ISO 22000:2018 en su nueva versi\u00f3n -Comprender los principales cambios de la Norma ISO 22000:2018 -Aprender el significado de la \u201cEstructura de Alto Nivel\u201d Anexo SL -Delimitar las secciones o cl\u00e1usulas creadas por la norma 22000:2018 en la Estructura de Alto Nivel, para relacionarlas con el SGSA en una organizaci\u00f3n. -Reconocer la eficacia de la Estructura de Alto Nivel, Anexo SL, en la integraci\u00f3n de diferentes sistemas de gesti\u00f3n en una misma organizaci\u00f3n.Distinguir los nuevos procesos introducidos en la organizaci\u00f3n por la certificaci\u00f3n ISO 22000:2018 -Valorar la necesidad de la certificaci\u00f3n en un sistema de Gesti\u00f3n de la inocuidad de los alimentos en las organizaciones Evidenciar mediante una serie de m\u00e9todos el cumplimiento de los cambios m\u00e1s relevantes introducidos en la organizaci\u00f3n por la Norma ISO 22000. -Analizar de forma pormenorizada los distintos apartados de la norma\" \/>\n<meta property=\"og:url\" content=\"https:\/\/mefp.grupopiquer.com\/inscripciones\/producto\/adgd365po-la-nueva-norma-iso-22000-2018-principales-cambios-30-horas\/\" \/>\n<meta property=\"og:site_name\" content=\"Contenidos Online\" \/>\n<meta property=\"article:modified_time\" content=\"2023-05-15T14:51:21+00:00\" \/>\n<meta property=\"og:image\" content=\"https:\/\/mefp.grupopiquer.com\/inscripciones\/wp-content\/uploads\/2023\/05\/6RViVFM9XHjuMTG3_lTtBgY8Jb_mtl0wm-e1683557642257.jpg\" \/>\n\t<meta property=\"og:image:width\" content=\"1680\" \/>\n\t<meta property=\"og:image:height\" content=\"945\" \/>\n\t<meta property=\"og:image:type\" content=\"image\/jpeg\" \/>\n<meta name=\"twitter:card\" content=\"summary_large_image\" \/>\n<meta name=\"twitter:label1\" content=\"Tiempo de lectura\" \/>\n\t<meta name=\"twitter:data1\" content=\"2 minutos\" \/>\n<script type=\"application\/ld+json\" class=\"yoast-schema-graph\">{\"@context\":\"https:\/\/schema.org\",\"@graph\":[{\"@type\":\"WebPage\",\"@id\":\"https:\/\/mefp.grupopiquer.com\/inscripciones\/producto\/adgd365po-la-nueva-norma-iso-22000-2018-principales-cambios-30-horas\/\",\"url\":\"https:\/\/mefp.grupopiquer.com\/inscripciones\/producto\/adgd365po-la-nueva-norma-iso-22000-2018-principales-cambios-30-horas\/\",\"name\":\"ADGD365PO - La Nueva Norma ISO 22000\/2018. Principales Cambios (30 horas) - Contenidos Online\",\"isPartOf\":{\"@id\":\"https:\/\/mefp.grupopiquer.com\/inscripciones\/#website\"},\"primaryImageOfPage\":{\"@id\":\"https:\/\/mefp.grupopiquer.com\/inscripciones\/producto\/adgd365po-la-nueva-norma-iso-22000-2018-principales-cambios-30-horas\/#primaryimage\"},\"image\":{\"@id\":\"https:\/\/mefp.grupopiquer.com\/inscripciones\/producto\/adgd365po-la-nueva-norma-iso-22000-2018-principales-cambios-30-horas\/#primaryimage\"},\"thumbnailUrl\":\"https:\/\/mefp.grupopiquer.com\/inscripciones\/wp-content\/uploads\/2023\/05\/6RViVFM9XHjuMTG3_lTtBgY8Jb_mtl0wm-e1683557642257.jpg\",\"datePublished\":\"2023-05-02T10:53:23+00:00\",\"dateModified\":\"2023-05-15T14:51:21+00:00\",\"breadcrumb\":{\"@id\":\"https:\/\/mefp.grupopiquer.com\/inscripciones\/producto\/adgd365po-la-nueva-norma-iso-22000-2018-principales-cambios-30-horas\/#breadcrumb\"},\"inLanguage\":\"es\",\"potentialAction\":[{\"@type\":\"ReadAction\",\"target\":[\"https:\/\/mefp.grupopiquer.com\/inscripciones\/producto\/adgd365po-la-nueva-norma-iso-22000-2018-principales-cambios-30-horas\/\"]}]},{\"@type\":\"ImageObject\",\"inLanguage\":\"es\",\"@id\":\"https:\/\/mefp.grupopiquer.com\/inscripciones\/producto\/adgd365po-la-nueva-norma-iso-22000-2018-principales-cambios-30-horas\/#primaryimage\",\"url\":\"https:\/\/mefp.grupopiquer.com\/inscripciones\/wp-content\/uploads\/2023\/05\/6RViVFM9XHjuMTG3_lTtBgY8Jb_mtl0wm-e1683557642257.jpg\",\"contentUrl\":\"https:\/\/mefp.grupopiquer.com\/inscripciones\/wp-content\/uploads\/2023\/05\/6RViVFM9XHjuMTG3_lTtBgY8Jb_mtl0wm-e1683557642257.jpg\",\"width\":1680,\"height\":945},{\"@type\":\"BreadcrumbList\",\"@id\":\"https:\/\/mefp.grupopiquer.com\/inscripciones\/producto\/adgd365po-la-nueva-norma-iso-22000-2018-principales-cambios-30-horas\/#breadcrumb\",\"itemListElement\":[{\"@type\":\"ListItem\",\"position\":1,\"name\":\"Portada\",\"item\":\"https:\/\/mefp.grupopiquer.com\/inscripciones\/\"},{\"@type\":\"ListItem\",\"position\":2,\"name\":\"Tienda\",\"item\":\"https:\/\/mefp.grupopiquer.com\/inscripciones\/tienda\/\"},{\"@type\":\"ListItem\",\"position\":3,\"name\":\"ADGD365PO &#8211; La Nueva Norma ISO 22000\/2018. Principales Cambios (30 horas)\"}]},{\"@type\":\"WebSite\",\"@id\":\"https:\/\/mefp.grupopiquer.com\/inscripciones\/#website\",\"url\":\"https:\/\/mefp.grupopiquer.com\/inscripciones\/\",\"name\":\"Contenidos Online\",\"description\":\"\",\"publisher\":{\"@id\":\"https:\/\/mefp.grupopiquer.com\/inscripciones\/#organization\"},\"potentialAction\":[{\"@type\":\"SearchAction\",\"target\":{\"@type\":\"EntryPoint\",\"urlTemplate\":\"https:\/\/mefp.grupopiquer.com\/inscripciones\/?s={search_term_string}\"},\"query-input\":{\"@type\":\"PropertyValueSpecification\",\"valueRequired\":true,\"valueName\":\"search_term_string\"}}],\"inLanguage\":\"es\"},{\"@type\":\"Organization\",\"@id\":\"https:\/\/mefp.grupopiquer.com\/inscripciones\/#organization\",\"name\":\"Contenidos Online\",\"url\":\"https:\/\/mefp.grupopiquer.com\/inscripciones\/\",\"logo\":{\"@type\":\"ImageObject\",\"inLanguage\":\"es\",\"@id\":\"https:\/\/mefp.grupopiquer.com\/inscripciones\/#\/schema\/logo\/image\/\",\"url\":\"\",\"contentUrl\":\"\",\"caption\":\"Contenidos Online\"},\"image\":{\"@id\":\"https:\/\/mefp.grupopiquer.com\/inscripciones\/#\/schema\/logo\/image\/\"}}]}<\/script>\n<!-- \/ Yoast SEO plugin. -->","yoast_head_json":{"title":"ADGD365PO - La Nueva Norma ISO 22000\/2018. Principales Cambios (30 horas) - Contenidos Online","robots":{"index":"index","follow":"follow","max-snippet":"max-snippet:-1","max-image-preview":"max-image-preview:large","max-video-preview":"max-video-preview:-1"},"canonical":"https:\/\/mefp.grupopiquer.com\/inscripciones\/producto\/adgd365po-la-nueva-norma-iso-22000-2018-principales-cambios-30-horas\/","og_locale":"es_ES","og_type":"article","og_title":"ADGD365PO - La Nueva Norma ISO 22000\/2018. Principales Cambios (30 horas) - Contenidos Online","og_description":"-Conocer el significado y alcance de una Norma ISO -Estudiar los objetivos de la Norma ISO 22000:2018 en su nueva versi\u00f3n -Comprender los principales cambios de la Norma ISO 22000:2018 -Aprender el significado de la \u201cEstructura de Alto Nivel\u201d Anexo SL -Delimitar las secciones o cl\u00e1usulas creadas por la norma 22000:2018 en la Estructura de Alto Nivel, para relacionarlas con el SGSA en una organizaci\u00f3n. -Reconocer la eficacia de la Estructura de Alto Nivel, Anexo SL, en la integraci\u00f3n de diferentes sistemas de gesti\u00f3n en una misma organizaci\u00f3n.Distinguir los nuevos procesos introducidos en la organizaci\u00f3n por la certificaci\u00f3n ISO 22000:2018 -Valorar la necesidad de la certificaci\u00f3n en un sistema de Gesti\u00f3n de la inocuidad de los alimentos en las organizaciones Evidenciar mediante una serie de m\u00e9todos el cumplimiento de los cambios m\u00e1s relevantes introducidos en la organizaci\u00f3n por la Norma ISO 22000. -Analizar de forma pormenorizada los distintos apartados de la norma","og_url":"https:\/\/mefp.grupopiquer.com\/inscripciones\/producto\/adgd365po-la-nueva-norma-iso-22000-2018-principales-cambios-30-horas\/","og_site_name":"Contenidos Online","article_modified_time":"2023-05-15T14:51:21+00:00","og_image":[{"width":1680,"height":945,"url":"https:\/\/mefp.grupopiquer.com\/inscripciones\/wp-content\/uploads\/2023\/05\/6RViVFM9XHjuMTG3_lTtBgY8Jb_mtl0wm-e1683557642257.jpg","type":"image\/jpeg"}],"twitter_card":"summary_large_image","twitter_misc":{"Tiempo de lectura":"2 minutos"},"schema":{"@context":"https:\/\/schema.org","@graph":[{"@type":"WebPage","@id":"https:\/\/mefp.grupopiquer.com\/inscripciones\/producto\/adgd365po-la-nueva-norma-iso-22000-2018-principales-cambios-30-horas\/","url":"https:\/\/mefp.grupopiquer.com\/inscripciones\/producto\/adgd365po-la-nueva-norma-iso-22000-2018-principales-cambios-30-horas\/","name":"ADGD365PO - La Nueva Norma ISO 22000\/2018. Principales Cambios (30 horas) - Contenidos Online","isPartOf":{"@id":"https:\/\/mefp.grupopiquer.com\/inscripciones\/#website"},"primaryImageOfPage":{"@id":"https:\/\/mefp.grupopiquer.com\/inscripciones\/producto\/adgd365po-la-nueva-norma-iso-22000-2018-principales-cambios-30-horas\/#primaryimage"},"image":{"@id":"https:\/\/mefp.grupopiquer.com\/inscripciones\/producto\/adgd365po-la-nueva-norma-iso-22000-2018-principales-cambios-30-horas\/#primaryimage"},"thumbnailUrl":"https:\/\/mefp.grupopiquer.com\/inscripciones\/wp-content\/uploads\/2023\/05\/6RViVFM9XHjuMTG3_lTtBgY8Jb_mtl0wm-e1683557642257.jpg","datePublished":"2023-05-02T10:53:23+00:00","dateModified":"2023-05-15T14:51:21+00:00","breadcrumb":{"@id":"https:\/\/mefp.grupopiquer.com\/inscripciones\/producto\/adgd365po-la-nueva-norma-iso-22000-2018-principales-cambios-30-horas\/#breadcrumb"},"inLanguage":"es","potentialAction":[{"@type":"ReadAction","target":["https:\/\/mefp.grupopiquer.com\/inscripciones\/producto\/adgd365po-la-nueva-norma-iso-22000-2018-principales-cambios-30-horas\/"]}]},{"@type":"ImageObject","inLanguage":"es","@id":"https:\/\/mefp.grupopiquer.com\/inscripciones\/producto\/adgd365po-la-nueva-norma-iso-22000-2018-principales-cambios-30-horas\/#primaryimage","url":"https:\/\/mefp.grupopiquer.com\/inscripciones\/wp-content\/uploads\/2023\/05\/6RViVFM9XHjuMTG3_lTtBgY8Jb_mtl0wm-e1683557642257.jpg","contentUrl":"https:\/\/mefp.grupopiquer.com\/inscripciones\/wp-content\/uploads\/2023\/05\/6RViVFM9XHjuMTG3_lTtBgY8Jb_mtl0wm-e1683557642257.jpg","width":1680,"height":945},{"@type":"BreadcrumbList","@id":"https:\/\/mefp.grupopiquer.com\/inscripciones\/producto\/adgd365po-la-nueva-norma-iso-22000-2018-principales-cambios-30-horas\/#breadcrumb","itemListElement":[{"@type":"ListItem","position":1,"name":"Portada","item":"https:\/\/mefp.grupopiquer.com\/inscripciones\/"},{"@type":"ListItem","position":2,"name":"Tienda","item":"https:\/\/mefp.grupopiquer.com\/inscripciones\/tienda\/"},{"@type":"ListItem","position":3,"name":"ADGD365PO &#8211; La Nueva Norma ISO 22000\/2018. Principales Cambios (30 horas)"}]},{"@type":"WebSite","@id":"https:\/\/mefp.grupopiquer.com\/inscripciones\/#website","url":"https:\/\/mefp.grupopiquer.com\/inscripciones\/","name":"Contenidos Online","description":"","publisher":{"@id":"https:\/\/mefp.grupopiquer.com\/inscripciones\/#organization"},"potentialAction":[{"@type":"SearchAction","target":{"@type":"EntryPoint","urlTemplate":"https:\/\/mefp.grupopiquer.com\/inscripciones\/?s={search_term_string}"},"query-input":{"@type":"PropertyValueSpecification","valueRequired":true,"valueName":"search_term_string"}}],"inLanguage":"es"},{"@type":"Organization","@id":"https:\/\/mefp.grupopiquer.com\/inscripciones\/#organization","name":"Contenidos Online","url":"https:\/\/mefp.grupopiquer.com\/inscripciones\/","logo":{"@type":"ImageObject","inLanguage":"es","@id":"https:\/\/mefp.grupopiquer.com\/inscripciones\/#\/schema\/logo\/image\/","url":"","contentUrl":"","caption":"Contenidos Online"},"image":{"@id":"https:\/\/mefp.grupopiquer.com\/inscripciones\/#\/schema\/logo\/image\/"}}]}},"_links":{"self":[{"href":"https:\/\/mefp.grupopiquer.com\/inscripciones\/wp-json\/wp\/v2\/product\/4364"}],"collection":[{"href":"https:\/\/mefp.grupopiquer.com\/inscripciones\/wp-json\/wp\/v2\/product"}],"about":[{"href":"https:\/\/mefp.grupopiquer.com\/inscripciones\/wp-json\/wp\/v2\/types\/product"}],"replies":[{"embeddable":true,"href":"https:\/\/mefp.grupopiquer.com\/inscripciones\/wp-json\/wp\/v2\/comments?post=4364"}],"wp:featuredmedia":[{"embeddable":true,"href":"https:\/\/mefp.grupopiquer.com\/inscripciones\/wp-json\/wp\/v2\/media\/5480"}],"wp:attachment":[{"href":"https:\/\/mefp.grupopiquer.com\/inscripciones\/wp-json\/wp\/v2\/media?parent=4364"}],"wp:term":[{"taxonomy":"product_cat","embeddable":true,"href":"https:\/\/mefp.grupopiquer.com\/inscripciones\/wp-json\/wp\/v2\/product_cat?post=4364"},{"taxonomy":"product_tag","embeddable":true,"href":"https:\/\/mefp.grupopiquer.com\/inscripciones\/wp-json\/wp\/v2\/product_tag?post=4364"}],"curies":[{"name":"wp","href":"https:\/\/api.w.org\/{rel}","templated":true}]}}