{"id":4360,"date":"2023-05-02T10:53:00","date_gmt":"2023-05-02T10:53:00","guid":{"rendered":"https:\/\/mefp.grupopiquer.com\/inscripciones\/producto\/adgd352po-transformacion-digital-de-la-empresa-50-horas\/"},"modified":"2023-05-15T13:41:36","modified_gmt":"2023-05-15T13:41:36","slug":"adgd352po-transformacion-digital-de-la-empresa-50-horas","status":"publish","type":"product","link":"https:\/\/mefp.grupopiquer.com\/inscripciones\/producto\/adgd352po-transformacion-digital-de-la-empresa-50-horas\/","title":{"rendered":"ADGD352PO &#8211; Transformaci\u00f3n Digital de la Empresa (50 horas)"},"content":{"rendered":"<div id=\"accordion\">\n<h3>OBJETIVOS<\/h3>\n<div>Conocer y comprender los desaf\u00edos que supone la transformaci\u00f3n digital, as\u00ed como conocer las acciones relativas a la digitalizaci\u00f3n en materia organizativa, humanas y de gesti\u00f3n de la organizaci\u00f3n.<\/div>\n<h3>CONTENIDOS<\/h3>\n<div>1. TRANSFORMACI\u00d3N DIGITAL.<br \/>\n1.1. Tendencias de una econom\u00eda en proceso de cambio.<br \/>\n1.2. Papel de las tecnolog\u00edas digitales: m\u00f3vil, redes sociales, anal\u00edticas web, aplicaciones en la nube,<br \/>\nacumulaci\u00f3n de datos, sistemas de pago.<br \/>\n1.3. Marketing, venta, relaci\u00f3n cliente (visi\u00f3n 360\u00b0 y multicanal).<br \/>\n1.4. Desaf\u00edos de la direcci\u00f3n de IT: Protecci\u00f3n de datos, BYOD, puesto de trabajo digital&#8230;<\/p>\n<p>2. IDENTIFICACI\u00d3N DE LAS NUEVAS APTITUDES DIGITALES.<br \/>\n2.1. Community Manager, Chief Data Officer, Data Protection Officer, Data Scientist&#8230;<br \/>\n2.2. Desarrollo de competencias inform\u00e1ticas.<br \/>\n2.3. Funci\u00f3n de RR. HH. en la transformaci\u00f3n digital de la empresa: formaci\u00f3n, acompa\u00f1amiento.<\/p>\n<p>3. DISE\u00d1O DE UNA ESTRATEGIA DIGITAL.<br \/>\n3.1. Estrategias de transformaci\u00f3n digital: global, por etapas y funciones, spin-off.<br \/>\n3.2. Empresa a los consumidores y clientes: construcci\u00f3n colaborativa de ofertas, comunicaci\u00f3n<br \/>\ncolaborativa sobre la marca, innovaci\u00f3n colaborativa, medios sociales&#8230;<br \/>\n3.3. Modelo de Trabajo en un entorno digital.<br \/>\n3.4. Enfoques: Mobile first, Lean startup, Growth hacking.<\/p>\n<p>4. DIGITALIZAR LA GESTI\u00d3N Y LA ORGANIZACI\u00d3N.<br \/>\n4.1. Factores clave de \u00e9xito en un proyecto de transformaci\u00f3n digital.<br \/>\n4.2. Procedimientos de trabajo y acelerar la toma de decisiones.<br \/>\n4.3. Digitalizar la mentalidad de la empresa.<\/p>\n<\/div>\n<\/div>\n","protected":false},"excerpt":{"rendered":"<p>Conocer y comprender los desaf\u00edos que supone la transformaci\u00f3n digital, as\u00ed como conocer las acciones relativas a la digitalizaci\u00f3n en materia organizativa, humanas y de gesti\u00f3n de la organizaci\u00f3n.<\/p>\n","protected":false},"featured_media":5462,"comment_status":"closed","ping_status":"closed","template":"","meta":[],"product_cat":[126],"product_tag":[],"class_list":{"0":"post-4360","1":"product","2":"type-product","3":"status-publish","4":"has-post-thumbnail","6":"product_cat-administracion-y-auditoria","8":"first","9":"instock","10":"taxable","11":"shipping-taxable","12":"purchasable","13":"product-type-simple"},"yoast_head":"<!-- This site is optimized with the Yoast SEO plugin v23.5 - https:\/\/yoast.com\/wordpress\/plugins\/seo\/ -->\n<title>ADGD352PO - Transformaci\u00f3n Digital de la Empresa (50 horas) - Contenidos Online<\/title>\n<meta name=\"robots\" content=\"index, follow, max-snippet:-1, max-image-preview:large, max-video-preview:-1\" \/>\n<link rel=\"canonical\" href=\"https:\/\/mefp.grupopiquer.com\/inscripciones\/producto\/adgd352po-transformacion-digital-de-la-empresa-50-horas\/\" \/>\n<meta property=\"og:locale\" content=\"es_ES\" \/>\n<meta property=\"og:type\" content=\"article\" \/>\n<meta property=\"og:title\" content=\"ADGD352PO - Transformaci\u00f3n Digital de la Empresa (50 horas) - Contenidos Online\" \/>\n<meta property=\"og:description\" content=\"Conocer y comprender los desaf\u00edos que supone la transformaci\u00f3n digital, as\u00ed como conocer las acciones relativas a la digitalizaci\u00f3n en materia organizativa, humanas y de gesti\u00f3n de la organizaci\u00f3n.\" \/>\n<meta property=\"og:url\" content=\"https:\/\/mefp.grupopiquer.com\/inscripciones\/producto\/adgd352po-transformacion-digital-de-la-empresa-50-horas\/\" \/>\n<meta property=\"og:site_name\" content=\"Contenidos Online\" \/>\n<meta property=\"article:modified_time\" content=\"2023-05-15T13:41:36+00:00\" \/>\n<meta property=\"og:image\" content=\"https:\/\/mefp.grupopiquer.com\/inscripciones\/wp-content\/uploads\/2023\/05\/ADGD352PO-e1683556552336.jpg\" \/>\n\t<meta property=\"og:image:width\" content=\"1018\" \/>\n\t<meta property=\"og:image:height\" content=\"573\" \/>\n\t<meta property=\"og:image:type\" content=\"image\/jpeg\" \/>\n<meta name=\"twitter:card\" content=\"summary_large_image\" \/>\n<meta name=\"twitter:label1\" content=\"Tiempo de lectura\" \/>\n\t<meta name=\"twitter:data1\" content=\"1 minuto\" \/>\n<script type=\"application\/ld+json\" class=\"yoast-schema-graph\">{\"@context\":\"https:\/\/schema.org\",\"@graph\":[{\"@type\":\"WebPage\",\"@id\":\"https:\/\/mefp.grupopiquer.com\/inscripciones\/producto\/adgd352po-transformacion-digital-de-la-empresa-50-horas\/\",\"url\":\"https:\/\/mefp.grupopiquer.com\/inscripciones\/producto\/adgd352po-transformacion-digital-de-la-empresa-50-horas\/\",\"name\":\"ADGD352PO - Transformaci\u00f3n Digital de la Empresa (50 horas) - Contenidos Online\",\"isPartOf\":{\"@id\":\"https:\/\/mefp.grupopiquer.com\/inscripciones\/#website\"},\"primaryImageOfPage\":{\"@id\":\"https:\/\/mefp.grupopiquer.com\/inscripciones\/producto\/adgd352po-transformacion-digital-de-la-empresa-50-horas\/#primaryimage\"},\"image\":{\"@id\":\"https:\/\/mefp.grupopiquer.com\/inscripciones\/producto\/adgd352po-transformacion-digital-de-la-empresa-50-horas\/#primaryimage\"},\"thumbnailUrl\":\"https:\/\/mefp.grupopiquer.com\/inscripciones\/wp-content\/uploads\/2023\/05\/ADGD352PO-e1683556552336.jpg\",\"datePublished\":\"2023-05-02T10:53:00+00:00\",\"dateModified\":\"2023-05-15T13:41:36+00:00\",\"breadcrumb\":{\"@id\":\"https:\/\/mefp.grupopiquer.com\/inscripciones\/producto\/adgd352po-transformacion-digital-de-la-empresa-50-horas\/#breadcrumb\"},\"inLanguage\":\"es\",\"potentialAction\":[{\"@type\":\"ReadAction\",\"target\":[\"https:\/\/mefp.grupopiquer.com\/inscripciones\/producto\/adgd352po-transformacion-digital-de-la-empresa-50-horas\/\"]}]},{\"@type\":\"ImageObject\",\"inLanguage\":\"es\",\"@id\":\"https:\/\/mefp.grupopiquer.com\/inscripciones\/producto\/adgd352po-transformacion-digital-de-la-empresa-50-horas\/#primaryimage\",\"url\":\"https:\/\/mefp.grupopiquer.com\/inscripciones\/wp-content\/uploads\/2023\/05\/ADGD352PO-e1683556552336.jpg\",\"contentUrl\":\"https:\/\/mefp.grupopiquer.com\/inscripciones\/wp-content\/uploads\/2023\/05\/ADGD352PO-e1683556552336.jpg\",\"width\":1018,\"height\":573},{\"@type\":\"BreadcrumbList\",\"@id\":\"https:\/\/mefp.grupopiquer.com\/inscripciones\/producto\/adgd352po-transformacion-digital-de-la-empresa-50-horas\/#breadcrumb\",\"itemListElement\":[{\"@type\":\"ListItem\",\"position\":1,\"name\":\"Portada\",\"item\":\"https:\/\/mefp.grupopiquer.com\/inscripciones\/\"},{\"@type\":\"ListItem\",\"position\":2,\"name\":\"Tienda\",\"item\":\"https:\/\/mefp.grupopiquer.com\/inscripciones\/tienda\/\"},{\"@type\":\"ListItem\",\"position\":3,\"name\":\"ADGD352PO &#8211; Transformaci\u00f3n Digital de la Empresa (50 horas)\"}]},{\"@type\":\"WebSite\",\"@id\":\"https:\/\/mefp.grupopiquer.com\/inscripciones\/#website\",\"url\":\"https:\/\/mefp.grupopiquer.com\/inscripciones\/\",\"name\":\"Contenidos Online\",\"description\":\"\",\"publisher\":{\"@id\":\"https:\/\/mefp.grupopiquer.com\/inscripciones\/#organization\"},\"potentialAction\":[{\"@type\":\"SearchAction\",\"target\":{\"@type\":\"EntryPoint\",\"urlTemplate\":\"https:\/\/mefp.grupopiquer.com\/inscripciones\/?s={search_term_string}\"},\"query-input\":{\"@type\":\"PropertyValueSpecification\",\"valueRequired\":true,\"valueName\":\"search_term_string\"}}],\"inLanguage\":\"es\"},{\"@type\":\"Organization\",\"@id\":\"https:\/\/mefp.grupopiquer.com\/inscripciones\/#organization\",\"name\":\"Contenidos Online\",\"url\":\"https:\/\/mefp.grupopiquer.com\/inscripciones\/\",\"logo\":{\"@type\":\"ImageObject\",\"inLanguage\":\"es\",\"@id\":\"https:\/\/mefp.grupopiquer.com\/inscripciones\/#\/schema\/logo\/image\/\",\"url\":\"\",\"contentUrl\":\"\",\"caption\":\"Contenidos Online\"},\"image\":{\"@id\":\"https:\/\/mefp.grupopiquer.com\/inscripciones\/#\/schema\/logo\/image\/\"}}]}<\/script>\n<!-- \/ Yoast SEO plugin. -->","yoast_head_json":{"title":"ADGD352PO - Transformaci\u00f3n Digital de la Empresa (50 horas) - Contenidos Online","robots":{"index":"index","follow":"follow","max-snippet":"max-snippet:-1","max-image-preview":"max-image-preview:large","max-video-preview":"max-video-preview:-1"},"canonical":"https:\/\/mefp.grupopiquer.com\/inscripciones\/producto\/adgd352po-transformacion-digital-de-la-empresa-50-horas\/","og_locale":"es_ES","og_type":"article","og_title":"ADGD352PO - Transformaci\u00f3n Digital de la Empresa (50 horas) - Contenidos Online","og_description":"Conocer y comprender los desaf\u00edos que supone la transformaci\u00f3n digital, as\u00ed como conocer las acciones relativas a la digitalizaci\u00f3n en materia organizativa, humanas y de gesti\u00f3n de la organizaci\u00f3n.","og_url":"https:\/\/mefp.grupopiquer.com\/inscripciones\/producto\/adgd352po-transformacion-digital-de-la-empresa-50-horas\/","og_site_name":"Contenidos Online","article_modified_time":"2023-05-15T13:41:36+00:00","og_image":[{"width":1018,"height":573,"url":"https:\/\/mefp.grupopiquer.com\/inscripciones\/wp-content\/uploads\/2023\/05\/ADGD352PO-e1683556552336.jpg","type":"image\/jpeg"}],"twitter_card":"summary_large_image","twitter_misc":{"Tiempo de lectura":"1 minuto"},"schema":{"@context":"https:\/\/schema.org","@graph":[{"@type":"WebPage","@id":"https:\/\/mefp.grupopiquer.com\/inscripciones\/producto\/adgd352po-transformacion-digital-de-la-empresa-50-horas\/","url":"https:\/\/mefp.grupopiquer.com\/inscripciones\/producto\/adgd352po-transformacion-digital-de-la-empresa-50-horas\/","name":"ADGD352PO - Transformaci\u00f3n Digital de la Empresa (50 horas) - Contenidos Online","isPartOf":{"@id":"https:\/\/mefp.grupopiquer.com\/inscripciones\/#website"},"primaryImageOfPage":{"@id":"https:\/\/mefp.grupopiquer.com\/inscripciones\/producto\/adgd352po-transformacion-digital-de-la-empresa-50-horas\/#primaryimage"},"image":{"@id":"https:\/\/mefp.grupopiquer.com\/inscripciones\/producto\/adgd352po-transformacion-digital-de-la-empresa-50-horas\/#primaryimage"},"thumbnailUrl":"https:\/\/mefp.grupopiquer.com\/inscripciones\/wp-content\/uploads\/2023\/05\/ADGD352PO-e1683556552336.jpg","datePublished":"2023-05-02T10:53:00+00:00","dateModified":"2023-05-15T13:41:36+00:00","breadcrumb":{"@id":"https:\/\/mefp.grupopiquer.com\/inscripciones\/producto\/adgd352po-transformacion-digital-de-la-empresa-50-horas\/#breadcrumb"},"inLanguage":"es","potentialAction":[{"@type":"ReadAction","target":["https:\/\/mefp.grupopiquer.com\/inscripciones\/producto\/adgd352po-transformacion-digital-de-la-empresa-50-horas\/"]}]},{"@type":"ImageObject","inLanguage":"es","@id":"https:\/\/mefp.grupopiquer.com\/inscripciones\/producto\/adgd352po-transformacion-digital-de-la-empresa-50-horas\/#primaryimage","url":"https:\/\/mefp.grupopiquer.com\/inscripciones\/wp-content\/uploads\/2023\/05\/ADGD352PO-e1683556552336.jpg","contentUrl":"https:\/\/mefp.grupopiquer.com\/inscripciones\/wp-content\/uploads\/2023\/05\/ADGD352PO-e1683556552336.jpg","width":1018,"height":573},{"@type":"BreadcrumbList","@id":"https:\/\/mefp.grupopiquer.com\/inscripciones\/producto\/adgd352po-transformacion-digital-de-la-empresa-50-horas\/#breadcrumb","itemListElement":[{"@type":"ListItem","position":1,"name":"Portada","item":"https:\/\/mefp.grupopiquer.com\/inscripciones\/"},{"@type":"ListItem","position":2,"name":"Tienda","item":"https:\/\/mefp.grupopiquer.com\/inscripciones\/tienda\/"},{"@type":"ListItem","position":3,"name":"ADGD352PO &#8211; Transformaci\u00f3n Digital de la Empresa (50 horas)"}]},{"@type":"WebSite","@id":"https:\/\/mefp.grupopiquer.com\/inscripciones\/#website","url":"https:\/\/mefp.grupopiquer.com\/inscripciones\/","name":"Contenidos Online","description":"","publisher":{"@id":"https:\/\/mefp.grupopiquer.com\/inscripciones\/#organization"},"potentialAction":[{"@type":"SearchAction","target":{"@type":"EntryPoint","urlTemplate":"https:\/\/mefp.grupopiquer.com\/inscripciones\/?s={search_term_string}"},"query-input":{"@type":"PropertyValueSpecification","valueRequired":true,"valueName":"search_term_string"}}],"inLanguage":"es"},{"@type":"Organization","@id":"https:\/\/mefp.grupopiquer.com\/inscripciones\/#organization","name":"Contenidos Online","url":"https:\/\/mefp.grupopiquer.com\/inscripciones\/","logo":{"@type":"ImageObject","inLanguage":"es","@id":"https:\/\/mefp.grupopiquer.com\/inscripciones\/#\/schema\/logo\/image\/","url":"","contentUrl":"","caption":"Contenidos Online"},"image":{"@id":"https:\/\/mefp.grupopiquer.com\/inscripciones\/#\/schema\/logo\/image\/"}}]}},"_links":{"self":[{"href":"https:\/\/mefp.grupopiquer.com\/inscripciones\/wp-json\/wp\/v2\/product\/4360"}],"collection":[{"href":"https:\/\/mefp.grupopiquer.com\/inscripciones\/wp-json\/wp\/v2\/product"}],"about":[{"href":"https:\/\/mefp.grupopiquer.com\/inscripciones\/wp-json\/wp\/v2\/types\/product"}],"replies":[{"embeddable":true,"href":"https:\/\/mefp.grupopiquer.com\/inscripciones\/wp-json\/wp\/v2\/comments?post=4360"}],"wp:featuredmedia":[{"embeddable":true,"href":"https:\/\/mefp.grupopiquer.com\/inscripciones\/wp-json\/wp\/v2\/media\/5462"}],"wp:attachment":[{"href":"https:\/\/mefp.grupopiquer.com\/inscripciones\/wp-json\/wp\/v2\/media?parent=4360"}],"wp:term":[{"taxonomy":"product_cat","embeddable":true,"href":"https:\/\/mefp.grupopiquer.com\/inscripciones\/wp-json\/wp\/v2\/product_cat?post=4360"},{"taxonomy":"product_tag","embeddable":true,"href":"https:\/\/mefp.grupopiquer.com\/inscripciones\/wp-json\/wp\/v2\/product_tag?post=4360"}],"curies":[{"name":"wp","href":"https:\/\/api.w.org\/{rel}","templated":true}]}}