{"id":4356,"date":"2023-05-02T10:52:41","date_gmt":"2023-05-02T10:52:41","guid":{"rendered":"https:\/\/mefp.grupopiquer.com\/inscripciones\/producto\/adgd345po-novedades-en-la-seguridad-de-los-datos-personales-15-horas\/"},"modified":"2023-05-15T13:39:48","modified_gmt":"2023-05-15T13:39:48","slug":"adgd345po-novedades-en-la-seguridad-de-los-datos-personales-15-horas","status":"publish","type":"product","link":"https:\/\/mefp.grupopiquer.com\/inscripciones\/producto\/adgd345po-novedades-en-la-seguridad-de-los-datos-personales-15-horas\/","title":{"rendered":"ADGD345PO &#8211; Novedades en la Seguridad de los Datos Personales (15 horas)"},"content":{"rendered":"<div id=\"accordion\">\n<h3>OBJETIVOS<\/h3>\n<div>Conocer el nuevo marco europeo en materia de protecci\u00f3n de datos, analizando el RGPD, su \u00e1mbito de aplicaci\u00f3n material y territorial, las condiciones generales de consentimiento en el tratamiento de datos, las obligaciones del responsable del tratamiento de datos y el procedimiento para la elaboraci\u00f3n y aprobaci\u00f3n de un c\u00f3digo de conducta.<\/div>\n<h3>CONTENIDOS<\/h3>\n<div>1. LA REFORMA: INTRODUCCI\u00d3N, ANTECEDENTES Y ENTRADA EN VIGOR INTRODUCCI\u00d3N Y OBJETIVOS<br \/>\n1.1 La reforma en el \u00e1mbito de protecci\u00f3n de datos de la Uni\u00f3n Europea.<br \/>\n1.1.1 Antecedentes.<br \/>\n1.1.2 Aplicaci\u00f3n de las normas y textos oficiales.<br \/>\n1.2 Principales novedades del Reglamento.<br \/>\n1.2.1 Derechos de los interesados.<br \/>\n1.2.2 Cumplimiento.<br \/>\n1.2.3 Seguimiento e indemnizaci\u00f3n.<br \/>\n1.2.4 Transferencias a terceros pa\u00edses.<br \/>\n1.2.3 Entrada en vigor y \u00e1mbito de aplicaci\u00f3n.<br \/>\n1.2.4 Definiciones comunes.<br \/>\n1.2.5 Principios relativos al tratamiento de datos personales.<br \/>\n1.2.6. Licitud del tratamiento de datos.<br \/>\n1.2.7. Preceptos introducidos por el RGPD.<br \/>\n1.2.8. Adaptaci\u00f3n y armonizaci\u00f3n del precepto y licitud del tratamiento en la Uni\u00f3n Europea.<br \/>\n1.2.9. Otros supuestos.<\/p>\n<p>2. CONSENTIMIENTO EN EL TRATAMIENTO DE DATOS PERSONALES, DERECHOS DE LOS INTERESADOS Y SITUACIONES ESPEC\u00cdFICAS<br \/>\n2.1. Introducci\u00f3n y objetivos.<br \/>\n2.1.1. Condiciones para el consentimiento.<br \/>\n2.1.2. Cu\u00e1les son.<br \/>\n2.1.3. Condiciones aplicables al consentimiento del ni\u00f1o<br \/>\n2.2. Categor\u00edas especiales de datos personales.<br \/>\n2.3. Tratamiento de datos personales relativos a condenas e infracciones penales o medidas conexas de seguridad.<br \/>\n2.4. Derechos de los interesados.<br \/>\n2.4.1. Transparencia de la informaci\u00f3n y la comunicaci\u00f3n y modalidades para el ejercicio de los derechos.<br \/>\n2.4.2. Los derechos.<br \/>\n2.4.2.1 Derecho de informaci\u00f3n.<br \/>\n2.4.2.2 Derecho de acceso y de rectificaci\u00f3n.<br \/>\n2.4.2.3. Derecho de suspensi\u00f3n (derecho al olvido).<br \/>\n2.4.2.4. Derecho a la limitaci\u00f3n del tratamiento.<br \/>\n2.4.2.5. Derecho a la portabilidad de los datos.<br \/>\n2.5. Situaciones espec\u00edficas.<br \/>\n2.5.1. Tratamiento de datos personales y libertad de expresi\u00f3n.<br \/>\n2.5.2. Tratamiento y acceso del p\u00fablico a documentos oficiales.<br \/>\n2.5.3. Tratamiento del n\u00famero nacional de identificaci\u00f3n y tratamiento en el \u00e1mbito laboral.<br \/>\n2.5.4. Tratamiento con fines de archivo en inter\u00e9s p\u00fablico, de investigaci\u00f3n cient\u00edfica o hist\u00f3rica o fines estad\u00edsticos.<br \/>\n2.5.5. Otras situaciones.<\/p>\n<p>3. EL RESPONSABLE DEL TRATAMIENTO. LA PRIVACIDAD DESDE EL DISE\u00d1O. EL ENCARGADO DEL TRATAMIENTO.INTRODUCCI\u00d3N Y OBJETIVOS<br \/>\n3.1. El responsable del tratamiento.<br \/>\n3.1.1. Qu\u00e9 es.<br \/>\n3.1.2. Obligaciones.<br \/>\n3.2 Corresponsables del tratamiento.<br \/>\n3.2.1. Representantes de responsables o encargados del tratamiento.<br \/>\n3.3. Registro de las actividades de tratamiento.<br \/>\n3.4. Protecci\u00f3n de datos desde el dise\u00f1o.<br \/>\n3.5. Protecci\u00f3n de datos por defecto.<br \/>\n3.6. La certificaci\u00f3n como mecanismo de acreditaci\u00f3n.<br \/>\n3.7. El encargado del tratamiento.<br \/>\n3.7.1. Qu\u00e9 es.<br \/>\n3.7.2. Regulaci\u00f3n contractual de su relaci\u00f3n con el responsable.<br \/>\n3.8. Subcontrataci\u00f3n de servicios.<br \/>\n3.9 Tutela de la actividad y registro de las actividades de tratamiento.<\/p>\n<p>4. LA VIOLACI\u00d3N DE LA SEGURIDAD. LA EVALUACI\u00d3N DE IMPACTO. EL DELEGADO DE PROTECCI\u00d3N DE DATOS. INTRODUCCI\u00d3N Y OBJETIVOS<br \/>\n4.1. Comunicaci\u00f3n de violaciones de seguridad a la autoridad y al interesado.<br \/>\n4.2. La violaci\u00f3n de la seguridad.<br \/>\n4.3. Notificaci\u00f3n a la autoridad de control.<br \/>\n4.4. Notificaci\u00f3n al interesado.<br \/>\n4.5 La evaluaci\u00f3n de impacto y la autorizaci\u00f3n previa.<br \/>\n4.6. La evaluaci\u00f3n de impacto.<br \/>\n4.7. La consulta previa.<br \/>\n4.8. El delegado de protecci\u00f3n de datos.<br \/>\n4.8.1. Designaci\u00f3n.<br \/>\n4.8.2. Posici\u00f3n ante la protecci\u00f3n de datos.<br \/>\n4.8.3. Funciones.<\/p>\n<p>5. LOS C\u00d3DIGOS DE CONDUCTA. LOS C\u00d3DIGOS DE CERTIFICACI\u00d3N. TRANSFERENCIAS DE DATOS A TERCEROS PA\u00cdSES. INTRODUCCI\u00d3N Y OBJETIVOS<br \/>\n5.1. Los c\u00f3digos de conducta.<br \/>\n5.1.1. Aspectos fundamentales.<br \/>\n5.1.2. Procedimiento de elaboraci\u00f3n, modificaci\u00f3n o ampliaci\u00f3n.<br \/>\n5.1.3. Supervisi\u00f3n de los c\u00f3digos de conducta.<br \/>\n5.2. Los c\u00f3digos de certificaci\u00f3n.<br \/>\n5.2.1. Mecanismos de certificaci\u00f3n, sellos y marcas.<br \/>\n5.2.2. El organismo de certificaci\u00f3n.<br \/>\n5.2.3. Requisitos para acreditar un organismo de certificaci\u00f3n.<br \/>\n5.2.4. Otras obligaciones.<br \/>\n5.3. Transferencias de datos a terceros pa\u00edses u organizaciones internacionales.<br \/>\n5.3.1. Tratamiento transfronterizo y transferencia internacional de datos.<br \/>\n5.3.2. Transferencia internacional de datos.<br \/>\n5.3.3. Decisi\u00f3n de la comisi\u00f3n de adecuaci\u00f3n.\n<\/p><\/div>\n<\/div>\n","protected":false},"excerpt":{"rendered":"<p>Conocer el nuevo marco europeo en materia de protecci\u00f3n de datos, analizando el RGPD, su \u00e1mbito de aplicaci\u00f3n material y territorial, las condiciones generales de consentimiento en el tratamiento de datos, las obligaciones del responsable del tratamiento de datos y el procedimiento para la elaboraci\u00f3n y aprobaci\u00f3n de un c\u00f3digo de conducta.<\/p>\n","protected":false},"featured_media":5015,"comment_status":"closed","ping_status":"closed","template":"","meta":[],"product_cat":[126],"product_tag":[],"class_list":{"0":"post-4356","1":"product","2":"type-product","3":"status-publish","4":"has-post-thumbnail","6":"product_cat-administracion-y-auditoria","8":"first","9":"instock","10":"taxable","11":"shipping-taxable","12":"purchasable","13":"product-type-simple"},"yoast_head":"<!-- This site is optimized with the Yoast SEO plugin v23.5 - https:\/\/yoast.com\/wordpress\/plugins\/seo\/ -->\n<title>ADGD345PO - Novedades en la Seguridad de los Datos Personales (15 horas) - Contenidos Online<\/title>\n<meta name=\"robots\" content=\"index, follow, max-snippet:-1, max-image-preview:large, max-video-preview:-1\" \/>\n<link rel=\"canonical\" href=\"https:\/\/mefp.grupopiquer.com\/inscripciones\/producto\/adgd345po-novedades-en-la-seguridad-de-los-datos-personales-15-horas\/\" \/>\n<meta property=\"og:locale\" content=\"es_ES\" \/>\n<meta property=\"og:type\" content=\"article\" \/>\n<meta property=\"og:title\" content=\"ADGD345PO - Novedades en la Seguridad de los Datos Personales (15 horas) - Contenidos Online\" \/>\n<meta property=\"og:description\" content=\"Conocer el nuevo marco europeo en materia de protecci\u00f3n de datos, analizando el RGPD, su \u00e1mbito de aplicaci\u00f3n material y territorial, las condiciones generales de consentimiento en el tratamiento de datos, las obligaciones del responsable del tratamiento de datos y el procedimiento para la elaboraci\u00f3n y aprobaci\u00f3n de un c\u00f3digo de conducta.\" \/>\n<meta property=\"og:url\" content=\"https:\/\/mefp.grupopiquer.com\/inscripciones\/producto\/adgd345po-novedades-en-la-seguridad-de-los-datos-personales-15-horas\/\" \/>\n<meta property=\"og:site_name\" content=\"Contenidos Online\" \/>\n<meta property=\"article:modified_time\" content=\"2023-05-15T13:39:48+00:00\" \/>\n<meta property=\"og:image\" content=\"https:\/\/mefp.grupopiquer.com\/inscripciones\/wp-content\/uploads\/2023\/05\/pexels-kevin-paster-1901388-e1683207584216.jpg\" \/>\n\t<meta property=\"og:image:width\" content=\"1920\" \/>\n\t<meta property=\"og:image:height\" content=\"1080\" \/>\n\t<meta property=\"og:image:type\" content=\"image\/jpeg\" \/>\n<meta name=\"twitter:card\" content=\"summary_large_image\" \/>\n<meta name=\"twitter:label1\" content=\"Tiempo de lectura\" \/>\n\t<meta name=\"twitter:data1\" content=\"3 minutos\" \/>\n<script type=\"application\/ld+json\" class=\"yoast-schema-graph\">{\"@context\":\"https:\/\/schema.org\",\"@graph\":[{\"@type\":\"WebPage\",\"@id\":\"https:\/\/mefp.grupopiquer.com\/inscripciones\/producto\/adgd345po-novedades-en-la-seguridad-de-los-datos-personales-15-horas\/\",\"url\":\"https:\/\/mefp.grupopiquer.com\/inscripciones\/producto\/adgd345po-novedades-en-la-seguridad-de-los-datos-personales-15-horas\/\",\"name\":\"ADGD345PO - Novedades en la Seguridad de los Datos Personales (15 horas) - Contenidos Online\",\"isPartOf\":{\"@id\":\"https:\/\/mefp.grupopiquer.com\/inscripciones\/#website\"},\"primaryImageOfPage\":{\"@id\":\"https:\/\/mefp.grupopiquer.com\/inscripciones\/producto\/adgd345po-novedades-en-la-seguridad-de-los-datos-personales-15-horas\/#primaryimage\"},\"image\":{\"@id\":\"https:\/\/mefp.grupopiquer.com\/inscripciones\/producto\/adgd345po-novedades-en-la-seguridad-de-los-datos-personales-15-horas\/#primaryimage\"},\"thumbnailUrl\":\"https:\/\/mefp.grupopiquer.com\/inscripciones\/wp-content\/uploads\/2023\/05\/pexels-kevin-paster-1901388-e1683207584216.jpg\",\"datePublished\":\"2023-05-02T10:52:41+00:00\",\"dateModified\":\"2023-05-15T13:39:48+00:00\",\"breadcrumb\":{\"@id\":\"https:\/\/mefp.grupopiquer.com\/inscripciones\/producto\/adgd345po-novedades-en-la-seguridad-de-los-datos-personales-15-horas\/#breadcrumb\"},\"inLanguage\":\"es\",\"potentialAction\":[{\"@type\":\"ReadAction\",\"target\":[\"https:\/\/mefp.grupopiquer.com\/inscripciones\/producto\/adgd345po-novedades-en-la-seguridad-de-los-datos-personales-15-horas\/\"]}]},{\"@type\":\"ImageObject\",\"inLanguage\":\"es\",\"@id\":\"https:\/\/mefp.grupopiquer.com\/inscripciones\/producto\/adgd345po-novedades-en-la-seguridad-de-los-datos-personales-15-horas\/#primaryimage\",\"url\":\"https:\/\/mefp.grupopiquer.com\/inscripciones\/wp-content\/uploads\/2023\/05\/pexels-kevin-paster-1901388-e1683207584216.jpg\",\"contentUrl\":\"https:\/\/mefp.grupopiquer.com\/inscripciones\/wp-content\/uploads\/2023\/05\/pexels-kevin-paster-1901388-e1683207584216.jpg\",\"width\":1920,\"height\":1080},{\"@type\":\"BreadcrumbList\",\"@id\":\"https:\/\/mefp.grupopiquer.com\/inscripciones\/producto\/adgd345po-novedades-en-la-seguridad-de-los-datos-personales-15-horas\/#breadcrumb\",\"itemListElement\":[{\"@type\":\"ListItem\",\"position\":1,\"name\":\"Portada\",\"item\":\"https:\/\/mefp.grupopiquer.com\/inscripciones\/\"},{\"@type\":\"ListItem\",\"position\":2,\"name\":\"Tienda\",\"item\":\"https:\/\/mefp.grupopiquer.com\/inscripciones\/tienda\/\"},{\"@type\":\"ListItem\",\"position\":3,\"name\":\"ADGD345PO &#8211; Novedades en la Seguridad de los Datos Personales (15 horas)\"}]},{\"@type\":\"WebSite\",\"@id\":\"https:\/\/mefp.grupopiquer.com\/inscripciones\/#website\",\"url\":\"https:\/\/mefp.grupopiquer.com\/inscripciones\/\",\"name\":\"Contenidos Online\",\"description\":\"\",\"publisher\":{\"@id\":\"https:\/\/mefp.grupopiquer.com\/inscripciones\/#organization\"},\"potentialAction\":[{\"@type\":\"SearchAction\",\"target\":{\"@type\":\"EntryPoint\",\"urlTemplate\":\"https:\/\/mefp.grupopiquer.com\/inscripciones\/?s={search_term_string}\"},\"query-input\":{\"@type\":\"PropertyValueSpecification\",\"valueRequired\":true,\"valueName\":\"search_term_string\"}}],\"inLanguage\":\"es\"},{\"@type\":\"Organization\",\"@id\":\"https:\/\/mefp.grupopiquer.com\/inscripciones\/#organization\",\"name\":\"Contenidos Online\",\"url\":\"https:\/\/mefp.grupopiquer.com\/inscripciones\/\",\"logo\":{\"@type\":\"ImageObject\",\"inLanguage\":\"es\",\"@id\":\"https:\/\/mefp.grupopiquer.com\/inscripciones\/#\/schema\/logo\/image\/\",\"url\":\"\",\"contentUrl\":\"\",\"caption\":\"Contenidos Online\"},\"image\":{\"@id\":\"https:\/\/mefp.grupopiquer.com\/inscripciones\/#\/schema\/logo\/image\/\"}}]}<\/script>\n<!-- \/ Yoast SEO plugin. -->","yoast_head_json":{"title":"ADGD345PO - Novedades en la Seguridad de los Datos Personales (15 horas) - Contenidos Online","robots":{"index":"index","follow":"follow","max-snippet":"max-snippet:-1","max-image-preview":"max-image-preview:large","max-video-preview":"max-video-preview:-1"},"canonical":"https:\/\/mefp.grupopiquer.com\/inscripciones\/producto\/adgd345po-novedades-en-la-seguridad-de-los-datos-personales-15-horas\/","og_locale":"es_ES","og_type":"article","og_title":"ADGD345PO - Novedades en la Seguridad de los Datos Personales (15 horas) - Contenidos Online","og_description":"Conocer el nuevo marco europeo en materia de protecci\u00f3n de datos, analizando el RGPD, su \u00e1mbito de aplicaci\u00f3n material y territorial, las condiciones generales de consentimiento en el tratamiento de datos, las obligaciones del responsable del tratamiento de datos y el procedimiento para la elaboraci\u00f3n y aprobaci\u00f3n de un c\u00f3digo de conducta.","og_url":"https:\/\/mefp.grupopiquer.com\/inscripciones\/producto\/adgd345po-novedades-en-la-seguridad-de-los-datos-personales-15-horas\/","og_site_name":"Contenidos Online","article_modified_time":"2023-05-15T13:39:48+00:00","og_image":[{"width":1920,"height":1080,"url":"https:\/\/mefp.grupopiquer.com\/inscripciones\/wp-content\/uploads\/2023\/05\/pexels-kevin-paster-1901388-e1683207584216.jpg","type":"image\/jpeg"}],"twitter_card":"summary_large_image","twitter_misc":{"Tiempo de lectura":"3 minutos"},"schema":{"@context":"https:\/\/schema.org","@graph":[{"@type":"WebPage","@id":"https:\/\/mefp.grupopiquer.com\/inscripciones\/producto\/adgd345po-novedades-en-la-seguridad-de-los-datos-personales-15-horas\/","url":"https:\/\/mefp.grupopiquer.com\/inscripciones\/producto\/adgd345po-novedades-en-la-seguridad-de-los-datos-personales-15-horas\/","name":"ADGD345PO - Novedades en la Seguridad de los Datos Personales (15 horas) - Contenidos Online","isPartOf":{"@id":"https:\/\/mefp.grupopiquer.com\/inscripciones\/#website"},"primaryImageOfPage":{"@id":"https:\/\/mefp.grupopiquer.com\/inscripciones\/producto\/adgd345po-novedades-en-la-seguridad-de-los-datos-personales-15-horas\/#primaryimage"},"image":{"@id":"https:\/\/mefp.grupopiquer.com\/inscripciones\/producto\/adgd345po-novedades-en-la-seguridad-de-los-datos-personales-15-horas\/#primaryimage"},"thumbnailUrl":"https:\/\/mefp.grupopiquer.com\/inscripciones\/wp-content\/uploads\/2023\/05\/pexels-kevin-paster-1901388-e1683207584216.jpg","datePublished":"2023-05-02T10:52:41+00:00","dateModified":"2023-05-15T13:39:48+00:00","breadcrumb":{"@id":"https:\/\/mefp.grupopiquer.com\/inscripciones\/producto\/adgd345po-novedades-en-la-seguridad-de-los-datos-personales-15-horas\/#breadcrumb"},"inLanguage":"es","potentialAction":[{"@type":"ReadAction","target":["https:\/\/mefp.grupopiquer.com\/inscripciones\/producto\/adgd345po-novedades-en-la-seguridad-de-los-datos-personales-15-horas\/"]}]},{"@type":"ImageObject","inLanguage":"es","@id":"https:\/\/mefp.grupopiquer.com\/inscripciones\/producto\/adgd345po-novedades-en-la-seguridad-de-los-datos-personales-15-horas\/#primaryimage","url":"https:\/\/mefp.grupopiquer.com\/inscripciones\/wp-content\/uploads\/2023\/05\/pexels-kevin-paster-1901388-e1683207584216.jpg","contentUrl":"https:\/\/mefp.grupopiquer.com\/inscripciones\/wp-content\/uploads\/2023\/05\/pexels-kevin-paster-1901388-e1683207584216.jpg","width":1920,"height":1080},{"@type":"BreadcrumbList","@id":"https:\/\/mefp.grupopiquer.com\/inscripciones\/producto\/adgd345po-novedades-en-la-seguridad-de-los-datos-personales-15-horas\/#breadcrumb","itemListElement":[{"@type":"ListItem","position":1,"name":"Portada","item":"https:\/\/mefp.grupopiquer.com\/inscripciones\/"},{"@type":"ListItem","position":2,"name":"Tienda","item":"https:\/\/mefp.grupopiquer.com\/inscripciones\/tienda\/"},{"@type":"ListItem","position":3,"name":"ADGD345PO &#8211; Novedades en la Seguridad de los Datos Personales (15 horas)"}]},{"@type":"WebSite","@id":"https:\/\/mefp.grupopiquer.com\/inscripciones\/#website","url":"https:\/\/mefp.grupopiquer.com\/inscripciones\/","name":"Contenidos Online","description":"","publisher":{"@id":"https:\/\/mefp.grupopiquer.com\/inscripciones\/#organization"},"potentialAction":[{"@type":"SearchAction","target":{"@type":"EntryPoint","urlTemplate":"https:\/\/mefp.grupopiquer.com\/inscripciones\/?s={search_term_string}"},"query-input":{"@type":"PropertyValueSpecification","valueRequired":true,"valueName":"search_term_string"}}],"inLanguage":"es"},{"@type":"Organization","@id":"https:\/\/mefp.grupopiquer.com\/inscripciones\/#organization","name":"Contenidos Online","url":"https:\/\/mefp.grupopiquer.com\/inscripciones\/","logo":{"@type":"ImageObject","inLanguage":"es","@id":"https:\/\/mefp.grupopiquer.com\/inscripciones\/#\/schema\/logo\/image\/","url":"","contentUrl":"","caption":"Contenidos Online"},"image":{"@id":"https:\/\/mefp.grupopiquer.com\/inscripciones\/#\/schema\/logo\/image\/"}}]}},"_links":{"self":[{"href":"https:\/\/mefp.grupopiquer.com\/inscripciones\/wp-json\/wp\/v2\/product\/4356"}],"collection":[{"href":"https:\/\/mefp.grupopiquer.com\/inscripciones\/wp-json\/wp\/v2\/product"}],"about":[{"href":"https:\/\/mefp.grupopiquer.com\/inscripciones\/wp-json\/wp\/v2\/types\/product"}],"replies":[{"embeddable":true,"href":"https:\/\/mefp.grupopiquer.com\/inscripciones\/wp-json\/wp\/v2\/comments?post=4356"}],"wp:featuredmedia":[{"embeddable":true,"href":"https:\/\/mefp.grupopiquer.com\/inscripciones\/wp-json\/wp\/v2\/media\/5015"}],"wp:attachment":[{"href":"https:\/\/mefp.grupopiquer.com\/inscripciones\/wp-json\/wp\/v2\/media?parent=4356"}],"wp:term":[{"taxonomy":"product_cat","embeddable":true,"href":"https:\/\/mefp.grupopiquer.com\/inscripciones\/wp-json\/wp\/v2\/product_cat?post=4356"},{"taxonomy":"product_tag","embeddable":true,"href":"https:\/\/mefp.grupopiquer.com\/inscripciones\/wp-json\/wp\/v2\/product_tag?post=4356"}],"curies":[{"name":"wp","href":"https:\/\/api.w.org\/{rel}","templated":true}]}}