{"id":4345,"date":"2023-05-02T10:51:47","date_gmt":"2023-05-02T10:51:47","guid":{"rendered":"https:\/\/mefp.grupopiquer.com\/inscripciones\/producto\/adgd257po-tecnicas-de-negociacion-60-horas\/"},"modified":"2023-05-16T14:29:45","modified_gmt":"2023-05-16T14:29:45","slug":"adgd257po-tecnicas-de-negociacion-60-horas","status":"publish","type":"product","link":"https:\/\/mefp.grupopiquer.com\/inscripciones\/producto\/adgd257po-tecnicas-de-negociacion-60-horas\/","title":{"rendered":"ADGD257PO &#8211; T\u00e9cnicas de Negociaci\u00f3n (60 horas)"},"content":{"rendered":"<div id=\"accordion\">\n<h3>OBJETIVOS<\/h3>\n<div>Identificar y aplicar los conceptos, acciones, comportamientos y principios fundamentales de la negociaci\u00f3n y llevar a cabo las diferentes fases de una negociaci\u00f3n de forma eficaz.<\/div>\n<h3>CONTENIDOS<\/h3>\n<div>1. SITUACIONES, CONDUCTA Y MANIOBRAS EN LA NEGOCIACI\u00d3N<br \/>\n1.1. Introducci\u00f3n<br \/>\n1.1.1. Antecedentes o conceptos de negociaci\u00f3n<br \/>\n1.1.2. La negociaci\u00f3n desde el punto de vista psicol\u00f3gico<br \/>\n1.1.3. El espacio de negociaci\u00f3n<br \/>\n1.1.4. Asimilaci\u00f3n y explicaci\u00f3n de los principales agentes que intervienen en una negociaci\u00f3n<br \/>\n1.2. Acciones posibles de Negociaci\u00f3n<br \/>\n1.2.1. El origen del conflicto<br \/>\n1.2.2. La actitud ante el conflicto<br \/>\n1.2.3. C\u00f3mo actuar en caso de conflicto<br \/>\n1.2.4. Las disputas<br \/>\n1.2.5. Tratamiento de las disputas<br \/>\n1.2.6. Negociaci\u00f3n entre productividad y mejora del servicio.<br \/>\n1.2.7. Motivaci\u00f3n para el cambio<br \/>\n1.2.8. Los conflictos jur\u00eddicos: los pleitos<br \/>\n1.2.9. Plan estrat\u00e9gico de negociaci\u00f3n<br \/>\n1.3. El Comportamiento en la Negociaci\u00f3n<br \/>\n1.3.1. Actitudes y posturas positivas<br \/>\n1.3.2. El principio de Dar\/Recibir<br \/>\n1.3.3. C\u00f3mo influenciar a la otra parte<br \/>\n1.3.4. Motivar<br \/>\n1.3.5. Condicionar<br \/>\n1.3.6. Manipular<br \/>\n1.3.7. Descripci\u00f3n del principio Dar-Recibir<br \/>\n1.3.8. Definici\u00f3n de roles dentro del proceso de negociaci\u00f3n.<br \/>\n1.4. La Persuasi\u00f3n<br \/>\n1.4.1. La introducci\u00f3n<br \/>\n1.4.2. La coacci\u00f3n<br \/>\n1.4.3. La incitaci\u00f3n<br \/>\n1.4.4. La instrucci\u00f3n<br \/>\n1.4.5. La persuasi\u00f3n<br \/>\n1.5. Los Diez Principios Fundamentales de la Negociaci\u00f3n<br \/>\n1.5.1. Intentar evitar la negociaci\u00f3n<br \/>\n1.5.2. Estar preparados<br \/>\n1.5.3. Que la otra parte sea la que haga el trabajo<br \/>\n1.5.4. Utilicemos nuestra fuerza, al principio, con suavidad<br \/>\n1.5.5. Que compitan ellos<br \/>\n1.5.6. Dej\u00e9monos cierto margen de maniobra<br \/>\n1.5.7. Mantengamos nuestra integridad y credibilidad<br \/>\n1.5.8. Escuchemos en vez de hablar<br \/>\n1.5.9. Manteng\u00e1monos en contacto con sus expectativas<br \/>\n1.5.10. Que se familiaricen con nuestras grandes ideas.<\/p>\n<p>2. FASES Y PROCESOS DE LA NEGOCIACI\u00d3N<br \/>\n2.1. An\u00e1lisis de las Fases de Negociaci\u00f3n<br \/>\n2.1.1. Paso 1: Conocerse<br \/>\n.1.2. Paso 2: Identificar objetivos y necesidades<br \/>\n2.1.3. Paso 3: Inicio del proceso<br \/>\n2.1.4. Paso 4: Posicionamiento y expresiones de desacuerdo<br \/>\n2.1.5. Paso 5: Reevaluaci\u00f3n y concesi\u00f3n<br \/>\n2.1.6. Paso 6: Acuerdo de principio<br \/>\n2.2. Herramientas: Negociando el Precio<br \/>\n2.2.1. Introducci\u00f3n<br \/>\n2.2.2. Presentaci\u00f3n del precio<br \/>\n2.2.3. Cuando nos presenten el precio<br \/>\n2.2.4. El sentido de la oportunidad<br \/>\n2.2.5. C\u00f3mo tratar las objeciones al precio<br \/>\n2.2.6. Presentaci\u00f3n pr\u00e1ctica de un precio<br \/>\n2.2.7. Descripci\u00f3n del tratamiento de las diferentes objeciones<br \/>\n2.2.8. Presentaci\u00f3n de caso pr\u00e1ctico real de actuaci\u00f3n ante soborno<br \/>\n2.3. Herramientas: El Proceso de Negociaci\u00f3n (I)<br \/>\n2.3.1. Prenegociaci\u00f3n: consejos para el negociador<br \/>\n2.3.2. Posicionamiento<br \/>\n2.3.3. Argumentaci\u00f3n<br \/>\n2.4. Herramientas: El Proceso de Negociaci\u00f3n (II)<br \/>\n2.4.1. Cesi\u00f3n\/prueba<br \/>\n2.4.2. Acuerdo<br \/>\n2.4.3. Seguimiento<br \/>\n2.4.4. La PNL<\/p>\n<p>3. T\u00c1CTICAS Y CONTRAT\u00c1CTICAS\n<\/p><\/div>\n<\/div>\n","protected":false},"excerpt":{"rendered":"<p>Identificar y aplicar los conceptos, acciones, comportamientos y principios fundamentales de la negociaci\u00f3n y llevar a cabo las diferentes fases de una negociaci\u00f3n de forma eficaz.<\/p>\n","protected":false},"featured_media":5449,"comment_status":"closed","ping_status":"closed","template":"","meta":[],"product_cat":[126],"product_tag":[],"class_list":{"0":"post-4345","1":"product","2":"type-product","3":"status-publish","4":"has-post-thumbnail","6":"product_cat-administracion-y-auditoria","8":"first","9":"instock","10":"taxable","11":"shipping-taxable","12":"purchasable","13":"product-type-simple"},"yoast_head":"<!-- This site is optimized with the Yoast SEO plugin v23.5 - https:\/\/yoast.com\/wordpress\/plugins\/seo\/ -->\n<title>ADGD257PO - T\u00e9cnicas de Negociaci\u00f3n (60 horas) - Contenidos Online<\/title>\n<meta name=\"robots\" content=\"index, follow, max-snippet:-1, max-image-preview:large, max-video-preview:-1\" \/>\n<link rel=\"canonical\" href=\"https:\/\/mefp.grupopiquer.com\/inscripciones\/producto\/adgd257po-tecnicas-de-negociacion-60-horas\/\" \/>\n<meta property=\"og:locale\" content=\"es_ES\" \/>\n<meta property=\"og:type\" content=\"article\" \/>\n<meta property=\"og:title\" content=\"ADGD257PO - T\u00e9cnicas de Negociaci\u00f3n (60 horas) - Contenidos Online\" \/>\n<meta property=\"og:description\" content=\"Identificar y aplicar los conceptos, acciones, comportamientos y principios fundamentales de la negociaci\u00f3n y llevar a cabo las diferentes fases de una negociaci\u00f3n de forma eficaz.\" \/>\n<meta property=\"og:url\" content=\"https:\/\/mefp.grupopiquer.com\/inscripciones\/producto\/adgd257po-tecnicas-de-negociacion-60-horas\/\" \/>\n<meta property=\"og:site_name\" content=\"Contenidos Online\" \/>\n<meta property=\"article:modified_time\" content=\"2023-05-16T14:29:45+00:00\" \/>\n<meta property=\"og:image\" content=\"https:\/\/mefp.grupopiquer.com\/inscripciones\/wp-content\/uploads\/2023\/05\/ADGD257PO-e1683555678602.jpg\" \/>\n\t<meta property=\"og:image:width\" content=\"1500\" \/>\n\t<meta property=\"og:image:height\" content=\"843\" \/>\n\t<meta property=\"og:image:type\" content=\"image\/jpeg\" \/>\n<meta name=\"twitter:card\" content=\"summary_large_image\" \/>\n<meta name=\"twitter:label1\" content=\"Tiempo de lectura\" \/>\n\t<meta name=\"twitter:data1\" content=\"2 minutos\" \/>\n<script type=\"application\/ld+json\" class=\"yoast-schema-graph\">{\"@context\":\"https:\/\/schema.org\",\"@graph\":[{\"@type\":\"WebPage\",\"@id\":\"https:\/\/mefp.grupopiquer.com\/inscripciones\/producto\/adgd257po-tecnicas-de-negociacion-60-horas\/\",\"url\":\"https:\/\/mefp.grupopiquer.com\/inscripciones\/producto\/adgd257po-tecnicas-de-negociacion-60-horas\/\",\"name\":\"ADGD257PO - T\u00e9cnicas de Negociaci\u00f3n (60 horas) - Contenidos Online\",\"isPartOf\":{\"@id\":\"https:\/\/mefp.grupopiquer.com\/inscripciones\/#website\"},\"primaryImageOfPage\":{\"@id\":\"https:\/\/mefp.grupopiquer.com\/inscripciones\/producto\/adgd257po-tecnicas-de-negociacion-60-horas\/#primaryimage\"},\"image\":{\"@id\":\"https:\/\/mefp.grupopiquer.com\/inscripciones\/producto\/adgd257po-tecnicas-de-negociacion-60-horas\/#primaryimage\"},\"thumbnailUrl\":\"https:\/\/mefp.grupopiquer.com\/inscripciones\/wp-content\/uploads\/2023\/05\/ADGD257PO-e1683555678602.jpg\",\"datePublished\":\"2023-05-02T10:51:47+00:00\",\"dateModified\":\"2023-05-16T14:29:45+00:00\",\"breadcrumb\":{\"@id\":\"https:\/\/mefp.grupopiquer.com\/inscripciones\/producto\/adgd257po-tecnicas-de-negociacion-60-horas\/#breadcrumb\"},\"inLanguage\":\"es\",\"potentialAction\":[{\"@type\":\"ReadAction\",\"target\":[\"https:\/\/mefp.grupopiquer.com\/inscripciones\/producto\/adgd257po-tecnicas-de-negociacion-60-horas\/\"]}]},{\"@type\":\"ImageObject\",\"inLanguage\":\"es\",\"@id\":\"https:\/\/mefp.grupopiquer.com\/inscripciones\/producto\/adgd257po-tecnicas-de-negociacion-60-horas\/#primaryimage\",\"url\":\"https:\/\/mefp.grupopiquer.com\/inscripciones\/wp-content\/uploads\/2023\/05\/ADGD257PO-e1683555678602.jpg\",\"contentUrl\":\"https:\/\/mefp.grupopiquer.com\/inscripciones\/wp-content\/uploads\/2023\/05\/ADGD257PO-e1683555678602.jpg\",\"width\":1500,\"height\":843},{\"@type\":\"BreadcrumbList\",\"@id\":\"https:\/\/mefp.grupopiquer.com\/inscripciones\/producto\/adgd257po-tecnicas-de-negociacion-60-horas\/#breadcrumb\",\"itemListElement\":[{\"@type\":\"ListItem\",\"position\":1,\"name\":\"Portada\",\"item\":\"https:\/\/mefp.grupopiquer.com\/inscripciones\/\"},{\"@type\":\"ListItem\",\"position\":2,\"name\":\"Tienda\",\"item\":\"https:\/\/mefp.grupopiquer.com\/inscripciones\/tienda\/\"},{\"@type\":\"ListItem\",\"position\":3,\"name\":\"ADGD257PO &#8211; T\u00e9cnicas de Negociaci\u00f3n (60 horas)\"}]},{\"@type\":\"WebSite\",\"@id\":\"https:\/\/mefp.grupopiquer.com\/inscripciones\/#website\",\"url\":\"https:\/\/mefp.grupopiquer.com\/inscripciones\/\",\"name\":\"Contenidos Online\",\"description\":\"\",\"publisher\":{\"@id\":\"https:\/\/mefp.grupopiquer.com\/inscripciones\/#organization\"},\"potentialAction\":[{\"@type\":\"SearchAction\",\"target\":{\"@type\":\"EntryPoint\",\"urlTemplate\":\"https:\/\/mefp.grupopiquer.com\/inscripciones\/?s={search_term_string}\"},\"query-input\":{\"@type\":\"PropertyValueSpecification\",\"valueRequired\":true,\"valueName\":\"search_term_string\"}}],\"inLanguage\":\"es\"},{\"@type\":\"Organization\",\"@id\":\"https:\/\/mefp.grupopiquer.com\/inscripciones\/#organization\",\"name\":\"Contenidos Online\",\"url\":\"https:\/\/mefp.grupopiquer.com\/inscripciones\/\",\"logo\":{\"@type\":\"ImageObject\",\"inLanguage\":\"es\",\"@id\":\"https:\/\/mefp.grupopiquer.com\/inscripciones\/#\/schema\/logo\/image\/\",\"url\":\"\",\"contentUrl\":\"\",\"caption\":\"Contenidos Online\"},\"image\":{\"@id\":\"https:\/\/mefp.grupopiquer.com\/inscripciones\/#\/schema\/logo\/image\/\"}}]}<\/script>\n<!-- \/ Yoast SEO plugin. -->","yoast_head_json":{"title":"ADGD257PO - T\u00e9cnicas de Negociaci\u00f3n (60 horas) - Contenidos Online","robots":{"index":"index","follow":"follow","max-snippet":"max-snippet:-1","max-image-preview":"max-image-preview:large","max-video-preview":"max-video-preview:-1"},"canonical":"https:\/\/mefp.grupopiquer.com\/inscripciones\/producto\/adgd257po-tecnicas-de-negociacion-60-horas\/","og_locale":"es_ES","og_type":"article","og_title":"ADGD257PO - T\u00e9cnicas de Negociaci\u00f3n (60 horas) - Contenidos Online","og_description":"Identificar y aplicar los conceptos, acciones, comportamientos y principios fundamentales de la negociaci\u00f3n y llevar a cabo las diferentes fases de una negociaci\u00f3n de forma eficaz.","og_url":"https:\/\/mefp.grupopiquer.com\/inscripciones\/producto\/adgd257po-tecnicas-de-negociacion-60-horas\/","og_site_name":"Contenidos Online","article_modified_time":"2023-05-16T14:29:45+00:00","og_image":[{"width":1500,"height":843,"url":"https:\/\/mefp.grupopiquer.com\/inscripciones\/wp-content\/uploads\/2023\/05\/ADGD257PO-e1683555678602.jpg","type":"image\/jpeg"}],"twitter_card":"summary_large_image","twitter_misc":{"Tiempo de lectura":"2 minutos"},"schema":{"@context":"https:\/\/schema.org","@graph":[{"@type":"WebPage","@id":"https:\/\/mefp.grupopiquer.com\/inscripciones\/producto\/adgd257po-tecnicas-de-negociacion-60-horas\/","url":"https:\/\/mefp.grupopiquer.com\/inscripciones\/producto\/adgd257po-tecnicas-de-negociacion-60-horas\/","name":"ADGD257PO - T\u00e9cnicas de Negociaci\u00f3n (60 horas) - Contenidos Online","isPartOf":{"@id":"https:\/\/mefp.grupopiquer.com\/inscripciones\/#website"},"primaryImageOfPage":{"@id":"https:\/\/mefp.grupopiquer.com\/inscripciones\/producto\/adgd257po-tecnicas-de-negociacion-60-horas\/#primaryimage"},"image":{"@id":"https:\/\/mefp.grupopiquer.com\/inscripciones\/producto\/adgd257po-tecnicas-de-negociacion-60-horas\/#primaryimage"},"thumbnailUrl":"https:\/\/mefp.grupopiquer.com\/inscripciones\/wp-content\/uploads\/2023\/05\/ADGD257PO-e1683555678602.jpg","datePublished":"2023-05-02T10:51:47+00:00","dateModified":"2023-05-16T14:29:45+00:00","breadcrumb":{"@id":"https:\/\/mefp.grupopiquer.com\/inscripciones\/producto\/adgd257po-tecnicas-de-negociacion-60-horas\/#breadcrumb"},"inLanguage":"es","potentialAction":[{"@type":"ReadAction","target":["https:\/\/mefp.grupopiquer.com\/inscripciones\/producto\/adgd257po-tecnicas-de-negociacion-60-horas\/"]}]},{"@type":"ImageObject","inLanguage":"es","@id":"https:\/\/mefp.grupopiquer.com\/inscripciones\/producto\/adgd257po-tecnicas-de-negociacion-60-horas\/#primaryimage","url":"https:\/\/mefp.grupopiquer.com\/inscripciones\/wp-content\/uploads\/2023\/05\/ADGD257PO-e1683555678602.jpg","contentUrl":"https:\/\/mefp.grupopiquer.com\/inscripciones\/wp-content\/uploads\/2023\/05\/ADGD257PO-e1683555678602.jpg","width":1500,"height":843},{"@type":"BreadcrumbList","@id":"https:\/\/mefp.grupopiquer.com\/inscripciones\/producto\/adgd257po-tecnicas-de-negociacion-60-horas\/#breadcrumb","itemListElement":[{"@type":"ListItem","position":1,"name":"Portada","item":"https:\/\/mefp.grupopiquer.com\/inscripciones\/"},{"@type":"ListItem","position":2,"name":"Tienda","item":"https:\/\/mefp.grupopiquer.com\/inscripciones\/tienda\/"},{"@type":"ListItem","position":3,"name":"ADGD257PO &#8211; T\u00e9cnicas de Negociaci\u00f3n (60 horas)"}]},{"@type":"WebSite","@id":"https:\/\/mefp.grupopiquer.com\/inscripciones\/#website","url":"https:\/\/mefp.grupopiquer.com\/inscripciones\/","name":"Contenidos Online","description":"","publisher":{"@id":"https:\/\/mefp.grupopiquer.com\/inscripciones\/#organization"},"potentialAction":[{"@type":"SearchAction","target":{"@type":"EntryPoint","urlTemplate":"https:\/\/mefp.grupopiquer.com\/inscripciones\/?s={search_term_string}"},"query-input":{"@type":"PropertyValueSpecification","valueRequired":true,"valueName":"search_term_string"}}],"inLanguage":"es"},{"@type":"Organization","@id":"https:\/\/mefp.grupopiquer.com\/inscripciones\/#organization","name":"Contenidos Online","url":"https:\/\/mefp.grupopiquer.com\/inscripciones\/","logo":{"@type":"ImageObject","inLanguage":"es","@id":"https:\/\/mefp.grupopiquer.com\/inscripciones\/#\/schema\/logo\/image\/","url":"","contentUrl":"","caption":"Contenidos Online"},"image":{"@id":"https:\/\/mefp.grupopiquer.com\/inscripciones\/#\/schema\/logo\/image\/"}}]}},"_links":{"self":[{"href":"https:\/\/mefp.grupopiquer.com\/inscripciones\/wp-json\/wp\/v2\/product\/4345"}],"collection":[{"href":"https:\/\/mefp.grupopiquer.com\/inscripciones\/wp-json\/wp\/v2\/product"}],"about":[{"href":"https:\/\/mefp.grupopiquer.com\/inscripciones\/wp-json\/wp\/v2\/types\/product"}],"replies":[{"embeddable":true,"href":"https:\/\/mefp.grupopiquer.com\/inscripciones\/wp-json\/wp\/v2\/comments?post=4345"}],"wp:featuredmedia":[{"embeddable":true,"href":"https:\/\/mefp.grupopiquer.com\/inscripciones\/wp-json\/wp\/v2\/media\/5449"}],"wp:attachment":[{"href":"https:\/\/mefp.grupopiquer.com\/inscripciones\/wp-json\/wp\/v2\/media?parent=4345"}],"wp:term":[{"taxonomy":"product_cat","embeddable":true,"href":"https:\/\/mefp.grupopiquer.com\/inscripciones\/wp-json\/wp\/v2\/product_cat?post=4345"},{"taxonomy":"product_tag","embeddable":true,"href":"https:\/\/mefp.grupopiquer.com\/inscripciones\/wp-json\/wp\/v2\/product_tag?post=4345"}],"curies":[{"name":"wp","href":"https:\/\/api.w.org\/{rel}","templated":true}]}}