{"id":4319,"date":"2023-05-02T10:49:32","date_gmt":"2023-05-02T10:49:32","guid":{"rendered":"https:\/\/mefp.grupopiquer.com\/inscripciones\/producto\/adgd124po-gestion-de-los-negocios-on-line-2-0-210-horas\/"},"modified":"2023-05-16T14:23:43","modified_gmt":"2023-05-16T14:23:43","slug":"adgd124po-gestion-de-los-negocios-on-line-2-0-210-horas","status":"publish","type":"product","link":"https:\/\/mefp.grupopiquer.com\/inscripciones\/producto\/adgd124po-gestion-de-los-negocios-on-line-2-0-210-horas\/","title":{"rendered":"ADGD124PO &#8211; Gesti\u00f3n de los Negocios On Line 2.0 (210 horas)"},"content":{"rendered":"<div id=\"accordion\">\n<h3>OBJETIVOS<\/h3>\n<div>Comprender y aplicar los conocimientos t\u00e9cnicos propios de la actividad de un negocio online relativos a la planificaci\u00f3n, log\u00edstica, marketing, servicio, tecnolog\u00eda y comunicaci\u00f3n.<\/div>\n<h3>CONTENIDOS<\/h3>\n<div>\n1. EL DESARROLLO DEL NEGOCIO ONLINE.<br \/>\n1.1. C\u00f3mo iniciar un proyecto de negocios online.<br \/>\n1.2. El an\u00e1lisis de la solidez del futuro del negocio online.<br \/>\n1.3. Objetivos: \u00bfTienda virtual, escaparate o canal de comunicaci\u00f3n?<br \/>\n1.4. Riesgos antes de comenzar con el negocio online.<br \/>\n1.5. Casos de \u00e9xito: Negocios que funcionan en Internet.<\/p>\n<p>2. C\u00d3MO DESARROLLAR UN ADECUADO PLAN DE NEGOCIOS ONLINE.<br \/>\n2.1. Online Business Plan.<br \/>\n2.2. Resumen ejecutivo.<br \/>\n2.3. Definir el negocio: p\u00fablico objetivo y mercado potencial.<br \/>\n2.4. Especificaci\u00f3n del producto o servicio.<br \/>\n2.5. Requerimientos humanos y tecnol\u00f3gicos.<br \/>\n2.6. Organizaci\u00f3n interna del negocio online.<br \/>\n2.7. Desarrollo del Plan de Marketing Estrat\u00e9gico.<br \/>\n2.8. El Plan econ\u00f3mico-financiero.<br \/>\n2.9. Timing de implantaci\u00f3n del negocio Online.<\/p>\n<p>3. DISE\u00d1O Y USABILIDAD DE LA P\u00c1GINA WEB DEL NEGOCIO ONLINE.<br \/>\n3.1. Pasos previos al dise\u00f1o web: dominio, hosting, etc.<br \/>\n3.2. C\u00f3mo elegir un proveedor para un dise\u00f1o web a medida.<br \/>\n3.3. Pr\u00e1cticos: Aplicaciones de software disponibles.<br \/>\n3.4. Caso real: Virtual Shop.<br \/>\n3.5. Estructura del negocio online: BackOffice y Frontoffice.<br \/>\n3.6. C\u00f3mo realizar el mantenimiento: pedidos, facturas, etc.<br \/>\n3.7. Dise\u00f1o y usabilidad de la p\u00e1gina web.<br \/>\n3.8. Consejos para el dise\u00f1o web.<\/p>\n<p>4. SEGURIDAD EN LAS TRANSACCIONES DE VENTA ONLINE.<br \/>\n4.1. Requerimientos de seguridad en la venta Online.<br \/>\n4.2. Protocolos de seguridad existentes y c\u00f3mo deben seguirse.<br \/>\n4.3. C\u00f3mo garantizar la seguridad en la pasarela de pago.<br \/>\n4.4. Adquirir un certificado de seguridad digital.<br \/>\n4.5. Cumplir con la legislaci\u00f3n vigente: protecci\u00f3n de datos.<\/p>\n<p>5. LA LOG\u00cdSTICA DE UN NEGOCIO ONLINE<br \/>\n5.1. Identificaci\u00f3n de las necesidades log\u00edsticas del negocio Online.<br \/>\n5.2. La gesti\u00f3n pr\u00e1ctica del almacenaje y la distribuci\u00f3n del producto.<br \/>\n5.3. Caso real: Elegir un sistema de informaci\u00f3n log\u00edstico.<br \/>\n5.4. La gesti\u00f3n de las relaciones con las empresas de transporte.<br \/>\n5.5. La posibilidad de externalizar los servicios de log\u00edstica.<br \/>\n5.6. Caso de \u00c9xito: La log\u00edstica en un negocio Online.<\/p>\n<p>6. POSICIONAMIENTO SEO DE LA P\u00c1GINA WEB.<br \/>\n6.1. Claves para el posicionamiento SEO de la p\u00e1gina Web.<br \/>\n6.2. Definici\u00f3n de la estrategia de posicionamiento SEO.<br \/>\n6.3. C\u00f3mo elegir un buen profesional analista SEO.<br \/>\n6.4. Aplicaci\u00f3n de los principios del SEO al Negocio Online.<\/p>\n<p>7. MARKETING EN BUSCADORES O SEM.<br \/>\n7.1. Posicionamiento del negocio Online a trav\u00e9s del SEM.<br \/>\n7.2. C\u00f3mo realizar una correcta segmentaci\u00f3n del target objetivo.<br \/>\n7.3. Aplicaci\u00f3n y uso del Google Adwords para el posicionamiento de la web.<br \/>\n7.4. C\u00f3mo contratar una campa\u00f1a SEM con Google Adwords.<\/p>\n<p>8. C\u00d3MO PROMOCIONAR EL NEGOCIO ONLINE: ATRAER TR\u00c1FICO A LA WEB.<br \/>\n8.1. El Plan de Marketing Online.<br \/>\n8.2. Cu\u00e1nto debemos invertir en promoci\u00f3n online.<br \/>\n8.3. Planificar de forma eficaz las campa\u00f1as de e-mail Marketing.<br \/>\n8.4. La gesti\u00f3n pr\u00e1ctica de una campa\u00f1a de \u201cbanners\u201d.<br \/>\n8.5. Participar en los programas de Afiliados.<br \/>\n8.6. Cu\u00e1ndo recurrir a las Agencias de Publicidad Online.<\/p>\n<p>9. OFRECER EL MEJOR SERVICIO DE ATENCI\u00d3N AL CLIENTE.<br \/>\n9.1. Conseguir la fidelidad del cliente hacia el Negocio Online.<br \/>\n9.2. Caso real: Sistemas de e-CRM actuales.<br \/>\n9.3. Dar soporte a la Atenci\u00f3n al Cliente en el Negocio Online.<br \/>\n9.4. Recuperar al cliente insatisfecho: reclamaciones y quejas.<\/p>\n<p>10. TECNOLOG\u00cdA, COMUNICACI\u00d3N ONLINE Y REDES SOCIALES<br \/>\n10.1. Adaptarse al r\u00e1pido avance de las tecnolog\u00edas<br \/>\n10.2. Redes Sociales actuales y tendencias futuras<br \/>\n10.3. Redes Sociales gen\u00e9ricas: FaceBook, Twitter, linkedin, Google Plus, etc.<br \/>\n10.4. Redes Sociales espec\u00edficas: Flickr, Google Maps, Youtube, etc.<br \/>\n10.5. Nuevos dispositivos de comunicaci\u00f3n: Smartphones, Tablets, etc.<br \/>\n10.6. Otras Redes sociales: Foursquare, FaceBook Places, Gowalla, etc.<br \/>\n10.7. El futuro de las tecnolog\u00edas y de la comunicaci\u00f3n online<br \/>\n10.8. Evoluci\u00f3n hacia la Web .<\/p>\n<p>11. CAPTACI\u00d3N Y FIDELIZACI\u00d3N DE CLIENTES A TRAV\u00c9S DE LAS REDES SOCIALES<br \/>\n11.1. Branding en Redes Sociales.<br \/>\n11.2. Orientar una p\u00e1gina de Facebook a la captaci\u00f3n de seguidores.<br \/>\n11.3. Gestionar un perfil en Twitter y convertirse en referente.<br \/>\n11.4. Aprovechar el potencial de Google Plus.<br \/>\n11.5. Estar en otras redes sociales tem\u00e1ticas: Youtube, Flickr, etc.<br \/>\n11.6. Aplicaciones para aprovechar las ventajas de la Geolocalizaci\u00f3n.<br \/>\n11.7. Social Shopping: c\u00f3mo vender a trav\u00e9s de redes sociales.<\/p>\n<p>12. GESTI\u00d3N DE BLOG CORPORATIVO.<br \/>\n12.1. Coste y requerimientos para el desarrollo de un Blog corporativo.<br \/>\n12.2. T\u00e9cnicas para atraer tr\u00e1fico de calidad a trav\u00e9s del Blog.<br \/>\n12.3. C\u00f3mo adecuar los contenidos para fidelizar al cliente.<br \/>\n12.4. El Blog en la estrategia online del hotel: Facebook Connect, etc.<br \/>\n12.5. Ejercicio pr\u00e1ctico : C\u00f3mo crear un blog con Blogger, paso a paso<br \/>\n12.6. Ejercicio pr\u00e1ctico : C\u00f3mo crear un blog con WordPress, paso a paso.<\/p>\n<p>13. MARKETING .<br \/>\n13.1. Value Management: Prepararse para el Marketing ..<br \/>\n13.2. Co-Creation: El cliente como creador del producto.<br \/>\n13.3. Comunidades .: Comunicaci\u00f3n Cliente-Cliente.<br \/>\n13.4. Creaci\u00f3n de campa\u00f1as de Comunicaci\u00f3n en la Web Sem\u00e1ntica.<br \/>\n13.5. El impacto del Marketing . en la estrategia de la empresa.<br \/>\n13.6. Sostenibilidad y Responsabilidad Social en el nuevo Marketing.<br \/>\n13.7. Ejemplo Real: Nuestra marca y su ADN social.<br \/>\n13.8. Ejercicio Pr\u00e1ctico: Crear una estrategia de Marketing din\u00e1mica.<\/p>\n<p>14. AN\u00c1LISIS Y ESTAD\u00cdSTICAS.<br \/>\n14.1. C\u00f3mo controlar del negocio online de forma eficaz<br \/>\n14.2. An\u00e1lisis de los indicadores de informaci\u00f3n general.<br \/>\n14.3. Caso pr\u00e1ctico: Uso de Google Analytics para la medici\u00f3n de la Web.<br \/>\n14.4. Evaluaci\u00f3n de la reputaci\u00f3n de la marca en Internet.<br \/>\n14.5. El Cuadro de Mando del negocio Online.<br \/>\n14.6. Otras aplicaciones de medici\u00f3n de tr\u00e1fico<br \/>\n14.7. Ejercicio pr\u00e1ctico: Aplicaci\u00f3n del Cuadro de Mando.<\/p>\n<p>15. REQUISITOS LEGALES EN LA ACTIVIDAD DE UN NEGOCIO ONLINE.<br \/>\n15.1. La Sociedad y la forma legal m\u00e1s adecuada.<br \/>\n15.2. La gesti\u00f3n de la protecci\u00f3n de datos.<br \/>\n15.3. Las condiciones de Contrataci\u00f3n.<br \/>\n15.4. Servicios de la sociedad de informaci\u00f3n y el Comercio Electr\u00f3nico.<br \/>\n15.5. Ley de Ordenaci\u00f3n del comercio minorista.\n<\/p><\/div>\n<\/div>\n","protected":false},"excerpt":{"rendered":"<p>Comprender y aplicar los conocimientos t\u00e9cnicos propios de la actividad de un negocio online relativos a la planificaci\u00f3n, log\u00edstica, marketing, servicio, tecnolog\u00eda y comunicaci\u00f3n.<\/p>\n","protected":false},"featured_media":7215,"comment_status":"closed","ping_status":"closed","template":"","meta":[],"product_cat":[126],"product_tag":[],"class_list":{"0":"post-4319","1":"product","2":"type-product","3":"status-publish","4":"has-post-thumbnail","6":"product_cat-administracion-y-auditoria","8":"first","9":"instock","10":"taxable","11":"shipping-taxable","12":"purchasable","13":"product-type-simple"},"yoast_head":"<!-- This site is optimized with the Yoast SEO plugin v23.5 - https:\/\/yoast.com\/wordpress\/plugins\/seo\/ -->\n<title>ADGD124PO - Gesti\u00f3n de los Negocios On Line 2.0 (210 horas) - Contenidos Online<\/title>\n<meta name=\"robots\" content=\"index, follow, max-snippet:-1, max-image-preview:large, max-video-preview:-1\" \/>\n<link rel=\"canonical\" href=\"https:\/\/mefp.grupopiquer.com\/inscripciones\/producto\/adgd124po-gestion-de-los-negocios-on-line-2-0-210-horas\/\" \/>\n<meta property=\"og:locale\" content=\"es_ES\" \/>\n<meta property=\"og:type\" content=\"article\" \/>\n<meta property=\"og:title\" content=\"ADGD124PO - Gesti\u00f3n de los Negocios On Line 2.0 (210 horas) - Contenidos Online\" \/>\n<meta property=\"og:description\" content=\"Comprender y aplicar los conocimientos t\u00e9cnicos propios de la actividad de un negocio online relativos a la planificaci\u00f3n, log\u00edstica, marketing, servicio, tecnolog\u00eda y comunicaci\u00f3n.\" \/>\n<meta property=\"og:url\" content=\"https:\/\/mefp.grupopiquer.com\/inscripciones\/producto\/adgd124po-gestion-de-los-negocios-on-line-2-0-210-horas\/\" \/>\n<meta property=\"og:site_name\" content=\"Contenidos Online\" \/>\n<meta property=\"article:modified_time\" content=\"2023-05-16T14:23:43+00:00\" \/>\n<meta property=\"og:image\" content=\"https:\/\/mefp.grupopiquer.com\/inscripciones\/wp-content\/uploads\/2023\/05\/people-1979261_1920-e1684233877234.jpg\" \/>\n\t<meta property=\"og:image:width\" content=\"1920\" \/>\n\t<meta property=\"og:image:height\" content=\"1080\" \/>\n\t<meta property=\"og:image:type\" content=\"image\/jpeg\" \/>\n<meta name=\"twitter:card\" content=\"summary_large_image\" \/>\n<meta name=\"twitter:label1\" content=\"Tiempo de lectura\" \/>\n\t<meta name=\"twitter:data1\" content=\"5 minutos\" \/>\n<script type=\"application\/ld+json\" class=\"yoast-schema-graph\">{\"@context\":\"https:\/\/schema.org\",\"@graph\":[{\"@type\":\"WebPage\",\"@id\":\"https:\/\/mefp.grupopiquer.com\/inscripciones\/producto\/adgd124po-gestion-de-los-negocios-on-line-2-0-210-horas\/\",\"url\":\"https:\/\/mefp.grupopiquer.com\/inscripciones\/producto\/adgd124po-gestion-de-los-negocios-on-line-2-0-210-horas\/\",\"name\":\"ADGD124PO - Gesti\u00f3n de los Negocios On Line 2.0 (210 horas) - Contenidos Online\",\"isPartOf\":{\"@id\":\"https:\/\/mefp.grupopiquer.com\/inscripciones\/#website\"},\"primaryImageOfPage\":{\"@id\":\"https:\/\/mefp.grupopiquer.com\/inscripciones\/producto\/adgd124po-gestion-de-los-negocios-on-line-2-0-210-horas\/#primaryimage\"},\"image\":{\"@id\":\"https:\/\/mefp.grupopiquer.com\/inscripciones\/producto\/adgd124po-gestion-de-los-negocios-on-line-2-0-210-horas\/#primaryimage\"},\"thumbnailUrl\":\"https:\/\/mefp.grupopiquer.com\/inscripciones\/wp-content\/uploads\/2023\/05\/people-1979261_1920-e1684233877234.jpg\",\"datePublished\":\"2023-05-02T10:49:32+00:00\",\"dateModified\":\"2023-05-16T14:23:43+00:00\",\"breadcrumb\":{\"@id\":\"https:\/\/mefp.grupopiquer.com\/inscripciones\/producto\/adgd124po-gestion-de-los-negocios-on-line-2-0-210-horas\/#breadcrumb\"},\"inLanguage\":\"es\",\"potentialAction\":[{\"@type\":\"ReadAction\",\"target\":[\"https:\/\/mefp.grupopiquer.com\/inscripciones\/producto\/adgd124po-gestion-de-los-negocios-on-line-2-0-210-horas\/\"]}]},{\"@type\":\"ImageObject\",\"inLanguage\":\"es\",\"@id\":\"https:\/\/mefp.grupopiquer.com\/inscripciones\/producto\/adgd124po-gestion-de-los-negocios-on-line-2-0-210-horas\/#primaryimage\",\"url\":\"https:\/\/mefp.grupopiquer.com\/inscripciones\/wp-content\/uploads\/2023\/05\/people-1979261_1920-e1684233877234.jpg\",\"contentUrl\":\"https:\/\/mefp.grupopiquer.com\/inscripciones\/wp-content\/uploads\/2023\/05\/people-1979261_1920-e1684233877234.jpg\",\"width\":1920,\"height\":1080},{\"@type\":\"BreadcrumbList\",\"@id\":\"https:\/\/mefp.grupopiquer.com\/inscripciones\/producto\/adgd124po-gestion-de-los-negocios-on-line-2-0-210-horas\/#breadcrumb\",\"itemListElement\":[{\"@type\":\"ListItem\",\"position\":1,\"name\":\"Portada\",\"item\":\"https:\/\/mefp.grupopiquer.com\/inscripciones\/\"},{\"@type\":\"ListItem\",\"position\":2,\"name\":\"Tienda\",\"item\":\"https:\/\/mefp.grupopiquer.com\/inscripciones\/tienda\/\"},{\"@type\":\"ListItem\",\"position\":3,\"name\":\"ADGD124PO &#8211; Gesti\u00f3n de los Negocios On Line 2.0 (210 horas)\"}]},{\"@type\":\"WebSite\",\"@id\":\"https:\/\/mefp.grupopiquer.com\/inscripciones\/#website\",\"url\":\"https:\/\/mefp.grupopiquer.com\/inscripciones\/\",\"name\":\"Contenidos Online\",\"description\":\"\",\"publisher\":{\"@id\":\"https:\/\/mefp.grupopiquer.com\/inscripciones\/#organization\"},\"potentialAction\":[{\"@type\":\"SearchAction\",\"target\":{\"@type\":\"EntryPoint\",\"urlTemplate\":\"https:\/\/mefp.grupopiquer.com\/inscripciones\/?s={search_term_string}\"},\"query-input\":{\"@type\":\"PropertyValueSpecification\",\"valueRequired\":true,\"valueName\":\"search_term_string\"}}],\"inLanguage\":\"es\"},{\"@type\":\"Organization\",\"@id\":\"https:\/\/mefp.grupopiquer.com\/inscripciones\/#organization\",\"name\":\"Contenidos Online\",\"url\":\"https:\/\/mefp.grupopiquer.com\/inscripciones\/\",\"logo\":{\"@type\":\"ImageObject\",\"inLanguage\":\"es\",\"@id\":\"https:\/\/mefp.grupopiquer.com\/inscripciones\/#\/schema\/logo\/image\/\",\"url\":\"\",\"contentUrl\":\"\",\"caption\":\"Contenidos Online\"},\"image\":{\"@id\":\"https:\/\/mefp.grupopiquer.com\/inscripciones\/#\/schema\/logo\/image\/\"}}]}<\/script>\n<!-- \/ Yoast SEO plugin. -->","yoast_head_json":{"title":"ADGD124PO - Gesti\u00f3n de los Negocios On Line 2.0 (210 horas) - Contenidos Online","robots":{"index":"index","follow":"follow","max-snippet":"max-snippet:-1","max-image-preview":"max-image-preview:large","max-video-preview":"max-video-preview:-1"},"canonical":"https:\/\/mefp.grupopiquer.com\/inscripciones\/producto\/adgd124po-gestion-de-los-negocios-on-line-2-0-210-horas\/","og_locale":"es_ES","og_type":"article","og_title":"ADGD124PO - Gesti\u00f3n de los Negocios On Line 2.0 (210 horas) - Contenidos Online","og_description":"Comprender y aplicar los conocimientos t\u00e9cnicos propios de la actividad de un negocio online relativos a la planificaci\u00f3n, log\u00edstica, marketing, servicio, tecnolog\u00eda y comunicaci\u00f3n.","og_url":"https:\/\/mefp.grupopiquer.com\/inscripciones\/producto\/adgd124po-gestion-de-los-negocios-on-line-2-0-210-horas\/","og_site_name":"Contenidos Online","article_modified_time":"2023-05-16T14:23:43+00:00","og_image":[{"width":1920,"height":1080,"url":"https:\/\/mefp.grupopiquer.com\/inscripciones\/wp-content\/uploads\/2023\/05\/people-1979261_1920-e1684233877234.jpg","type":"image\/jpeg"}],"twitter_card":"summary_large_image","twitter_misc":{"Tiempo de lectura":"5 minutos"},"schema":{"@context":"https:\/\/schema.org","@graph":[{"@type":"WebPage","@id":"https:\/\/mefp.grupopiquer.com\/inscripciones\/producto\/adgd124po-gestion-de-los-negocios-on-line-2-0-210-horas\/","url":"https:\/\/mefp.grupopiquer.com\/inscripciones\/producto\/adgd124po-gestion-de-los-negocios-on-line-2-0-210-horas\/","name":"ADGD124PO - Gesti\u00f3n de los Negocios On Line 2.0 (210 horas) - Contenidos Online","isPartOf":{"@id":"https:\/\/mefp.grupopiquer.com\/inscripciones\/#website"},"primaryImageOfPage":{"@id":"https:\/\/mefp.grupopiquer.com\/inscripciones\/producto\/adgd124po-gestion-de-los-negocios-on-line-2-0-210-horas\/#primaryimage"},"image":{"@id":"https:\/\/mefp.grupopiquer.com\/inscripciones\/producto\/adgd124po-gestion-de-los-negocios-on-line-2-0-210-horas\/#primaryimage"},"thumbnailUrl":"https:\/\/mefp.grupopiquer.com\/inscripciones\/wp-content\/uploads\/2023\/05\/people-1979261_1920-e1684233877234.jpg","datePublished":"2023-05-02T10:49:32+00:00","dateModified":"2023-05-16T14:23:43+00:00","breadcrumb":{"@id":"https:\/\/mefp.grupopiquer.com\/inscripciones\/producto\/adgd124po-gestion-de-los-negocios-on-line-2-0-210-horas\/#breadcrumb"},"inLanguage":"es","potentialAction":[{"@type":"ReadAction","target":["https:\/\/mefp.grupopiquer.com\/inscripciones\/producto\/adgd124po-gestion-de-los-negocios-on-line-2-0-210-horas\/"]}]},{"@type":"ImageObject","inLanguage":"es","@id":"https:\/\/mefp.grupopiquer.com\/inscripciones\/producto\/adgd124po-gestion-de-los-negocios-on-line-2-0-210-horas\/#primaryimage","url":"https:\/\/mefp.grupopiquer.com\/inscripciones\/wp-content\/uploads\/2023\/05\/people-1979261_1920-e1684233877234.jpg","contentUrl":"https:\/\/mefp.grupopiquer.com\/inscripciones\/wp-content\/uploads\/2023\/05\/people-1979261_1920-e1684233877234.jpg","width":1920,"height":1080},{"@type":"BreadcrumbList","@id":"https:\/\/mefp.grupopiquer.com\/inscripciones\/producto\/adgd124po-gestion-de-los-negocios-on-line-2-0-210-horas\/#breadcrumb","itemListElement":[{"@type":"ListItem","position":1,"name":"Portada","item":"https:\/\/mefp.grupopiquer.com\/inscripciones\/"},{"@type":"ListItem","position":2,"name":"Tienda","item":"https:\/\/mefp.grupopiquer.com\/inscripciones\/tienda\/"},{"@type":"ListItem","position":3,"name":"ADGD124PO &#8211; Gesti\u00f3n de los Negocios On Line 2.0 (210 horas)"}]},{"@type":"WebSite","@id":"https:\/\/mefp.grupopiquer.com\/inscripciones\/#website","url":"https:\/\/mefp.grupopiquer.com\/inscripciones\/","name":"Contenidos Online","description":"","publisher":{"@id":"https:\/\/mefp.grupopiquer.com\/inscripciones\/#organization"},"potentialAction":[{"@type":"SearchAction","target":{"@type":"EntryPoint","urlTemplate":"https:\/\/mefp.grupopiquer.com\/inscripciones\/?s={search_term_string}"},"query-input":{"@type":"PropertyValueSpecification","valueRequired":true,"valueName":"search_term_string"}}],"inLanguage":"es"},{"@type":"Organization","@id":"https:\/\/mefp.grupopiquer.com\/inscripciones\/#organization","name":"Contenidos Online","url":"https:\/\/mefp.grupopiquer.com\/inscripciones\/","logo":{"@type":"ImageObject","inLanguage":"es","@id":"https:\/\/mefp.grupopiquer.com\/inscripciones\/#\/schema\/logo\/image\/","url":"","contentUrl":"","caption":"Contenidos Online"},"image":{"@id":"https:\/\/mefp.grupopiquer.com\/inscripciones\/#\/schema\/logo\/image\/"}}]}},"_links":{"self":[{"href":"https:\/\/mefp.grupopiquer.com\/inscripciones\/wp-json\/wp\/v2\/product\/4319"}],"collection":[{"href":"https:\/\/mefp.grupopiquer.com\/inscripciones\/wp-json\/wp\/v2\/product"}],"about":[{"href":"https:\/\/mefp.grupopiquer.com\/inscripciones\/wp-json\/wp\/v2\/types\/product"}],"replies":[{"embeddable":true,"href":"https:\/\/mefp.grupopiquer.com\/inscripciones\/wp-json\/wp\/v2\/comments?post=4319"}],"wp:featuredmedia":[{"embeddable":true,"href":"https:\/\/mefp.grupopiquer.com\/inscripciones\/wp-json\/wp\/v2\/media\/7215"}],"wp:attachment":[{"href":"https:\/\/mefp.grupopiquer.com\/inscripciones\/wp-json\/wp\/v2\/media?parent=4319"}],"wp:term":[{"taxonomy":"product_cat","embeddable":true,"href":"https:\/\/mefp.grupopiquer.com\/inscripciones\/wp-json\/wp\/v2\/product_cat?post=4319"},{"taxonomy":"product_tag","embeddable":true,"href":"https:\/\/mefp.grupopiquer.com\/inscripciones\/wp-json\/wp\/v2\/product_tag?post=4319"}],"curies":[{"name":"wp","href":"https:\/\/api.w.org\/{rel}","templated":true}]}}