{"id":4315,"date":"2023-05-02T10:49:12","date_gmt":"2023-05-02T10:49:12","guid":{"rendered":"https:\/\/mefp.grupopiquer.com\/inscripciones\/producto\/adgd116po-gestion-de-compras-informatizada-40-horas\/"},"modified":"2023-05-16T10:51:42","modified_gmt":"2023-05-16T10:51:42","slug":"adgd116po-gestion-de-compras-informatizada-40-horas","status":"publish","type":"product","link":"https:\/\/mefp.grupopiquer.com\/inscripciones\/producto\/adgd116po-gestion-de-compras-informatizada-40-horas\/","title":{"rendered":"ADGD116PO &#8211; Gesti\u00f3n de Compras Informatizada (40 horas)"},"content":{"rendered":"<div id=\"accordion\">\n<h3>OBJETIVOS<\/h3>\n<div>Utilizar de forma \u00f3ptima los programas inform\u00e1ticos aplicados a la gesti\u00f3n de compras de la empresa, que permitan agilizar todo el proceso y minimicen determinados errores<\/div>\n<h3>CONTENIDOS<\/h3>\n<div>1. GESTI\u00d3N INFORMATIZADA<br \/>\n1.1. Necesidad de la gesti\u00f3n.<br \/>\n1.2. Obligaciones contables.<br \/>\n1.3. Planificaci\u00f3n.<br \/>\n1.4. Dificultades. &#8211; Tiempo. &#8211; Trabajo.<br \/>\n1.5. La inform\u00e1tica de gesti\u00f3n.<br \/>\n1.6. Ejemplos de gesti\u00f3n y planificaci\u00f3n informatizada.<\/p>\n<p>2. FICHEROS MAESTROS<br \/>\n2.1. Internos. &#8211; Art\u00edculos. &#8211; Clientes. &#8211; Formas de pago. &#8211; Formas de cobro.<br \/>\n2.2. Externos. &#8211; Bancos. &#8211; Proveedores.<\/p>\n<p>3. GESTI\u00d3N DE COMPRAS<br \/>\n3.1. Pedidos, entradas, albaranes y facturas.<br \/>\n3.2. Consultas.<br \/>\n3.3. Informes, impresos.<br \/>\n3.4. Contabilidad de compras.<br \/>\n3.5. Conexi\u00f3n con la T.P.V.<\/p>\n<p>4. PREVISI\u00d3N Y PLANIFICACI\u00d3N<br \/>\n4.1. Estad\u00edsticas de compras, ventas y almac\u00e9n.<br \/>\n4.2. Presupuestos de planificaci\u00f3n.<br \/>\n4.3. Ratios econ\u00f3micos y comerciales.<br \/>\n4.4. An\u00e1lisis de costes.<br \/>\n4.5. Viabilidad financiera\n<\/p><\/div>\n<\/div>\n","protected":false},"excerpt":{"rendered":"<p>Utilizar de forma \u00f3ptima los programas inform\u00e1ticos aplicados a la gesti\u00f3n de compras de la empresa, que permitan agilizar todo el proceso y minimicen determinados errores<\/p>\n","protected":false},"featured_media":7217,"comment_status":"closed","ping_status":"closed","template":"","meta":[],"product_cat":[126],"product_tag":[],"class_list":{"0":"post-4315","1":"product","2":"type-product","3":"status-publish","4":"has-post-thumbnail","6":"product_cat-administracion-y-auditoria","8":"first","9":"instock","10":"taxable","11":"shipping-taxable","12":"purchasable","13":"product-type-simple"},"yoast_head":"<!-- This site is optimized with the Yoast SEO plugin v23.5 - https:\/\/yoast.com\/wordpress\/plugins\/seo\/ -->\n<title>ADGD116PO - Gesti\u00f3n de Compras Informatizada (40 horas) - Contenidos Online<\/title>\n<meta name=\"robots\" content=\"index, follow, max-snippet:-1, max-image-preview:large, max-video-preview:-1\" \/>\n<link rel=\"canonical\" href=\"https:\/\/mefp.grupopiquer.com\/inscripciones\/producto\/adgd116po-gestion-de-compras-informatizada-40-horas\/\" \/>\n<meta property=\"og:locale\" content=\"es_ES\" \/>\n<meta property=\"og:type\" content=\"article\" \/>\n<meta property=\"og:title\" content=\"ADGD116PO - Gesti\u00f3n de Compras Informatizada (40 horas) - Contenidos Online\" \/>\n<meta property=\"og:description\" content=\"Utilizar de forma \u00f3ptima los programas inform\u00e1ticos aplicados a la gesti\u00f3n de compras de la empresa, que permitan agilizar todo el proceso y minimicen determinados errores\" \/>\n<meta property=\"og:url\" content=\"https:\/\/mefp.grupopiquer.com\/inscripciones\/producto\/adgd116po-gestion-de-compras-informatizada-40-horas\/\" \/>\n<meta property=\"og:site_name\" content=\"Contenidos Online\" \/>\n<meta property=\"article:modified_time\" content=\"2023-05-16T10:51:42+00:00\" \/>\n<meta property=\"og:image\" content=\"https:\/\/mefp.grupopiquer.com\/inscripciones\/wp-content\/uploads\/2023\/05\/ecommerce-3563183_1920-e1684234271716.jpg\" \/>\n\t<meta property=\"og:image:width\" content=\"1876\" \/>\n\t<meta property=\"og:image:height\" content=\"1056\" \/>\n\t<meta property=\"og:image:type\" content=\"image\/jpeg\" \/>\n<meta name=\"twitter:card\" content=\"summary_large_image\" \/>\n<meta name=\"twitter:label1\" content=\"Tiempo de lectura\" \/>\n\t<meta name=\"twitter:data1\" content=\"1 minuto\" \/>\n<script type=\"application\/ld+json\" class=\"yoast-schema-graph\">{\"@context\":\"https:\/\/schema.org\",\"@graph\":[{\"@type\":\"WebPage\",\"@id\":\"https:\/\/mefp.grupopiquer.com\/inscripciones\/producto\/adgd116po-gestion-de-compras-informatizada-40-horas\/\",\"url\":\"https:\/\/mefp.grupopiquer.com\/inscripciones\/producto\/adgd116po-gestion-de-compras-informatizada-40-horas\/\",\"name\":\"ADGD116PO - Gesti\u00f3n de Compras Informatizada (40 horas) - Contenidos Online\",\"isPartOf\":{\"@id\":\"https:\/\/mefp.grupopiquer.com\/inscripciones\/#website\"},\"primaryImageOfPage\":{\"@id\":\"https:\/\/mefp.grupopiquer.com\/inscripciones\/producto\/adgd116po-gestion-de-compras-informatizada-40-horas\/#primaryimage\"},\"image\":{\"@id\":\"https:\/\/mefp.grupopiquer.com\/inscripciones\/producto\/adgd116po-gestion-de-compras-informatizada-40-horas\/#primaryimage\"},\"thumbnailUrl\":\"https:\/\/mefp.grupopiquer.com\/inscripciones\/wp-content\/uploads\/2023\/05\/ecommerce-3563183_1920-e1684234271716.jpg\",\"datePublished\":\"2023-05-02T10:49:12+00:00\",\"dateModified\":\"2023-05-16T10:51:42+00:00\",\"breadcrumb\":{\"@id\":\"https:\/\/mefp.grupopiquer.com\/inscripciones\/producto\/adgd116po-gestion-de-compras-informatizada-40-horas\/#breadcrumb\"},\"inLanguage\":\"es\",\"potentialAction\":[{\"@type\":\"ReadAction\",\"target\":[\"https:\/\/mefp.grupopiquer.com\/inscripciones\/producto\/adgd116po-gestion-de-compras-informatizada-40-horas\/\"]}]},{\"@type\":\"ImageObject\",\"inLanguage\":\"es\",\"@id\":\"https:\/\/mefp.grupopiquer.com\/inscripciones\/producto\/adgd116po-gestion-de-compras-informatizada-40-horas\/#primaryimage\",\"url\":\"https:\/\/mefp.grupopiquer.com\/inscripciones\/wp-content\/uploads\/2023\/05\/ecommerce-3563183_1920-e1684234271716.jpg\",\"contentUrl\":\"https:\/\/mefp.grupopiquer.com\/inscripciones\/wp-content\/uploads\/2023\/05\/ecommerce-3563183_1920-e1684234271716.jpg\",\"width\":1876,\"height\":1056},{\"@type\":\"BreadcrumbList\",\"@id\":\"https:\/\/mefp.grupopiquer.com\/inscripciones\/producto\/adgd116po-gestion-de-compras-informatizada-40-horas\/#breadcrumb\",\"itemListElement\":[{\"@type\":\"ListItem\",\"position\":1,\"name\":\"Portada\",\"item\":\"https:\/\/mefp.grupopiquer.com\/inscripciones\/\"},{\"@type\":\"ListItem\",\"position\":2,\"name\":\"Tienda\",\"item\":\"https:\/\/mefp.grupopiquer.com\/inscripciones\/tienda\/\"},{\"@type\":\"ListItem\",\"position\":3,\"name\":\"ADGD116PO &#8211; Gesti\u00f3n de Compras Informatizada (40 horas)\"}]},{\"@type\":\"WebSite\",\"@id\":\"https:\/\/mefp.grupopiquer.com\/inscripciones\/#website\",\"url\":\"https:\/\/mefp.grupopiquer.com\/inscripciones\/\",\"name\":\"Contenidos Online\",\"description\":\"\",\"publisher\":{\"@id\":\"https:\/\/mefp.grupopiquer.com\/inscripciones\/#organization\"},\"potentialAction\":[{\"@type\":\"SearchAction\",\"target\":{\"@type\":\"EntryPoint\",\"urlTemplate\":\"https:\/\/mefp.grupopiquer.com\/inscripciones\/?s={search_term_string}\"},\"query-input\":{\"@type\":\"PropertyValueSpecification\",\"valueRequired\":true,\"valueName\":\"search_term_string\"}}],\"inLanguage\":\"es\"},{\"@type\":\"Organization\",\"@id\":\"https:\/\/mefp.grupopiquer.com\/inscripciones\/#organization\",\"name\":\"Contenidos Online\",\"url\":\"https:\/\/mefp.grupopiquer.com\/inscripciones\/\",\"logo\":{\"@type\":\"ImageObject\",\"inLanguage\":\"es\",\"@id\":\"https:\/\/mefp.grupopiquer.com\/inscripciones\/#\/schema\/logo\/image\/\",\"url\":\"\",\"contentUrl\":\"\",\"caption\":\"Contenidos Online\"},\"image\":{\"@id\":\"https:\/\/mefp.grupopiquer.com\/inscripciones\/#\/schema\/logo\/image\/\"}}]}<\/script>\n<!-- \/ Yoast SEO plugin. -->","yoast_head_json":{"title":"ADGD116PO - Gesti\u00f3n de Compras Informatizada (40 horas) - Contenidos Online","robots":{"index":"index","follow":"follow","max-snippet":"max-snippet:-1","max-image-preview":"max-image-preview:large","max-video-preview":"max-video-preview:-1"},"canonical":"https:\/\/mefp.grupopiquer.com\/inscripciones\/producto\/adgd116po-gestion-de-compras-informatizada-40-horas\/","og_locale":"es_ES","og_type":"article","og_title":"ADGD116PO - Gesti\u00f3n de Compras Informatizada (40 horas) - Contenidos Online","og_description":"Utilizar de forma \u00f3ptima los programas inform\u00e1ticos aplicados a la gesti\u00f3n de compras de la empresa, que permitan agilizar todo el proceso y minimicen determinados errores","og_url":"https:\/\/mefp.grupopiquer.com\/inscripciones\/producto\/adgd116po-gestion-de-compras-informatizada-40-horas\/","og_site_name":"Contenidos Online","article_modified_time":"2023-05-16T10:51:42+00:00","og_image":[{"width":1876,"height":1056,"url":"https:\/\/mefp.grupopiquer.com\/inscripciones\/wp-content\/uploads\/2023\/05\/ecommerce-3563183_1920-e1684234271716.jpg","type":"image\/jpeg"}],"twitter_card":"summary_large_image","twitter_misc":{"Tiempo de lectura":"1 minuto"},"schema":{"@context":"https:\/\/schema.org","@graph":[{"@type":"WebPage","@id":"https:\/\/mefp.grupopiquer.com\/inscripciones\/producto\/adgd116po-gestion-de-compras-informatizada-40-horas\/","url":"https:\/\/mefp.grupopiquer.com\/inscripciones\/producto\/adgd116po-gestion-de-compras-informatizada-40-horas\/","name":"ADGD116PO - Gesti\u00f3n de Compras Informatizada (40 horas) - Contenidos Online","isPartOf":{"@id":"https:\/\/mefp.grupopiquer.com\/inscripciones\/#website"},"primaryImageOfPage":{"@id":"https:\/\/mefp.grupopiquer.com\/inscripciones\/producto\/adgd116po-gestion-de-compras-informatizada-40-horas\/#primaryimage"},"image":{"@id":"https:\/\/mefp.grupopiquer.com\/inscripciones\/producto\/adgd116po-gestion-de-compras-informatizada-40-horas\/#primaryimage"},"thumbnailUrl":"https:\/\/mefp.grupopiquer.com\/inscripciones\/wp-content\/uploads\/2023\/05\/ecommerce-3563183_1920-e1684234271716.jpg","datePublished":"2023-05-02T10:49:12+00:00","dateModified":"2023-05-16T10:51:42+00:00","breadcrumb":{"@id":"https:\/\/mefp.grupopiquer.com\/inscripciones\/producto\/adgd116po-gestion-de-compras-informatizada-40-horas\/#breadcrumb"},"inLanguage":"es","potentialAction":[{"@type":"ReadAction","target":["https:\/\/mefp.grupopiquer.com\/inscripciones\/producto\/adgd116po-gestion-de-compras-informatizada-40-horas\/"]}]},{"@type":"ImageObject","inLanguage":"es","@id":"https:\/\/mefp.grupopiquer.com\/inscripciones\/producto\/adgd116po-gestion-de-compras-informatizada-40-horas\/#primaryimage","url":"https:\/\/mefp.grupopiquer.com\/inscripciones\/wp-content\/uploads\/2023\/05\/ecommerce-3563183_1920-e1684234271716.jpg","contentUrl":"https:\/\/mefp.grupopiquer.com\/inscripciones\/wp-content\/uploads\/2023\/05\/ecommerce-3563183_1920-e1684234271716.jpg","width":1876,"height":1056},{"@type":"BreadcrumbList","@id":"https:\/\/mefp.grupopiquer.com\/inscripciones\/producto\/adgd116po-gestion-de-compras-informatizada-40-horas\/#breadcrumb","itemListElement":[{"@type":"ListItem","position":1,"name":"Portada","item":"https:\/\/mefp.grupopiquer.com\/inscripciones\/"},{"@type":"ListItem","position":2,"name":"Tienda","item":"https:\/\/mefp.grupopiquer.com\/inscripciones\/tienda\/"},{"@type":"ListItem","position":3,"name":"ADGD116PO &#8211; Gesti\u00f3n de Compras Informatizada (40 horas)"}]},{"@type":"WebSite","@id":"https:\/\/mefp.grupopiquer.com\/inscripciones\/#website","url":"https:\/\/mefp.grupopiquer.com\/inscripciones\/","name":"Contenidos Online","description":"","publisher":{"@id":"https:\/\/mefp.grupopiquer.com\/inscripciones\/#organization"},"potentialAction":[{"@type":"SearchAction","target":{"@type":"EntryPoint","urlTemplate":"https:\/\/mefp.grupopiquer.com\/inscripciones\/?s={search_term_string}"},"query-input":{"@type":"PropertyValueSpecification","valueRequired":true,"valueName":"search_term_string"}}],"inLanguage":"es"},{"@type":"Organization","@id":"https:\/\/mefp.grupopiquer.com\/inscripciones\/#organization","name":"Contenidos Online","url":"https:\/\/mefp.grupopiquer.com\/inscripciones\/","logo":{"@type":"ImageObject","inLanguage":"es","@id":"https:\/\/mefp.grupopiquer.com\/inscripciones\/#\/schema\/logo\/image\/","url":"","contentUrl":"","caption":"Contenidos Online"},"image":{"@id":"https:\/\/mefp.grupopiquer.com\/inscripciones\/#\/schema\/logo\/image\/"}}]}},"_links":{"self":[{"href":"https:\/\/mefp.grupopiquer.com\/inscripciones\/wp-json\/wp\/v2\/product\/4315"}],"collection":[{"href":"https:\/\/mefp.grupopiquer.com\/inscripciones\/wp-json\/wp\/v2\/product"}],"about":[{"href":"https:\/\/mefp.grupopiquer.com\/inscripciones\/wp-json\/wp\/v2\/types\/product"}],"replies":[{"embeddable":true,"href":"https:\/\/mefp.grupopiquer.com\/inscripciones\/wp-json\/wp\/v2\/comments?post=4315"}],"wp:featuredmedia":[{"embeddable":true,"href":"https:\/\/mefp.grupopiquer.com\/inscripciones\/wp-json\/wp\/v2\/media\/7217"}],"wp:attachment":[{"href":"https:\/\/mefp.grupopiquer.com\/inscripciones\/wp-json\/wp\/v2\/media?parent=4315"}],"wp:term":[{"taxonomy":"product_cat","embeddable":true,"href":"https:\/\/mefp.grupopiquer.com\/inscripciones\/wp-json\/wp\/v2\/product_cat?post=4315"},{"taxonomy":"product_tag","embeddable":true,"href":"https:\/\/mefp.grupopiquer.com\/inscripciones\/wp-json\/wp\/v2\/product_tag?post=4315"}],"curies":[{"name":"wp","href":"https:\/\/api.w.org\/{rel}","templated":true}]}}