{"id":4313,"date":"2023-05-02T10:49:01","date_gmt":"2023-05-02T10:49:01","guid":{"rendered":"https:\/\/mefp.grupopiquer.com\/inscripciones\/producto\/adgd113po-gestion-contable-de-una-empresa-sage50c-50-horas\/"},"modified":"2023-05-15T11:16:36","modified_gmt":"2023-05-15T11:16:36","slug":"adgd113po-gestion-contable-de-una-empresa-sage50c-50-horas","status":"publish","type":"product","link":"https:\/\/mefp.grupopiquer.com\/inscripciones\/producto\/adgd113po-gestion-contable-de-una-empresa-sage50c-50-horas\/","title":{"rendered":"ADGD113PO &#8211; Gesti\u00f3n Contable de una Empresa (SAGE50C) (50 horas)"},"content":{"rendered":"<div id=\"accordion\">\n<h3>OBJETIVOS<\/h3>\n<div>Manejar la aplicaci\u00f3n SAGE50C analizando todas las herramientas necesarias para la gesti\u00f3n contable de una empresa desarrollando el proceso l\u00f3gico de creaci\u00f3n de empresas con todas sus caracter\u00edsticas, as\u00ed como sus cuentas y subcuentas, gesti\u00f3n del diario, balances, gesti\u00f3n de asientos, regularizaci\u00f3n contable, cierre del ejercicio y documentos oficiales<\/div>\n<h3>CONTENIDOS<\/h3>\n<div>1. INTRODUCCI\u00d3N Y ACCESO A LA APLICACI\u00d3N .<br \/>\n1.1. Ejercicio. Acceso<br \/>\n1.2. Elecci\u00f3n de Usuario<br \/>\n1.3. Fecha de Trabajo<br \/>\n1.4. Gesti\u00f3n de Empresas<br \/>\n1.5. Datos de Empresa<br \/>\n1.6. Usuarios<br \/>\n1.7. Ejercicio global Tema 1<br \/>\n1.8. Escritorio Sage<\/p>\n<p>2. DEFINICI\u00d3N DE PLAN CONTABLE Y ESTRUCTURA ANAL\u00cdTICA.<br \/>\n2.1. Mantenimiento de Cuentas<br \/>\n2.2. Cambio de PGC de una Empresa<br \/>\n2.3. Tipos de PGC<br \/>\n2.4. Gesti\u00f3n de Subcuentas<br \/>\n2.5. Gesti\u00f3n de Departamento<\/p>\n<p>3. OPERATIVA CONTABLE.<br \/>\n3.1. Gesti\u00f3n de Asientos<br \/>\n3.2. Casaci\u00f3n<br \/>\n3.3. Vencimientos<br \/>\n3.4. Facturas Rectificativas<br \/>\n3.5. Utilidades de Asientos<br \/>\n3.6. Asientos Predefinidos<br \/>\n3.7. Cierre del Ejercicio<br \/>\n3.8. Caja Auxiliar<\/p>\n<p>4. CONTROL DE LA INFORMACI\u00d3N CONTABLE.<br \/>\n4.1. Listados de Mayor<br \/>\n4.2. Balances<br \/>\n4.3. Punteo Y Casaci\u00f3n<br \/>\n4.4. Vencimientos<br \/>\n4.5. Cheques y Pagar\u00e9s<br \/>\n4.6. Banca Electr\u00f3nica<br \/>\n4.7. Presentaci\u00f3n Telem\u00e1tica de las Cuentas Anuales<br \/>\n4.8. Legalizaci\u00f3n de Libros<\/p>\n<p>5. TRATAMIENTO DE IVA.<br \/>\n5.1. Factura Recibidas<br \/>\n5.2. Facturas Expedidas<br \/>\n5.3. Modelo 303-420<br \/>\n5.4. Modelo 347<br \/>\n5.5. Modelo 349<br \/>\n5.6. Modelo 390<br \/>\n5.7. Asiento de regularizaci\u00f3n<br \/>\n5.8. Presupuestos, Inventario y Otras Opciones<br \/>\n5.9. Presupuestos<br \/>\n5.10. Moneda Extranjera<\/p>\n<p>6. INFORMES PERSONALIZADOS Y OTRAS OPCIONES.\n<\/p><\/div>\n<\/div>\n","protected":false},"excerpt":{"rendered":"<p>Manejar la aplicaci\u00f3n SAGE50C analizando todas las herramientas necesarias para la gesti\u00f3n contable de una empresa desarrollando el proceso l\u00f3gico de creaci\u00f3n de empresas con todas sus caracter\u00edsticas, as\u00ed como sus cuentas y subcuentas, gesti\u00f3n del diario, balances, gesti\u00f3n de asientos, regularizaci\u00f3n contable, cierre del ejercicio y documentos oficiales<\/p>\n","protected":false},"featured_media":5355,"comment_status":"closed","ping_status":"closed","template":"","meta":[],"product_cat":[126],"product_tag":[],"class_list":{"0":"post-4313","1":"product","2":"type-product","3":"status-publish","4":"has-post-thumbnail","6":"product_cat-administracion-y-auditoria","8":"first","9":"instock","10":"taxable","11":"shipping-taxable","12":"purchasable","13":"product-type-simple"},"yoast_head":"<!-- This site is optimized with the Yoast SEO plugin v23.5 - https:\/\/yoast.com\/wordpress\/plugins\/seo\/ -->\n<title>ADGD113PO - Gesti\u00f3n Contable de una Empresa (SAGE50C) (50 horas) - Contenidos Online<\/title>\n<meta name=\"robots\" content=\"index, follow, max-snippet:-1, max-image-preview:large, max-video-preview:-1\" \/>\n<link rel=\"canonical\" href=\"https:\/\/mefp.grupopiquer.com\/inscripciones\/producto\/adgd113po-gestion-contable-de-una-empresa-sage50c-50-horas\/\" \/>\n<meta property=\"og:locale\" content=\"es_ES\" \/>\n<meta property=\"og:type\" content=\"article\" \/>\n<meta property=\"og:title\" content=\"ADGD113PO - Gesti\u00f3n Contable de una Empresa (SAGE50C) (50 horas) - Contenidos Online\" \/>\n<meta property=\"og:description\" content=\"Manejar la aplicaci\u00f3n SAGE50C analizando todas las herramientas necesarias para la gesti\u00f3n contable de una empresa desarrollando el proceso l\u00f3gico de creaci\u00f3n de empresas con todas sus caracter\u00edsticas, as\u00ed como sus cuentas y subcuentas, gesti\u00f3n del diario, balances, gesti\u00f3n de asientos, regularizaci\u00f3n contable, cierre del ejercicio y documentos oficiales\" \/>\n<meta property=\"og:url\" content=\"https:\/\/mefp.grupopiquer.com\/inscripciones\/producto\/adgd113po-gestion-contable-de-una-empresa-sage50c-50-horas\/\" \/>\n<meta property=\"og:site_name\" content=\"Contenidos Online\" \/>\n<meta property=\"article:modified_time\" content=\"2023-05-15T11:16:36+00:00\" \/>\n<meta property=\"og:image\" content=\"https:\/\/mefp.grupopiquer.com\/inscripciones\/wp-content\/uploads\/2023\/05\/ADGD113PO-e1683301529497.jpg\" \/>\n\t<meta property=\"og:image:width\" content=\"1680\" \/>\n\t<meta property=\"og:image:height\" content=\"945\" \/>\n\t<meta property=\"og:image:type\" content=\"image\/jpeg\" \/>\n<meta name=\"twitter:card\" content=\"summary_large_image\" \/>\n<meta name=\"twitter:label1\" content=\"Tiempo de lectura\" \/>\n\t<meta name=\"twitter:data1\" content=\"2 minutos\" \/>\n<script type=\"application\/ld+json\" class=\"yoast-schema-graph\">{\"@context\":\"https:\/\/schema.org\",\"@graph\":[{\"@type\":\"WebPage\",\"@id\":\"https:\/\/mefp.grupopiquer.com\/inscripciones\/producto\/adgd113po-gestion-contable-de-una-empresa-sage50c-50-horas\/\",\"url\":\"https:\/\/mefp.grupopiquer.com\/inscripciones\/producto\/adgd113po-gestion-contable-de-una-empresa-sage50c-50-horas\/\",\"name\":\"ADGD113PO - Gesti\u00f3n Contable de una Empresa (SAGE50C) (50 horas) - Contenidos Online\",\"isPartOf\":{\"@id\":\"https:\/\/mefp.grupopiquer.com\/inscripciones\/#website\"},\"primaryImageOfPage\":{\"@id\":\"https:\/\/mefp.grupopiquer.com\/inscripciones\/producto\/adgd113po-gestion-contable-de-una-empresa-sage50c-50-horas\/#primaryimage\"},\"image\":{\"@id\":\"https:\/\/mefp.grupopiquer.com\/inscripciones\/producto\/adgd113po-gestion-contable-de-una-empresa-sage50c-50-horas\/#primaryimage\"},\"thumbnailUrl\":\"https:\/\/mefp.grupopiquer.com\/inscripciones\/wp-content\/uploads\/2023\/05\/ADGD113PO-e1683301529497.jpg\",\"datePublished\":\"2023-05-02T10:49:01+00:00\",\"dateModified\":\"2023-05-15T11:16:36+00:00\",\"breadcrumb\":{\"@id\":\"https:\/\/mefp.grupopiquer.com\/inscripciones\/producto\/adgd113po-gestion-contable-de-una-empresa-sage50c-50-horas\/#breadcrumb\"},\"inLanguage\":\"es\",\"potentialAction\":[{\"@type\":\"ReadAction\",\"target\":[\"https:\/\/mefp.grupopiquer.com\/inscripciones\/producto\/adgd113po-gestion-contable-de-una-empresa-sage50c-50-horas\/\"]}]},{\"@type\":\"ImageObject\",\"inLanguage\":\"es\",\"@id\":\"https:\/\/mefp.grupopiquer.com\/inscripciones\/producto\/adgd113po-gestion-contable-de-una-empresa-sage50c-50-horas\/#primaryimage\",\"url\":\"https:\/\/mefp.grupopiquer.com\/inscripciones\/wp-content\/uploads\/2023\/05\/ADGD113PO-e1683301529497.jpg\",\"contentUrl\":\"https:\/\/mefp.grupopiquer.com\/inscripciones\/wp-content\/uploads\/2023\/05\/ADGD113PO-e1683301529497.jpg\",\"width\":1680,\"height\":945},{\"@type\":\"BreadcrumbList\",\"@id\":\"https:\/\/mefp.grupopiquer.com\/inscripciones\/producto\/adgd113po-gestion-contable-de-una-empresa-sage50c-50-horas\/#breadcrumb\",\"itemListElement\":[{\"@type\":\"ListItem\",\"position\":1,\"name\":\"Portada\",\"item\":\"https:\/\/mefp.grupopiquer.com\/inscripciones\/\"},{\"@type\":\"ListItem\",\"position\":2,\"name\":\"Tienda\",\"item\":\"https:\/\/mefp.grupopiquer.com\/inscripciones\/tienda\/\"},{\"@type\":\"ListItem\",\"position\":3,\"name\":\"ADGD113PO &#8211; Gesti\u00f3n Contable de una Empresa (SAGE50C) (50 horas)\"}]},{\"@type\":\"WebSite\",\"@id\":\"https:\/\/mefp.grupopiquer.com\/inscripciones\/#website\",\"url\":\"https:\/\/mefp.grupopiquer.com\/inscripciones\/\",\"name\":\"Contenidos Online\",\"description\":\"\",\"publisher\":{\"@id\":\"https:\/\/mefp.grupopiquer.com\/inscripciones\/#organization\"},\"potentialAction\":[{\"@type\":\"SearchAction\",\"target\":{\"@type\":\"EntryPoint\",\"urlTemplate\":\"https:\/\/mefp.grupopiquer.com\/inscripciones\/?s={search_term_string}\"},\"query-input\":{\"@type\":\"PropertyValueSpecification\",\"valueRequired\":true,\"valueName\":\"search_term_string\"}}],\"inLanguage\":\"es\"},{\"@type\":\"Organization\",\"@id\":\"https:\/\/mefp.grupopiquer.com\/inscripciones\/#organization\",\"name\":\"Contenidos Online\",\"url\":\"https:\/\/mefp.grupopiquer.com\/inscripciones\/\",\"logo\":{\"@type\":\"ImageObject\",\"inLanguage\":\"es\",\"@id\":\"https:\/\/mefp.grupopiquer.com\/inscripciones\/#\/schema\/logo\/image\/\",\"url\":\"\",\"contentUrl\":\"\",\"caption\":\"Contenidos Online\"},\"image\":{\"@id\":\"https:\/\/mefp.grupopiquer.com\/inscripciones\/#\/schema\/logo\/image\/\"}}]}<\/script>\n<!-- \/ Yoast SEO plugin. -->","yoast_head_json":{"title":"ADGD113PO - Gesti\u00f3n Contable de una Empresa (SAGE50C) (50 horas) - Contenidos Online","robots":{"index":"index","follow":"follow","max-snippet":"max-snippet:-1","max-image-preview":"max-image-preview:large","max-video-preview":"max-video-preview:-1"},"canonical":"https:\/\/mefp.grupopiquer.com\/inscripciones\/producto\/adgd113po-gestion-contable-de-una-empresa-sage50c-50-horas\/","og_locale":"es_ES","og_type":"article","og_title":"ADGD113PO - Gesti\u00f3n Contable de una Empresa (SAGE50C) (50 horas) - Contenidos Online","og_description":"Manejar la aplicaci\u00f3n SAGE50C analizando todas las herramientas necesarias para la gesti\u00f3n contable de una empresa desarrollando el proceso l\u00f3gico de creaci\u00f3n de empresas con todas sus caracter\u00edsticas, as\u00ed como sus cuentas y subcuentas, gesti\u00f3n del diario, balances, gesti\u00f3n de asientos, regularizaci\u00f3n contable, cierre del ejercicio y documentos oficiales","og_url":"https:\/\/mefp.grupopiquer.com\/inscripciones\/producto\/adgd113po-gestion-contable-de-una-empresa-sage50c-50-horas\/","og_site_name":"Contenidos Online","article_modified_time":"2023-05-15T11:16:36+00:00","og_image":[{"width":1680,"height":945,"url":"https:\/\/mefp.grupopiquer.com\/inscripciones\/wp-content\/uploads\/2023\/05\/ADGD113PO-e1683301529497.jpg","type":"image\/jpeg"}],"twitter_card":"summary_large_image","twitter_misc":{"Tiempo de lectura":"2 minutos"},"schema":{"@context":"https:\/\/schema.org","@graph":[{"@type":"WebPage","@id":"https:\/\/mefp.grupopiquer.com\/inscripciones\/producto\/adgd113po-gestion-contable-de-una-empresa-sage50c-50-horas\/","url":"https:\/\/mefp.grupopiquer.com\/inscripciones\/producto\/adgd113po-gestion-contable-de-una-empresa-sage50c-50-horas\/","name":"ADGD113PO - Gesti\u00f3n Contable de una Empresa (SAGE50C) (50 horas) - Contenidos Online","isPartOf":{"@id":"https:\/\/mefp.grupopiquer.com\/inscripciones\/#website"},"primaryImageOfPage":{"@id":"https:\/\/mefp.grupopiquer.com\/inscripciones\/producto\/adgd113po-gestion-contable-de-una-empresa-sage50c-50-horas\/#primaryimage"},"image":{"@id":"https:\/\/mefp.grupopiquer.com\/inscripciones\/producto\/adgd113po-gestion-contable-de-una-empresa-sage50c-50-horas\/#primaryimage"},"thumbnailUrl":"https:\/\/mefp.grupopiquer.com\/inscripciones\/wp-content\/uploads\/2023\/05\/ADGD113PO-e1683301529497.jpg","datePublished":"2023-05-02T10:49:01+00:00","dateModified":"2023-05-15T11:16:36+00:00","breadcrumb":{"@id":"https:\/\/mefp.grupopiquer.com\/inscripciones\/producto\/adgd113po-gestion-contable-de-una-empresa-sage50c-50-horas\/#breadcrumb"},"inLanguage":"es","potentialAction":[{"@type":"ReadAction","target":["https:\/\/mefp.grupopiquer.com\/inscripciones\/producto\/adgd113po-gestion-contable-de-una-empresa-sage50c-50-horas\/"]}]},{"@type":"ImageObject","inLanguage":"es","@id":"https:\/\/mefp.grupopiquer.com\/inscripciones\/producto\/adgd113po-gestion-contable-de-una-empresa-sage50c-50-horas\/#primaryimage","url":"https:\/\/mefp.grupopiquer.com\/inscripciones\/wp-content\/uploads\/2023\/05\/ADGD113PO-e1683301529497.jpg","contentUrl":"https:\/\/mefp.grupopiquer.com\/inscripciones\/wp-content\/uploads\/2023\/05\/ADGD113PO-e1683301529497.jpg","width":1680,"height":945},{"@type":"BreadcrumbList","@id":"https:\/\/mefp.grupopiquer.com\/inscripciones\/producto\/adgd113po-gestion-contable-de-una-empresa-sage50c-50-horas\/#breadcrumb","itemListElement":[{"@type":"ListItem","position":1,"name":"Portada","item":"https:\/\/mefp.grupopiquer.com\/inscripciones\/"},{"@type":"ListItem","position":2,"name":"Tienda","item":"https:\/\/mefp.grupopiquer.com\/inscripciones\/tienda\/"},{"@type":"ListItem","position":3,"name":"ADGD113PO &#8211; Gesti\u00f3n Contable de una Empresa (SAGE50C) (50 horas)"}]},{"@type":"WebSite","@id":"https:\/\/mefp.grupopiquer.com\/inscripciones\/#website","url":"https:\/\/mefp.grupopiquer.com\/inscripciones\/","name":"Contenidos Online","description":"","publisher":{"@id":"https:\/\/mefp.grupopiquer.com\/inscripciones\/#organization"},"potentialAction":[{"@type":"SearchAction","target":{"@type":"EntryPoint","urlTemplate":"https:\/\/mefp.grupopiquer.com\/inscripciones\/?s={search_term_string}"},"query-input":{"@type":"PropertyValueSpecification","valueRequired":true,"valueName":"search_term_string"}}],"inLanguage":"es"},{"@type":"Organization","@id":"https:\/\/mefp.grupopiquer.com\/inscripciones\/#organization","name":"Contenidos Online","url":"https:\/\/mefp.grupopiquer.com\/inscripciones\/","logo":{"@type":"ImageObject","inLanguage":"es","@id":"https:\/\/mefp.grupopiquer.com\/inscripciones\/#\/schema\/logo\/image\/","url":"","contentUrl":"","caption":"Contenidos Online"},"image":{"@id":"https:\/\/mefp.grupopiquer.com\/inscripciones\/#\/schema\/logo\/image\/"}}]}},"_links":{"self":[{"href":"https:\/\/mefp.grupopiquer.com\/inscripciones\/wp-json\/wp\/v2\/product\/4313"}],"collection":[{"href":"https:\/\/mefp.grupopiquer.com\/inscripciones\/wp-json\/wp\/v2\/product"}],"about":[{"href":"https:\/\/mefp.grupopiquer.com\/inscripciones\/wp-json\/wp\/v2\/types\/product"}],"replies":[{"embeddable":true,"href":"https:\/\/mefp.grupopiquer.com\/inscripciones\/wp-json\/wp\/v2\/comments?post=4313"}],"wp:featuredmedia":[{"embeddable":true,"href":"https:\/\/mefp.grupopiquer.com\/inscripciones\/wp-json\/wp\/v2\/media\/5355"}],"wp:attachment":[{"href":"https:\/\/mefp.grupopiquer.com\/inscripciones\/wp-json\/wp\/v2\/media?parent=4313"}],"wp:term":[{"taxonomy":"product_cat","embeddable":true,"href":"https:\/\/mefp.grupopiquer.com\/inscripciones\/wp-json\/wp\/v2\/product_cat?post=4313"},{"taxonomy":"product_tag","embeddable":true,"href":"https:\/\/mefp.grupopiquer.com\/inscripciones\/wp-json\/wp\/v2\/product_tag?post=4313"}],"curies":[{"name":"wp","href":"https:\/\/api.w.org\/{rel}","templated":true}]}}