{"id":4311,"date":"2023-05-02T10:48:50","date_gmt":"2023-05-02T10:48:50","guid":{"rendered":"https:\/\/mefp.grupopiquer.com\/inscripciones\/producto\/adgd099po-estrategias-de-direccion-de-equipos-de-trabajo-60-horas\/"},"modified":"2023-05-15T11:15:45","modified_gmt":"2023-05-15T11:15:45","slug":"adgd099po-estrategias-de-direccion-de-equipos-de-trabajo-60-horas","status":"publish","type":"product","link":"https:\/\/mefp.grupopiquer.com\/inscripciones\/producto\/adgd099po-estrategias-de-direccion-de-equipos-de-trabajo-60-horas\/","title":{"rendered":"ADGD099PO &#8211; Estrategias de Direcci\u00f3n de Equipos de Trabajo (60 horas)"},"content":{"rendered":"<div id=\"accordion\">\n<h3>OBJETIVOS<\/h3>\n<div>Adquirir las t\u00e9cnicas y herramientas m\u00e1s \u00fatiles para mejorar los procesos de comunicaci\u00f3n en los entornos de trabajo, trabajo en equipo y negociaci\u00f3n.<\/div>\n<h3>CONTENIDOS<\/h3>\n<div>1. LA COMUNICACI\u00d3N.<br \/>\n1.1. La comunicaci\u00f3n.<br \/>\n1.1.1. La comunicaci\u00f3n en la sociedad.<br \/>\n1.1.2. \u00c1reas de influencia en la comunicaci\u00f3n.<br \/>\n1.1.3. Los 5 mitos de la comunicaci\u00f3n.<br \/>\n1.1.4. Comunicaci\u00f3n &amp; Informaci\u00f3n.<br \/>\n1.1.5. Traspaso de informaci\u00f3n.<br \/>\n1.1.6. Perdida de carga informativa.<br \/>\n1.1.7. Elementos de la comunicaci\u00f3n.<br \/>\n1.1.8. Contexto.<br \/>\n1.1.9. Retroalimentaci\u00f3n.<br \/>\n1.1.10. Tipos de comunicaci\u00f3n.<br \/>\n1.1.11. Axiomas de la comunicaci\u00f3n.<br \/>\n1.1.12. Barreras de la comunicaci\u00f3n.<br \/>\n1.1.13. Comunicaci\u00f3n verbal.<br \/>\n1.1.14. Requisitos del lenguaje.<br \/>\n1.1.15. Expresiones que dificultan la comunicaci\u00f3n.<br \/>\n1.1.16. La escucha activa.<br \/>\n1.1.17. T\u00e9cnica escucha activa: Lenguaje verbal.<br \/>\n1.1.18. T\u00e9cnica escucha activa: Lenguaje no verbal.<br \/>\n1.1.19. Comunicaci\u00f3n formal e informal.<br \/>\n1.1.20. Direccionalidad de la comunicaci\u00f3n.<br \/>\n1.1.21. Tipos de organizaci\u00f3n seg\u00fan su estilo de comunicaci\u00f3n.<br \/>\n1.1.22. Comunicaci\u00f3n interna y externa.<br \/>\n1.1.23. Comunicaci\u00f3n externa.<br \/>\n1.1.24. Comunicaci\u00f3n interna y corporativa.<br \/>\n1.1.25. Objetivos de la comunicaci\u00f3n interna.<br \/>\n1.2. Plan de comunicaci\u00f3n Interna.<br \/>\n1.2.1. \u00bfQu\u00e9 entendemos por Plan de Comunicaci\u00f3n interna?<br \/>\n1.2.2. Protagonistas del plan de comunicaci\u00f3n.<br \/>\n1.2.3. Fases del plan comunicaci\u00f3n.<\/p>\n<p>2. TRABAJO EN EQUIPO<br \/>\n2.1. Trabajo en equipo.<br \/>\n2.2. \u00bfCu\u00e1l ser\u00eda el objetivo general?<br \/>\n2.3. Equipo de trabajo.<br \/>\n2.4. Caracter\u00edsticas del trabajo en equipo.<br \/>\n2.5. Para ello necesito\u2026 (I).<br \/>\n2.6. Grupo vs equipo.<br \/>\n2.7. Todos los miembros deben\u2026<br \/>\n2.8. Para fomentar el trabajo en equipo\u2026<br \/>\n2.9. Curva de rendimiento del equipo.<br \/>\n2.10. Retos de los equipos.<br \/>\n2.11. Al inicio de la formaci\u00f3n del equipo.<br \/>\n2.12. Roles de grupo.<br \/>\n2.13. Roles facilitadores.<br \/>\n2.14. Roles negativos.<br \/>\n2.15. Rol de l\u00edder.<br \/>\n2.16. El l\u00edder.<br \/>\n2.17. Conducta de l\u00edder.<br \/>\n2.18. Las estrategias del l\u00edder.<br \/>\n2.19. Conducta grupal.<br \/>\n2.20. \u00bfPor qu\u00e9 fallan los equipos?<br \/>\n2.21. Consejos para tu equipo.<br \/>\n2.22. Reuniones eficaces: Preparaci\u00f3n.<br \/>\n2.23. Reuniones eficaces: Convocatoria.<br \/>\n2.24. Reuniones eficaces: Direcci\u00f3n.<br \/>\n2.25. Reuniones eficaces: Seguimiento (Acta).<br \/>\n2.26. Reuniones eficaces: Objetivos.<br \/>\n2.27. Reuniones eficaces: Toma de decisiones.<br \/>\n2.28. Reuniones eficaces: Tiempo.<br \/>\n2.29. T\u00e9cnicas de dinamizaci\u00f3n de reuniones y toma de decisiones.<\/p>\n<p>3. TOMA DE DECISIONES.<br \/>\n3.1. Toma de decisiones.<br \/>\n3.2. Problema\/decisi\u00f3n.<br \/>\n3.3. Tipos de decisiones.<br \/>\n3.4. Estilos de decisi\u00f3n.<br \/>\n3.5. La racionalidad y las decisiones.<br \/>\n3.6. Toma de decisiones en grupo.<br \/>\n3.7. Eficiencia\/Eficacia.<br \/>\n3.8. T\u00e9cnicas de planificaci\u00f3n.<br \/>\n3.9. Etapas del proceso de toma de decisiones.<br \/>\n3.10. Proceso de la toma de decisiones.<br \/>\n3.11. Diagrama de espina de pescado.<br \/>\n3.12. Diagrama de Pareto.<br \/>\n3.13. Generaci\u00f3n de alternativas.<br \/>\n3.14. Ejemplo de hoja de planificaci\u00f3n.<br \/>\n3.15. T\u00e9cnicas de toma de decisiones grupales.<br \/>\n3.16. T\u00e9cnica del grupo nominal.<br \/>\n3.17. Brainstorming.<br \/>\n3.18. La selecci\u00f3n ponderada.<\/p>\n<p>4. LA NEGOCIACI\u00d3N.<br \/>\n4.1. La negociaci\u00f3n.<br \/>\n4.1.1. Que es el conflicto.<br \/>\n4.1.2. \u00bfQu\u00e9 es la negociaci\u00f3n?<br \/>\n4.1.3. Tipo de negociador.<br \/>\n4.1.4. Estilos de negociaci\u00f3n.<br \/>\n4.1.5. Fases de la negociaci\u00f3n.<br \/>\n4.1.6. Planificaci\u00f3n.<br \/>\n4.1.7. Desarrollo.<br \/>\n4.1.8. Cierre.<br \/>\n4.1.9. Estrategias de negociaci\u00f3n.<br \/>\n4.1.10. Pasos de la negociaci\u00f3n por intereses.<br \/>\n4.1.11. \u00bfQu\u00e9 es la Facilitaci\u00f3n?<br \/>\n4.2. Las t\u00e1cticas.<br \/>\n4.2.1. Tipos de t\u00e1cticas.<br \/>\n4.2.2. Lenguaje y negociaci\u00f3n.<br \/>\n4.2.3. Asertividad.<br \/>\n4.2.4. Lugar de negociaci\u00f3n.<br \/>\n4.2.5. Negociar en nuestro terreno.<br \/>\n4.2.6. Negociar en su terreno.<br \/>\n4.2.7. Negociar en terreno neutral.\n<\/p><\/div>\n<\/div>\n","protected":false},"excerpt":{"rendered":"<p>Adquirir las t\u00e9cnicas y herramientas m\u00e1s \u00fatiles para mejorar los procesos de comunicaci\u00f3n en los entornos de trabajo, trabajo en equipo y negociaci\u00f3n.<\/p>\n","protected":false},"featured_media":5354,"comment_status":"closed","ping_status":"closed","template":"","meta":[],"product_cat":[126],"product_tag":[],"class_list":{"0":"post-4311","1":"product","2":"type-product","3":"status-publish","4":"has-post-thumbnail","6":"product_cat-administracion-y-auditoria","8":"first","9":"instock","10":"taxable","11":"shipping-taxable","12":"purchasable","13":"product-type-simple"},"yoast_head":"<!-- This site is optimized with the Yoast SEO plugin v23.5 - https:\/\/yoast.com\/wordpress\/plugins\/seo\/ -->\n<title>ADGD099PO - Estrategias de Direcci\u00f3n de Equipos de Trabajo (60 horas) - Contenidos Online<\/title>\n<meta name=\"robots\" content=\"index, follow, max-snippet:-1, max-image-preview:large, max-video-preview:-1\" \/>\n<link rel=\"canonical\" href=\"https:\/\/mefp.grupopiquer.com\/inscripciones\/producto\/adgd099po-estrategias-de-direccion-de-equipos-de-trabajo-60-horas\/\" \/>\n<meta property=\"og:locale\" content=\"es_ES\" \/>\n<meta property=\"og:type\" content=\"article\" \/>\n<meta property=\"og:title\" content=\"ADGD099PO - Estrategias de Direcci\u00f3n de Equipos de Trabajo (60 horas) - Contenidos Online\" \/>\n<meta property=\"og:description\" content=\"Adquirir las t\u00e9cnicas y herramientas m\u00e1s \u00fatiles para mejorar los procesos de comunicaci\u00f3n en los entornos de trabajo, trabajo en equipo y negociaci\u00f3n.\" \/>\n<meta property=\"og:url\" content=\"https:\/\/mefp.grupopiquer.com\/inscripciones\/producto\/adgd099po-estrategias-de-direccion-de-equipos-de-trabajo-60-horas\/\" \/>\n<meta property=\"og:site_name\" content=\"Contenidos Online\" \/>\n<meta property=\"article:modified_time\" content=\"2023-05-15T11:15:45+00:00\" \/>\n<meta property=\"og:image\" content=\"https:\/\/mefp.grupopiquer.com\/inscripciones\/wp-content\/uploads\/2023\/05\/RW1lACYpIe5yRVnr_GadF5EueerWUfSAZ-e1683301346578.jpg\" \/>\n\t<meta property=\"og:image:width\" content=\"1680\" \/>\n\t<meta property=\"og:image:height\" content=\"945\" \/>\n\t<meta property=\"og:image:type\" content=\"image\/jpeg\" \/>\n<meta name=\"twitter:card\" content=\"summary_large_image\" \/>\n<meta name=\"twitter:label1\" content=\"Tiempo de lectura\" \/>\n\t<meta name=\"twitter:data1\" content=\"3 minutos\" \/>\n<script type=\"application\/ld+json\" class=\"yoast-schema-graph\">{\"@context\":\"https:\/\/schema.org\",\"@graph\":[{\"@type\":\"WebPage\",\"@id\":\"https:\/\/mefp.grupopiquer.com\/inscripciones\/producto\/adgd099po-estrategias-de-direccion-de-equipos-de-trabajo-60-horas\/\",\"url\":\"https:\/\/mefp.grupopiquer.com\/inscripciones\/producto\/adgd099po-estrategias-de-direccion-de-equipos-de-trabajo-60-horas\/\",\"name\":\"ADGD099PO - Estrategias de Direcci\u00f3n de Equipos de Trabajo (60 horas) - Contenidos Online\",\"isPartOf\":{\"@id\":\"https:\/\/mefp.grupopiquer.com\/inscripciones\/#website\"},\"primaryImageOfPage\":{\"@id\":\"https:\/\/mefp.grupopiquer.com\/inscripciones\/producto\/adgd099po-estrategias-de-direccion-de-equipos-de-trabajo-60-horas\/#primaryimage\"},\"image\":{\"@id\":\"https:\/\/mefp.grupopiquer.com\/inscripciones\/producto\/adgd099po-estrategias-de-direccion-de-equipos-de-trabajo-60-horas\/#primaryimage\"},\"thumbnailUrl\":\"https:\/\/mefp.grupopiquer.com\/inscripciones\/wp-content\/uploads\/2023\/05\/RW1lACYpIe5yRVnr_GadF5EueerWUfSAZ-e1683301346578.jpg\",\"datePublished\":\"2023-05-02T10:48:50+00:00\",\"dateModified\":\"2023-05-15T11:15:45+00:00\",\"breadcrumb\":{\"@id\":\"https:\/\/mefp.grupopiquer.com\/inscripciones\/producto\/adgd099po-estrategias-de-direccion-de-equipos-de-trabajo-60-horas\/#breadcrumb\"},\"inLanguage\":\"es\",\"potentialAction\":[{\"@type\":\"ReadAction\",\"target\":[\"https:\/\/mefp.grupopiquer.com\/inscripciones\/producto\/adgd099po-estrategias-de-direccion-de-equipos-de-trabajo-60-horas\/\"]}]},{\"@type\":\"ImageObject\",\"inLanguage\":\"es\",\"@id\":\"https:\/\/mefp.grupopiquer.com\/inscripciones\/producto\/adgd099po-estrategias-de-direccion-de-equipos-de-trabajo-60-horas\/#primaryimage\",\"url\":\"https:\/\/mefp.grupopiquer.com\/inscripciones\/wp-content\/uploads\/2023\/05\/RW1lACYpIe5yRVnr_GadF5EueerWUfSAZ-e1683301346578.jpg\",\"contentUrl\":\"https:\/\/mefp.grupopiquer.com\/inscripciones\/wp-content\/uploads\/2023\/05\/RW1lACYpIe5yRVnr_GadF5EueerWUfSAZ-e1683301346578.jpg\",\"width\":1680,\"height\":945},{\"@type\":\"BreadcrumbList\",\"@id\":\"https:\/\/mefp.grupopiquer.com\/inscripciones\/producto\/adgd099po-estrategias-de-direccion-de-equipos-de-trabajo-60-horas\/#breadcrumb\",\"itemListElement\":[{\"@type\":\"ListItem\",\"position\":1,\"name\":\"Portada\",\"item\":\"https:\/\/mefp.grupopiquer.com\/inscripciones\/\"},{\"@type\":\"ListItem\",\"position\":2,\"name\":\"Tienda\",\"item\":\"https:\/\/mefp.grupopiquer.com\/inscripciones\/tienda\/\"},{\"@type\":\"ListItem\",\"position\":3,\"name\":\"ADGD099PO &#8211; Estrategias de Direcci\u00f3n de Equipos de Trabajo (60 horas)\"}]},{\"@type\":\"WebSite\",\"@id\":\"https:\/\/mefp.grupopiquer.com\/inscripciones\/#website\",\"url\":\"https:\/\/mefp.grupopiquer.com\/inscripciones\/\",\"name\":\"Contenidos Online\",\"description\":\"\",\"publisher\":{\"@id\":\"https:\/\/mefp.grupopiquer.com\/inscripciones\/#organization\"},\"potentialAction\":[{\"@type\":\"SearchAction\",\"target\":{\"@type\":\"EntryPoint\",\"urlTemplate\":\"https:\/\/mefp.grupopiquer.com\/inscripciones\/?s={search_term_string}\"},\"query-input\":{\"@type\":\"PropertyValueSpecification\",\"valueRequired\":true,\"valueName\":\"search_term_string\"}}],\"inLanguage\":\"es\"},{\"@type\":\"Organization\",\"@id\":\"https:\/\/mefp.grupopiquer.com\/inscripciones\/#organization\",\"name\":\"Contenidos Online\",\"url\":\"https:\/\/mefp.grupopiquer.com\/inscripciones\/\",\"logo\":{\"@type\":\"ImageObject\",\"inLanguage\":\"es\",\"@id\":\"https:\/\/mefp.grupopiquer.com\/inscripciones\/#\/schema\/logo\/image\/\",\"url\":\"\",\"contentUrl\":\"\",\"caption\":\"Contenidos Online\"},\"image\":{\"@id\":\"https:\/\/mefp.grupopiquer.com\/inscripciones\/#\/schema\/logo\/image\/\"}}]}<\/script>\n<!-- \/ Yoast SEO plugin. -->","yoast_head_json":{"title":"ADGD099PO - Estrategias de Direcci\u00f3n de Equipos de Trabajo (60 horas) - Contenidos Online","robots":{"index":"index","follow":"follow","max-snippet":"max-snippet:-1","max-image-preview":"max-image-preview:large","max-video-preview":"max-video-preview:-1"},"canonical":"https:\/\/mefp.grupopiquer.com\/inscripciones\/producto\/adgd099po-estrategias-de-direccion-de-equipos-de-trabajo-60-horas\/","og_locale":"es_ES","og_type":"article","og_title":"ADGD099PO - Estrategias de Direcci\u00f3n de Equipos de Trabajo (60 horas) - Contenidos Online","og_description":"Adquirir las t\u00e9cnicas y herramientas m\u00e1s \u00fatiles para mejorar los procesos de comunicaci\u00f3n en los entornos de trabajo, trabajo en equipo y negociaci\u00f3n.","og_url":"https:\/\/mefp.grupopiquer.com\/inscripciones\/producto\/adgd099po-estrategias-de-direccion-de-equipos-de-trabajo-60-horas\/","og_site_name":"Contenidos Online","article_modified_time":"2023-05-15T11:15:45+00:00","og_image":[{"width":1680,"height":945,"url":"https:\/\/mefp.grupopiquer.com\/inscripciones\/wp-content\/uploads\/2023\/05\/RW1lACYpIe5yRVnr_GadF5EueerWUfSAZ-e1683301346578.jpg","type":"image\/jpeg"}],"twitter_card":"summary_large_image","twitter_misc":{"Tiempo de lectura":"3 minutos"},"schema":{"@context":"https:\/\/schema.org","@graph":[{"@type":"WebPage","@id":"https:\/\/mefp.grupopiquer.com\/inscripciones\/producto\/adgd099po-estrategias-de-direccion-de-equipos-de-trabajo-60-horas\/","url":"https:\/\/mefp.grupopiquer.com\/inscripciones\/producto\/adgd099po-estrategias-de-direccion-de-equipos-de-trabajo-60-horas\/","name":"ADGD099PO - Estrategias de Direcci\u00f3n de Equipos de Trabajo (60 horas) - Contenidos Online","isPartOf":{"@id":"https:\/\/mefp.grupopiquer.com\/inscripciones\/#website"},"primaryImageOfPage":{"@id":"https:\/\/mefp.grupopiquer.com\/inscripciones\/producto\/adgd099po-estrategias-de-direccion-de-equipos-de-trabajo-60-horas\/#primaryimage"},"image":{"@id":"https:\/\/mefp.grupopiquer.com\/inscripciones\/producto\/adgd099po-estrategias-de-direccion-de-equipos-de-trabajo-60-horas\/#primaryimage"},"thumbnailUrl":"https:\/\/mefp.grupopiquer.com\/inscripciones\/wp-content\/uploads\/2023\/05\/RW1lACYpIe5yRVnr_GadF5EueerWUfSAZ-e1683301346578.jpg","datePublished":"2023-05-02T10:48:50+00:00","dateModified":"2023-05-15T11:15:45+00:00","breadcrumb":{"@id":"https:\/\/mefp.grupopiquer.com\/inscripciones\/producto\/adgd099po-estrategias-de-direccion-de-equipos-de-trabajo-60-horas\/#breadcrumb"},"inLanguage":"es","potentialAction":[{"@type":"ReadAction","target":["https:\/\/mefp.grupopiquer.com\/inscripciones\/producto\/adgd099po-estrategias-de-direccion-de-equipos-de-trabajo-60-horas\/"]}]},{"@type":"ImageObject","inLanguage":"es","@id":"https:\/\/mefp.grupopiquer.com\/inscripciones\/producto\/adgd099po-estrategias-de-direccion-de-equipos-de-trabajo-60-horas\/#primaryimage","url":"https:\/\/mefp.grupopiquer.com\/inscripciones\/wp-content\/uploads\/2023\/05\/RW1lACYpIe5yRVnr_GadF5EueerWUfSAZ-e1683301346578.jpg","contentUrl":"https:\/\/mefp.grupopiquer.com\/inscripciones\/wp-content\/uploads\/2023\/05\/RW1lACYpIe5yRVnr_GadF5EueerWUfSAZ-e1683301346578.jpg","width":1680,"height":945},{"@type":"BreadcrumbList","@id":"https:\/\/mefp.grupopiquer.com\/inscripciones\/producto\/adgd099po-estrategias-de-direccion-de-equipos-de-trabajo-60-horas\/#breadcrumb","itemListElement":[{"@type":"ListItem","position":1,"name":"Portada","item":"https:\/\/mefp.grupopiquer.com\/inscripciones\/"},{"@type":"ListItem","position":2,"name":"Tienda","item":"https:\/\/mefp.grupopiquer.com\/inscripciones\/tienda\/"},{"@type":"ListItem","position":3,"name":"ADGD099PO &#8211; Estrategias de Direcci\u00f3n de Equipos de Trabajo (60 horas)"}]},{"@type":"WebSite","@id":"https:\/\/mefp.grupopiquer.com\/inscripciones\/#website","url":"https:\/\/mefp.grupopiquer.com\/inscripciones\/","name":"Contenidos Online","description":"","publisher":{"@id":"https:\/\/mefp.grupopiquer.com\/inscripciones\/#organization"},"potentialAction":[{"@type":"SearchAction","target":{"@type":"EntryPoint","urlTemplate":"https:\/\/mefp.grupopiquer.com\/inscripciones\/?s={search_term_string}"},"query-input":{"@type":"PropertyValueSpecification","valueRequired":true,"valueName":"search_term_string"}}],"inLanguage":"es"},{"@type":"Organization","@id":"https:\/\/mefp.grupopiquer.com\/inscripciones\/#organization","name":"Contenidos Online","url":"https:\/\/mefp.grupopiquer.com\/inscripciones\/","logo":{"@type":"ImageObject","inLanguage":"es","@id":"https:\/\/mefp.grupopiquer.com\/inscripciones\/#\/schema\/logo\/image\/","url":"","contentUrl":"","caption":"Contenidos Online"},"image":{"@id":"https:\/\/mefp.grupopiquer.com\/inscripciones\/#\/schema\/logo\/image\/"}}]}},"_links":{"self":[{"href":"https:\/\/mefp.grupopiquer.com\/inscripciones\/wp-json\/wp\/v2\/product\/4311"}],"collection":[{"href":"https:\/\/mefp.grupopiquer.com\/inscripciones\/wp-json\/wp\/v2\/product"}],"about":[{"href":"https:\/\/mefp.grupopiquer.com\/inscripciones\/wp-json\/wp\/v2\/types\/product"}],"replies":[{"embeddable":true,"href":"https:\/\/mefp.grupopiquer.com\/inscripciones\/wp-json\/wp\/v2\/comments?post=4311"}],"wp:featuredmedia":[{"embeddable":true,"href":"https:\/\/mefp.grupopiquer.com\/inscripciones\/wp-json\/wp\/v2\/media\/5354"}],"wp:attachment":[{"href":"https:\/\/mefp.grupopiquer.com\/inscripciones\/wp-json\/wp\/v2\/media?parent=4311"}],"wp:term":[{"taxonomy":"product_cat","embeddable":true,"href":"https:\/\/mefp.grupopiquer.com\/inscripciones\/wp-json\/wp\/v2\/product_cat?post=4311"},{"taxonomy":"product_tag","embeddable":true,"href":"https:\/\/mefp.grupopiquer.com\/inscripciones\/wp-json\/wp\/v2\/product_tag?post=4311"}],"curies":[{"name":"wp","href":"https:\/\/api.w.org\/{rel}","templated":true}]}}