{"id":4295,"date":"2023-05-02T10:47:41","date_gmt":"2023-05-02T10:47:41","guid":{"rendered":"https:\/\/mefp.grupopiquer.com\/inscripciones\/producto\/adgd059po-creatividad-e-innovacion-empresarial-y-profesional-75-horas\/"},"modified":"2023-05-15T11:06:36","modified_gmt":"2023-05-15T11:06:36","slug":"adgd059po-creatividad-e-innovacion-empresarial-y-profesional-75-horas","status":"publish","type":"product","link":"https:\/\/mefp.grupopiquer.com\/inscripciones\/producto\/adgd059po-creatividad-e-innovacion-empresarial-y-profesional-75-horas\/","title":{"rendered":"ADGD059PO &#8211; Creatividad e Innovaci\u00f3n Empresarial y Profesional (75 horas)"},"content":{"rendered":"<div id=\"accordion\">\n<h3>OBJETIVOS<\/h3>\n<div>Adquirir conocimientos acerca del concepto de innovaci\u00f3n y la relaci\u00f3n entre \u00e9sta y la creatividad, as\u00ed como de la importancia del capital humano en los procesos de innovaci\u00f3n.<\/div>\n<h3>CONTENIDOS<\/h3>\n<div>1. EL PROCESO ESTRAT\u00c9GICO DE LA INNOVACI\u00d3N<br \/>\n1.1. La innovaci\u00f3n, las personas y la sociedad del conocimiento.<br \/>\n1.2. Estrategias competitivas.<br \/>\n1.3. I+D+i.<br \/>\n1.4. Pol\u00edticas de apoyo.<\/p>\n<p>2. LA INNOVACI\u00d3N EN MERCADOS<br \/>\n2.1. Oportunidades de innovaci\u00f3n derivadas de la globalizaci\u00f3n.<br \/>\n2.2. Como Inventar Mercados a trav\u00e9s de la Innovaci\u00f3n.<br \/>\n2.3. Nuevos Mercados, nuevas oportunidades.<\/p>\n<p>3. LA INNOVACI\u00d3N EN PRODUCTOS Y SERVICIOS<br \/>\n3.1. Etapas de desarrollo y ciclos de vida.<br \/>\n3.2. Incorporaci\u00f3n al mercado.<br \/>\n3.3. Metodolog\u00edas de desarrollo.<\/p>\n<p>4. LA INNOVACI\u00d3N EN PROCESOS<br \/>\n4.1. El proceso de la innovaci\u00f3n.<br \/>\n4.2. Modelos de proceso de innovaci\u00f3n.<br \/>\n4.3. Gesti\u00f3n de innovaci\u00f3n.<br \/>\n4.4. Sistema de innovaci\u00f3n.<br \/>\n4.5. Como reinventar las empresas innovando en procesos.<br \/>\n4.6. Innovaci\u00f3n en Procesos a trav\u00e9s de las TIC.<br \/>\n4.7. El Comercio Electr\u00f3nico: innovar en los canales de distribuci\u00f3n.<\/p>\n<p>5. LA INNOVACI\u00d3N EN LA RELACI\u00d3N CON EL CLIENTE<br \/>\n5.1. Innovaci\u00f3n en los Procesos de Relaci\u00f3n con el Cliente.<br \/>\n5.2. El cliente que participa en el negocio.<br \/>\n5.3. Social Media Marketing.<\/p>\n<p>6. CREATIVIDAD INNOVADORA<br \/>\n6.1. Pensamiento creativo.<br \/>\n6.2. Fases de la creatividad.<br \/>\n6.3. B\u00fasqueda de nuevas ideas.<br \/>\n6.4. T\u00e9cnicas de creatividad.<br \/>\n6.5. Gesti\u00f3n creativa de conflictos.\n<\/p><\/div>\n<\/div>\n","protected":false},"excerpt":{"rendered":"<p>Adquirir conocimientos acerca del concepto de innovaci\u00f3n y la relaci\u00f3n entre \u00e9sta y la creatividad, as\u00ed como de la importancia del capital humano en los procesos de innovaci\u00f3n.<\/p>\n","protected":false},"featured_media":5348,"comment_status":"closed","ping_status":"closed","template":"","meta":[],"product_cat":[126],"product_tag":[],"class_list":{"0":"post-4295","1":"product","2":"type-product","3":"status-publish","4":"has-post-thumbnail","6":"product_cat-administracion-y-auditoria","8":"first","9":"instock","10":"taxable","11":"shipping-taxable","12":"purchasable","13":"product-type-simple"},"yoast_head":"<!-- This site is optimized with the Yoast SEO plugin v23.5 - https:\/\/yoast.com\/wordpress\/plugins\/seo\/ -->\n<title>ADGD059PO - Creatividad e Innovaci\u00f3n Empresarial y Profesional (75 horas) - Contenidos Online<\/title>\n<meta name=\"robots\" content=\"index, follow, max-snippet:-1, max-image-preview:large, max-video-preview:-1\" \/>\n<link rel=\"canonical\" href=\"https:\/\/mefp.grupopiquer.com\/inscripciones\/producto\/adgd059po-creatividad-e-innovacion-empresarial-y-profesional-75-horas\/\" \/>\n<meta property=\"og:locale\" content=\"es_ES\" \/>\n<meta property=\"og:type\" content=\"article\" \/>\n<meta property=\"og:title\" content=\"ADGD059PO - Creatividad e Innovaci\u00f3n Empresarial y Profesional (75 horas) - Contenidos Online\" \/>\n<meta property=\"og:description\" content=\"Adquirir conocimientos acerca del concepto de innovaci\u00f3n y la relaci\u00f3n entre \u00e9sta y la creatividad, as\u00ed como de la importancia del capital humano en los procesos de innovaci\u00f3n.\" \/>\n<meta property=\"og:url\" content=\"https:\/\/mefp.grupopiquer.com\/inscripciones\/producto\/adgd059po-creatividad-e-innovacion-empresarial-y-profesional-75-horas\/\" \/>\n<meta property=\"og:site_name\" content=\"Contenidos Online\" \/>\n<meta property=\"article:modified_time\" content=\"2023-05-15T11:06:36+00:00\" \/>\n<meta property=\"og:image\" content=\"https:\/\/mefp.grupopiquer.com\/inscripciones\/wp-content\/uploads\/2023\/05\/ADGD059PO-e1683300149756.jpg\" \/>\n\t<meta property=\"og:image:width\" content=\"1680\" \/>\n\t<meta property=\"og:image:height\" content=\"945\" \/>\n\t<meta property=\"og:image:type\" content=\"image\/jpeg\" \/>\n<meta name=\"twitter:card\" content=\"summary_large_image\" \/>\n<meta name=\"twitter:label1\" content=\"Tiempo de lectura\" \/>\n\t<meta name=\"twitter:data1\" content=\"1 minuto\" \/>\n<script type=\"application\/ld+json\" class=\"yoast-schema-graph\">{\"@context\":\"https:\/\/schema.org\",\"@graph\":[{\"@type\":\"WebPage\",\"@id\":\"https:\/\/mefp.grupopiquer.com\/inscripciones\/producto\/adgd059po-creatividad-e-innovacion-empresarial-y-profesional-75-horas\/\",\"url\":\"https:\/\/mefp.grupopiquer.com\/inscripciones\/producto\/adgd059po-creatividad-e-innovacion-empresarial-y-profesional-75-horas\/\",\"name\":\"ADGD059PO - Creatividad e Innovaci\u00f3n Empresarial y Profesional (75 horas) - Contenidos Online\",\"isPartOf\":{\"@id\":\"https:\/\/mefp.grupopiquer.com\/inscripciones\/#website\"},\"primaryImageOfPage\":{\"@id\":\"https:\/\/mefp.grupopiquer.com\/inscripciones\/producto\/adgd059po-creatividad-e-innovacion-empresarial-y-profesional-75-horas\/#primaryimage\"},\"image\":{\"@id\":\"https:\/\/mefp.grupopiquer.com\/inscripciones\/producto\/adgd059po-creatividad-e-innovacion-empresarial-y-profesional-75-horas\/#primaryimage\"},\"thumbnailUrl\":\"https:\/\/mefp.grupopiquer.com\/inscripciones\/wp-content\/uploads\/2023\/05\/ADGD059PO-e1683300149756.jpg\",\"datePublished\":\"2023-05-02T10:47:41+00:00\",\"dateModified\":\"2023-05-15T11:06:36+00:00\",\"breadcrumb\":{\"@id\":\"https:\/\/mefp.grupopiquer.com\/inscripciones\/producto\/adgd059po-creatividad-e-innovacion-empresarial-y-profesional-75-horas\/#breadcrumb\"},\"inLanguage\":\"es\",\"potentialAction\":[{\"@type\":\"ReadAction\",\"target\":[\"https:\/\/mefp.grupopiquer.com\/inscripciones\/producto\/adgd059po-creatividad-e-innovacion-empresarial-y-profesional-75-horas\/\"]}]},{\"@type\":\"ImageObject\",\"inLanguage\":\"es\",\"@id\":\"https:\/\/mefp.grupopiquer.com\/inscripciones\/producto\/adgd059po-creatividad-e-innovacion-empresarial-y-profesional-75-horas\/#primaryimage\",\"url\":\"https:\/\/mefp.grupopiquer.com\/inscripciones\/wp-content\/uploads\/2023\/05\/ADGD059PO-e1683300149756.jpg\",\"contentUrl\":\"https:\/\/mefp.grupopiquer.com\/inscripciones\/wp-content\/uploads\/2023\/05\/ADGD059PO-e1683300149756.jpg\",\"width\":1680,\"height\":945},{\"@type\":\"BreadcrumbList\",\"@id\":\"https:\/\/mefp.grupopiquer.com\/inscripciones\/producto\/adgd059po-creatividad-e-innovacion-empresarial-y-profesional-75-horas\/#breadcrumb\",\"itemListElement\":[{\"@type\":\"ListItem\",\"position\":1,\"name\":\"Portada\",\"item\":\"https:\/\/mefp.grupopiquer.com\/inscripciones\/\"},{\"@type\":\"ListItem\",\"position\":2,\"name\":\"Tienda\",\"item\":\"https:\/\/mefp.grupopiquer.com\/inscripciones\/tienda\/\"},{\"@type\":\"ListItem\",\"position\":3,\"name\":\"ADGD059PO &#8211; Creatividad e Innovaci\u00f3n Empresarial y Profesional (75 horas)\"}]},{\"@type\":\"WebSite\",\"@id\":\"https:\/\/mefp.grupopiquer.com\/inscripciones\/#website\",\"url\":\"https:\/\/mefp.grupopiquer.com\/inscripciones\/\",\"name\":\"Contenidos Online\",\"description\":\"\",\"publisher\":{\"@id\":\"https:\/\/mefp.grupopiquer.com\/inscripciones\/#organization\"},\"potentialAction\":[{\"@type\":\"SearchAction\",\"target\":{\"@type\":\"EntryPoint\",\"urlTemplate\":\"https:\/\/mefp.grupopiquer.com\/inscripciones\/?s={search_term_string}\"},\"query-input\":{\"@type\":\"PropertyValueSpecification\",\"valueRequired\":true,\"valueName\":\"search_term_string\"}}],\"inLanguage\":\"es\"},{\"@type\":\"Organization\",\"@id\":\"https:\/\/mefp.grupopiquer.com\/inscripciones\/#organization\",\"name\":\"Contenidos Online\",\"url\":\"https:\/\/mefp.grupopiquer.com\/inscripciones\/\",\"logo\":{\"@type\":\"ImageObject\",\"inLanguage\":\"es\",\"@id\":\"https:\/\/mefp.grupopiquer.com\/inscripciones\/#\/schema\/logo\/image\/\",\"url\":\"\",\"contentUrl\":\"\",\"caption\":\"Contenidos Online\"},\"image\":{\"@id\":\"https:\/\/mefp.grupopiquer.com\/inscripciones\/#\/schema\/logo\/image\/\"}}]}<\/script>\n<!-- \/ Yoast SEO plugin. -->","yoast_head_json":{"title":"ADGD059PO - Creatividad e Innovaci\u00f3n Empresarial y Profesional (75 horas) - Contenidos Online","robots":{"index":"index","follow":"follow","max-snippet":"max-snippet:-1","max-image-preview":"max-image-preview:large","max-video-preview":"max-video-preview:-1"},"canonical":"https:\/\/mefp.grupopiquer.com\/inscripciones\/producto\/adgd059po-creatividad-e-innovacion-empresarial-y-profesional-75-horas\/","og_locale":"es_ES","og_type":"article","og_title":"ADGD059PO - Creatividad e Innovaci\u00f3n Empresarial y Profesional (75 horas) - Contenidos Online","og_description":"Adquirir conocimientos acerca del concepto de innovaci\u00f3n y la relaci\u00f3n entre \u00e9sta y la creatividad, as\u00ed como de la importancia del capital humano en los procesos de innovaci\u00f3n.","og_url":"https:\/\/mefp.grupopiquer.com\/inscripciones\/producto\/adgd059po-creatividad-e-innovacion-empresarial-y-profesional-75-horas\/","og_site_name":"Contenidos Online","article_modified_time":"2023-05-15T11:06:36+00:00","og_image":[{"width":1680,"height":945,"url":"https:\/\/mefp.grupopiquer.com\/inscripciones\/wp-content\/uploads\/2023\/05\/ADGD059PO-e1683300149756.jpg","type":"image\/jpeg"}],"twitter_card":"summary_large_image","twitter_misc":{"Tiempo de lectura":"1 minuto"},"schema":{"@context":"https:\/\/schema.org","@graph":[{"@type":"WebPage","@id":"https:\/\/mefp.grupopiquer.com\/inscripciones\/producto\/adgd059po-creatividad-e-innovacion-empresarial-y-profesional-75-horas\/","url":"https:\/\/mefp.grupopiquer.com\/inscripciones\/producto\/adgd059po-creatividad-e-innovacion-empresarial-y-profesional-75-horas\/","name":"ADGD059PO - Creatividad e Innovaci\u00f3n Empresarial y Profesional (75 horas) - Contenidos Online","isPartOf":{"@id":"https:\/\/mefp.grupopiquer.com\/inscripciones\/#website"},"primaryImageOfPage":{"@id":"https:\/\/mefp.grupopiquer.com\/inscripciones\/producto\/adgd059po-creatividad-e-innovacion-empresarial-y-profesional-75-horas\/#primaryimage"},"image":{"@id":"https:\/\/mefp.grupopiquer.com\/inscripciones\/producto\/adgd059po-creatividad-e-innovacion-empresarial-y-profesional-75-horas\/#primaryimage"},"thumbnailUrl":"https:\/\/mefp.grupopiquer.com\/inscripciones\/wp-content\/uploads\/2023\/05\/ADGD059PO-e1683300149756.jpg","datePublished":"2023-05-02T10:47:41+00:00","dateModified":"2023-05-15T11:06:36+00:00","breadcrumb":{"@id":"https:\/\/mefp.grupopiquer.com\/inscripciones\/producto\/adgd059po-creatividad-e-innovacion-empresarial-y-profesional-75-horas\/#breadcrumb"},"inLanguage":"es","potentialAction":[{"@type":"ReadAction","target":["https:\/\/mefp.grupopiquer.com\/inscripciones\/producto\/adgd059po-creatividad-e-innovacion-empresarial-y-profesional-75-horas\/"]}]},{"@type":"ImageObject","inLanguage":"es","@id":"https:\/\/mefp.grupopiquer.com\/inscripciones\/producto\/adgd059po-creatividad-e-innovacion-empresarial-y-profesional-75-horas\/#primaryimage","url":"https:\/\/mefp.grupopiquer.com\/inscripciones\/wp-content\/uploads\/2023\/05\/ADGD059PO-e1683300149756.jpg","contentUrl":"https:\/\/mefp.grupopiquer.com\/inscripciones\/wp-content\/uploads\/2023\/05\/ADGD059PO-e1683300149756.jpg","width":1680,"height":945},{"@type":"BreadcrumbList","@id":"https:\/\/mefp.grupopiquer.com\/inscripciones\/producto\/adgd059po-creatividad-e-innovacion-empresarial-y-profesional-75-horas\/#breadcrumb","itemListElement":[{"@type":"ListItem","position":1,"name":"Portada","item":"https:\/\/mefp.grupopiquer.com\/inscripciones\/"},{"@type":"ListItem","position":2,"name":"Tienda","item":"https:\/\/mefp.grupopiquer.com\/inscripciones\/tienda\/"},{"@type":"ListItem","position":3,"name":"ADGD059PO &#8211; Creatividad e Innovaci\u00f3n Empresarial y Profesional (75 horas)"}]},{"@type":"WebSite","@id":"https:\/\/mefp.grupopiquer.com\/inscripciones\/#website","url":"https:\/\/mefp.grupopiquer.com\/inscripciones\/","name":"Contenidos Online","description":"","publisher":{"@id":"https:\/\/mefp.grupopiquer.com\/inscripciones\/#organization"},"potentialAction":[{"@type":"SearchAction","target":{"@type":"EntryPoint","urlTemplate":"https:\/\/mefp.grupopiquer.com\/inscripciones\/?s={search_term_string}"},"query-input":{"@type":"PropertyValueSpecification","valueRequired":true,"valueName":"search_term_string"}}],"inLanguage":"es"},{"@type":"Organization","@id":"https:\/\/mefp.grupopiquer.com\/inscripciones\/#organization","name":"Contenidos Online","url":"https:\/\/mefp.grupopiquer.com\/inscripciones\/","logo":{"@type":"ImageObject","inLanguage":"es","@id":"https:\/\/mefp.grupopiquer.com\/inscripciones\/#\/schema\/logo\/image\/","url":"","contentUrl":"","caption":"Contenidos Online"},"image":{"@id":"https:\/\/mefp.grupopiquer.com\/inscripciones\/#\/schema\/logo\/image\/"}}]}},"_links":{"self":[{"href":"https:\/\/mefp.grupopiquer.com\/inscripciones\/wp-json\/wp\/v2\/product\/4295"}],"collection":[{"href":"https:\/\/mefp.grupopiquer.com\/inscripciones\/wp-json\/wp\/v2\/product"}],"about":[{"href":"https:\/\/mefp.grupopiquer.com\/inscripciones\/wp-json\/wp\/v2\/types\/product"}],"replies":[{"embeddable":true,"href":"https:\/\/mefp.grupopiquer.com\/inscripciones\/wp-json\/wp\/v2\/comments?post=4295"}],"wp:featuredmedia":[{"embeddable":true,"href":"https:\/\/mefp.grupopiquer.com\/inscripciones\/wp-json\/wp\/v2\/media\/5348"}],"wp:attachment":[{"href":"https:\/\/mefp.grupopiquer.com\/inscripciones\/wp-json\/wp\/v2\/media?parent=4295"}],"wp:term":[{"taxonomy":"product_cat","embeddable":true,"href":"https:\/\/mefp.grupopiquer.com\/inscripciones\/wp-json\/wp\/v2\/product_cat?post=4295"},{"taxonomy":"product_tag","embeddable":true,"href":"https:\/\/mefp.grupopiquer.com\/inscripciones\/wp-json\/wp\/v2\/product_tag?post=4295"}],"curies":[{"name":"wp","href":"https:\/\/api.w.org\/{rel}","templated":true}]}}