{"id":4281,"date":"2023-05-02T10:46:24","date_gmt":"2023-05-02T10:46:24","guid":{"rendered":"https:\/\/mefp.grupopiquer.com\/inscripciones\/producto\/adgd039po-contabilidad-financiera-100-horas\/"},"modified":"2023-06-01T12:35:24","modified_gmt":"2023-06-01T12:35:24","slug":"adgd039po-contabilidad-financiera-100-horas","status":"publish","type":"product","link":"https:\/\/mefp.grupopiquer.com\/inscripciones\/producto\/adgd039po-contabilidad-financiera-100-horas\/","title":{"rendered":"ADGD039PO &#8211; Contabilidad Financiera (100 horas)"},"content":{"rendered":"<div id=\"accordion\">\n<h3>OBJETIVOS<\/h3>\n<div>Conocer el marco conceptual de la contabilidad financiera y la legislaci\u00f3n actual vigente al respecto y los conceptos b\u00e1sicos de contabilidad y del plan general de contabilidad, as\u00ed como desarrollar las diferentes operaciones b\u00e1sicas posibles en la contabilidad financiera y los elementos y factores influyentes en la constituci\u00f3n y distribuci\u00f3n de las operaciones con los socios de la empresa<\/div>\n<h3>CONTENIDOS<\/h3>\n<div>\n<p>1. La contabilidad<\/p>\n<p>2. El patrimonio<\/p>\n<p>3. Las cuentas<\/p>\n<p>4. El plan general de contabilidad<\/p>\n<p>5. Compras y gastos<\/p>\n<p>6. Ventas e ingresos<\/p>\n<p>7. La regularizaci\u00f3n de existencias y el proceso contable b\u00e1sico<\/p>\n<p>8. Contabilidad del impuesto sobre el valor a\u00f1adido<\/p>\n<p>9. Los derechos de cobro<\/p>\n<p>10. Impuesto sobre beneficios<\/p>\n<p>11. Constituci\u00f3n de la empresa<\/p>\n<p>12. Distribuci\u00f3n de beneficios<\/p>\n<p>13. Las fuentes de financiaci\u00f3n<\/p>\n<p>14. Ampliaciones de capital<\/p>\n<p>15. Pr\u00e9stamos recibidos y p\u00f3lizas de cr\u00e9dito<\/p>\n<p>16. El leasing<\/p>\n<p>17. El inmovilizado<\/p>\n<p>18. Subvenciones, donaciones y legados<\/p>\n<p>19. Activos no corrientes mantenidos para la venta<\/p>\n<p>20. Las inversiones financieras<\/p>\n<p>21. Cr\u00e9ditos concedidos<\/p>\n<p>22. Operaciones en moneda extranjera, periodificaci\u00f3n y otras cuestiones<\/p>\n<p>23. Confecci\u00f3n de las cuentas anuales<\/p>\n<p>24. Gastos e ingresos imputados al patrimonio neto<\/p>\n<\/div>\n<\/div>\n","protected":false},"excerpt":{"rendered":"<p>Conocer el marco conceptual de la contabilidad financiera y la legislaci\u00f3n actual vigente al respecto y los conceptos b\u00e1sicos de contabilidad y del plan general de contabilidad, as\u00ed como desarrollar las diferentes operaciones b\u00e1sicas posibles en la contabilidad financiera y los elementos y factores influyentes en la constituci\u00f3n y distribuci\u00f3n de las operaciones con los socios de la empresa<\/p>\n","protected":false},"featured_media":5268,"comment_status":"closed","ping_status":"closed","template":"","meta":[],"product_cat":[126],"product_tag":[],"class_list":{"0":"post-4281","1":"product","2":"type-product","3":"status-publish","4":"has-post-thumbnail","6":"product_cat-administracion-y-auditoria","8":"first","9":"instock","10":"taxable","11":"shipping-taxable","12":"purchasable","13":"product-type-simple"},"yoast_head":"<!-- This site is optimized with the Yoast SEO plugin v23.5 - https:\/\/yoast.com\/wordpress\/plugins\/seo\/ -->\n<title>ADGD039PO - Contabilidad Financiera (100 horas) - Contenidos Online<\/title>\n<meta name=\"robots\" content=\"index, follow, max-snippet:-1, max-image-preview:large, max-video-preview:-1\" \/>\n<link rel=\"canonical\" href=\"https:\/\/mefp.grupopiquer.com\/inscripciones\/producto\/adgd039po-contabilidad-financiera-100-horas\/\" \/>\n<meta property=\"og:locale\" content=\"es_ES\" \/>\n<meta property=\"og:type\" content=\"article\" \/>\n<meta property=\"og:title\" content=\"ADGD039PO - Contabilidad Financiera (100 horas) - Contenidos Online\" \/>\n<meta property=\"og:description\" content=\"Conocer el marco conceptual de la contabilidad financiera y la legislaci\u00f3n actual vigente al respecto y los conceptos b\u00e1sicos de contabilidad y del plan general de contabilidad, as\u00ed como desarrollar las diferentes operaciones b\u00e1sicas posibles en la contabilidad financiera y los elementos y factores influyentes en la constituci\u00f3n y distribuci\u00f3n de las operaciones con los socios de la empresa\" \/>\n<meta property=\"og:url\" content=\"https:\/\/mefp.grupopiquer.com\/inscripciones\/producto\/adgd039po-contabilidad-financiera-100-horas\/\" \/>\n<meta property=\"og:site_name\" content=\"Contenidos Online\" \/>\n<meta property=\"article:modified_time\" content=\"2023-06-01T12:35:24+00:00\" \/>\n<meta property=\"og:image\" content=\"https:\/\/mefp.grupopiquer.com\/inscripciones\/wp-content\/uploads\/2023\/05\/ADGD039PO-e1683292828992.jpg\" \/>\n\t<meta property=\"og:image:width\" content=\"1680\" \/>\n\t<meta property=\"og:image:height\" content=\"944\" \/>\n\t<meta property=\"og:image:type\" content=\"image\/jpeg\" \/>\n<meta name=\"twitter:card\" content=\"summary_large_image\" \/>\n<meta name=\"twitter:label1\" content=\"Tiempo de lectura\" \/>\n\t<meta name=\"twitter:data1\" content=\"1 minuto\" \/>\n<script type=\"application\/ld+json\" class=\"yoast-schema-graph\">{\"@context\":\"https:\/\/schema.org\",\"@graph\":[{\"@type\":\"WebPage\",\"@id\":\"https:\/\/mefp.grupopiquer.com\/inscripciones\/producto\/adgd039po-contabilidad-financiera-100-horas\/\",\"url\":\"https:\/\/mefp.grupopiquer.com\/inscripciones\/producto\/adgd039po-contabilidad-financiera-100-horas\/\",\"name\":\"ADGD039PO - Contabilidad Financiera (100 horas) - Contenidos Online\",\"isPartOf\":{\"@id\":\"https:\/\/mefp.grupopiquer.com\/inscripciones\/#website\"},\"primaryImageOfPage\":{\"@id\":\"https:\/\/mefp.grupopiquer.com\/inscripciones\/producto\/adgd039po-contabilidad-financiera-100-horas\/#primaryimage\"},\"image\":{\"@id\":\"https:\/\/mefp.grupopiquer.com\/inscripciones\/producto\/adgd039po-contabilidad-financiera-100-horas\/#primaryimage\"},\"thumbnailUrl\":\"https:\/\/mefp.grupopiquer.com\/inscripciones\/wp-content\/uploads\/2023\/05\/ADGD039PO-e1683292828992.jpg\",\"datePublished\":\"2023-05-02T10:46:24+00:00\",\"dateModified\":\"2023-06-01T12:35:24+00:00\",\"breadcrumb\":{\"@id\":\"https:\/\/mefp.grupopiquer.com\/inscripciones\/producto\/adgd039po-contabilidad-financiera-100-horas\/#breadcrumb\"},\"inLanguage\":\"es\",\"potentialAction\":[{\"@type\":\"ReadAction\",\"target\":[\"https:\/\/mefp.grupopiquer.com\/inscripciones\/producto\/adgd039po-contabilidad-financiera-100-horas\/\"]}]},{\"@type\":\"ImageObject\",\"inLanguage\":\"es\",\"@id\":\"https:\/\/mefp.grupopiquer.com\/inscripciones\/producto\/adgd039po-contabilidad-financiera-100-horas\/#primaryimage\",\"url\":\"https:\/\/mefp.grupopiquer.com\/inscripciones\/wp-content\/uploads\/2023\/05\/ADGD039PO-e1683292828992.jpg\",\"contentUrl\":\"https:\/\/mefp.grupopiquer.com\/inscripciones\/wp-content\/uploads\/2023\/05\/ADGD039PO-e1683292828992.jpg\",\"width\":1680,\"height\":944},{\"@type\":\"BreadcrumbList\",\"@id\":\"https:\/\/mefp.grupopiquer.com\/inscripciones\/producto\/adgd039po-contabilidad-financiera-100-horas\/#breadcrumb\",\"itemListElement\":[{\"@type\":\"ListItem\",\"position\":1,\"name\":\"Portada\",\"item\":\"https:\/\/mefp.grupopiquer.com\/inscripciones\/\"},{\"@type\":\"ListItem\",\"position\":2,\"name\":\"Tienda\",\"item\":\"https:\/\/mefp.grupopiquer.com\/inscripciones\/tienda\/\"},{\"@type\":\"ListItem\",\"position\":3,\"name\":\"ADGD039PO &#8211; Contabilidad Financiera (100 horas)\"}]},{\"@type\":\"WebSite\",\"@id\":\"https:\/\/mefp.grupopiquer.com\/inscripciones\/#website\",\"url\":\"https:\/\/mefp.grupopiquer.com\/inscripciones\/\",\"name\":\"Contenidos Online\",\"description\":\"\",\"publisher\":{\"@id\":\"https:\/\/mefp.grupopiquer.com\/inscripciones\/#organization\"},\"potentialAction\":[{\"@type\":\"SearchAction\",\"target\":{\"@type\":\"EntryPoint\",\"urlTemplate\":\"https:\/\/mefp.grupopiquer.com\/inscripciones\/?s={search_term_string}\"},\"query-input\":{\"@type\":\"PropertyValueSpecification\",\"valueRequired\":true,\"valueName\":\"search_term_string\"}}],\"inLanguage\":\"es\"},{\"@type\":\"Organization\",\"@id\":\"https:\/\/mefp.grupopiquer.com\/inscripciones\/#organization\",\"name\":\"Contenidos Online\",\"url\":\"https:\/\/mefp.grupopiquer.com\/inscripciones\/\",\"logo\":{\"@type\":\"ImageObject\",\"inLanguage\":\"es\",\"@id\":\"https:\/\/mefp.grupopiquer.com\/inscripciones\/#\/schema\/logo\/image\/\",\"url\":\"\",\"contentUrl\":\"\",\"caption\":\"Contenidos Online\"},\"image\":{\"@id\":\"https:\/\/mefp.grupopiquer.com\/inscripciones\/#\/schema\/logo\/image\/\"}}]}<\/script>\n<!-- \/ Yoast SEO plugin. -->","yoast_head_json":{"title":"ADGD039PO - Contabilidad Financiera (100 horas) - Contenidos Online","robots":{"index":"index","follow":"follow","max-snippet":"max-snippet:-1","max-image-preview":"max-image-preview:large","max-video-preview":"max-video-preview:-1"},"canonical":"https:\/\/mefp.grupopiquer.com\/inscripciones\/producto\/adgd039po-contabilidad-financiera-100-horas\/","og_locale":"es_ES","og_type":"article","og_title":"ADGD039PO - Contabilidad Financiera (100 horas) - Contenidos Online","og_description":"Conocer el marco conceptual de la contabilidad financiera y la legislaci\u00f3n actual vigente al respecto y los conceptos b\u00e1sicos de contabilidad y del plan general de contabilidad, as\u00ed como desarrollar las diferentes operaciones b\u00e1sicas posibles en la contabilidad financiera y los elementos y factores influyentes en la constituci\u00f3n y distribuci\u00f3n de las operaciones con los socios de la empresa","og_url":"https:\/\/mefp.grupopiquer.com\/inscripciones\/producto\/adgd039po-contabilidad-financiera-100-horas\/","og_site_name":"Contenidos Online","article_modified_time":"2023-06-01T12:35:24+00:00","og_image":[{"width":1680,"height":944,"url":"https:\/\/mefp.grupopiquer.com\/inscripciones\/wp-content\/uploads\/2023\/05\/ADGD039PO-e1683292828992.jpg","type":"image\/jpeg"}],"twitter_card":"summary_large_image","twitter_misc":{"Tiempo de lectura":"1 minuto"},"schema":{"@context":"https:\/\/schema.org","@graph":[{"@type":"WebPage","@id":"https:\/\/mefp.grupopiquer.com\/inscripciones\/producto\/adgd039po-contabilidad-financiera-100-horas\/","url":"https:\/\/mefp.grupopiquer.com\/inscripciones\/producto\/adgd039po-contabilidad-financiera-100-horas\/","name":"ADGD039PO - Contabilidad Financiera (100 horas) - Contenidos Online","isPartOf":{"@id":"https:\/\/mefp.grupopiquer.com\/inscripciones\/#website"},"primaryImageOfPage":{"@id":"https:\/\/mefp.grupopiquer.com\/inscripciones\/producto\/adgd039po-contabilidad-financiera-100-horas\/#primaryimage"},"image":{"@id":"https:\/\/mefp.grupopiquer.com\/inscripciones\/producto\/adgd039po-contabilidad-financiera-100-horas\/#primaryimage"},"thumbnailUrl":"https:\/\/mefp.grupopiquer.com\/inscripciones\/wp-content\/uploads\/2023\/05\/ADGD039PO-e1683292828992.jpg","datePublished":"2023-05-02T10:46:24+00:00","dateModified":"2023-06-01T12:35:24+00:00","breadcrumb":{"@id":"https:\/\/mefp.grupopiquer.com\/inscripciones\/producto\/adgd039po-contabilidad-financiera-100-horas\/#breadcrumb"},"inLanguage":"es","potentialAction":[{"@type":"ReadAction","target":["https:\/\/mefp.grupopiquer.com\/inscripciones\/producto\/adgd039po-contabilidad-financiera-100-horas\/"]}]},{"@type":"ImageObject","inLanguage":"es","@id":"https:\/\/mefp.grupopiquer.com\/inscripciones\/producto\/adgd039po-contabilidad-financiera-100-horas\/#primaryimage","url":"https:\/\/mefp.grupopiquer.com\/inscripciones\/wp-content\/uploads\/2023\/05\/ADGD039PO-e1683292828992.jpg","contentUrl":"https:\/\/mefp.grupopiquer.com\/inscripciones\/wp-content\/uploads\/2023\/05\/ADGD039PO-e1683292828992.jpg","width":1680,"height":944},{"@type":"BreadcrumbList","@id":"https:\/\/mefp.grupopiquer.com\/inscripciones\/producto\/adgd039po-contabilidad-financiera-100-horas\/#breadcrumb","itemListElement":[{"@type":"ListItem","position":1,"name":"Portada","item":"https:\/\/mefp.grupopiquer.com\/inscripciones\/"},{"@type":"ListItem","position":2,"name":"Tienda","item":"https:\/\/mefp.grupopiquer.com\/inscripciones\/tienda\/"},{"@type":"ListItem","position":3,"name":"ADGD039PO &#8211; Contabilidad Financiera (100 horas)"}]},{"@type":"WebSite","@id":"https:\/\/mefp.grupopiquer.com\/inscripciones\/#website","url":"https:\/\/mefp.grupopiquer.com\/inscripciones\/","name":"Contenidos Online","description":"","publisher":{"@id":"https:\/\/mefp.grupopiquer.com\/inscripciones\/#organization"},"potentialAction":[{"@type":"SearchAction","target":{"@type":"EntryPoint","urlTemplate":"https:\/\/mefp.grupopiquer.com\/inscripciones\/?s={search_term_string}"},"query-input":{"@type":"PropertyValueSpecification","valueRequired":true,"valueName":"search_term_string"}}],"inLanguage":"es"},{"@type":"Organization","@id":"https:\/\/mefp.grupopiquer.com\/inscripciones\/#organization","name":"Contenidos Online","url":"https:\/\/mefp.grupopiquer.com\/inscripciones\/","logo":{"@type":"ImageObject","inLanguage":"es","@id":"https:\/\/mefp.grupopiquer.com\/inscripciones\/#\/schema\/logo\/image\/","url":"","contentUrl":"","caption":"Contenidos Online"},"image":{"@id":"https:\/\/mefp.grupopiquer.com\/inscripciones\/#\/schema\/logo\/image\/"}}]}},"_links":{"self":[{"href":"https:\/\/mefp.grupopiquer.com\/inscripciones\/wp-json\/wp\/v2\/product\/4281"}],"collection":[{"href":"https:\/\/mefp.grupopiquer.com\/inscripciones\/wp-json\/wp\/v2\/product"}],"about":[{"href":"https:\/\/mefp.grupopiquer.com\/inscripciones\/wp-json\/wp\/v2\/types\/product"}],"replies":[{"embeddable":true,"href":"https:\/\/mefp.grupopiquer.com\/inscripciones\/wp-json\/wp\/v2\/comments?post=4281"}],"wp:featuredmedia":[{"embeddable":true,"href":"https:\/\/mefp.grupopiquer.com\/inscripciones\/wp-json\/wp\/v2\/media\/5268"}],"wp:attachment":[{"href":"https:\/\/mefp.grupopiquer.com\/inscripciones\/wp-json\/wp\/v2\/media?parent=4281"}],"wp:term":[{"taxonomy":"product_cat","embeddable":true,"href":"https:\/\/mefp.grupopiquer.com\/inscripciones\/wp-json\/wp\/v2\/product_cat?post=4281"},{"taxonomy":"product_tag","embeddable":true,"href":"https:\/\/mefp.grupopiquer.com\/inscripciones\/wp-json\/wp\/v2\/product_tag?post=4281"}],"curies":[{"name":"wp","href":"https:\/\/api.w.org\/{rel}","templated":true}]}}