{"id":4277,"date":"2023-05-02T10:46:06","date_gmt":"2023-05-02T10:46:06","guid":{"rendered":"https:\/\/mefp.grupopiquer.com\/inscripciones\/producto\/adgd032po-fundamentos-del-coaching-y-orientacion-35-horas\/"},"modified":"2023-05-16T11:23:29","modified_gmt":"2023-05-16T11:23:29","slug":"adgd032po-fundamentos-del-coaching-y-orientacion-35-horas","status":"publish","type":"product","link":"https:\/\/mefp.grupopiquer.com\/inscripciones\/producto\/adgd032po-fundamentos-del-coaching-y-orientacion-35-horas\/","title":{"rendered":"ADGD032PO &#8211; Fundamentos del Coaching y Orientaci\u00f3n (35 horas)"},"content":{"rendered":"<div id=\"accordion\">\n<h3>Objetivos<\/h3>\n<div>Adquirir conocimiento y destrezas que faciliten el impulso del desarrollo como emprendedores a trav\u00e9s de la metodolog\u00eda del Coaching, para emprender un proyecto empresarial.<\/div>\n<h3>Contenidos<\/h3>\n<div>\n1. CONCEPTO Y ORIGEN DEL COACHING.<br \/>\n1.1. La estructura de la magia: el ciclo del aprendizaje.<br \/>\n1.2. Concepto, origen y fundamentos del Coaching.<br \/>\n1.3. Conceptos clave relacionados: Inteligencia Emocional y Programaci\u00f3n Neuroling\u00fc\u00edstica<br \/>\n1.4. El rol del emprendedor y sus competencias.<\/p>\n<p>2. METODO GROW PARA EMPRENDEDORES.<br \/>\n2.1. Formulaci\u00f3n del objetivo y concreci\u00f3n de servicio \/ producto.<br \/>\n2 2. Exploraci\u00f3n de la realidad \/ an\u00e1lisis de mercado.<br \/>\n2.3. Definici\u00f3n de opciones \/ An\u00e1lisis DAFO.<br \/>\n2.4. Dise\u00f1o del plan de acci\u00f3n.<\/p>\n<p>3. GESTI\u00d3N EMOCIONAL EN EL CAMINO DE EMPRENDER.<br \/>\n3.1. El sistema emocional.<br \/>\n3.2. Las cargas emocionales.<br \/>\n3.3. Las creencias y los valores.<br \/>\n3.4. Identidad y empoderamiento.<\/p>\n<p>4. COMUNICACI\u00d3N EFECTIVA CON CLIENTES Y COLABORADORES.<br \/>\n4.1. Comunicaci\u00f3n verbal \/ no verbal.<br \/>\n4.2. Actos ling\u00fc\u00edsticos b\u00e1sicos: afirmaciones, declaraciones, juicios y promesas.<br \/>\n4.3. Empat\u00eda \/ Escucha activa \/ Rapport \/ Feedback \/ Asertividad.\n<\/p><\/div>\n<\/div>\n","protected":false},"excerpt":{"rendered":"<p>Adquirir conocimiento y destrezas que faciliten el impulso del desarrollo como emprendedores a trav\u00e9s de la metodolog\u00eda del Coaching, para emprender un proyecto empresarial.<\/p>\n","protected":false},"featured_media":7221,"comment_status":"closed","ping_status":"closed","template":"","meta":[],"product_cat":[126],"product_tag":[],"class_list":{"0":"post-4277","1":"product","2":"type-product","3":"status-publish","4":"has-post-thumbnail","6":"product_cat-administracion-y-auditoria","8":"first","9":"instock","10":"taxable","11":"shipping-taxable","12":"purchasable","13":"product-type-simple"},"yoast_head":"<!-- This site is optimized with the Yoast SEO plugin v23.5 - https:\/\/yoast.com\/wordpress\/plugins\/seo\/ -->\n<title>ADGD032PO - Fundamentos del Coaching y Orientaci\u00f3n (35 horas) - Contenidos Online<\/title>\n<meta name=\"robots\" content=\"index, follow, max-snippet:-1, max-image-preview:large, max-video-preview:-1\" \/>\n<link rel=\"canonical\" href=\"https:\/\/mefp.grupopiquer.com\/inscripciones\/producto\/adgd032po-fundamentos-del-coaching-y-orientacion-35-horas\/\" \/>\n<meta property=\"og:locale\" content=\"es_ES\" \/>\n<meta property=\"og:type\" content=\"article\" \/>\n<meta property=\"og:title\" content=\"ADGD032PO - Fundamentos del Coaching y Orientaci\u00f3n (35 horas) - Contenidos Online\" \/>\n<meta property=\"og:description\" content=\"Adquirir conocimiento y destrezas que faciliten el impulso del desarrollo como emprendedores a trav\u00e9s de la metodolog\u00eda del Coaching, para emprender un proyecto empresarial.\" \/>\n<meta property=\"og:url\" content=\"https:\/\/mefp.grupopiquer.com\/inscripciones\/producto\/adgd032po-fundamentos-del-coaching-y-orientacion-35-horas\/\" \/>\n<meta property=\"og:site_name\" content=\"Contenidos Online\" \/>\n<meta property=\"article:modified_time\" content=\"2023-05-16T11:23:29+00:00\" \/>\n<meta property=\"og:image\" content=\"https:\/\/mefp.grupopiquer.com\/inscripciones\/wp-content\/uploads\/2023\/05\/pexels-cottonbro-studio-4101137-e1684236177414.jpg\" \/>\n\t<meta property=\"og:image:width\" content=\"1920\" \/>\n\t<meta property=\"og:image:height\" content=\"1080\" \/>\n\t<meta property=\"og:image:type\" content=\"image\/jpeg\" \/>\n<meta name=\"twitter:card\" content=\"summary_large_image\" \/>\n<meta name=\"twitter:label1\" content=\"Tiempo de lectura\" \/>\n\t<meta name=\"twitter:data1\" content=\"1 minuto\" \/>\n<script type=\"application\/ld+json\" class=\"yoast-schema-graph\">{\"@context\":\"https:\/\/schema.org\",\"@graph\":[{\"@type\":\"WebPage\",\"@id\":\"https:\/\/mefp.grupopiquer.com\/inscripciones\/producto\/adgd032po-fundamentos-del-coaching-y-orientacion-35-horas\/\",\"url\":\"https:\/\/mefp.grupopiquer.com\/inscripciones\/producto\/adgd032po-fundamentos-del-coaching-y-orientacion-35-horas\/\",\"name\":\"ADGD032PO - Fundamentos del Coaching y Orientaci\u00f3n (35 horas) - Contenidos Online\",\"isPartOf\":{\"@id\":\"https:\/\/mefp.grupopiquer.com\/inscripciones\/#website\"},\"primaryImageOfPage\":{\"@id\":\"https:\/\/mefp.grupopiquer.com\/inscripciones\/producto\/adgd032po-fundamentos-del-coaching-y-orientacion-35-horas\/#primaryimage\"},\"image\":{\"@id\":\"https:\/\/mefp.grupopiquer.com\/inscripciones\/producto\/adgd032po-fundamentos-del-coaching-y-orientacion-35-horas\/#primaryimage\"},\"thumbnailUrl\":\"https:\/\/mefp.grupopiquer.com\/inscripciones\/wp-content\/uploads\/2023\/05\/pexels-cottonbro-studio-4101137-e1684236177414.jpg\",\"datePublished\":\"2023-05-02T10:46:06+00:00\",\"dateModified\":\"2023-05-16T11:23:29+00:00\",\"breadcrumb\":{\"@id\":\"https:\/\/mefp.grupopiquer.com\/inscripciones\/producto\/adgd032po-fundamentos-del-coaching-y-orientacion-35-horas\/#breadcrumb\"},\"inLanguage\":\"es\",\"potentialAction\":[{\"@type\":\"ReadAction\",\"target\":[\"https:\/\/mefp.grupopiquer.com\/inscripciones\/producto\/adgd032po-fundamentos-del-coaching-y-orientacion-35-horas\/\"]}]},{\"@type\":\"ImageObject\",\"inLanguage\":\"es\",\"@id\":\"https:\/\/mefp.grupopiquer.com\/inscripciones\/producto\/adgd032po-fundamentos-del-coaching-y-orientacion-35-horas\/#primaryimage\",\"url\":\"https:\/\/mefp.grupopiquer.com\/inscripciones\/wp-content\/uploads\/2023\/05\/pexels-cottonbro-studio-4101137-e1684236177414.jpg\",\"contentUrl\":\"https:\/\/mefp.grupopiquer.com\/inscripciones\/wp-content\/uploads\/2023\/05\/pexels-cottonbro-studio-4101137-e1684236177414.jpg\",\"width\":1920,\"height\":1080},{\"@type\":\"BreadcrumbList\",\"@id\":\"https:\/\/mefp.grupopiquer.com\/inscripciones\/producto\/adgd032po-fundamentos-del-coaching-y-orientacion-35-horas\/#breadcrumb\",\"itemListElement\":[{\"@type\":\"ListItem\",\"position\":1,\"name\":\"Portada\",\"item\":\"https:\/\/mefp.grupopiquer.com\/inscripciones\/\"},{\"@type\":\"ListItem\",\"position\":2,\"name\":\"Tienda\",\"item\":\"https:\/\/mefp.grupopiquer.com\/inscripciones\/tienda\/\"},{\"@type\":\"ListItem\",\"position\":3,\"name\":\"ADGD032PO &#8211; Fundamentos del Coaching y Orientaci\u00f3n (35 horas)\"}]},{\"@type\":\"WebSite\",\"@id\":\"https:\/\/mefp.grupopiquer.com\/inscripciones\/#website\",\"url\":\"https:\/\/mefp.grupopiquer.com\/inscripciones\/\",\"name\":\"Contenidos Online\",\"description\":\"\",\"publisher\":{\"@id\":\"https:\/\/mefp.grupopiquer.com\/inscripciones\/#organization\"},\"potentialAction\":[{\"@type\":\"SearchAction\",\"target\":{\"@type\":\"EntryPoint\",\"urlTemplate\":\"https:\/\/mefp.grupopiquer.com\/inscripciones\/?s={search_term_string}\"},\"query-input\":{\"@type\":\"PropertyValueSpecification\",\"valueRequired\":true,\"valueName\":\"search_term_string\"}}],\"inLanguage\":\"es\"},{\"@type\":\"Organization\",\"@id\":\"https:\/\/mefp.grupopiquer.com\/inscripciones\/#organization\",\"name\":\"Contenidos Online\",\"url\":\"https:\/\/mefp.grupopiquer.com\/inscripciones\/\",\"logo\":{\"@type\":\"ImageObject\",\"inLanguage\":\"es\",\"@id\":\"https:\/\/mefp.grupopiquer.com\/inscripciones\/#\/schema\/logo\/image\/\",\"url\":\"\",\"contentUrl\":\"\",\"caption\":\"Contenidos Online\"},\"image\":{\"@id\":\"https:\/\/mefp.grupopiquer.com\/inscripciones\/#\/schema\/logo\/image\/\"}}]}<\/script>\n<!-- \/ Yoast SEO plugin. -->","yoast_head_json":{"title":"ADGD032PO - Fundamentos del Coaching y Orientaci\u00f3n (35 horas) - Contenidos Online","robots":{"index":"index","follow":"follow","max-snippet":"max-snippet:-1","max-image-preview":"max-image-preview:large","max-video-preview":"max-video-preview:-1"},"canonical":"https:\/\/mefp.grupopiquer.com\/inscripciones\/producto\/adgd032po-fundamentos-del-coaching-y-orientacion-35-horas\/","og_locale":"es_ES","og_type":"article","og_title":"ADGD032PO - Fundamentos del Coaching y Orientaci\u00f3n (35 horas) - Contenidos Online","og_description":"Adquirir conocimiento y destrezas que faciliten el impulso del desarrollo como emprendedores a trav\u00e9s de la metodolog\u00eda del Coaching, para emprender un proyecto empresarial.","og_url":"https:\/\/mefp.grupopiquer.com\/inscripciones\/producto\/adgd032po-fundamentos-del-coaching-y-orientacion-35-horas\/","og_site_name":"Contenidos Online","article_modified_time":"2023-05-16T11:23:29+00:00","og_image":[{"width":1920,"height":1080,"url":"https:\/\/mefp.grupopiquer.com\/inscripciones\/wp-content\/uploads\/2023\/05\/pexels-cottonbro-studio-4101137-e1684236177414.jpg","type":"image\/jpeg"}],"twitter_card":"summary_large_image","twitter_misc":{"Tiempo de lectura":"1 minuto"},"schema":{"@context":"https:\/\/schema.org","@graph":[{"@type":"WebPage","@id":"https:\/\/mefp.grupopiquer.com\/inscripciones\/producto\/adgd032po-fundamentos-del-coaching-y-orientacion-35-horas\/","url":"https:\/\/mefp.grupopiquer.com\/inscripciones\/producto\/adgd032po-fundamentos-del-coaching-y-orientacion-35-horas\/","name":"ADGD032PO - Fundamentos del Coaching y Orientaci\u00f3n (35 horas) - Contenidos Online","isPartOf":{"@id":"https:\/\/mefp.grupopiquer.com\/inscripciones\/#website"},"primaryImageOfPage":{"@id":"https:\/\/mefp.grupopiquer.com\/inscripciones\/producto\/adgd032po-fundamentos-del-coaching-y-orientacion-35-horas\/#primaryimage"},"image":{"@id":"https:\/\/mefp.grupopiquer.com\/inscripciones\/producto\/adgd032po-fundamentos-del-coaching-y-orientacion-35-horas\/#primaryimage"},"thumbnailUrl":"https:\/\/mefp.grupopiquer.com\/inscripciones\/wp-content\/uploads\/2023\/05\/pexels-cottonbro-studio-4101137-e1684236177414.jpg","datePublished":"2023-05-02T10:46:06+00:00","dateModified":"2023-05-16T11:23:29+00:00","breadcrumb":{"@id":"https:\/\/mefp.grupopiquer.com\/inscripciones\/producto\/adgd032po-fundamentos-del-coaching-y-orientacion-35-horas\/#breadcrumb"},"inLanguage":"es","potentialAction":[{"@type":"ReadAction","target":["https:\/\/mefp.grupopiquer.com\/inscripciones\/producto\/adgd032po-fundamentos-del-coaching-y-orientacion-35-horas\/"]}]},{"@type":"ImageObject","inLanguage":"es","@id":"https:\/\/mefp.grupopiquer.com\/inscripciones\/producto\/adgd032po-fundamentos-del-coaching-y-orientacion-35-horas\/#primaryimage","url":"https:\/\/mefp.grupopiquer.com\/inscripciones\/wp-content\/uploads\/2023\/05\/pexels-cottonbro-studio-4101137-e1684236177414.jpg","contentUrl":"https:\/\/mefp.grupopiquer.com\/inscripciones\/wp-content\/uploads\/2023\/05\/pexels-cottonbro-studio-4101137-e1684236177414.jpg","width":1920,"height":1080},{"@type":"BreadcrumbList","@id":"https:\/\/mefp.grupopiquer.com\/inscripciones\/producto\/adgd032po-fundamentos-del-coaching-y-orientacion-35-horas\/#breadcrumb","itemListElement":[{"@type":"ListItem","position":1,"name":"Portada","item":"https:\/\/mefp.grupopiquer.com\/inscripciones\/"},{"@type":"ListItem","position":2,"name":"Tienda","item":"https:\/\/mefp.grupopiquer.com\/inscripciones\/tienda\/"},{"@type":"ListItem","position":3,"name":"ADGD032PO &#8211; Fundamentos del Coaching y Orientaci\u00f3n (35 horas)"}]},{"@type":"WebSite","@id":"https:\/\/mefp.grupopiquer.com\/inscripciones\/#website","url":"https:\/\/mefp.grupopiquer.com\/inscripciones\/","name":"Contenidos Online","description":"","publisher":{"@id":"https:\/\/mefp.grupopiquer.com\/inscripciones\/#organization"},"potentialAction":[{"@type":"SearchAction","target":{"@type":"EntryPoint","urlTemplate":"https:\/\/mefp.grupopiquer.com\/inscripciones\/?s={search_term_string}"},"query-input":{"@type":"PropertyValueSpecification","valueRequired":true,"valueName":"search_term_string"}}],"inLanguage":"es"},{"@type":"Organization","@id":"https:\/\/mefp.grupopiquer.com\/inscripciones\/#organization","name":"Contenidos Online","url":"https:\/\/mefp.grupopiquer.com\/inscripciones\/","logo":{"@type":"ImageObject","inLanguage":"es","@id":"https:\/\/mefp.grupopiquer.com\/inscripciones\/#\/schema\/logo\/image\/","url":"","contentUrl":"","caption":"Contenidos Online"},"image":{"@id":"https:\/\/mefp.grupopiquer.com\/inscripciones\/#\/schema\/logo\/image\/"}}]}},"_links":{"self":[{"href":"https:\/\/mefp.grupopiquer.com\/inscripciones\/wp-json\/wp\/v2\/product\/4277"}],"collection":[{"href":"https:\/\/mefp.grupopiquer.com\/inscripciones\/wp-json\/wp\/v2\/product"}],"about":[{"href":"https:\/\/mefp.grupopiquer.com\/inscripciones\/wp-json\/wp\/v2\/types\/product"}],"replies":[{"embeddable":true,"href":"https:\/\/mefp.grupopiquer.com\/inscripciones\/wp-json\/wp\/v2\/comments?post=4277"}],"wp:featuredmedia":[{"embeddable":true,"href":"https:\/\/mefp.grupopiquer.com\/inscripciones\/wp-json\/wp\/v2\/media\/7221"}],"wp:attachment":[{"href":"https:\/\/mefp.grupopiquer.com\/inscripciones\/wp-json\/wp\/v2\/media?parent=4277"}],"wp:term":[{"taxonomy":"product_cat","embeddable":true,"href":"https:\/\/mefp.grupopiquer.com\/inscripciones\/wp-json\/wp\/v2\/product_cat?post=4277"},{"taxonomy":"product_tag","embeddable":true,"href":"https:\/\/mefp.grupopiquer.com\/inscripciones\/wp-json\/wp\/v2\/product_tag?post=4277"}],"curies":[{"name":"wp","href":"https:\/\/api.w.org\/{rel}","templated":true}]}}