{"id":7789,"date":"2023-05-30T12:56:47","date_gmt":"2023-05-30T12:56:47","guid":{"rendered":"https:\/\/mefp.grupopiquer.com\/inscripciones\/?page_id=7789"},"modified":"2024-10-01T12:19:21","modified_gmt":"2024-10-01T12:19:21","slug":"inscripciones","status":"publish","type":"page","link":"https:\/\/mefp.grupopiquer.com\/inscripciones\/","title":{"rendered":"Formulario Inscripciones"},"content":{"rendered":"\t\t<div data-elementor-type=\"wp-page\" data-elementor-id=\"7789\" class=\"elementor elementor-7789\">\n\t\t\t\t<div class=\"elementor-element elementor-element-638a530c e-con-full e-flex e-con e-parent\" data-id=\"638a530c\" data-element_type=\"container\">\n\t\t<div class=\"elementor-element elementor-element-3e1346fa e-con-full e-flex e-con e-child\" data-id=\"3e1346fa\" data-element_type=\"container\">\n\t\t\t\t<div class=\"elementor-element elementor-element-cb40aac elementor-widget__width-inherit elementor-widget elementor-widget-image\" data-id=\"cb40aac\" data-element_type=\"widget\" data-widget_type=\"image.default\">\n\t\t\t\t<div class=\"elementor-widget-container\">\n\t\t\t\t\t\t\t\t\t\t\t\t\t<img decoding=\"async\" src=\"https:\/\/mefp.grupopiquer.com\/inscripciones\/wp-content\/uploads\/2024\/10\/logoFundacion.png\" title=\"logoFundacion\" alt=\"\" loading=\"lazy\" \/>\t\t\t\t\t\t\t\t\t\t\t\t\t<\/div>\n\t\t\t\t<\/div>\n\t\t\t\t<\/div>\n\t\t<div class=\"elementor-element elementor-element-4f887f95 e-con-full e-flex e-con e-child\" data-id=\"4f887f95\" data-element_type=\"container\">\n\t\t\t\t<div class=\"elementor-element elementor-element-4a4becb9 elementor-widget__width-inherit elementor-widget elementor-widget-image\" data-id=\"4a4becb9\" data-element_type=\"widget\" data-widget_type=\"image.default\">\n\t\t\t\t<div class=\"elementor-widget-container\">\n\t\t\t\t\t\t\t\t\t\t\t\t\t<img fetchpriority=\"high\" decoding=\"async\" width=\"596\" height=\"91\" src=\"https:\/\/mefp.grupopiquer.com\/inscripciones\/wp-content\/uploads\/2024\/10\/LOGOS-MEFP3.png\" class=\"attachment-full size-full wp-image-10211\" alt=\"\" srcset=\"https:\/\/mefp.grupopiquer.com\/inscripciones\/wp-content\/uploads\/2024\/10\/LOGOS-MEFP3.png 596w, https:\/\/mefp.grupopiquer.com\/inscripciones\/wp-content\/uploads\/2024\/10\/LOGOS-MEFP3-300x46.png 300w\" sizes=\"(max-width: 596px) 100vw, 596px\" \/>\t\t\t\t\t\t\t\t\t\t\t\t\t<\/div>\n\t\t\t\t<\/div>\n\t\t\t\t<\/div>\n\t\t\t\t<\/div>\n\t\t<div class=\"elementor-element elementor-element-4d090d73 e-flex e-con-boxed e-con e-parent\" data-id=\"4d090d73\" data-element_type=\"container\" data-settings=\"{&quot;background_background&quot;:&quot;classic&quot;}\">\n\t\t\t\t\t<div class=\"e-con-inner\">\n\t\t\t\t<div class=\"elementor-element elementor-element-66eb5979 elementor-widget elementor-widget-text-editor\" data-id=\"66eb5979\" data-element_type=\"widget\" data-widget_type=\"text-editor.default\">\n\t\t\t\t<div class=\"elementor-widget-container\">\n\t\t\t\t\t\t\t<p>Formulario de Inscripci\u00f3n<\/p>\t\t\t\t\t\t<\/div>\n\t\t\t\t<\/div>\n\t\t\t\t\t<\/div>\n\t\t\t\t<\/div>\n\t\t<div class=\"elementor-element elementor-element-5864d8b e-flex e-con-boxed e-con e-parent\" data-id=\"5864d8b\" data-element_type=\"container\">\n\t\t\t\t\t<div class=\"e-con-inner\">\n\t\t\t\t<div class=\"elementor-element elementor-element-3b43c4c elementor-widget elementor-widget-spacer\" data-id=\"3b43c4c\" data-element_type=\"widget\" data-widget_type=\"spacer.default\">\n\t\t\t\t<div class=\"elementor-widget-container\">\n\t\t\t\t\t<div class=\"elementor-spacer\">\n\t\t\t<div class=\"elementor-spacer-inner\"><\/div>\n\t\t<\/div>\n\t\t\t\t<\/div>\n\t\t\t\t<\/div>\n\t\t\t\t<div class=\"elementor-element elementor-element-c775b34 elementor-widget elementor-widget-shortcode\" data-id=\"c775b34\" data-element_type=\"widget\" data-widget_type=\"shortcode.default\">\n\t\t\t\t<div class=\"elementor-widget-container\">\n\t\t\t\t\t<div class=\"elementor-shortcode\">\n<div class=\"wpcf7 no-js\" id=\"wpcf7-f7786-o1\" lang=\"es-ES\" dir=\"ltr\">\n<div class=\"screen-reader-response\"><p role=\"status\" aria-live=\"polite\" aria-atomic=\"true\"><\/p> <ul><\/ul><\/div>\n<form action=\"\/inscripciones\/wp-json\/wp\/v2\/pages\/7789#wpcf7-f7786-o1\" method=\"post\" class=\"wpcf7-form init\" aria-label=\"Formulario de contacto\" novalidate=\"novalidate\" data-status=\"init\">\n<div style=\"display: none;\">\n<input type=\"hidden\" name=\"_wpcf7\" value=\"7786\" \/>\n<input type=\"hidden\" name=\"_wpcf7_version\" value=\"5.9.8\" \/>\n<input type=\"hidden\" name=\"_wpcf7_locale\" value=\"es_ES\" \/>\n<input type=\"hidden\" name=\"_wpcf7_unit_tag\" value=\"wpcf7-f7786-o1\" \/>\n<input type=\"hidden\" name=\"_wpcf7_container_post\" value=\"0\" \/>\n<input type=\"hidden\" name=\"_wpcf7_posted_data_hash\" value=\"\" \/>\n<input type=\"hidden\" name=\"_wpcf7dtx_version\" value=\"4.5.0\" \/>\n<\/div>\n<div id=\"responsive-form\" class=\"clearfix\">\n\t<fieldset id=\"dpersonales\">\n\t\t<legend style=\"font-size: 28px\"> Por favor, rellena los siguientes campos con tus datos personales para poder gestionar tu solicitud de participaci\u00f3n.\n\t\t<\/legend>\n\t\t<div class=\"form-row\">\n\t\t\t<div class=\"column-half\">\n\t\t\t\t<p><label style=\"font-size: 18px; color: black;\">Nombre <span style=\"color: red\">&nbsp*<\/span><br \/>\n<span class=\"wpcf7-form-control-wrap\" data-name=\"Nombre\"><input size=\"40\" maxlength=\"400\" class=\"wpcf7-form-control wpcf7-text wpcf7-validates-as-required campo_nombre\" id=\"camponombre\" aria-required=\"true\" aria-invalid=\"false\" placeholder=\"Tu nombre\" value=\"\" type=\"text\" name=\"Nombre\" \/><\/span><\/label>\n\t\t\t\t<\/p>\n\t\t\t<\/div>\n\t\t\t<div class=\"column-half\">\n\t\t\t\t<p><label style=\"font-size: 18px; color: black;\"> Apellidos <span style=\"color: red\">&nbsp*<\/span><br \/>\n<span class=\"wpcf7-form-control-wrap\" data-name=\"Apellidos\"><input size=\"40\" maxlength=\"400\" class=\"wpcf7-form-control wpcf7-text wpcf7-validates-as-required campo_apellidos\" id=\"campoapellidos\" aria-required=\"true\" aria-invalid=\"false\" placeholder=\"Tus apellidos\" value=\"\" type=\"text\" name=\"Apellidos\" \/><\/span><\/label>\n\t\t\t\t<\/p>\n\t\t\t<\/div>\n\t\t<\/div>\n\t\t<div class=\"form-row\">\n\t\t\t<p><label style=\"font-size: 18px; color: black;\"> Colectivo <span style=\"color: red\">&nbsp*<\/span><br \/>\n<span class=\"wpcf7-form-control-wrap\" data-name=\"Colectivo\"><select class=\"wpcf7-form-control wpcf7-select wpcf7-validates-as-required colectivo\" id=\"colectivo\" aria-required=\"true\" aria-invalid=\"false\" name=\"Colectivo\"><option value=\"\">&#8212;Por favor, elige una opci\u00f3n&#8212;<\/option><option value=\"Personas trabajadoras menores de 25 a\u00f1os\">Personas trabajadoras menores de 25 a\u00f1os<\/option><option value=\"Personas trabajadoras mayores de 50 a\u00f1os\">Personas trabajadoras mayores de 50 a\u00f1os<\/option><option value=\"Mujeres v\u00edctimas de violencia de g\u00e9nero\">Mujeres v\u00edctimas de violencia de g\u00e9nero<\/option><option value=\"Personas trabajadoras sin estudios acreditados\">Personas trabajadoras sin estudios acreditados<\/option><option value=\"Personas trabajadoras pertenecientes a los siguientes grupos de cotizaci\u00f3n: 6, 7, 9, y 10\">Personas trabajadoras pertenecientes a los siguientes grupos de cotizaci\u00f3n: 6, 7, 9, y 10<\/option><option value=\"Personas trabajadoras con discapacidad\">Personas trabajadoras con discapacidad<\/option><option value=\"Personas trabajadoras paradas de larga duraci\u00f3n\">Personas trabajadoras paradas de larga duraci\u00f3n<\/option><option value=\"Personas trabajadoras en situaci\u00f3n de ERTE\">Personas trabajadoras en situaci\u00f3n de ERTE<\/option><option value=\"Personas pertenecientes a hogares monoparentales\">Personas pertenecientes a hogares monoparentales<\/option><option value=\"Ninguno de los anteriores\">Ninguno de los anteriores<\/option><\/select><\/span><\/label>\n\t\t\t<\/p>\n\t\t<\/div>\n\t\t<div class=\"form-row\">\n\t\t\t<div class=\"column-half\">\n\t\t\t\t<p><label style=\"font-size: 18px; color: black;\"> Tel\u00e9fono <span style=\"color: red\">&nbsp*<\/span><br \/>\n<span class=\"wpcf7-form-control-wrap\" data-name=\"Telefono\"><input size=\"40\" maxlength=\"400\" class=\"wpcf7-form-control wpcf7-tel wpcf7-validates-as-required wpcf7-text wpcf7-validates-as-tel campo_telefono\" id=\"campotelefono\" aria-required=\"true\" aria-invalid=\"false\" placeholder=\"Tel\u00e9fono de contacto\" value=\"\" type=\"tel\" name=\"Telefono\" \/><\/span><\/label>\n\t\t\t\t<\/p>\n\t\t\t<\/div>\n\t\t\t<div class=\"column-half\">\n\t\t\t\t<p><label style=\"font-size: 18px; color: black;\"> Provincia <span style=\"color: red\">&nbsp*<\/span><br \/>\n<span class=\"wpcf7-form-control-wrap\" data-name=\"provincia\"><select class=\"wpcf7-form-control wpcf7-select wpcf7-validates-as-required provin\" aria-required=\"true\" aria-invalid=\"false\" name=\"provincia\"><option value=\"\u00c1lava\/Araba\">\u00c1lava\/Araba<\/option><option value=\"Albacete\">Albacete<\/option><option value=\"Alicante\">Alicante<\/option><option value=\"Almer\u00eda\">Almer\u00eda<\/option><option value=\"Asturias\">Asturias<\/option><option value=\"\u00c1vila\">\u00c1vila<\/option><option value=\"Badajoz\">Badajoz<\/option><option value=\"Baleares\">Baleares<\/option><option value=\"Barcelona\">Barcelona<\/option><option value=\"Burgos\">Burgos<\/option><option value=\"C\u00e1ceres\">C\u00e1ceres<\/option><option value=\"C\u00e1diz\">C\u00e1diz<\/option><option value=\"Cantabria\">Cantabria<\/option><option value=\"Castell\u00f3n\">Castell\u00f3n<\/option><option value=\"Ceuta\">Ceuta<\/option><option value=\"Ciudad Real\">Ciudad Real<\/option><option value=\"C\u00f3rdoba\">C\u00f3rdoba<\/option><option value=\"Cuenca\">Cuenca<\/option><option value=\"Gerona\/Girona\">Gerona\/Girona<\/option><option value=\"Granada\">Granada<\/option><option value=\"Guadalajara\">Guadalajara<\/option><option value=\"Guip\u00fazcoa\/Gipuzkoa\">Guip\u00fazcoa\/Gipuzkoa<\/option><option value=\"Huelva\">Huelva<\/option><option value=\"Huesca\">Huesca<\/option><option value=\"Ja\u00e9n\">Ja\u00e9n<\/option><option value=\"La Coru\u00f1a\/A Coru\u00f1a\">La Coru\u00f1a\/A Coru\u00f1a<\/option><option value=\"La Rioja\">La Rioja<\/option><option value=\"Las Palmas\">Las Palmas<\/option><option value=\"Le\u00f3n\">Le\u00f3n<\/option><option value=\"L\u00e9rida\/Lleida\">L\u00e9rida\/Lleida<\/option><option value=\"Lugo\">Lugo<\/option><option value=\"Madrid\">Madrid<\/option><option value=\"M\u00e1laga\">M\u00e1laga<\/option><option value=\"Melilla\">Melilla<\/option><option value=\"Murcia\">Murcia<\/option><option value=\"Navarra\">Navarra<\/option><option value=\"Orense\/Ourense\">Orense\/Ourense<\/option><option value=\"Palencia\">Palencia<\/option><option value=\"Pontevedra\">Pontevedra<\/option><option value=\"Salamanca\">Salamanca<\/option><option value=\"Segovia\">Segovia<\/option><option value=\"Sevilla\">Sevilla<\/option><option value=\"Soria\">Soria<\/option><option value=\"Tarragona\">Tarragona<\/option><option value=\"Tenerife\">Tenerife<\/option><option value=\"Teruel\">Teruel<\/option><option value=\"Toledo\">Toledo<\/option><option value=\"Valencia\">Valencia<\/option><option value=\"Valladolid\">Valladolid<\/option><option value=\"Vizcaya\/Bizkaia\">Vizcaya\/Bizkaia<\/option><option value=\"Zamora\">Zamora<\/option><option value=\"Zaragoza\">Zaragoza<\/option><\/select><\/span><\/label>\n\t\t\t\t<\/p>\n\t\t\t<\/div>\n\t\t<\/div>\n\t\t<div class=\"form-row\">\n\t\t\t<div class=\"column-half\">\n\t\t\t\t<p><label style=\"font-size: 18px; color: black;\"> Localidad<br \/>\n<span class=\"wpcf7-form-control-wrap\" data-name=\"localidad\"><input size=\"40\" maxlength=\"400\" class=\"wpcf7-form-control wpcf7-text locali\" aria-invalid=\"false\" placeholder=\"Localidad\" value=\"\" type=\"text\" name=\"localidad\" \/><\/span><\/label>\n\t\t\t\t<\/p>\n\t\t\t<\/div>\n\t\t\t<div class=\"column-half\" id=\"correoelectronico\">\n\t\t\t\t<p><label style=\"font-size: 18px; color: black;\"> Tu correo electr\u00f3nico <span style=\"color: red\">&nbsp*<\/span><br \/>\n<span class=\"wpcf7-form-control-wrap\" data-name=\"your-email\"><input size=\"40\" maxlength=\"400\" class=\"wpcf7-form-control wpcf7-email wpcf7-validates-as-required wpcf7-text wpcf7-validates-as-email\" id=\"correo\" aria-required=\"true\" aria-invalid=\"false\" placeholder=\"tu@correo.com\" value=\"\" type=\"email\" name=\"your-email\" \/><\/span> <\/label>\n\t\t\t\t<\/p>\n\t\t\t<\/div>\n\t\t<\/div>\n\t\t<p style=\"font-size:16px\"> Los campos con <span style=\"color: red\">*<\/span> son obligatorios\n\t\t<\/p>\n\t<span class=\"wpcf7-form-control-wrap codigo\" data-name=\"codigo\"><input type=\"hidden\" name=\"codigo\" id=\"codigo\" class=\"wpcf7-form-control wpcf7-hidden wpcf7dtx wpcf7dtx-hidden cod_Sepe\" aria-invalid=\"false\" value=\"\" \/><\/span>\n\t\t<div class=\"form-row\">\n\t\t\t<div class=\"column-full\">\n\t\t\t\t<p style=\"font-size:16px; color: black;\"> Por favor, debes aceptar el consentimiento marcando la siguiente casilla para proceder al env\u00edo de tus datos\n\t\t\t\t<\/p>\n\t\t\t\t<p><span class=\"wpcf7-form-control-wrap\" data-name=\"Aceptacion\"><span class=\"wpcf7-form-control wpcf7-acceptance\"><span class=\"wpcf7-list-item\"><label><input type=\"checkbox\" name=\"Aceptacion\" value=\"1\" class=\"campo_aceptacion\" id=\"campoaceptacion\" aria-invalid=\"false\" \/><span class=\"wpcf7-list-item-label\">&nbsp&nbsp<span style=\"font-weight:300;font-size:1.4rem\">Consiento que mis datos personales sean tratados conforme a la pol\u00edtica de privacidad. <span style=\"font-weight:bold;font-size:1.4rem;color: black;\">GRUPO PIQUER <\/span>(ESTUDIOS ZARAGOZA, S.L., MENTORIZA, S.L., FORINLA, S.L. y FUNDACI\u00d3N PIQUER) te informa de que los datos del presente formulario ser\u00e1n tratados por <span style=\"font-weight:bold;font-size:1.4rem;color: black;\">GRUPO PIQUER <\/span>(ESTUDIOS ZARAGOZA, S.L., MENTORIZA, S.L., FORINLA, S.L. y FUNDACI\u00d3N PIQUER) como responsable de esta web. La finalidad de la recogida y tratamiento de los datos personales es para dar respuesta a la consulta realizada as\u00ed como para el env\u00edo de informaci\u00f3n de los servicios del responsable del tratamiento. La legitimaci\u00f3n es el consentimiento del interesado. Podr\u00e1s ejercer tus derechos de acceso, rectificaci\u00f3n, limitaci\u00f3n y suprimir los datos en<\/span> <span style=\"font-weight:bold;font-size:1.4rem;color: black;\">rgpdezsl@grupopiquer.com<\/span> <span style=\"font-weight:300;font-size:1.4rem\">as\u00ed como el derecho a presentar una reclamaci\u00f3n ante la autoridad de control. Puedes consultar la informaci\u00f3n adicional y detallada sobre Protecci\u00f3n de datos en la Pol\u00edtica de Privacidad que encontrar\u00e1s en (poner la url de donde se aloje la pol\u00edtica de privacidad).<\/span><\/span><\/label><\/span><\/span><\/span>\n\t\t\t\t<\/p>\n\t\t\t<\/div>\n\t\t<\/div>\n\t\t<div class=\"form-row\">\n\t\t\t<div class=\"botoncolorhov column-full\" style=\"text-align: center;\">\n\t\t\t\t<p><input class=\"wpcf7-form-control wpcf7-submit has-spinner\" type=\"submit\" value=\"Enviar\" \/>\n\t\t\t\t<\/p>\n\t\t\t<\/div>\n\t\t<\/div>\n\t<\/fieldset>\n<\/div><div class=\"wpcf7-response-output\" aria-hidden=\"true\"><\/div>\n<\/form>\n<\/div>\n<\/div>\n\t\t\t\t<\/div>\n\t\t\t\t<\/div>\n\t\t\t\t<div class=\"elementor-element elementor-element-fd57f2f elementor-widget elementor-widget-html\" data-id=\"fd57f2f\" data-element_type=\"widget\" data-widget_type=\"html.default\">\n\t\t\t\t<div class=\"elementor-widget-container\">\n\t\t\t<script>\r\ndocument.addEventListener( 'wpcf7mailsent', function( event ) {\r\n  location = 'https:\/\/mefp.grupopiquer.com\/inscripciones\/inscripciones\/enviado\/';\r\n}, false );\r\n<\/script>\t\t<\/div>\n\t\t\t\t<\/div>\n\t\t\t\t\t<\/div>\n\t\t\t\t<\/div>\n\t\t<div class=\"elementor-element elementor-element-6719b5d e-flex e-con-boxed e-con e-parent\" data-id=\"6719b5d\" data-element_type=\"container\">\n\t\t\t\t\t<div class=\"e-con-inner\">\n\t\t\t\t<div class=\"elementor-element elementor-element-89b1b4a elementor-widget elementor-widget-spacer\" data-id=\"89b1b4a\" data-element_type=\"widget\" data-widget_type=\"spacer.default\">\n\t\t\t\t<div class=\"elementor-widget-container\">\n\t\t\t\t\t<div class=\"elementor-spacer\">\n\t\t\t<div class=\"elementor-spacer-inner\"><\/div>\n\t\t<\/div>\n\t\t\t\t<\/div>\n\t\t\t\t<\/div>\n\t\t\t\t\t<\/div>\n\t\t\t\t<\/div>\n\t\t\t\t<\/div>\n\t\t","protected":false},"excerpt":{"rendered":"<p>Formulario de Inscripci\u00f3n<\/p>\n","protected":false},"author":7,"featured_media":0,"parent":0,"menu_order":0,"comment_status":"closed","ping_status":"closed","template":"elementor_canvas","meta":{"footnotes":""},"class_list":["post-7789","page","type-page","status-publish","hentry"],"yoast_head":"<!-- This site is optimized with the Yoast SEO plugin v23.5 - https:\/\/yoast.com\/wordpress\/plugins\/seo\/ -->\n<title>Formulario Inscripciones - Contenidos Online<\/title>\n<meta name=\"robots\" content=\"index, follow, max-snippet:-1, max-image-preview:large, max-video-preview:-1\" \/>\n<link rel=\"canonical\" href=\"https:\/\/mefp.grupopiquer.com\/inscripciones\/\" \/>\n<meta property=\"og:locale\" content=\"es_ES\" \/>\n<meta property=\"og:type\" content=\"article\" \/>\n<meta property=\"og:title\" content=\"Formulario Inscripciones - Contenidos Online\" \/>\n<meta property=\"og:description\" content=\"Formulario de Inscripci\u00f3n\" \/>\n<meta property=\"og:url\" content=\"https:\/\/mefp.grupopiquer.com\/inscripciones\/\" \/>\n<meta property=\"og:site_name\" content=\"Contenidos Online\" \/>\n<meta property=\"article:modified_time\" content=\"2024-10-01T12:19:21+00:00\" \/>\n<meta property=\"og:image\" content=\"https:\/\/mefp.grupopiquer.com\/inscripciones\/wp-content\/uploads\/2024\/10\/logoFundacion.png\" \/>\n<meta name=\"twitter:card\" content=\"summary_large_image\" \/>\n<meta name=\"twitter:label1\" content=\"Tiempo de lectura\" \/>\n\t<meta name=\"twitter:data1\" content=\"1 minuto\" \/>\n<script type=\"application\/ld+json\" class=\"yoast-schema-graph\">{\"@context\":\"https:\/\/schema.org\",\"@graph\":[{\"@type\":\"WebPage\",\"@id\":\"https:\/\/mefp.grupopiquer.com\/inscripciones\/\",\"url\":\"https:\/\/mefp.grupopiquer.com\/inscripciones\/\",\"name\":\"Formulario Inscripciones - Contenidos Online\",\"isPartOf\":{\"@id\":\"https:\/\/mefp.grupopiquer.com\/inscripciones\/#website\"},\"primaryImageOfPage\":{\"@id\":\"https:\/\/mefp.grupopiquer.com\/inscripciones\/#primaryimage\"},\"image\":{\"@id\":\"https:\/\/mefp.grupopiquer.com\/inscripciones\/#primaryimage\"},\"thumbnailUrl\":\"https:\/\/mefp.grupopiquer.com\/inscripciones\/wp-content\/uploads\/2024\/10\/logoFundacion.png\",\"datePublished\":\"2023-05-30T12:56:47+00:00\",\"dateModified\":\"2024-10-01T12:19:21+00:00\",\"breadcrumb\":{\"@id\":\"https:\/\/mefp.grupopiquer.com\/inscripciones\/#breadcrumb\"},\"inLanguage\":\"es\",\"potentialAction\":[{\"@type\":\"ReadAction\",\"target\":[\"https:\/\/mefp.grupopiquer.com\/inscripciones\/\"]}]},{\"@type\":\"ImageObject\",\"inLanguage\":\"es\",\"@id\":\"https:\/\/mefp.grupopiquer.com\/inscripciones\/#primaryimage\",\"url\":\"https:\/\/mefp.grupopiquer.com\/inscripciones\/wp-content\/uploads\/2024\/10\/logoFundacion.png\",\"contentUrl\":\"https:\/\/mefp.grupopiquer.com\/inscripciones\/wp-content\/uploads\/2024\/10\/logoFundacion.png\",\"width\":759,\"height\":215},{\"@type\":\"BreadcrumbList\",\"@id\":\"https:\/\/mefp.grupopiquer.com\/inscripciones\/#breadcrumb\",\"itemListElement\":[{\"@type\":\"ListItem\",\"position\":1,\"name\":\"Portada\",\"item\":\"https:\/\/mefp.grupopiquer.com\/inscripciones\/\"},{\"@type\":\"ListItem\",\"position\":2,\"name\":\"Formulario Inscripciones\"}]},{\"@type\":\"WebSite\",\"@id\":\"https:\/\/mefp.grupopiquer.com\/inscripciones\/#website\",\"url\":\"https:\/\/mefp.grupopiquer.com\/inscripciones\/\",\"name\":\"Contenidos Online\",\"description\":\"\",\"publisher\":{\"@id\":\"https:\/\/mefp.grupopiquer.com\/inscripciones\/#organization\"},\"potentialAction\":[{\"@type\":\"SearchAction\",\"target\":{\"@type\":\"EntryPoint\",\"urlTemplate\":\"https:\/\/mefp.grupopiquer.com\/inscripciones\/?s={search_term_string}\"},\"query-input\":{\"@type\":\"PropertyValueSpecification\",\"valueRequired\":true,\"valueName\":\"search_term_string\"}}],\"inLanguage\":\"es\"},{\"@type\":\"Organization\",\"@id\":\"https:\/\/mefp.grupopiquer.com\/inscripciones\/#organization\",\"name\":\"Contenidos Online\",\"url\":\"https:\/\/mefp.grupopiquer.com\/inscripciones\/\",\"logo\":{\"@type\":\"ImageObject\",\"inLanguage\":\"es\",\"@id\":\"https:\/\/mefp.grupopiquer.com\/inscripciones\/#\/schema\/logo\/image\/\",\"url\":\"\",\"contentUrl\":\"\",\"caption\":\"Contenidos Online\"},\"image\":{\"@id\":\"https:\/\/mefp.grupopiquer.com\/inscripciones\/#\/schema\/logo\/image\/\"}}]}<\/script>\n<!-- \/ Yoast SEO plugin. -->","yoast_head_json":{"title":"Formulario Inscripciones - Contenidos Online","robots":{"index":"index","follow":"follow","max-snippet":"max-snippet:-1","max-image-preview":"max-image-preview:large","max-video-preview":"max-video-preview:-1"},"canonical":"https:\/\/mefp.grupopiquer.com\/inscripciones\/","og_locale":"es_ES","og_type":"article","og_title":"Formulario Inscripciones - Contenidos Online","og_description":"Formulario de Inscripci\u00f3n","og_url":"https:\/\/mefp.grupopiquer.com\/inscripciones\/","og_site_name":"Contenidos Online","article_modified_time":"2024-10-01T12:19:21+00:00","og_image":[{"url":"https:\/\/mefp.grupopiquer.com\/inscripciones\/wp-content\/uploads\/2024\/10\/logoFundacion.png"}],"twitter_card":"summary_large_image","twitter_misc":{"Tiempo de lectura":"1 minuto"},"schema":{"@context":"https:\/\/schema.org","@graph":[{"@type":"WebPage","@id":"https:\/\/mefp.grupopiquer.com\/inscripciones\/","url":"https:\/\/mefp.grupopiquer.com\/inscripciones\/","name":"Formulario Inscripciones - Contenidos Online","isPartOf":{"@id":"https:\/\/mefp.grupopiquer.com\/inscripciones\/#website"},"primaryImageOfPage":{"@id":"https:\/\/mefp.grupopiquer.com\/inscripciones\/#primaryimage"},"image":{"@id":"https:\/\/mefp.grupopiquer.com\/inscripciones\/#primaryimage"},"thumbnailUrl":"https:\/\/mefp.grupopiquer.com\/inscripciones\/wp-content\/uploads\/2024\/10\/logoFundacion.png","datePublished":"2023-05-30T12:56:47+00:00","dateModified":"2024-10-01T12:19:21+00:00","breadcrumb":{"@id":"https:\/\/mefp.grupopiquer.com\/inscripciones\/#breadcrumb"},"inLanguage":"es","potentialAction":[{"@type":"ReadAction","target":["https:\/\/mefp.grupopiquer.com\/inscripciones\/"]}]},{"@type":"ImageObject","inLanguage":"es","@id":"https:\/\/mefp.grupopiquer.com\/inscripciones\/#primaryimage","url":"https:\/\/mefp.grupopiquer.com\/inscripciones\/wp-content\/uploads\/2024\/10\/logoFundacion.png","contentUrl":"https:\/\/mefp.grupopiquer.com\/inscripciones\/wp-content\/uploads\/2024\/10\/logoFundacion.png","width":759,"height":215},{"@type":"BreadcrumbList","@id":"https:\/\/mefp.grupopiquer.com\/inscripciones\/#breadcrumb","itemListElement":[{"@type":"ListItem","position":1,"name":"Portada","item":"https:\/\/mefp.grupopiquer.com\/inscripciones\/"},{"@type":"ListItem","position":2,"name":"Formulario Inscripciones"}]},{"@type":"WebSite","@id":"https:\/\/mefp.grupopiquer.com\/inscripciones\/#website","url":"https:\/\/mefp.grupopiquer.com\/inscripciones\/","name":"Contenidos Online","description":"","publisher":{"@id":"https:\/\/mefp.grupopiquer.com\/inscripciones\/#organization"},"potentialAction":[{"@type":"SearchAction","target":{"@type":"EntryPoint","urlTemplate":"https:\/\/mefp.grupopiquer.com\/inscripciones\/?s={search_term_string}"},"query-input":{"@type":"PropertyValueSpecification","valueRequired":true,"valueName":"search_term_string"}}],"inLanguage":"es"},{"@type":"Organization","@id":"https:\/\/mefp.grupopiquer.com\/inscripciones\/#organization","name":"Contenidos Online","url":"https:\/\/mefp.grupopiquer.com\/inscripciones\/","logo":{"@type":"ImageObject","inLanguage":"es","@id":"https:\/\/mefp.grupopiquer.com\/inscripciones\/#\/schema\/logo\/image\/","url":"","contentUrl":"","caption":"Contenidos Online"},"image":{"@id":"https:\/\/mefp.grupopiquer.com\/inscripciones\/#\/schema\/logo\/image\/"}}]}},"_links":{"self":[{"href":"https:\/\/mefp.grupopiquer.com\/inscripciones\/wp-json\/wp\/v2\/pages\/7789"}],"collection":[{"href":"https:\/\/mefp.grupopiquer.com\/inscripciones\/wp-json\/wp\/v2\/pages"}],"about":[{"href":"https:\/\/mefp.grupopiquer.com\/inscripciones\/wp-json\/wp\/v2\/types\/page"}],"author":[{"embeddable":true,"href":"https:\/\/mefp.grupopiquer.com\/inscripciones\/wp-json\/wp\/v2\/users\/7"}],"replies":[{"embeddable":true,"href":"https:\/\/mefp.grupopiquer.com\/inscripciones\/wp-json\/wp\/v2\/comments?post=7789"}],"version-history":[{"count":43,"href":"https:\/\/mefp.grupopiquer.com\/inscripciones\/wp-json\/wp\/v2\/pages\/7789\/revisions"}],"predecessor-version":[{"id":10220,"href":"https:\/\/mefp.grupopiquer.com\/inscripciones\/wp-json\/wp\/v2\/pages\/7789\/revisions\/10220"}],"wp:attachment":[{"href":"https:\/\/mefp.grupopiquer.com\/inscripciones\/wp-json\/wp\/v2\/media?parent=7789"}],"curies":[{"name":"wp","href":"https:\/\/api.w.org\/{rel}","templated":true}]}}