{"id":134,"date":"2023-04-27T11:06:53","date_gmt":"2023-04-27T11:06:53","guid":{"rendered":"https:\/\/mefp.grupopiquer.com\/inscripciones\/?page_id=134"},"modified":"2023-05-02T16:24:49","modified_gmt":"2023-05-02T16:24:49","slug":"politica-de-privacidad","status":"publish","type":"page","link":"https:\/\/mefp.grupopiquer.com\/inscripciones\/politica-de-privacidad\/","title":{"rendered":"Pol\u00edtica de Privacidad"},"content":{"rendered":"\t\t<div data-elementor-type=\"wp-page\" data-elementor-id=\"134\" class=\"elementor elementor-134\">\n\t\t\t\t<div class=\"elementor-element elementor-element-3bbbcd2 e-flex e-con-boxed e-con e-parent\" data-id=\"3bbbcd2\" data-element_type=\"container\">\n\t\t\t\t\t<div class=\"e-con-inner\">\n\t\t\t\t<div class=\"elementor-element elementor-element-1306525 elementor-widget elementor-widget-text-editor\" data-id=\"1306525\" data-element_type=\"widget\" data-widget_type=\"text-editor.default\">\n\t\t\t\t<div class=\"elementor-widget-container\">\n\t\t\t\t\t\t\t<div &gt;<br=\"\">\n<div>\n<div>\n<article>\n<div>\n<div>\n<div>\n<div>\n<div>\n<div>\n<div>\n<p>GRUPO PIQUER en cumplimiento de lo establecido en el Reglamento General de Protecci\u00f3n de datos (RGPD 2016\/679), informa a los usuarios de la p\u00e1gina web https:\/\/mefp.grupopiquer.com\/inscripciones:<\/p>\n<h4><strong>\u00bfQui\u00e9n es el responsable del tratamiento de sus datos?<\/strong><\/h4>\n<p>Los datos que nos faciliten el usuario a trav\u00e9s de los formularios de esta p\u00e1gina web se incorporar\u00e1n a tratamientos cuyo responsable es el GRUPO PIQUER, que se encuentra formado por los corresponsables de tratamiento enumerados a continuaci\u00f3n, todos ellos domiciliados en la Calle de Luis Vives, 4-6, bajo, 50006 de Zaragoza:<\/p>\n<ul>\n<li><strong>ESTUDIOS ZARAGOZA, S.L.<\/strong>, con CIF B50323120. Registro Mercantil de Zaragoza, al tomo 1547, folio 159, hoja Z-12.080.<\/li>\n<li><strong>MENTORIZA, S.L.<\/strong>, con CIF B99477689. Registro Mercantil de Zaragoza, Tomo: 4206, Libro: O, Folio: 25, Secci\u00f3n: 8, Hoja: Z 60823 Inscripci\u00f3n o anotaci\u00f3n: 1.<\/li>\n<li><strong>FORINLA, S.L.<\/strong>, con CIF B35542117. Registro Mercantil de Lanzarote, en la Hoja IL-3152, del Tomo 121, folios 206 a 209.<\/li>\n<li><strong>FUNDACI\u00d3N PIQUER<\/strong>, con CIF G99189797. Registro de Fundaciones de Arag\u00f3n con el n\u00famero 250.<\/li>\n<\/ul>\n<p>Pudiendo contactar a trav\u00e9s del tel\u00e9fono 976353086 o a trav\u00e9s del correo electr\u00f3nico rgpdezsl@grupopiquer.com.<\/p>\n<h4><strong>\u00bfCon que finalidad recogemos sus datos?<\/strong><\/h4>\n<p>En esta p\u00e1gina web se recogen datos de car\u00e1cter personal a trav\u00e9s de diferentes formularios. Los datos solicitados en cada formulario son los necesarios para la finalidad por la cual se recogen. La finalidad de tratamiento son los siguientes:<\/p>\n<ul>\n<li><strong>FORMULARIOS DE CONTACTO:<\/strong>&nbsp;La finalidad de recogida de datos en estos formularios es poder contestar las consultas planteadas y enviar al usuario la informaci\u00f3n solicitada a trav\u00e9s del correo electr\u00f3nico o tel\u00e9fono indicados en los formularios.<\/li>\n<li><strong>FORMULARIOS CLUB SOY PIQUER:<\/strong>&nbsp;La finalidad de recogida de datos en estos formularios es dar de alta y gestionar la adhesi\u00f3n del usuario al Club Soy Piquer ofreciendo importantes ventajas comerciales, a los clientes de Grupo Piquer por sus compras en Grupo Piquer y en la red de establecimientos asociados.<\/li>\n<li><strong>CORREO ELECTRONICO:<\/strong>&nbsp;Si el usuario se pone en contacto a trav\u00e9s del correo electr\u00f3nico publicado en esta p\u00e1gina web, sus datos ser\u00e1n tratados para contestar las consultas planteadas y poderle enviar la informaci\u00f3n solicitada a trav\u00e9s del correo electr\u00f3nico a trav\u00e9s del cual se recibe la consulta.<\/li>\n<\/ul>\n<h4><strong>\u00bfCu\u00e1nto guardamos sus datos?<\/strong><\/h4>\n<p>Los datos facilitados por el usuario ser\u00e1n conservados hasta que el usuario no solicite su supresi\u00f3n.<\/p>\n<h4><strong>&nbsp;<\/strong><strong>\u00bfRealizamos perfiles con sus datos?<\/strong><\/h4>\n<p>Con los datos introducidos por el usuario no se tomar\u00e1n decisiones automatizadas ni se realizar\u00e1n perfiles.<\/p>\n<h4><strong>\u00bfQu\u00e9 legitima el tratamiento de sus datos?<\/strong><\/h4>\n<p>El tratamiento de datos est\u00e1 legitimado en el consentimiento prestado por el usuario al aceptar nuestra pol\u00edtica de privacidad o al enviarnos un correo electr\u00f3nico a trav\u00e9s del correo publicado en la web.<\/p>\n<p>El usuario deber\u00e1 cumplimentar los campos marcados con * para poder enviar los formularios cumplimentados, si no se cumplimentan los campos indicados el usuario no podr\u00e1 enviarlos.<\/p>\n<h4><strong>\u00bfA qui\u00e9n cedemos sus datos?<\/strong><\/h4>\n<p>Sus datos no ser\u00e1n cedidos a terceros salvo que exista obligaci\u00f3n legal<\/p>\n<h4><strong>\u00bfQu\u00e9 terceros prestan servicios en esta web?<\/strong><\/h4>\n<p>Para el desarrollo de esta p\u00e1gina web se utilizan los siguientes proveedores de servicios:<\/p>\n<p>Hosting: Los servidores donde est\u00e1 alojada nuestra p\u00e1gina web est\u00e1n ubicados en la UE. Utiliza protocolo TLS 1.2 con lo que la comunicaci\u00f3n de datos se hace a trav\u00e9s de canal cifrado.<\/p>\n<h4><strong>\u00bfQu\u00e9 derechos tiene y como ejercerlos?<\/strong><\/h4>\n<p>El usuario tiene derecho a:<\/p>\n<ul>\n<li>acceder a sus datos personales,<\/li>\n<li>solicitar la rectificaci\u00f3n de los datos personales que sean inexactos.<\/li>\n<li>solicitar su supresi\u00f3n cuando, entre otros motivos, ya no sean necesarios para los fines que fueron recogidos.<\/li>\n<li>solicitar la limitaci\u00f3n de su tratamiento, en cuyo caso \u00fanicamente se conservar\u00e1n para el ejercicio o la defensa de reclamaciones.<\/li>\n<li>pedir la portabilidad de sus datos.<\/li>\n<li>Por motivos relacionados con su situaci\u00f3n particular, podr\u00e1 oponerse al tratamiento de los mismos y GRUPO PIQUER dejar\u00e1 de tratarlos, salvo por motivos leg\u00edtimos imperiosos, o el ejercicio o la defensa de posibles reclamaciones.<\/li>\n<li>El usuario podr\u00e1 revocar los consentimientos prestados en cualquier momento.<\/li>\n<\/ul>\n<p>El usuario podr\u00e1 ejercitar sus derechos a trav\u00e9s de correo electr\u00f3nico rgpdezsl@grupopiquer.com o correo postal Calle de Luis Vives, 4-6, bajo, 50006 de Zaragoza, adjuntando fotocopia del DNI e indicando el derecho que ejercita y la empresa del grupo ante la que desea ejercerlo.<\/p>\n<p>El usuario tambi\u00e9n podr\u00e1 presentar una reclamaci\u00f3n ante la Agencia Espa\u00f1ola de Protecci\u00f3n de Datos.<\/p>\n<p>GRUPO PIQUER tiene implantadas todas las medidas de seguridad, a fin de garantizar la confidencialidad en el almacenamiento y tratamiento de los datos personales, as\u00ed como evitar accesos por parte de terceros no autorizados.<\/p>\n<h4><strong>\u00bfC\u00f3mo funcionan nuestras redes sociales?<\/strong><\/h4>\n<p>A trav\u00e9s de nuestras redes sociales puedes compartir nuestros contenidos o dejarnos tus comentarios, fotos o v\u00eddeos, siempre que sean del inter\u00e9s para toda la comunidad.<\/p>\n<p>Nuestras redes sociales est\u00e1n constantemente supervisadas con el fin de atender vuestras preguntas y comentarios en el menor tiempo posible.<\/p>\n<p>Queremos que sea un espacio del que todos disfrutemos, por lo que es importante que entre todos respetemos unas normas de convivencia:<\/p>\n<ol>\n<li>T\u00fa eres el responsable de los contenidos que publiques, no caigas en la violaci\u00f3n de cualquier derecho, ley o reglamento.<\/li>\n<li>Cuida la redacci\u00f3n y el tono, evita publicar cualquier informaci\u00f3n abusiva, difamatoria u obscena.<\/li>\n<li>Respeta el derecho a la privacidad, no hagas comentarios il\u00edcitos, ofensivos o discriminatorios sobre terceros.<\/li>\n<li>Evita comentarios fraudulentos, enga\u00f1osos o que puedan inducir al error.<\/li>\n<li>No permitimos el spam, ni los mensajes comerciales o publicitarios, no queremos mensajes repetitivos.<\/li>\n<li>No mantendremos conversaciones con perfiles que podamos considerar como falsos.<\/li>\n<\/ol>\n<p>Por favor, ten en cuenta que el contenido publicado por los seguidores en nuestras p\u00e1ginas no necesariamente refleja el punto de vista de nuestra empresa.<\/p>\n<p>Si tus comentarios no cumplen las \u2018Normas de la casa\u2019, podr\u00e1n ser eliminados, ocultados o bloqueados. Cualquiera que publique contenidos no permitidos ser\u00e1 bloqueado de la comunidad.<\/p>\n<p>Nos reservamos el derecho a modificar estas normas en cualquier momento y sin previo aviso.<\/p>\n<\/div>\n<\/div>\n<\/div>\n<\/div>\n<\/div>\n<\/div>\n<\/div>\n<\/article>\n<\/div>\n<\/div>\n<footer>\n<div>\n<div>\n<div>\n<div><\/div>\n<\/div>\n<\/div>\n<\/div>\n<\/footer>\n<\/div>\t\t\t\t\t\t<\/div>\n\t\t\t\t<\/div>\n\t\t\t\t\t<\/div>\n\t\t\t\t<\/div>\n\t\t\t\t<\/div>\n\t\t","protected":false},"excerpt":{"rendered":"<p>GRUPO PIQUER en cumplimiento de lo establecido en el Reglamento General de Protecci\u00f3n de datos (RGPD 2016\/679), informa a los &hellip; <br \/><a href=\"https:\/\/mefp.grupopiquer.com\/inscripciones\/politica-de-privacidad\/\" class=\"more-link\">Continuar leyendo <span class=\"screen-reader-text\">Pol\u00edtica de Privacidad<\/span><\/a><\/p>\n","protected":false},"author":2,"featured_media":0,"parent":0,"menu_order":0,"comment_status":"closed","ping_status":"closed","template":"","meta":{"footnotes":""},"class_list":["post-134","page","type-page","status-publish","hentry"],"yoast_head":"<!-- This site is optimized with the Yoast SEO plugin v23.5 - https:\/\/yoast.com\/wordpress\/plugins\/seo\/ -->\n<title>Pol\u00edtica de Privacidad - Contenidos Online<\/title>\n<meta name=\"robots\" content=\"index, follow, max-snippet:-1, max-image-preview:large, max-video-preview:-1\" \/>\n<link rel=\"canonical\" href=\"https:\/\/mefp.grupopiquer.com\/inscripciones\/politica-de-privacidad\/\" \/>\n<meta property=\"og:locale\" content=\"es_ES\" \/>\n<meta property=\"og:type\" content=\"article\" \/>\n<meta property=\"og:title\" content=\"Pol\u00edtica de Privacidad - Contenidos Online\" \/>\n<meta property=\"og:description\" content=\"GRUPO PIQUER en cumplimiento de lo establecido en el Reglamento General de Protecci\u00f3n de datos (RGPD 2016\/679), informa a los &hellip; Continuar leyendo Pol\u00edtica de Privacidad\" \/>\n<meta property=\"og:url\" content=\"https:\/\/mefp.grupopiquer.com\/inscripciones\/politica-de-privacidad\/\" \/>\n<meta property=\"og:site_name\" content=\"Contenidos Online\" \/>\n<meta property=\"article:modified_time\" content=\"2023-05-02T16:24:49+00:00\" \/>\n<meta name=\"twitter:card\" content=\"summary_large_image\" \/>\n<meta name=\"twitter:label1\" content=\"Tiempo de lectura\" \/>\n\t<meta name=\"twitter:data1\" content=\"5 minutos\" \/>\n<script type=\"application\/ld+json\" class=\"yoast-schema-graph\">{\"@context\":\"https:\/\/schema.org\",\"@graph\":[{\"@type\":\"WebPage\",\"@id\":\"https:\/\/mefp.grupopiquer.com\/inscripciones\/politica-de-privacidad\/\",\"url\":\"https:\/\/mefp.grupopiquer.com\/inscripciones\/politica-de-privacidad\/\",\"name\":\"Pol\u00edtica de Privacidad - Contenidos Online\",\"isPartOf\":{\"@id\":\"https:\/\/mefp.grupopiquer.com\/inscripciones\/#website\"},\"datePublished\":\"2023-04-27T11:06:53+00:00\",\"dateModified\":\"2023-05-02T16:24:49+00:00\",\"breadcrumb\":{\"@id\":\"https:\/\/mefp.grupopiquer.com\/inscripciones\/politica-de-privacidad\/#breadcrumb\"},\"inLanguage\":\"es\",\"potentialAction\":[{\"@type\":\"ReadAction\",\"target\":[\"https:\/\/mefp.grupopiquer.com\/inscripciones\/politica-de-privacidad\/\"]}]},{\"@type\":\"BreadcrumbList\",\"@id\":\"https:\/\/mefp.grupopiquer.com\/inscripciones\/politica-de-privacidad\/#breadcrumb\",\"itemListElement\":[{\"@type\":\"ListItem\",\"position\":1,\"name\":\"Portada\",\"item\":\"https:\/\/mefp.grupopiquer.com\/inscripciones\/\"},{\"@type\":\"ListItem\",\"position\":2,\"name\":\"Pol\u00edtica de Privacidad\"}]},{\"@type\":\"WebSite\",\"@id\":\"https:\/\/mefp.grupopiquer.com\/inscripciones\/#website\",\"url\":\"https:\/\/mefp.grupopiquer.com\/inscripciones\/\",\"name\":\"Contenidos Online\",\"description\":\"\",\"publisher\":{\"@id\":\"https:\/\/mefp.grupopiquer.com\/inscripciones\/#organization\"},\"potentialAction\":[{\"@type\":\"SearchAction\",\"target\":{\"@type\":\"EntryPoint\",\"urlTemplate\":\"https:\/\/mefp.grupopiquer.com\/inscripciones\/?s={search_term_string}\"},\"query-input\":{\"@type\":\"PropertyValueSpecification\",\"valueRequired\":true,\"valueName\":\"search_term_string\"}}],\"inLanguage\":\"es\"},{\"@type\":\"Organization\",\"@id\":\"https:\/\/mefp.grupopiquer.com\/inscripciones\/#organization\",\"name\":\"Contenidos Online\",\"url\":\"https:\/\/mefp.grupopiquer.com\/inscripciones\/\",\"logo\":{\"@type\":\"ImageObject\",\"inLanguage\":\"es\",\"@id\":\"https:\/\/mefp.grupopiquer.com\/inscripciones\/#\/schema\/logo\/image\/\",\"url\":\"\",\"contentUrl\":\"\",\"caption\":\"Contenidos Online\"},\"image\":{\"@id\":\"https:\/\/mefp.grupopiquer.com\/inscripciones\/#\/schema\/logo\/image\/\"}}]}<\/script>\n<!-- \/ Yoast SEO plugin. -->","yoast_head_json":{"title":"Pol\u00edtica de Privacidad - Contenidos Online","robots":{"index":"index","follow":"follow","max-snippet":"max-snippet:-1","max-image-preview":"max-image-preview:large","max-video-preview":"max-video-preview:-1"},"canonical":"https:\/\/mefp.grupopiquer.com\/inscripciones\/politica-de-privacidad\/","og_locale":"es_ES","og_type":"article","og_title":"Pol\u00edtica de Privacidad - Contenidos Online","og_description":"GRUPO PIQUER en cumplimiento de lo establecido en el Reglamento General de Protecci\u00f3n de datos (RGPD 2016\/679), informa a los &hellip; Continuar leyendo Pol\u00edtica de Privacidad","og_url":"https:\/\/mefp.grupopiquer.com\/inscripciones\/politica-de-privacidad\/","og_site_name":"Contenidos Online","article_modified_time":"2023-05-02T16:24:49+00:00","twitter_card":"summary_large_image","twitter_misc":{"Tiempo de lectura":"5 minutos"},"schema":{"@context":"https:\/\/schema.org","@graph":[{"@type":"WebPage","@id":"https:\/\/mefp.grupopiquer.com\/inscripciones\/politica-de-privacidad\/","url":"https:\/\/mefp.grupopiquer.com\/inscripciones\/politica-de-privacidad\/","name":"Pol\u00edtica de Privacidad - Contenidos Online","isPartOf":{"@id":"https:\/\/mefp.grupopiquer.com\/inscripciones\/#website"},"datePublished":"2023-04-27T11:06:53+00:00","dateModified":"2023-05-02T16:24:49+00:00","breadcrumb":{"@id":"https:\/\/mefp.grupopiquer.com\/inscripciones\/politica-de-privacidad\/#breadcrumb"},"inLanguage":"es","potentialAction":[{"@type":"ReadAction","target":["https:\/\/mefp.grupopiquer.com\/inscripciones\/politica-de-privacidad\/"]}]},{"@type":"BreadcrumbList","@id":"https:\/\/mefp.grupopiquer.com\/inscripciones\/politica-de-privacidad\/#breadcrumb","itemListElement":[{"@type":"ListItem","position":1,"name":"Portada","item":"https:\/\/mefp.grupopiquer.com\/inscripciones\/"},{"@type":"ListItem","position":2,"name":"Pol\u00edtica de Privacidad"}]},{"@type":"WebSite","@id":"https:\/\/mefp.grupopiquer.com\/inscripciones\/#website","url":"https:\/\/mefp.grupopiquer.com\/inscripciones\/","name":"Contenidos Online","description":"","publisher":{"@id":"https:\/\/mefp.grupopiquer.com\/inscripciones\/#organization"},"potentialAction":[{"@type":"SearchAction","target":{"@type":"EntryPoint","urlTemplate":"https:\/\/mefp.grupopiquer.com\/inscripciones\/?s={search_term_string}"},"query-input":{"@type":"PropertyValueSpecification","valueRequired":true,"valueName":"search_term_string"}}],"inLanguage":"es"},{"@type":"Organization","@id":"https:\/\/mefp.grupopiquer.com\/inscripciones\/#organization","name":"Contenidos Online","url":"https:\/\/mefp.grupopiquer.com\/inscripciones\/","logo":{"@type":"ImageObject","inLanguage":"es","@id":"https:\/\/mefp.grupopiquer.com\/inscripciones\/#\/schema\/logo\/image\/","url":"","contentUrl":"","caption":"Contenidos Online"},"image":{"@id":"https:\/\/mefp.grupopiquer.com\/inscripciones\/#\/schema\/logo\/image\/"}}]}},"_links":{"self":[{"href":"https:\/\/mefp.grupopiquer.com\/inscripciones\/wp-json\/wp\/v2\/pages\/134"}],"collection":[{"href":"https:\/\/mefp.grupopiquer.com\/inscripciones\/wp-json\/wp\/v2\/pages"}],"about":[{"href":"https:\/\/mefp.grupopiquer.com\/inscripciones\/wp-json\/wp\/v2\/types\/page"}],"author":[{"embeddable":true,"href":"https:\/\/mefp.grupopiquer.com\/inscripciones\/wp-json\/wp\/v2\/users\/2"}],"replies":[{"embeddable":true,"href":"https:\/\/mefp.grupopiquer.com\/inscripciones\/wp-json\/wp\/v2\/comments?post=134"}],"version-history":[{"count":8,"href":"https:\/\/mefp.grupopiquer.com\/inscripciones\/wp-json\/wp\/v2\/pages\/134\/revisions"}],"predecessor-version":[{"id":4817,"href":"https:\/\/mefp.grupopiquer.com\/inscripciones\/wp-json\/wp\/v2\/pages\/134\/revisions\/4817"}],"wp:attachment":[{"href":"https:\/\/mefp.grupopiquer.com\/inscripciones\/wp-json\/wp\/v2\/media?parent=134"}],"curies":[{"name":"wp","href":"https:\/\/api.w.org\/{rel}","templated":true}]}}